{"id":1007,"date":"2016-06-12T18:02:21","date_gmt":"2016-06-12T18:02:21","guid":{"rendered":"http:\/\/josmaequipamiento.es\/?post_type=product&#038;p=1007"},"modified":"2016-07-31T17:20:35","modified_gmt":"2016-07-31T17:20:35","slug":"taquillas-fenolicas","status":"publish","type":"product","link":"https:\/\/josmaequipamiento.es\/?product=taquillas-fenolicas","title":{"rendered":"Taquillas Fen\u00f3licas"},"content":{"rendered":"<p><span style=\"color: #000000; font-family: Calibri; font-size: medium;\">Taquillas Fen\u00f3licas con perfileria de aluminio o taquilla fabricada toda en fen\u00f3lico. Opciones de diferentes tipos de puertas, medidas y colores<\/span><\/p>\n<p><span style=\"color: #000000; font-family: Calibri; font-size: medium;\">FEN\u00d3LICO: Tablero compacto fen\u00f3lico estratificado. Producto de alta densidad (1,5 g\/cm3). Excelente comportamiento ante agresiones mec\u00e1nicas o qu\u00edmicas. Formada a base de l\u00e1minas de celulosa homogeneizada con resinas fen\u00f3licas, compactadas a alta presi\u00f3n y temperatura seg\u00fan norma europea EN\u2010438.\u00a0N\u00facleo interior negro.<\/span><\/p>\n<p><span style=\"color: #000000; font-family: Calibri; font-size: medium;\">HERRAJES: Adaptable a cualquier tipo de cerradura. Bisagra inox con anclaje al costado. Herrajes y torniller\u00eda de acero inox AISI\u2010304. Patas de PVC blancas regulables en altura. Soportes de barra en aluminio<\/span><\/p>\n<p><span style=\"color: #000000; font-family: Calibri; font-size: medium;\">CARACTER\u00cdSTICAS GENERALES: Fondo de 3mm perforado para su ventilaci\u00f3n.\u00a0Estantes, tapa superior y base en 10 mm. Puertas en fen\u00f3lico de 10 mm (Opcional de 12 mm). Laterales en 5 mm. Producto de gama alta. Modularidad. Ign\u00edfugo. Antihumedad. Antibacterias. Resistente a la limpieza agresiva y a la oxidaci\u00f3n. <\/span><span style=\"color: #000000; font-family: Calibri; font-size: medium;\">Cuerpo en color aluminio, puerta en amplia gama de colores.\u00a0 Z\u00f3calo opcional. Anagramas en puertas o etiqueteros opcionales.<\/span><\/p>\n<p><span style=\"color: #000000; font-family: Calibri; font-size: medium;\">\u00a0<\/span><\/p>\n","protected":false},"excerpt":{"rendered":"<p><span style=\"color: #000000; font-family: Calibri; font-size: medium;\">Taquillas Fen\u00f3licas con perfileria de aluminio o taquilla fabricada toda en fen\u00f3lico. Opciones de diferentes tipos de puertas, medidas y colores<\/span><\/p>\n","protected":false},"featured_media":2351,"comment_status":"open","ping_status":"closed","template":"","meta":{"_et_pb_use_builder":"","_et_pb_old_content":"","_et_gb_content_width":""},"product_brand":[],"product_cat":[77,80],"product_tag":[195],"class_list":{"0":"post-1007","1":"product","2":"type-product","3":"status-publish","4":"has-post-thumbnail","6":"product_cat-instalacion-y-colectividades","7":"product_cat-vestuarios","8":"product_tag-equipamiento-vestuarios","10":"first","11":"instock","12":"shipping-taxable","13":"product-type-simple"},"yoast_head":"<!-- This site is optimized with the Yoast SEO plugin v27.3 - https:\/\/yoast.com\/product\/yoast-seo-wordpress\/ -->\n<title>Taquillas Fen\u00f3licas - Josma Equipamiento<\/title>\n<meta name=\"robots\" content=\"index, follow, max-snippet:-1, max-image-preview:large, max-video-preview:-1\" \/>\n<link rel=\"canonical\" href=\"http:\/\/josmaequipamiento.es\/?product=taquillas-fenolicas\" \/>\n<meta property=\"og:locale\" content=\"es_ES\" \/>\n<meta property=\"og:type\" content=\"article\" \/>\n<meta property=\"og:title\" content=\"Taquillas Fen\u00f3licas - Josma Equipamiento\" \/>\n<meta property=\"og:description\" content=\"Taquillas Fen\u00f3licas con perfileria de aluminio o taquilla fabricada toda en fen\u00f3lico. Opciones de diferentes tipos de puertas, medidas y colores\" \/>\n<meta property=\"og:url\" content=\"http:\/\/josmaequipamiento.es\/?product=taquillas-fenolicas\" \/>\n<meta property=\"og:site_name\" content=\"Josma Equipamiento\" \/>\n<meta property=\"article:modified_time\" content=\"2016-07-31T17:20:35+00:00\" \/>\n<meta property=\"og:image\" content=\"http:\/\/josmaequipamiento.es\/wp-content\/uploads\/2016\/06\/Taquillas-Fen\u00f3licas-1.jpg\" \/>\n\t<meta property=\"og:image:width\" content=\"640\" \/>\n\t<meta property=\"og:image:height\" content=\"480\" \/>\n\t<meta property=\"og:image:type\" content=\"image\/jpeg\" \/>\n<meta name=\"twitter:card\" content=\"summary_large_image\" \/>\n<meta name=\"twitter:label1\" content=\"Tiempo de lectura\" \/>\n\t<meta name=\"twitter:data1\" content=\"1 minuto\" \/>\n<script type=\"application\/ld+json\" class=\"yoast-schema-graph\">{\"@context\":\"https:\\\/\\\/schema.org\",\"@graph\":[{\"@type\":\"WebPage\",\"@id\":\"http:\\\/\\\/josmaequipamiento.es\\\/?product=taquillas-fenolicas\",\"url\":\"http:\\\/\\\/josmaequipamiento.es\\\/?product=taquillas-fenolicas\",\"name\":\"Taquillas Fen\u00f3licas - Josma Equipamiento\",\"isPartOf\":{\"@id\":\"http:\\\/\\\/josmaequipamiento.es\\\/#website\"},\"primaryImageOfPage\":{\"@id\":\"http:\\\/\\\/josmaequipamiento.es\\\/?product=taquillas-fenolicas#primaryimage\"},\"image\":{\"@id\":\"http:\\\/\\\/josmaequipamiento.es\\\/?product=taquillas-fenolicas#primaryimage\"},\"thumbnailUrl\":\"https:\\\/\\\/josmaequipamiento.es\\\/wp-content\\\/uploads\\\/2016\\\/06\\\/Taquillas-Fen\u00f3licas-1.jpg\",\"datePublished\":\"2016-06-12T18:02:21+00:00\",\"dateModified\":\"2016-07-31T17:20:35+00:00\",\"breadcrumb\":{\"@id\":\"http:\\\/\\\/josmaequipamiento.es\\\/?product=taquillas-fenolicas#breadcrumb\"},\"inLanguage\":\"es\",\"potentialAction\":[{\"@type\":\"ReadAction\",\"target\":[\"http:\\\/\\\/josmaequipamiento.es\\\/?product=taquillas-fenolicas\"]}]},{\"@type\":\"ImageObject\",\"inLanguage\":\"es\",\"@id\":\"http:\\\/\\\/josmaequipamiento.es\\\/?product=taquillas-fenolicas#primaryimage\",\"url\":\"https:\\\/\\\/josmaequipamiento.es\\\/wp-content\\\/uploads\\\/2016\\\/06\\\/Taquillas-Fen\u00f3licas-1.jpg\",\"contentUrl\":\"https:\\\/\\\/josmaequipamiento.es\\\/wp-content\\\/uploads\\\/2016\\\/06\\\/Taquillas-Fen\u00f3licas-1.jpg\",\"width\":640,\"height\":480},{\"@type\":\"BreadcrumbList\",\"@id\":\"http:\\\/\\\/josmaequipamiento.es\\\/?product=taquillas-fenolicas#breadcrumb\",\"itemListElement\":[{\"@type\":\"ListItem\",\"position\":1,\"name\":\"Home\",\"item\":\"http:\\\/\\\/josmaequipamiento.es\\\/\"},{\"@type\":\"ListItem\",\"position\":2,\"name\":\"Productos\",\"item\":\"http:\\\/\\\/josmaequipamiento.es\\\/?page_id=109\"},{\"@type\":\"ListItem\",\"position\":3,\"name\":\"Taquillas Fen\u00f3licas\"}]},{\"@type\":\"WebSite\",\"@id\":\"http:\\\/\\\/josmaequipamiento.es\\\/#website\",\"url\":\"http:\\\/\\\/josmaequipamiento.es\\\/\",\"name\":\"Josma Equipamiento\",\"description\":\"Todo lo relativo a equipamiento\",\"potentialAction\":[{\"@type\":\"SearchAction\",\"target\":{\"@type\":\"EntryPoint\",\"urlTemplate\":\"http:\\\/\\\/josmaequipamiento.es\\\/?s={search_term_string}\"},\"query-input\":{\"@type\":\"PropertyValueSpecification\",\"valueRequired\":true,\"valueName\":\"search_term_string\"}}],\"inLanguage\":\"es\"}]}<\/script>\n<!-- \/ Yoast SEO plugin. -->","yoast_head_json":{"title":"Taquillas Fen\u00f3licas - Josma Equipamiento","robots":{"index":"index","follow":"follow","max-snippet":"max-snippet:-1","max-image-preview":"max-image-preview:large","max-video-preview":"max-video-preview:-1"},"canonical":"http:\/\/josmaequipamiento.es\/?product=taquillas-fenolicas","og_locale":"es_ES","og_type":"article","og_title":"Taquillas Fen\u00f3licas - Josma Equipamiento","og_description":"Taquillas Fen\u00f3licas con perfileria de aluminio o taquilla fabricada toda en fen\u00f3lico. Opciones de diferentes tipos de puertas, medidas y colores","og_url":"http:\/\/josmaequipamiento.es\/?product=taquillas-fenolicas","og_site_name":"Josma Equipamiento","article_modified_time":"2016-07-31T17:20:35+00:00","og_image":[{"width":640,"height":480,"url":"http:\/\/josmaequipamiento.es\/wp-content\/uploads\/2016\/06\/Taquillas-Fen\u00f3licas-1.jpg","type":"image\/jpeg"}],"twitter_card":"summary_large_image","twitter_misc":{"Tiempo de lectura":"1 minuto"},"schema":{"@context":"https:\/\/schema.org","@graph":[{"@type":"WebPage","@id":"http:\/\/josmaequipamiento.es\/?product=taquillas-fenolicas","url":"http:\/\/josmaequipamiento.es\/?product=taquillas-fenolicas","name":"Taquillas Fen\u00f3licas - Josma Equipamiento","isPartOf":{"@id":"http:\/\/josmaequipamiento.es\/#website"},"primaryImageOfPage":{"@id":"http:\/\/josmaequipamiento.es\/?product=taquillas-fenolicas#primaryimage"},"image":{"@id":"http:\/\/josmaequipamiento.es\/?product=taquillas-fenolicas#primaryimage"},"thumbnailUrl":"https:\/\/josmaequipamiento.es\/wp-content\/uploads\/2016\/06\/Taquillas-Fen\u00f3licas-1.jpg","datePublished":"2016-06-12T18:02:21+00:00","dateModified":"2016-07-31T17:20:35+00:00","breadcrumb":{"@id":"http:\/\/josmaequipamiento.es\/?product=taquillas-fenolicas#breadcrumb"},"inLanguage":"es","potentialAction":[{"@type":"ReadAction","target":["http:\/\/josmaequipamiento.es\/?product=taquillas-fenolicas"]}]},{"@type":"ImageObject","inLanguage":"es","@id":"http:\/\/josmaequipamiento.es\/?product=taquillas-fenolicas#primaryimage","url":"https:\/\/josmaequipamiento.es\/wp-content\/uploads\/2016\/06\/Taquillas-Fen\u00f3licas-1.jpg","contentUrl":"https:\/\/josmaequipamiento.es\/wp-content\/uploads\/2016\/06\/Taquillas-Fen\u00f3licas-1.jpg","width":640,"height":480},{"@type":"BreadcrumbList","@id":"http:\/\/josmaequipamiento.es\/?product=taquillas-fenolicas#breadcrumb","itemListElement":[{"@type":"ListItem","position":1,"name":"Home","item":"http:\/\/josmaequipamiento.es\/"},{"@type":"ListItem","position":2,"name":"Productos","item":"http:\/\/josmaequipamiento.es\/?page_id=109"},{"@type":"ListItem","position":3,"name":"Taquillas Fen\u00f3licas"}]},{"@type":"WebSite","@id":"http:\/\/josmaequipamiento.es\/#website","url":"http:\/\/josmaequipamiento.es\/","name":"Josma Equipamiento","description":"Todo lo relativo a equipamiento","potentialAction":[{"@type":"SearchAction","target":{"@type":"EntryPoint","urlTemplate":"http:\/\/josmaequipamiento.es\/?s={search_term_string}"},"query-input":{"@type":"PropertyValueSpecification","valueRequired":true,"valueName":"search_term_string"}}],"inLanguage":"es"}]}},"_links":{"self":[{"href":"https:\/\/josmaequipamiento.es\/index.php?rest_route=\/wp\/v2\/product\/1007","targetHints":{"allow":["GET"]}}],"collection":[{"href":"https:\/\/josmaequipamiento.es\/index.php?rest_route=\/wp\/v2\/product"}],"about":[{"href":"https:\/\/josmaequipamiento.es\/index.php?rest_route=\/wp\/v2\/types\/product"}],"replies":[{"embeddable":true,"href":"https:\/\/josmaequipamiento.es\/index.php?rest_route=%2Fwp%2Fv2%2Fcomments&post=1007"}],"wp:featuredmedia":[{"embeddable":true,"href":"https:\/\/josmaequipamiento.es\/index.php?rest_route=\/wp\/v2\/media\/2351"}],"wp:attachment":[{"href":"https:\/\/josmaequipamiento.es\/index.php?rest_route=%2Fwp%2Fv2%2Fmedia&parent=1007"}],"wp:term":[{"taxonomy":"product_brand","embeddable":true,"href":"https:\/\/josmaequipamiento.es\/index.php?rest_route=%2Fwp%2Fv2%2Fproduct_brand&post=1007"},{"taxonomy":"product_cat","embeddable":true,"href":"https:\/\/josmaequipamiento.es\/index.php?rest_route=%2Fwp%2Fv2%2Fproduct_cat&post=1007"},{"taxonomy":"product_tag","embeddable":true,"href":"https:\/\/josmaequipamiento.es\/index.php?rest_route=%2Fwp%2Fv2%2Fproduct_tag&post=1007"}],"curies":[{"name":"wp","href":"https:\/\/api.w.org\/{rel}","templated":true}]}}