{"id":1041,"date":"2016-06-17T14:19:00","date_gmt":"2016-06-17T14:19:00","guid":{"rendered":"http:\/\/josmaequipamiento.es\/?post_type=product&#038;p=1041"},"modified":"2016-07-31T14:13:08","modified_gmt":"2016-07-31T14:13:08","slug":"aparatos-fisioterapia","status":"publish","type":"product","link":"https:\/\/josmaequipamiento.es\/?product=aparatos-fisioterapia","title":{"rendered":"Aparatos Fisioterapia"},"content":{"rendered":"<p><span style=\"color: #000000; font-family: Calibri; font-size: medium;\">Mesa para terapia funcional\/ manos con estructura de acero, pintura epoxi, pies desmontables, mesa canadiense, regulaci\u00f3n de los contrapesos, la amplitud del pedal puede ser montado a la izquierda o la derecha. Medidas: 1030x630x780mm; Peso: 41kg<\/span><\/p>\n<p><span style=\"color: #000000; font-family: Calibri; font-size: medium;\">Barras paralelas de rehabilitaci\u00f3n para adulto \/ de altura regulable. Estructura en acero pintado epoxy; barras pasamanos con 5 posiciones de regulaci\u00f3n de 50 en 50 mm cada punto. Medidas: 2.510 x 800x(650 a 900)mm<\/span><\/p>\n<p><span style=\"color: #000000; font-family: Calibri; font-size: medium;\">Mesa de exploraci\u00f3n el\u00e9ctrica \/ de altura variable \/ port\u00e1til \/ 2 secciones<\/span><\/p>\n<p><span style=\"color: #000000; font-family: Calibri; font-size: medium;\">Rueda de hombro mural de 90*90 cm,\u00a0 anclado a pared. Gu\u00edas y radios fabricados en acero inox. Aro y complementos en acero pintado epoxy. Tableros de sujeci\u00f3n a pared en madera barnizada natural<\/span><\/p>\n<p><span style=\"color: #000000; font-family: Calibri; font-size: medium;\">Polea autopasivos. Estructura en acero pintado epoxi; 2 roldanas y 2 pu\u00f1os para ejercitaci\u00f3n de los miembros superiores. Fijaci\u00f3n \u00e0 la pared o techo, Dimensiones: 370x730x160mm<\/span><\/p>\n<p><span style=\"color: #000000; font-family: Calibri; font-size: medium;\">Armario pared de medicamentos. Estructura en chapa; Pintura Epoxi, laterales y estantes en vidrio;<\/span><\/p>\n","protected":false},"excerpt":{"rendered":"<p><span style=\"color: #000000; font-family: Calibri; font-size: medium;\">Mesa para terapia funcional manos. <\/span><span style=\"color: #000000; font-family: Calibri; font-size: medium;\">Barras paralelas de rehabilitaci\u00f3n para adulto. <\/span><span style=\"color: #000000; font-family: Calibri; font-size: medium;\">Mesa de exploraci\u00f3n el\u00e9ctrica. <\/span><span style=\"color: #000000; font-family: Calibri; font-size: medium;\">Rueda de hombro mural. <\/span><span style=\"color: #000000; font-family: Calibri; font-size: medium;\">Polea autopasivos. Etc.\u00a0<\/span><\/p>\n<p><span style=\"color: #000000; font-family: Calibri; font-size: medium;\">\u00a0<\/span><\/p>\n","protected":false},"featured_media":2330,"comment_status":"open","ping_status":"closed","template":"","meta":{"_et_pb_use_builder":"","_et_pb_old_content":"","_et_gb_content_width":""},"product_brand":[],"product_cat":[77,83],"product_tag":[197],"class_list":{"0":"post-1041","1":"product","2":"type-product","3":"status-publish","4":"has-post-thumbnail","6":"product_cat-instalacion-y-colectividades","7":"product_cat-geriatricos-centros-de-dia-clinico","8":"product_tag-equipamiento-geriatrico","10":"first","11":"instock","12":"shipping-taxable","13":"product-type-simple"},"yoast_head":"<!-- This site is optimized with the Yoast SEO plugin v27.3 - https:\/\/yoast.com\/product\/yoast-seo-wordpress\/ -->\n<title>Aparatos Fisioterapia - Josma Equipamiento<\/title>\n<meta name=\"robots\" content=\"index, follow, max-snippet:-1, max-image-preview:large, max-video-preview:-1\" \/>\n<link rel=\"canonical\" href=\"https:\/\/josmaequipamiento.es\/?product=aparatos-fisioterapia\" \/>\n<meta property=\"og:locale\" content=\"es_ES\" \/>\n<meta property=\"og:type\" content=\"article\" \/>\n<meta property=\"og:title\" content=\"Aparatos Fisioterapia - Josma Equipamiento\" \/>\n<meta property=\"og:description\" content=\"Mesa para terapia funcional manos. Barras paralelas de rehabilitaci\u00f3n para adulto. Mesa de exploraci\u00f3n el\u00e9ctrica. Rueda de hombro mural. Polea autopasivos. Etc.\u00a0  \u00a0\" \/>\n<meta property=\"og:url\" content=\"https:\/\/josmaequipamiento.es\/?product=aparatos-fisioterapia\" \/>\n<meta property=\"og:site_name\" content=\"Josma Equipamiento\" \/>\n<meta property=\"article:modified_time\" content=\"2016-07-31T14:13:08+00:00\" \/>\n<meta property=\"og:image\" content=\"https:\/\/josmaequipamiento.es\/wp-content\/uploads\/2016\/06\/Mesa-manos.jpg\" \/>\n\t<meta property=\"og:image:width\" content=\"640\" \/>\n\t<meta property=\"og:image:height\" content=\"480\" \/>\n\t<meta property=\"og:image:type\" content=\"image\/jpeg\" \/>\n<meta name=\"twitter:card\" content=\"summary_large_image\" \/>\n<meta name=\"twitter:label1\" content=\"Tiempo de lectura\" \/>\n\t<meta name=\"twitter:data1\" content=\"1 minuto\" \/>\n<script type=\"application\/ld+json\" class=\"yoast-schema-graph\">{\"@context\":\"https:\\\/\\\/schema.org\",\"@graph\":[{\"@type\":\"WebPage\",\"@id\":\"https:\\\/\\\/josmaequipamiento.es\\\/?product=aparatos-fisioterapia\",\"url\":\"https:\\\/\\\/josmaequipamiento.es\\\/?product=aparatos-fisioterapia\",\"name\":\"Aparatos Fisioterapia - Josma Equipamiento\",\"isPartOf\":{\"@id\":\"http:\\\/\\\/josmaequipamiento.es\\\/#website\"},\"primaryImageOfPage\":{\"@id\":\"https:\\\/\\\/josmaequipamiento.es\\\/?product=aparatos-fisioterapia#primaryimage\"},\"image\":{\"@id\":\"https:\\\/\\\/josmaequipamiento.es\\\/?product=aparatos-fisioterapia#primaryimage\"},\"thumbnailUrl\":\"https:\\\/\\\/josmaequipamiento.es\\\/wp-content\\\/uploads\\\/2016\\\/06\\\/Mesa-manos.jpg\",\"datePublished\":\"2016-06-17T14:19:00+00:00\",\"dateModified\":\"2016-07-31T14:13:08+00:00\",\"breadcrumb\":{\"@id\":\"https:\\\/\\\/josmaequipamiento.es\\\/?product=aparatos-fisioterapia#breadcrumb\"},\"inLanguage\":\"es\",\"potentialAction\":[{\"@type\":\"ReadAction\",\"target\":[\"https:\\\/\\\/josmaequipamiento.es\\\/?product=aparatos-fisioterapia\"]}]},{\"@type\":\"ImageObject\",\"inLanguage\":\"es\",\"@id\":\"https:\\\/\\\/josmaequipamiento.es\\\/?product=aparatos-fisioterapia#primaryimage\",\"url\":\"https:\\\/\\\/josmaequipamiento.es\\\/wp-content\\\/uploads\\\/2016\\\/06\\\/Mesa-manos.jpg\",\"contentUrl\":\"https:\\\/\\\/josmaequipamiento.es\\\/wp-content\\\/uploads\\\/2016\\\/06\\\/Mesa-manos.jpg\",\"width\":640,\"height\":480},{\"@type\":\"BreadcrumbList\",\"@id\":\"https:\\\/\\\/josmaequipamiento.es\\\/?product=aparatos-fisioterapia#breadcrumb\",\"itemListElement\":[{\"@type\":\"ListItem\",\"position\":1,\"name\":\"Home\",\"item\":\"http:\\\/\\\/josmaequipamiento.es\\\/\"},{\"@type\":\"ListItem\",\"position\":2,\"name\":\"Productos\",\"item\":\"http:\\\/\\\/josmaequipamiento.es\\\/?page_id=109\"},{\"@type\":\"ListItem\",\"position\":3,\"name\":\"Aparatos Fisioterapia\"}]},{\"@type\":\"WebSite\",\"@id\":\"http:\\\/\\\/josmaequipamiento.es\\\/#website\",\"url\":\"http:\\\/\\\/josmaequipamiento.es\\\/\",\"name\":\"Josma Equipamiento\",\"description\":\"Todo lo relativo a equipamiento\",\"potentialAction\":[{\"@type\":\"SearchAction\",\"target\":{\"@type\":\"EntryPoint\",\"urlTemplate\":\"http:\\\/\\\/josmaequipamiento.es\\\/?s={search_term_string}\"},\"query-input\":{\"@type\":\"PropertyValueSpecification\",\"valueRequired\":true,\"valueName\":\"search_term_string\"}}],\"inLanguage\":\"es\"}]}<\/script>\n<!-- \/ Yoast SEO plugin. -->","yoast_head_json":{"title":"Aparatos Fisioterapia - Josma Equipamiento","robots":{"index":"index","follow":"follow","max-snippet":"max-snippet:-1","max-image-preview":"max-image-preview:large","max-video-preview":"max-video-preview:-1"},"canonical":"https:\/\/josmaequipamiento.es\/?product=aparatos-fisioterapia","og_locale":"es_ES","og_type":"article","og_title":"Aparatos Fisioterapia - Josma Equipamiento","og_description":"Mesa para terapia funcional manos. Barras paralelas de rehabilitaci\u00f3n para adulto. Mesa de exploraci\u00f3n el\u00e9ctrica. Rueda de hombro mural. Polea autopasivos. Etc.\u00a0  \u00a0","og_url":"https:\/\/josmaequipamiento.es\/?product=aparatos-fisioterapia","og_site_name":"Josma Equipamiento","article_modified_time":"2016-07-31T14:13:08+00:00","og_image":[{"width":640,"height":480,"url":"https:\/\/josmaequipamiento.es\/wp-content\/uploads\/2016\/06\/Mesa-manos.jpg","type":"image\/jpeg"}],"twitter_card":"summary_large_image","twitter_misc":{"Tiempo de lectura":"1 minuto"},"schema":{"@context":"https:\/\/schema.org","@graph":[{"@type":"WebPage","@id":"https:\/\/josmaequipamiento.es\/?product=aparatos-fisioterapia","url":"https:\/\/josmaequipamiento.es\/?product=aparatos-fisioterapia","name":"Aparatos Fisioterapia - Josma Equipamiento","isPartOf":{"@id":"http:\/\/josmaequipamiento.es\/#website"},"primaryImageOfPage":{"@id":"https:\/\/josmaequipamiento.es\/?product=aparatos-fisioterapia#primaryimage"},"image":{"@id":"https:\/\/josmaequipamiento.es\/?product=aparatos-fisioterapia#primaryimage"},"thumbnailUrl":"https:\/\/josmaequipamiento.es\/wp-content\/uploads\/2016\/06\/Mesa-manos.jpg","datePublished":"2016-06-17T14:19:00+00:00","dateModified":"2016-07-31T14:13:08+00:00","breadcrumb":{"@id":"https:\/\/josmaequipamiento.es\/?product=aparatos-fisioterapia#breadcrumb"},"inLanguage":"es","potentialAction":[{"@type":"ReadAction","target":["https:\/\/josmaequipamiento.es\/?product=aparatos-fisioterapia"]}]},{"@type":"ImageObject","inLanguage":"es","@id":"https:\/\/josmaequipamiento.es\/?product=aparatos-fisioterapia#primaryimage","url":"https:\/\/josmaequipamiento.es\/wp-content\/uploads\/2016\/06\/Mesa-manos.jpg","contentUrl":"https:\/\/josmaequipamiento.es\/wp-content\/uploads\/2016\/06\/Mesa-manos.jpg","width":640,"height":480},{"@type":"BreadcrumbList","@id":"https:\/\/josmaequipamiento.es\/?product=aparatos-fisioterapia#breadcrumb","itemListElement":[{"@type":"ListItem","position":1,"name":"Home","item":"http:\/\/josmaequipamiento.es\/"},{"@type":"ListItem","position":2,"name":"Productos","item":"http:\/\/josmaequipamiento.es\/?page_id=109"},{"@type":"ListItem","position":3,"name":"Aparatos Fisioterapia"}]},{"@type":"WebSite","@id":"http:\/\/josmaequipamiento.es\/#website","url":"http:\/\/josmaequipamiento.es\/","name":"Josma Equipamiento","description":"Todo lo relativo a equipamiento","potentialAction":[{"@type":"SearchAction","target":{"@type":"EntryPoint","urlTemplate":"http:\/\/josmaequipamiento.es\/?s={search_term_string}"},"query-input":{"@type":"PropertyValueSpecification","valueRequired":true,"valueName":"search_term_string"}}],"inLanguage":"es"}]}},"_links":{"self":[{"href":"https:\/\/josmaequipamiento.es\/index.php?rest_route=\/wp\/v2\/product\/1041","targetHints":{"allow":["GET"]}}],"collection":[{"href":"https:\/\/josmaequipamiento.es\/index.php?rest_route=\/wp\/v2\/product"}],"about":[{"href":"https:\/\/josmaequipamiento.es\/index.php?rest_route=\/wp\/v2\/types\/product"}],"replies":[{"embeddable":true,"href":"https:\/\/josmaequipamiento.es\/index.php?rest_route=%2Fwp%2Fv2%2Fcomments&post=1041"}],"wp:featuredmedia":[{"embeddable":true,"href":"https:\/\/josmaequipamiento.es\/index.php?rest_route=\/wp\/v2\/media\/2330"}],"wp:attachment":[{"href":"https:\/\/josmaequipamiento.es\/index.php?rest_route=%2Fwp%2Fv2%2Fmedia&parent=1041"}],"wp:term":[{"taxonomy":"product_brand","embeddable":true,"href":"https:\/\/josmaequipamiento.es\/index.php?rest_route=%2Fwp%2Fv2%2Fproduct_brand&post=1041"},{"taxonomy":"product_cat","embeddable":true,"href":"https:\/\/josmaequipamiento.es\/index.php?rest_route=%2Fwp%2Fv2%2Fproduct_cat&post=1041"},{"taxonomy":"product_tag","embeddable":true,"href":"https:\/\/josmaequipamiento.es\/index.php?rest_route=%2Fwp%2Fv2%2Fproduct_tag&post=1041"}],"curies":[{"name":"wp","href":"https:\/\/api.w.org\/{rel}","templated":true}]}}