{"id":1237,"date":"2016-06-22T14:55:39","date_gmt":"2016-06-22T14:55:39","guid":{"rendered":"http:\/\/josmaequipamiento.es\/?post_type=product&#038;p=1237"},"modified":"2016-08-04T16:14:03","modified_gmt":"2016-08-04T16:14:03","slug":"estanteria-archivo-sin-tornillos","status":"publish","type":"product","link":"https:\/\/josmaequipamiento.es\/?product=estanteria-archivo-sin-tornillos","title":{"rendered":"Estanter\u00eda Archivo sin Tornillos"},"content":{"rendered":"<p><span style=\"color: #000000; font-family: Calibri; font-size: medium;\">La estanter\u00eda sin tornillos modelo f\u00e1cil proporciona la mejor soluci\u00f3n para las diversas necesidades de almacenaje de cargas medias-ligeras.<\/span><\/p>\n<p><span style=\"color: #000000; font-family: Calibri; font-size: medium;\">Las principales caracter\u00edsticas de las estanter\u00edas F\u00e1cil son: Facilidad y rapidez de montaje. Los elementos se unen por encaje. Gran capacidad de carga. Estantes\u00a0 met\u00e1licos. Perfecta estabilidad. El encaje de los elementos b\u00e1sicos y su cruceta trasera confieren una gran rigidez a las estanter\u00edas. El dise\u00f1o y el acabado del sistema F\u00e1cil permiten una perfecta integraci\u00f3n en cualquier ambiente. Los m\u00f3dulos se acoplan entre s\u00ed compartiendo los puntales intermedios. Color: Gris claro<\/span><\/p>\n","protected":false},"excerpt":{"rendered":"<p><span style=\"color: #000000; font-family: Calibri; font-size: medium;\">La estanter\u00eda sin tornillos modelo F\u00e1cil por encastre proporciona la mejor soluci\u00f3n para las diversas necesidades en archivos.<\/span><\/p>\n","protected":false},"featured_media":2471,"comment_status":"open","ping_status":"closed","template":"","meta":{"_et_pb_use_builder":"","_et_pb_old_content":"","_et_gb_content_width":""},"product_brand":[],"product_cat":[90,91],"product_tag":[203],"class_list":{"0":"post-1237","1":"product","2":"type-product","3":"status-publish","4":"has-post-thumbnail","6":"product_cat-estanterias","7":"product_cat-estanterias-archivo","8":"product_tag-almacenaje-industrial","10":"first","11":"instock","12":"shipping-taxable","13":"product-type-simple"},"yoast_head":"<!-- This site is optimized with the Yoast SEO plugin v27.3 - https:\/\/yoast.com\/product\/yoast-seo-wordpress\/ -->\n<title>Estanter\u00eda Archivo sin Tornillos - Josma Equipamiento<\/title>\n<meta name=\"robots\" content=\"index, follow, max-snippet:-1, max-image-preview:large, max-video-preview:-1\" \/>\n<link rel=\"canonical\" href=\"https:\/\/josmaequipamiento.es\/?product=estanteria-archivo-sin-tornillos\" \/>\n<meta property=\"og:locale\" content=\"es_ES\" \/>\n<meta property=\"og:type\" content=\"article\" \/>\n<meta property=\"og:title\" content=\"Estanter\u00eda Archivo sin Tornillos - Josma Equipamiento\" \/>\n<meta property=\"og:description\" content=\"La estanter\u00eda sin tornillos modelo F\u00e1cil por encastre proporciona la mejor soluci\u00f3n para las diversas necesidades en archivos.\" \/>\n<meta property=\"og:url\" content=\"https:\/\/josmaequipamiento.es\/?product=estanteria-archivo-sin-tornillos\" \/>\n<meta property=\"og:site_name\" content=\"Josma Equipamiento\" \/>\n<meta property=\"article:modified_time\" content=\"2016-08-04T16:14:03+00:00\" \/>\n<meta property=\"og:image\" content=\"https:\/\/josmaequipamiento.es\/wp-content\/uploads\/2016\/06\/est_sin_tornillos-2.jpg\" \/>\n\t<meta property=\"og:image:width\" content=\"640\" \/>\n\t<meta property=\"og:image:height\" content=\"480\" \/>\n\t<meta property=\"og:image:type\" content=\"image\/jpeg\" \/>\n<meta name=\"twitter:card\" content=\"summary_large_image\" \/>\n<meta name=\"twitter:label1\" content=\"Tiempo de lectura\" \/>\n\t<meta name=\"twitter:data1\" content=\"1 minuto\" \/>\n<script type=\"application\/ld+json\" class=\"yoast-schema-graph\">{\"@context\":\"https:\\\/\\\/schema.org\",\"@graph\":[{\"@type\":\"WebPage\",\"@id\":\"https:\\\/\\\/josmaequipamiento.es\\\/?product=estanteria-archivo-sin-tornillos\",\"url\":\"https:\\\/\\\/josmaequipamiento.es\\\/?product=estanteria-archivo-sin-tornillos\",\"name\":\"Estanter\u00eda Archivo sin Tornillos - Josma Equipamiento\",\"isPartOf\":{\"@id\":\"http:\\\/\\\/josmaequipamiento.es\\\/#website\"},\"primaryImageOfPage\":{\"@id\":\"https:\\\/\\\/josmaequipamiento.es\\\/?product=estanteria-archivo-sin-tornillos#primaryimage\"},\"image\":{\"@id\":\"https:\\\/\\\/josmaequipamiento.es\\\/?product=estanteria-archivo-sin-tornillos#primaryimage\"},\"thumbnailUrl\":\"https:\\\/\\\/josmaequipamiento.es\\\/wp-content\\\/uploads\\\/2016\\\/06\\\/est_sin_tornillos-2.jpg\",\"datePublished\":\"2016-06-22T14:55:39+00:00\",\"dateModified\":\"2016-08-04T16:14:03+00:00\",\"breadcrumb\":{\"@id\":\"https:\\\/\\\/josmaequipamiento.es\\\/?product=estanteria-archivo-sin-tornillos#breadcrumb\"},\"inLanguage\":\"es\",\"potentialAction\":[{\"@type\":\"ReadAction\",\"target\":[\"https:\\\/\\\/josmaequipamiento.es\\\/?product=estanteria-archivo-sin-tornillos\"]}]},{\"@type\":\"ImageObject\",\"inLanguage\":\"es\",\"@id\":\"https:\\\/\\\/josmaequipamiento.es\\\/?product=estanteria-archivo-sin-tornillos#primaryimage\",\"url\":\"https:\\\/\\\/josmaequipamiento.es\\\/wp-content\\\/uploads\\\/2016\\\/06\\\/est_sin_tornillos-2.jpg\",\"contentUrl\":\"https:\\\/\\\/josmaequipamiento.es\\\/wp-content\\\/uploads\\\/2016\\\/06\\\/est_sin_tornillos-2.jpg\",\"width\":640,\"height\":480},{\"@type\":\"BreadcrumbList\",\"@id\":\"https:\\\/\\\/josmaequipamiento.es\\\/?product=estanteria-archivo-sin-tornillos#breadcrumb\",\"itemListElement\":[{\"@type\":\"ListItem\",\"position\":1,\"name\":\"Home\",\"item\":\"http:\\\/\\\/josmaequipamiento.es\\\/\"},{\"@type\":\"ListItem\",\"position\":2,\"name\":\"Productos\",\"item\":\"http:\\\/\\\/josmaequipamiento.es\\\/?page_id=109\"},{\"@type\":\"ListItem\",\"position\":3,\"name\":\"Estanter\u00eda Archivo sin Tornillos\"}]},{\"@type\":\"WebSite\",\"@id\":\"http:\\\/\\\/josmaequipamiento.es\\\/#website\",\"url\":\"http:\\\/\\\/josmaequipamiento.es\\\/\",\"name\":\"Josma Equipamiento\",\"description\":\"Todo lo relativo a equipamiento\",\"potentialAction\":[{\"@type\":\"SearchAction\",\"target\":{\"@type\":\"EntryPoint\",\"urlTemplate\":\"http:\\\/\\\/josmaequipamiento.es\\\/?s={search_term_string}\"},\"query-input\":{\"@type\":\"PropertyValueSpecification\",\"valueRequired\":true,\"valueName\":\"search_term_string\"}}],\"inLanguage\":\"es\"}]}<\/script>\n<!-- \/ Yoast SEO plugin. -->","yoast_head_json":{"title":"Estanter\u00eda Archivo sin Tornillos - Josma Equipamiento","robots":{"index":"index","follow":"follow","max-snippet":"max-snippet:-1","max-image-preview":"max-image-preview:large","max-video-preview":"max-video-preview:-1"},"canonical":"https:\/\/josmaequipamiento.es\/?product=estanteria-archivo-sin-tornillos","og_locale":"es_ES","og_type":"article","og_title":"Estanter\u00eda Archivo sin Tornillos - Josma Equipamiento","og_description":"La estanter\u00eda sin tornillos modelo F\u00e1cil por encastre proporciona la mejor soluci\u00f3n para las diversas necesidades en archivos.","og_url":"https:\/\/josmaequipamiento.es\/?product=estanteria-archivo-sin-tornillos","og_site_name":"Josma Equipamiento","article_modified_time":"2016-08-04T16:14:03+00:00","og_image":[{"width":640,"height":480,"url":"https:\/\/josmaequipamiento.es\/wp-content\/uploads\/2016\/06\/est_sin_tornillos-2.jpg","type":"image\/jpeg"}],"twitter_card":"summary_large_image","twitter_misc":{"Tiempo de lectura":"1 minuto"},"schema":{"@context":"https:\/\/schema.org","@graph":[{"@type":"WebPage","@id":"https:\/\/josmaequipamiento.es\/?product=estanteria-archivo-sin-tornillos","url":"https:\/\/josmaequipamiento.es\/?product=estanteria-archivo-sin-tornillos","name":"Estanter\u00eda Archivo sin Tornillos - Josma Equipamiento","isPartOf":{"@id":"http:\/\/josmaequipamiento.es\/#website"},"primaryImageOfPage":{"@id":"https:\/\/josmaequipamiento.es\/?product=estanteria-archivo-sin-tornillos#primaryimage"},"image":{"@id":"https:\/\/josmaequipamiento.es\/?product=estanteria-archivo-sin-tornillos#primaryimage"},"thumbnailUrl":"https:\/\/josmaequipamiento.es\/wp-content\/uploads\/2016\/06\/est_sin_tornillos-2.jpg","datePublished":"2016-06-22T14:55:39+00:00","dateModified":"2016-08-04T16:14:03+00:00","breadcrumb":{"@id":"https:\/\/josmaequipamiento.es\/?product=estanteria-archivo-sin-tornillos#breadcrumb"},"inLanguage":"es","potentialAction":[{"@type":"ReadAction","target":["https:\/\/josmaequipamiento.es\/?product=estanteria-archivo-sin-tornillos"]}]},{"@type":"ImageObject","inLanguage":"es","@id":"https:\/\/josmaequipamiento.es\/?product=estanteria-archivo-sin-tornillos#primaryimage","url":"https:\/\/josmaequipamiento.es\/wp-content\/uploads\/2016\/06\/est_sin_tornillos-2.jpg","contentUrl":"https:\/\/josmaequipamiento.es\/wp-content\/uploads\/2016\/06\/est_sin_tornillos-2.jpg","width":640,"height":480},{"@type":"BreadcrumbList","@id":"https:\/\/josmaequipamiento.es\/?product=estanteria-archivo-sin-tornillos#breadcrumb","itemListElement":[{"@type":"ListItem","position":1,"name":"Home","item":"http:\/\/josmaequipamiento.es\/"},{"@type":"ListItem","position":2,"name":"Productos","item":"http:\/\/josmaequipamiento.es\/?page_id=109"},{"@type":"ListItem","position":3,"name":"Estanter\u00eda Archivo sin Tornillos"}]},{"@type":"WebSite","@id":"http:\/\/josmaequipamiento.es\/#website","url":"http:\/\/josmaequipamiento.es\/","name":"Josma Equipamiento","description":"Todo lo relativo a equipamiento","potentialAction":[{"@type":"SearchAction","target":{"@type":"EntryPoint","urlTemplate":"http:\/\/josmaequipamiento.es\/?s={search_term_string}"},"query-input":{"@type":"PropertyValueSpecification","valueRequired":true,"valueName":"search_term_string"}}],"inLanguage":"es"}]}},"_links":{"self":[{"href":"https:\/\/josmaequipamiento.es\/index.php?rest_route=\/wp\/v2\/product\/1237","targetHints":{"allow":["GET"]}}],"collection":[{"href":"https:\/\/josmaequipamiento.es\/index.php?rest_route=\/wp\/v2\/product"}],"about":[{"href":"https:\/\/josmaequipamiento.es\/index.php?rest_route=\/wp\/v2\/types\/product"}],"replies":[{"embeddable":true,"href":"https:\/\/josmaequipamiento.es\/index.php?rest_route=%2Fwp%2Fv2%2Fcomments&post=1237"}],"wp:featuredmedia":[{"embeddable":true,"href":"https:\/\/josmaequipamiento.es\/index.php?rest_route=\/wp\/v2\/media\/2471"}],"wp:attachment":[{"href":"https:\/\/josmaequipamiento.es\/index.php?rest_route=%2Fwp%2Fv2%2Fmedia&parent=1237"}],"wp:term":[{"taxonomy":"product_brand","embeddable":true,"href":"https:\/\/josmaequipamiento.es\/index.php?rest_route=%2Fwp%2Fv2%2Fproduct_brand&post=1237"},{"taxonomy":"product_cat","embeddable":true,"href":"https:\/\/josmaequipamiento.es\/index.php?rest_route=%2Fwp%2Fv2%2Fproduct_cat&post=1237"},{"taxonomy":"product_tag","embeddable":true,"href":"https:\/\/josmaequipamiento.es\/index.php?rest_route=%2Fwp%2Fv2%2Fproduct_tag&post=1237"}],"curies":[{"name":"wp","href":"https:\/\/api.w.org\/{rel}","templated":true}]}}