{"id":1274,"date":"2016-06-23T14:40:23","date_gmt":"2016-06-23T14:40:23","guid":{"rendered":"http:\/\/josmaequipamiento.es\/?post_type=product&#038;p=1274"},"modified":"2016-06-23T15:32:55","modified_gmt":"2016-06-23T15:32:55","slug":"estanteria-de-cremallera","status":"publish","type":"product","link":"https:\/\/josmaequipamiento.es\/?product=estanteria-de-cremallera","title":{"rendered":"Estanter\u00eda Tubo y Rejillas"},"content":{"rendered":"<p><span style=\"color: #000000; font-family: Calibri; font-size: medium;\">El sistema de tubo redondo liso o perforado ofrece al usuario la opci\u00f3n m\u00e1s econ\u00f3mica dentro de los sistemas tubulares para la exposici\u00f3n y distribuci\u00f3n de diferentes productos en establecimientos comerciales o tiendas de confecci\u00f3n, ropa de hogar, bazar, as\u00ed como tambi\u00e9n para oficinas o librer\u00edas.<\/span><\/p>\n","protected":false},"excerpt":{"rendered":"<p>El sistema de tubo redondo liso o perforado ofrece al usuario la opci\u00f3n m\u00e1s econ\u00f3mica dentro de los sistemas tubulares para la exposici\u00f3n y distribuci\u00f3n de diferentes productos en establecimientos comerciales o tiendas de confecci\u00f3n, ropa de hogar, bazar, as\u00ed como tambi\u00e9n para oficinas o librer\u00edas.<\/p>\n","protected":false},"featured_media":1276,"comment_status":"open","ping_status":"closed","template":"","meta":{"_et_pb_use_builder":"","_et_pb_old_content":"","_et_gb_content_width":""},"product_brand":[],"product_cat":[90,92],"product_tag":[204],"class_list":{"0":"post-1274","1":"product","2":"type-product","3":"status-publish","4":"has-post-thumbnail","6":"product_cat-estanterias","7":"product_cat-estanterias-comercio","8":"product_tag-equipamiento-comercial","10":"first","11":"instock","12":"shipping-taxable","13":"product-type-simple"},"yoast_head":"<!-- This site is optimized with the Yoast SEO plugin v27.1.1 - https:\/\/yoast.com\/product\/yoast-seo-wordpress\/ -->\n<title>Estanter\u00eda Tubo y Rejillas - Josma Equipamiento<\/title>\n<meta name=\"robots\" content=\"index, follow, max-snippet:-1, max-image-preview:large, max-video-preview:-1\" \/>\n<link rel=\"canonical\" href=\"https:\/\/josmaequipamiento.es\/?product=estanteria-de-cremallera\" \/>\n<meta property=\"og:locale\" content=\"es_ES\" \/>\n<meta property=\"og:type\" content=\"article\" \/>\n<meta property=\"og:title\" content=\"Estanter\u00eda Tubo y Rejillas - Josma Equipamiento\" \/>\n<meta property=\"og:description\" content=\"El sistema de tubo redondo liso o perforado ofrece al usuario la opci\u00f3n m\u00e1s econ\u00f3mica dentro de los sistemas tubulares para la exposici\u00f3n y distribuci\u00f3n de diferentes productos en establecimientos comerciales o tiendas de confecci\u00f3n, ropa de hogar, bazar, as\u00ed como tambi\u00e9n para oficinas o librer\u00edas.\" \/>\n<meta property=\"og:url\" content=\"https:\/\/josmaequipamiento.es\/?product=estanteria-de-cremallera\" \/>\n<meta property=\"og:site_name\" content=\"Josma Equipamiento\" \/>\n<meta property=\"article:modified_time\" content=\"2016-06-23T15:32:55+00:00\" \/>\n<meta property=\"og:image\" content=\"https:\/\/josmaequipamiento.es\/wp-content\/uploads\/2016\/06\/Estant.-pared-cremallera-1.jpg\" \/>\n\t<meta property=\"og:image:width\" content=\"480\" \/>\n\t<meta property=\"og:image:height\" content=\"640\" \/>\n\t<meta property=\"og:image:type\" content=\"image\/jpeg\" \/>\n<meta name=\"twitter:card\" content=\"summary_large_image\" \/>\n<script type=\"application\/ld+json\" class=\"yoast-schema-graph\">{\"@context\":\"https:\/\/schema.org\",\"@graph\":[{\"@type\":\"WebPage\",\"@id\":\"https:\/\/josmaequipamiento.es\/?product=estanteria-de-cremallera\",\"url\":\"https:\/\/josmaequipamiento.es\/?product=estanteria-de-cremallera\",\"name\":\"Estanter\u00eda Tubo y Rejillas - Josma Equipamiento\",\"isPartOf\":{\"@id\":\"https:\/\/josmaequipamiento.es\/#website\"},\"primaryImageOfPage\":{\"@id\":\"https:\/\/josmaequipamiento.es\/?product=estanteria-de-cremallera#primaryimage\"},\"image\":{\"@id\":\"https:\/\/josmaequipamiento.es\/?product=estanteria-de-cremallera#primaryimage\"},\"thumbnailUrl\":\"https:\/\/josmaequipamiento.es\/wp-content\/uploads\/2016\/06\/Estant.-pared-cremallera-1.jpg\",\"datePublished\":\"2016-06-23T14:40:23+00:00\",\"dateModified\":\"2016-06-23T15:32:55+00:00\",\"breadcrumb\":{\"@id\":\"https:\/\/josmaequipamiento.es\/?product=estanteria-de-cremallera#breadcrumb\"},\"inLanguage\":\"es\",\"potentialAction\":[{\"@type\":\"ReadAction\",\"target\":[\"https:\/\/josmaequipamiento.es\/?product=estanteria-de-cremallera\"]}]},{\"@type\":\"ImageObject\",\"inLanguage\":\"es\",\"@id\":\"https:\/\/josmaequipamiento.es\/?product=estanteria-de-cremallera#primaryimage\",\"url\":\"https:\/\/josmaequipamiento.es\/wp-content\/uploads\/2016\/06\/Estant.-pared-cremallera-1.jpg\",\"contentUrl\":\"https:\/\/josmaequipamiento.es\/wp-content\/uploads\/2016\/06\/Estant.-pared-cremallera-1.jpg\",\"width\":480,\"height\":640},{\"@type\":\"BreadcrumbList\",\"@id\":\"https:\/\/josmaequipamiento.es\/?product=estanteria-de-cremallera#breadcrumb\",\"itemListElement\":[{\"@type\":\"ListItem\",\"position\":1,\"name\":\"Home\",\"item\":\"https:\/\/josmaequipamiento.es\/\"},{\"@type\":\"ListItem\",\"position\":2,\"name\":\"Productos\",\"item\":\"https:\/\/josmaequipamiento.es\/?page_id=109\"},{\"@type\":\"ListItem\",\"position\":3,\"name\":\"Estanter\u00eda Tubo y Rejillas\"}]},{\"@type\":\"WebSite\",\"@id\":\"https:\/\/josmaequipamiento.es\/#website\",\"url\":\"https:\/\/josmaequipamiento.es\/\",\"name\":\"Josma Equipamiento\",\"description\":\"Todo lo relativo a equipamiento\",\"potentialAction\":[{\"@type\":\"SearchAction\",\"target\":{\"@type\":\"EntryPoint\",\"urlTemplate\":\"https:\/\/josmaequipamiento.es\/?s={search_term_string}\"},\"query-input\":{\"@type\":\"PropertyValueSpecification\",\"valueRequired\":true,\"valueName\":\"search_term_string\"}}],\"inLanguage\":\"es\"}]}<\/script>\n<!-- \/ Yoast SEO plugin. -->","yoast_head_json":{"title":"Estanter\u00eda Tubo y Rejillas - Josma Equipamiento","robots":{"index":"index","follow":"follow","max-snippet":"max-snippet:-1","max-image-preview":"max-image-preview:large","max-video-preview":"max-video-preview:-1"},"canonical":"https:\/\/josmaequipamiento.es\/?product=estanteria-de-cremallera","og_locale":"es_ES","og_type":"article","og_title":"Estanter\u00eda Tubo y Rejillas - Josma Equipamiento","og_description":"El sistema de tubo redondo liso o perforado ofrece al usuario la opci\u00f3n m\u00e1s econ\u00f3mica dentro de los sistemas tubulares para la exposici\u00f3n y distribuci\u00f3n de diferentes productos en establecimientos comerciales o tiendas de confecci\u00f3n, ropa de hogar, bazar, as\u00ed como tambi\u00e9n para oficinas o librer\u00edas.","og_url":"https:\/\/josmaequipamiento.es\/?product=estanteria-de-cremallera","og_site_name":"Josma Equipamiento","article_modified_time":"2016-06-23T15:32:55+00:00","og_image":[{"width":480,"height":640,"url":"https:\/\/josmaequipamiento.es\/wp-content\/uploads\/2016\/06\/Estant.-pared-cremallera-1.jpg","type":"image\/jpeg"}],"twitter_card":"summary_large_image","schema":{"@context":"https:\/\/schema.org","@graph":[{"@type":"WebPage","@id":"https:\/\/josmaequipamiento.es\/?product=estanteria-de-cremallera","url":"https:\/\/josmaequipamiento.es\/?product=estanteria-de-cremallera","name":"Estanter\u00eda Tubo y Rejillas - Josma Equipamiento","isPartOf":{"@id":"https:\/\/josmaequipamiento.es\/#website"},"primaryImageOfPage":{"@id":"https:\/\/josmaequipamiento.es\/?product=estanteria-de-cremallera#primaryimage"},"image":{"@id":"https:\/\/josmaequipamiento.es\/?product=estanteria-de-cremallera#primaryimage"},"thumbnailUrl":"https:\/\/josmaequipamiento.es\/wp-content\/uploads\/2016\/06\/Estant.-pared-cremallera-1.jpg","datePublished":"2016-06-23T14:40:23+00:00","dateModified":"2016-06-23T15:32:55+00:00","breadcrumb":{"@id":"https:\/\/josmaequipamiento.es\/?product=estanteria-de-cremallera#breadcrumb"},"inLanguage":"es","potentialAction":[{"@type":"ReadAction","target":["https:\/\/josmaequipamiento.es\/?product=estanteria-de-cremallera"]}]},{"@type":"ImageObject","inLanguage":"es","@id":"https:\/\/josmaequipamiento.es\/?product=estanteria-de-cremallera#primaryimage","url":"https:\/\/josmaequipamiento.es\/wp-content\/uploads\/2016\/06\/Estant.-pared-cremallera-1.jpg","contentUrl":"https:\/\/josmaequipamiento.es\/wp-content\/uploads\/2016\/06\/Estant.-pared-cremallera-1.jpg","width":480,"height":640},{"@type":"BreadcrumbList","@id":"https:\/\/josmaequipamiento.es\/?product=estanteria-de-cremallera#breadcrumb","itemListElement":[{"@type":"ListItem","position":1,"name":"Home","item":"https:\/\/josmaequipamiento.es\/"},{"@type":"ListItem","position":2,"name":"Productos","item":"https:\/\/josmaequipamiento.es\/?page_id=109"},{"@type":"ListItem","position":3,"name":"Estanter\u00eda Tubo y Rejillas"}]},{"@type":"WebSite","@id":"https:\/\/josmaequipamiento.es\/#website","url":"https:\/\/josmaequipamiento.es\/","name":"Josma Equipamiento","description":"Todo lo relativo a equipamiento","potentialAction":[{"@type":"SearchAction","target":{"@type":"EntryPoint","urlTemplate":"https:\/\/josmaequipamiento.es\/?s={search_term_string}"},"query-input":{"@type":"PropertyValueSpecification","valueRequired":true,"valueName":"search_term_string"}}],"inLanguage":"es"}]}},"_links":{"self":[{"href":"https:\/\/josmaequipamiento.es\/index.php?rest_route=\/wp\/v2\/product\/1274","targetHints":{"allow":["GET"]}}],"collection":[{"href":"https:\/\/josmaequipamiento.es\/index.php?rest_route=\/wp\/v2\/product"}],"about":[{"href":"https:\/\/josmaequipamiento.es\/index.php?rest_route=\/wp\/v2\/types\/product"}],"replies":[{"embeddable":true,"href":"https:\/\/josmaequipamiento.es\/index.php?rest_route=%2Fwp%2Fv2%2Fcomments&post=1274"}],"wp:featuredmedia":[{"embeddable":true,"href":"https:\/\/josmaequipamiento.es\/index.php?rest_route=\/wp\/v2\/media\/1276"}],"wp:attachment":[{"href":"https:\/\/josmaequipamiento.es\/index.php?rest_route=%2Fwp%2Fv2%2Fmedia&parent=1274"}],"wp:term":[{"taxonomy":"product_brand","embeddable":true,"href":"https:\/\/josmaequipamiento.es\/index.php?rest_route=%2Fwp%2Fv2%2Fproduct_brand&post=1274"},{"taxonomy":"product_cat","embeddable":true,"href":"https:\/\/josmaequipamiento.es\/index.php?rest_route=%2Fwp%2Fv2%2Fproduct_cat&post=1274"},{"taxonomy":"product_tag","embeddable":true,"href":"https:\/\/josmaequipamiento.es\/index.php?rest_route=%2Fwp%2Fv2%2Fproduct_tag&post=1274"}],"curies":[{"name":"wp","href":"https:\/\/api.w.org\/{rel}","templated":true}]}}