{"id":1277,"date":"2016-06-23T14:43:43","date_gmt":"2016-06-23T14:43:43","guid":{"rendered":"http:\/\/josmaequipamiento.es\/?post_type=product&#038;p=1277"},"modified":"2016-06-24T14:24:19","modified_gmt":"2016-06-24T14:24:19","slug":"mostradores-melamina","status":"publish","type":"product","link":"https:\/\/josmaequipamiento.es\/?product=mostradores-melamina","title":{"rendered":"Mostradores"},"content":{"rendered":"<p>Mostrador personalizado para tiendas, ideal para la exposici\u00f3n de productos con y sin vitrina de cristal, dispone de un mueble caja ideal para realizar gestiones de cobro.<\/p>\n<p>Mostradores personalizados para cada cliente, no existe limitaci\u00f3n a la hora de fabricar cualquier tipo de mostrador, medidas, caracter\u00edsticas t\u00e9cnicas, materiales, colores y acabados. Existen infinidad de tipos de mostradores que pueden emplearse para todo tipo de funciones, lo m\u00e1s importante es tener claro que necesidades tienen que cumplir en tu negocio.<\/p>\n<p>Se puede realizar cualquier tipo de mostrador bajo pedido, \u00fanico y exclusivo para su establecimiento comercial.<\/p>\n","protected":false},"excerpt":{"rendered":"<p>Mostrador personalizado para tiendas, ideal para la exposici\u00f3n de productos con y sin vitrina de cristal, dispone de un mueble caja ideal para realizar gestiones de cobro. Mostradores personalizados para cada cliente, no existe limitaci\u00f3n a la hora de fabricar cualquier tipo de mostrador, medidas, caracter\u00edsticas t\u00e9cnicas, materiales, colores y acabados. Existen infinidad de tipos [&hellip;]<\/p>\n","protected":false},"featured_media":1278,"comment_status":"open","ping_status":"closed","template":"","meta":{"_et_pb_use_builder":"","_et_pb_old_content":"","_et_gb_content_width":""},"product_brand":[],"product_cat":[90,92],"product_tag":[204],"class_list":{"0":"post-1277","1":"product","2":"type-product","3":"status-publish","4":"has-post-thumbnail","6":"product_cat-estanterias","7":"product_cat-estanterias-comercio","8":"product_tag-equipamiento-comercial","10":"first","11":"instock","12":"shipping-taxable","13":"product-type-simple"},"yoast_head":"<!-- This site is optimized with the Yoast SEO plugin v27.3 - https:\/\/yoast.com\/product\/yoast-seo-wordpress\/ -->\n<title>Mostradores - Josma Equipamiento<\/title>\n<meta name=\"robots\" content=\"index, follow, max-snippet:-1, max-image-preview:large, max-video-preview:-1\" \/>\n<link rel=\"canonical\" href=\"https:\/\/josmaequipamiento.es\/?product=mostradores-melamina\" \/>\n<meta property=\"og:locale\" content=\"es_ES\" \/>\n<meta property=\"og:type\" content=\"article\" \/>\n<meta property=\"og:title\" content=\"Mostradores - Josma Equipamiento\" \/>\n<meta property=\"og:description\" content=\"Mostrador personalizado para tiendas, ideal para la exposici\u00f3n de productos con y sin vitrina de cristal, dispone de un mueble caja ideal para realizar gestiones de cobro. Mostradores personalizados para cada cliente, no existe limitaci\u00f3n a la hora de fabricar cualquier tipo de mostrador, medidas, caracter\u00edsticas t\u00e9cnicas, materiales, colores y acabados. Existen infinidad de tipos [&hellip;]\" \/>\n<meta property=\"og:url\" content=\"https:\/\/josmaequipamiento.es\/?product=mostradores-melamina\" \/>\n<meta property=\"og:site_name\" content=\"Josma Equipamiento\" \/>\n<meta property=\"article:modified_time\" content=\"2016-06-24T14:24:19+00:00\" \/>\n<meta property=\"og:image\" content=\"https:\/\/josmaequipamiento.es\/wp-content\/uploads\/2016\/06\/Mostador-1.jpg\" \/>\n\t<meta property=\"og:image:width\" content=\"640\" \/>\n\t<meta property=\"og:image:height\" content=\"480\" \/>\n\t<meta property=\"og:image:type\" content=\"image\/jpeg\" \/>\n<meta name=\"twitter:card\" content=\"summary_large_image\" \/>\n<meta name=\"twitter:label1\" content=\"Tiempo de lectura\" \/>\n\t<meta name=\"twitter:data1\" content=\"1 minuto\" \/>\n<script type=\"application\/ld+json\" class=\"yoast-schema-graph\">{\"@context\":\"https:\\\/\\\/schema.org\",\"@graph\":[{\"@type\":\"WebPage\",\"@id\":\"https:\\\/\\\/josmaequipamiento.es\\\/?product=mostradores-melamina\",\"url\":\"https:\\\/\\\/josmaequipamiento.es\\\/?product=mostradores-melamina\",\"name\":\"Mostradores - Josma Equipamiento\",\"isPartOf\":{\"@id\":\"http:\\\/\\\/josmaequipamiento.es\\\/#website\"},\"primaryImageOfPage\":{\"@id\":\"https:\\\/\\\/josmaequipamiento.es\\\/?product=mostradores-melamina#primaryimage\"},\"image\":{\"@id\":\"https:\\\/\\\/josmaequipamiento.es\\\/?product=mostradores-melamina#primaryimage\"},\"thumbnailUrl\":\"https:\\\/\\\/josmaequipamiento.es\\\/wp-content\\\/uploads\\\/2016\\\/06\\\/Mostador-1.jpg\",\"datePublished\":\"2016-06-23T14:43:43+00:00\",\"dateModified\":\"2016-06-24T14:24:19+00:00\",\"breadcrumb\":{\"@id\":\"https:\\\/\\\/josmaequipamiento.es\\\/?product=mostradores-melamina#breadcrumb\"},\"inLanguage\":\"es\",\"potentialAction\":[{\"@type\":\"ReadAction\",\"target\":[\"https:\\\/\\\/josmaequipamiento.es\\\/?product=mostradores-melamina\"]}]},{\"@type\":\"ImageObject\",\"inLanguage\":\"es\",\"@id\":\"https:\\\/\\\/josmaequipamiento.es\\\/?product=mostradores-melamina#primaryimage\",\"url\":\"https:\\\/\\\/josmaequipamiento.es\\\/wp-content\\\/uploads\\\/2016\\\/06\\\/Mostador-1.jpg\",\"contentUrl\":\"https:\\\/\\\/josmaequipamiento.es\\\/wp-content\\\/uploads\\\/2016\\\/06\\\/Mostador-1.jpg\",\"width\":640,\"height\":480},{\"@type\":\"BreadcrumbList\",\"@id\":\"https:\\\/\\\/josmaequipamiento.es\\\/?product=mostradores-melamina#breadcrumb\",\"itemListElement\":[{\"@type\":\"ListItem\",\"position\":1,\"name\":\"Home\",\"item\":\"http:\\\/\\\/josmaequipamiento.es\\\/\"},{\"@type\":\"ListItem\",\"position\":2,\"name\":\"Productos\",\"item\":\"http:\\\/\\\/josmaequipamiento.es\\\/?page_id=109\"},{\"@type\":\"ListItem\",\"position\":3,\"name\":\"Mostradores\"}]},{\"@type\":\"WebSite\",\"@id\":\"http:\\\/\\\/josmaequipamiento.es\\\/#website\",\"url\":\"http:\\\/\\\/josmaequipamiento.es\\\/\",\"name\":\"Josma Equipamiento\",\"description\":\"Todo lo relativo a equipamiento\",\"potentialAction\":[{\"@type\":\"SearchAction\",\"target\":{\"@type\":\"EntryPoint\",\"urlTemplate\":\"http:\\\/\\\/josmaequipamiento.es\\\/?s={search_term_string}\"},\"query-input\":{\"@type\":\"PropertyValueSpecification\",\"valueRequired\":true,\"valueName\":\"search_term_string\"}}],\"inLanguage\":\"es\"}]}<\/script>\n<!-- \/ Yoast SEO plugin. -->","yoast_head_json":{"title":"Mostradores - Josma Equipamiento","robots":{"index":"index","follow":"follow","max-snippet":"max-snippet:-1","max-image-preview":"max-image-preview:large","max-video-preview":"max-video-preview:-1"},"canonical":"https:\/\/josmaequipamiento.es\/?product=mostradores-melamina","og_locale":"es_ES","og_type":"article","og_title":"Mostradores - Josma Equipamiento","og_description":"Mostrador personalizado para tiendas, ideal para la exposici\u00f3n de productos con y sin vitrina de cristal, dispone de un mueble caja ideal para realizar gestiones de cobro. Mostradores personalizados para cada cliente, no existe limitaci\u00f3n a la hora de fabricar cualquier tipo de mostrador, medidas, caracter\u00edsticas t\u00e9cnicas, materiales, colores y acabados. Existen infinidad de tipos [&hellip;]","og_url":"https:\/\/josmaequipamiento.es\/?product=mostradores-melamina","og_site_name":"Josma Equipamiento","article_modified_time":"2016-06-24T14:24:19+00:00","og_image":[{"width":640,"height":480,"url":"https:\/\/josmaequipamiento.es\/wp-content\/uploads\/2016\/06\/Mostador-1.jpg","type":"image\/jpeg"}],"twitter_card":"summary_large_image","twitter_misc":{"Tiempo de lectura":"1 minuto"},"schema":{"@context":"https:\/\/schema.org","@graph":[{"@type":"WebPage","@id":"https:\/\/josmaequipamiento.es\/?product=mostradores-melamina","url":"https:\/\/josmaequipamiento.es\/?product=mostradores-melamina","name":"Mostradores - Josma Equipamiento","isPartOf":{"@id":"http:\/\/josmaequipamiento.es\/#website"},"primaryImageOfPage":{"@id":"https:\/\/josmaequipamiento.es\/?product=mostradores-melamina#primaryimage"},"image":{"@id":"https:\/\/josmaequipamiento.es\/?product=mostradores-melamina#primaryimage"},"thumbnailUrl":"https:\/\/josmaequipamiento.es\/wp-content\/uploads\/2016\/06\/Mostador-1.jpg","datePublished":"2016-06-23T14:43:43+00:00","dateModified":"2016-06-24T14:24:19+00:00","breadcrumb":{"@id":"https:\/\/josmaequipamiento.es\/?product=mostradores-melamina#breadcrumb"},"inLanguage":"es","potentialAction":[{"@type":"ReadAction","target":["https:\/\/josmaequipamiento.es\/?product=mostradores-melamina"]}]},{"@type":"ImageObject","inLanguage":"es","@id":"https:\/\/josmaequipamiento.es\/?product=mostradores-melamina#primaryimage","url":"https:\/\/josmaequipamiento.es\/wp-content\/uploads\/2016\/06\/Mostador-1.jpg","contentUrl":"https:\/\/josmaequipamiento.es\/wp-content\/uploads\/2016\/06\/Mostador-1.jpg","width":640,"height":480},{"@type":"BreadcrumbList","@id":"https:\/\/josmaequipamiento.es\/?product=mostradores-melamina#breadcrumb","itemListElement":[{"@type":"ListItem","position":1,"name":"Home","item":"http:\/\/josmaequipamiento.es\/"},{"@type":"ListItem","position":2,"name":"Productos","item":"http:\/\/josmaequipamiento.es\/?page_id=109"},{"@type":"ListItem","position":3,"name":"Mostradores"}]},{"@type":"WebSite","@id":"http:\/\/josmaequipamiento.es\/#website","url":"http:\/\/josmaequipamiento.es\/","name":"Josma Equipamiento","description":"Todo lo relativo a equipamiento","potentialAction":[{"@type":"SearchAction","target":{"@type":"EntryPoint","urlTemplate":"http:\/\/josmaequipamiento.es\/?s={search_term_string}"},"query-input":{"@type":"PropertyValueSpecification","valueRequired":true,"valueName":"search_term_string"}}],"inLanguage":"es"}]}},"_links":{"self":[{"href":"https:\/\/josmaequipamiento.es\/index.php?rest_route=\/wp\/v2\/product\/1277","targetHints":{"allow":["GET"]}}],"collection":[{"href":"https:\/\/josmaequipamiento.es\/index.php?rest_route=\/wp\/v2\/product"}],"about":[{"href":"https:\/\/josmaequipamiento.es\/index.php?rest_route=\/wp\/v2\/types\/product"}],"replies":[{"embeddable":true,"href":"https:\/\/josmaequipamiento.es\/index.php?rest_route=%2Fwp%2Fv2%2Fcomments&post=1277"}],"wp:featuredmedia":[{"embeddable":true,"href":"https:\/\/josmaequipamiento.es\/index.php?rest_route=\/wp\/v2\/media\/1278"}],"wp:attachment":[{"href":"https:\/\/josmaequipamiento.es\/index.php?rest_route=%2Fwp%2Fv2%2Fmedia&parent=1277"}],"wp:term":[{"taxonomy":"product_brand","embeddable":true,"href":"https:\/\/josmaequipamiento.es\/index.php?rest_route=%2Fwp%2Fv2%2Fproduct_brand&post=1277"},{"taxonomy":"product_cat","embeddable":true,"href":"https:\/\/josmaequipamiento.es\/index.php?rest_route=%2Fwp%2Fv2%2Fproduct_cat&post=1277"},{"taxonomy":"product_tag","embeddable":true,"href":"https:\/\/josmaequipamiento.es\/index.php?rest_route=%2Fwp%2Fv2%2Fproduct_tag&post=1277"}],"curies":[{"name":"wp","href":"https:\/\/api.w.org\/{rel}","templated":true}]}}