{"id":1372,"date":"2016-06-24T15:36:39","date_gmt":"2016-06-24T15:36:39","guid":{"rendered":"http:\/\/josmaequipamiento.es\/?post_type=product&#038;p=1372"},"modified":"2016-06-26T10:09:40","modified_gmt":"2016-06-26T10:09:40","slug":"cortinas-panel-japones","status":"publish","type":"product","link":"https:\/\/josmaequipamiento.es\/?product=cortinas-panel-japones","title":{"rendered":"Estores enrollables"},"content":{"rendered":"<p><span style=\"color: #000000; font-family: Calibri; font-size: medium;\">Las cortinas enrollables son la uni\u00f3n del minimalismo y la funcionalidad. Una nueva generaci\u00f3n de cortinas, con car\u00e1cter de vanguardia, adaptables a cualquier espacio.<\/span><\/p>\n<p><span style=\"color: #000000; font-family: Calibri; font-size: medium;\">Su sistema de enrolle y mecanismo, quedan perfectamente integrados en la ventana dejando a la vista s\u00f3lo la ca\u00edda del tejido. Un acabado decorativo que combina con la extensa gama de tejidos decorativos y t\u00e9cnicos.<\/span><\/p>\n<p><span style=\"color: #000000; font-family: Calibri; font-size: medium;\">Gran variedad de tejidos, estampados y colores que se podr\u00e1n adaptar a cualquier espacio. Adem\u00e1s de ser un recurso decorativo, los estores enrollables te permitir\u00e1n dosificar la entrada de luz y visibilidad con precisi\u00f3n. Estores para interior y exterior<\/span><\/p>\n<p><span style=\"color: #000000; font-family: Calibri; font-size: medium;\">\u00a0<\/span><\/p>\n<p><span style=\"color: #000000; font-family: Calibri; font-size: medium;\">\u00a0<\/span><\/p>\n","protected":false},"excerpt":{"rendered":"<p>Las cortinas enrollables son la uni\u00f3n del minimalismo y la funcionalidad. Una nueva generaci\u00f3n de cortinas, con car\u00e1cter de vanguardia, adaptables a cualquier espacio. Su sistema de enrolle y mecanismo, quedan perfectamente integrados en la ventana dejando a la vista s\u00f3lo la ca\u00edda del tejido. Un acabado decorativo que combina con la extensa gama de [&hellip;]<\/p>\n","protected":false},"featured_media":1382,"comment_status":"open","ping_status":"closed","template":"","meta":{"_et_pb_use_builder":"","_et_pb_old_content":"","_et_gb_content_width":""},"product_brand":[],"product_cat":[95,96],"product_tag":[206],"class_list":{"0":"post-1372","1":"product","2":"type-product","3":"status-publish","4":"has-post-thumbnail","6":"product_cat-complementos-de-equipamiento","7":"product_cat-cortinas-estores","8":"product_tag-cortinas","10":"first","11":"instock","12":"shipping-taxable","13":"product-type-simple"},"yoast_head":"<!-- This site is optimized with the Yoast SEO plugin v27.3 - https:\/\/yoast.com\/product\/yoast-seo-wordpress\/ -->\n<title>Estores enrollables - Josma Equipamiento<\/title>\n<meta name=\"robots\" content=\"index, follow, max-snippet:-1, max-image-preview:large, max-video-preview:-1\" \/>\n<link rel=\"canonical\" href=\"http:\/\/josmaequipamiento.es\/?product=cortinas-panel-japones\" \/>\n<meta property=\"og:locale\" content=\"es_ES\" \/>\n<meta property=\"og:type\" content=\"article\" \/>\n<meta property=\"og:title\" content=\"Estores enrollables - Josma Equipamiento\" \/>\n<meta property=\"og:description\" content=\"Las cortinas enrollables son la uni\u00f3n del minimalismo y la funcionalidad. Una nueva generaci\u00f3n de cortinas, con car\u00e1cter de vanguardia, adaptables a cualquier espacio. Su sistema de enrolle y mecanismo, quedan perfectamente integrados en la ventana dejando a la vista s\u00f3lo la ca\u00edda del tejido. Un acabado decorativo que combina con la extensa gama de [&hellip;]\" \/>\n<meta property=\"og:url\" content=\"http:\/\/josmaequipamiento.es\/?product=cortinas-panel-japones\" \/>\n<meta property=\"og:site_name\" content=\"Josma Equipamiento\" \/>\n<meta property=\"article:modified_time\" content=\"2016-06-26T10:09:40+00:00\" \/>\n<meta property=\"og:image\" content=\"http:\/\/josmaequipamiento.es\/wp-content\/uploads\/2016\/06\/estor_enro-3.png\" \/>\n\t<meta property=\"og:image:width\" content=\"640\" \/>\n\t<meta property=\"og:image:height\" content=\"479\" \/>\n\t<meta property=\"og:image:type\" content=\"image\/png\" \/>\n<meta name=\"twitter:card\" content=\"summary_large_image\" \/>\n<meta name=\"twitter:label1\" content=\"Tiempo de lectura\" \/>\n\t<meta name=\"twitter:data1\" content=\"1 minuto\" \/>\n<script type=\"application\/ld+json\" class=\"yoast-schema-graph\">{\"@context\":\"https:\\\/\\\/schema.org\",\"@graph\":[{\"@type\":\"WebPage\",\"@id\":\"http:\\\/\\\/josmaequipamiento.es\\\/?product=cortinas-panel-japones\",\"url\":\"http:\\\/\\\/josmaequipamiento.es\\\/?product=cortinas-panel-japones\",\"name\":\"Estores enrollables - Josma Equipamiento\",\"isPartOf\":{\"@id\":\"http:\\\/\\\/josmaequipamiento.es\\\/#website\"},\"primaryImageOfPage\":{\"@id\":\"http:\\\/\\\/josmaequipamiento.es\\\/?product=cortinas-panel-japones#primaryimage\"},\"image\":{\"@id\":\"http:\\\/\\\/josmaequipamiento.es\\\/?product=cortinas-panel-japones#primaryimage\"},\"thumbnailUrl\":\"https:\\\/\\\/josmaequipamiento.es\\\/wp-content\\\/uploads\\\/2016\\\/06\\\/estor_enro-3.png\",\"datePublished\":\"2016-06-24T15:36:39+00:00\",\"dateModified\":\"2016-06-26T10:09:40+00:00\",\"breadcrumb\":{\"@id\":\"http:\\\/\\\/josmaequipamiento.es\\\/?product=cortinas-panel-japones#breadcrumb\"},\"inLanguage\":\"es\",\"potentialAction\":[{\"@type\":\"ReadAction\",\"target\":[\"http:\\\/\\\/josmaequipamiento.es\\\/?product=cortinas-panel-japones\"]}]},{\"@type\":\"ImageObject\",\"inLanguage\":\"es\",\"@id\":\"http:\\\/\\\/josmaequipamiento.es\\\/?product=cortinas-panel-japones#primaryimage\",\"url\":\"https:\\\/\\\/josmaequipamiento.es\\\/wp-content\\\/uploads\\\/2016\\\/06\\\/estor_enro-3.png\",\"contentUrl\":\"https:\\\/\\\/josmaequipamiento.es\\\/wp-content\\\/uploads\\\/2016\\\/06\\\/estor_enro-3.png\",\"width\":640,\"height\":479},{\"@type\":\"BreadcrumbList\",\"@id\":\"http:\\\/\\\/josmaequipamiento.es\\\/?product=cortinas-panel-japones#breadcrumb\",\"itemListElement\":[{\"@type\":\"ListItem\",\"position\":1,\"name\":\"Home\",\"item\":\"http:\\\/\\\/josmaequipamiento.es\\\/\"},{\"@type\":\"ListItem\",\"position\":2,\"name\":\"Productos\",\"item\":\"http:\\\/\\\/josmaequipamiento.es\\\/?page_id=109\"},{\"@type\":\"ListItem\",\"position\":3,\"name\":\"Estores enrollables\"}]},{\"@type\":\"WebSite\",\"@id\":\"http:\\\/\\\/josmaequipamiento.es\\\/#website\",\"url\":\"http:\\\/\\\/josmaequipamiento.es\\\/\",\"name\":\"Josma Equipamiento\",\"description\":\"Todo lo relativo a equipamiento\",\"potentialAction\":[{\"@type\":\"SearchAction\",\"target\":{\"@type\":\"EntryPoint\",\"urlTemplate\":\"http:\\\/\\\/josmaequipamiento.es\\\/?s={search_term_string}\"},\"query-input\":{\"@type\":\"PropertyValueSpecification\",\"valueRequired\":true,\"valueName\":\"search_term_string\"}}],\"inLanguage\":\"es\"}]}<\/script>\n<!-- \/ Yoast SEO plugin. -->","yoast_head_json":{"title":"Estores enrollables - Josma Equipamiento","robots":{"index":"index","follow":"follow","max-snippet":"max-snippet:-1","max-image-preview":"max-image-preview:large","max-video-preview":"max-video-preview:-1"},"canonical":"http:\/\/josmaequipamiento.es\/?product=cortinas-panel-japones","og_locale":"es_ES","og_type":"article","og_title":"Estores enrollables - Josma Equipamiento","og_description":"Las cortinas enrollables son la uni\u00f3n del minimalismo y la funcionalidad. Una nueva generaci\u00f3n de cortinas, con car\u00e1cter de vanguardia, adaptables a cualquier espacio. Su sistema de enrolle y mecanismo, quedan perfectamente integrados en la ventana dejando a la vista s\u00f3lo la ca\u00edda del tejido. Un acabado decorativo que combina con la extensa gama de [&hellip;]","og_url":"http:\/\/josmaequipamiento.es\/?product=cortinas-panel-japones","og_site_name":"Josma Equipamiento","article_modified_time":"2016-06-26T10:09:40+00:00","og_image":[{"width":640,"height":479,"url":"http:\/\/josmaequipamiento.es\/wp-content\/uploads\/2016\/06\/estor_enro-3.png","type":"image\/png"}],"twitter_card":"summary_large_image","twitter_misc":{"Tiempo de lectura":"1 minuto"},"schema":{"@context":"https:\/\/schema.org","@graph":[{"@type":"WebPage","@id":"http:\/\/josmaequipamiento.es\/?product=cortinas-panel-japones","url":"http:\/\/josmaequipamiento.es\/?product=cortinas-panel-japones","name":"Estores enrollables - Josma Equipamiento","isPartOf":{"@id":"http:\/\/josmaequipamiento.es\/#website"},"primaryImageOfPage":{"@id":"http:\/\/josmaequipamiento.es\/?product=cortinas-panel-japones#primaryimage"},"image":{"@id":"http:\/\/josmaequipamiento.es\/?product=cortinas-panel-japones#primaryimage"},"thumbnailUrl":"https:\/\/josmaequipamiento.es\/wp-content\/uploads\/2016\/06\/estor_enro-3.png","datePublished":"2016-06-24T15:36:39+00:00","dateModified":"2016-06-26T10:09:40+00:00","breadcrumb":{"@id":"http:\/\/josmaequipamiento.es\/?product=cortinas-panel-japones#breadcrumb"},"inLanguage":"es","potentialAction":[{"@type":"ReadAction","target":["http:\/\/josmaequipamiento.es\/?product=cortinas-panel-japones"]}]},{"@type":"ImageObject","inLanguage":"es","@id":"http:\/\/josmaequipamiento.es\/?product=cortinas-panel-japones#primaryimage","url":"https:\/\/josmaequipamiento.es\/wp-content\/uploads\/2016\/06\/estor_enro-3.png","contentUrl":"https:\/\/josmaequipamiento.es\/wp-content\/uploads\/2016\/06\/estor_enro-3.png","width":640,"height":479},{"@type":"BreadcrumbList","@id":"http:\/\/josmaequipamiento.es\/?product=cortinas-panel-japones#breadcrumb","itemListElement":[{"@type":"ListItem","position":1,"name":"Home","item":"http:\/\/josmaequipamiento.es\/"},{"@type":"ListItem","position":2,"name":"Productos","item":"http:\/\/josmaequipamiento.es\/?page_id=109"},{"@type":"ListItem","position":3,"name":"Estores enrollables"}]},{"@type":"WebSite","@id":"http:\/\/josmaequipamiento.es\/#website","url":"http:\/\/josmaequipamiento.es\/","name":"Josma Equipamiento","description":"Todo lo relativo a equipamiento","potentialAction":[{"@type":"SearchAction","target":{"@type":"EntryPoint","urlTemplate":"http:\/\/josmaequipamiento.es\/?s={search_term_string}"},"query-input":{"@type":"PropertyValueSpecification","valueRequired":true,"valueName":"search_term_string"}}],"inLanguage":"es"}]}},"_links":{"self":[{"href":"https:\/\/josmaequipamiento.es\/index.php?rest_route=\/wp\/v2\/product\/1372","targetHints":{"allow":["GET"]}}],"collection":[{"href":"https:\/\/josmaequipamiento.es\/index.php?rest_route=\/wp\/v2\/product"}],"about":[{"href":"https:\/\/josmaequipamiento.es\/index.php?rest_route=\/wp\/v2\/types\/product"}],"replies":[{"embeddable":true,"href":"https:\/\/josmaequipamiento.es\/index.php?rest_route=%2Fwp%2Fv2%2Fcomments&post=1372"}],"wp:featuredmedia":[{"embeddable":true,"href":"https:\/\/josmaequipamiento.es\/index.php?rest_route=\/wp\/v2\/media\/1382"}],"wp:attachment":[{"href":"https:\/\/josmaequipamiento.es\/index.php?rest_route=%2Fwp%2Fv2%2Fmedia&parent=1372"}],"wp:term":[{"taxonomy":"product_brand","embeddable":true,"href":"https:\/\/josmaequipamiento.es\/index.php?rest_route=%2Fwp%2Fv2%2Fproduct_brand&post=1372"},{"taxonomy":"product_cat","embeddable":true,"href":"https:\/\/josmaequipamiento.es\/index.php?rest_route=%2Fwp%2Fv2%2Fproduct_cat&post=1372"},{"taxonomy":"product_tag","embeddable":true,"href":"https:\/\/josmaequipamiento.es\/index.php?rest_route=%2Fwp%2Fv2%2Fproduct_tag&post=1372"}],"curies":[{"name":"wp","href":"https:\/\/api.w.org\/{rel}","templated":true}]}}