{"id":1635,"date":"2016-06-30T17:36:39","date_gmt":"2016-06-30T17:36:39","guid":{"rendered":"http:\/\/josmaequipamiento.es\/?post_type=product&#038;p=1635"},"modified":"2016-06-30T17:36:39","modified_gmt":"2016-06-30T17:36:39","slug":"vitrinas-cristal","status":"publish","type":"product","link":"https:\/\/josmaequipamiento.es\/?product=vitrinas-cristal","title":{"rendered":"Vitrinas cristal"},"content":{"rendered":"<p>Vitrina expositora cuadrada de 51 x 51 cm, o rectangular de 72 x 36 cm, de cristal templado de 4 mm. \u00a0Fabricada con perfiles intermedios (entre estantes).<\/p>\n<ul>\n<li>Las puertas son correderas, pudiendo abrir solo el estante deseado, tienes la opci\u00f3n de incorporar cerradura en cada uno de los estantes.<\/li>\n<li>Sistema de montaje f\u00e1cil y r\u00e1pido.<\/li>\n<li>Disponible en tres alturas: 80 \u2013 150 \u2013 185 cm.<\/li>\n<\/ul>\n<p>\u2022 Opcional pedirla con luz<\/p>\n","protected":false},"excerpt":{"rendered":"<p>Vitrina expositora cuadrada de 51 x 51 cm, o rectangular de 72 x 36 cm, de cristal templado de 4 mm. \u00a0Fabricada con perfiles intermedios (entre estantes). Las puertas son correderas, pudiendo abrir solo el estante deseado, tienes la opci\u00f3n de incorporar cerradura en cada uno de los estantes. Sistema de montaje f\u00e1cil y r\u00e1pido. [&hellip;]<\/p>\n","protected":false},"featured_media":1636,"comment_status":"open","ping_status":"closed","template":"","meta":{"_et_pb_use_builder":"","_et_pb_old_content":"","_et_gb_content_width":""},"product_brand":[],"product_cat":[95,215,98],"product_tag":[209],"class_list":{"0":"post-1635","1":"product","2":"type-product","3":"status-publish","4":"has-post-thumbnail","6":"product_cat-complementos-de-equipamiento","7":"product_cat-productos","8":"product_cat-soluciones-de-mobiliario-auxiliar","9":"product_tag-complementos","11":"first","12":"instock","13":"shipping-taxable","14":"product-type-simple"},"yoast_head":"<!-- This site is optimized with the Yoast SEO plugin v27.3 - https:\/\/yoast.com\/product\/yoast-seo-wordpress\/ -->\n<title>Vitrinas cristal - Josma Equipamiento<\/title>\n<meta name=\"robots\" content=\"index, follow, max-snippet:-1, max-image-preview:large, max-video-preview:-1\" \/>\n<link rel=\"canonical\" href=\"https:\/\/josmaequipamiento.es\/?product=vitrinas-cristal\" \/>\n<meta property=\"og:locale\" content=\"es_ES\" \/>\n<meta property=\"og:type\" content=\"article\" \/>\n<meta property=\"og:title\" content=\"Vitrinas cristal - Josma Equipamiento\" \/>\n<meta property=\"og:description\" content=\"Vitrina expositora cuadrada de 51 x 51 cm, o rectangular de 72 x 36 cm, de cristal templado de 4 mm. \u00a0Fabricada con perfiles intermedios (entre estantes). Las puertas son correderas, pudiendo abrir solo el estante deseado, tienes la opci\u00f3n de incorporar cerradura en cada uno de los estantes. Sistema de montaje f\u00e1cil y r\u00e1pido. [&hellip;]\" \/>\n<meta property=\"og:url\" content=\"https:\/\/josmaequipamiento.es\/?product=vitrinas-cristal\" \/>\n<meta property=\"og:site_name\" content=\"Josma Equipamiento\" \/>\n<meta property=\"og:image\" content=\"https:\/\/josmaequipamiento.es\/wp-content\/uploads\/2016\/06\/834_planning.jpg\" \/>\n\t<meta property=\"og:image:width\" content=\"640\" \/>\n\t<meta property=\"og:image:height\" content=\"480\" \/>\n\t<meta property=\"og:image:type\" content=\"image\/jpeg\" \/>\n<meta name=\"twitter:card\" content=\"summary_large_image\" \/>\n<script type=\"application\/ld+json\" class=\"yoast-schema-graph\">{\"@context\":\"https:\\\/\\\/schema.org\",\"@graph\":[{\"@type\":\"WebPage\",\"@id\":\"https:\\\/\\\/josmaequipamiento.es\\\/?product=vitrinas-cristal\",\"url\":\"https:\\\/\\\/josmaequipamiento.es\\\/?product=vitrinas-cristal\",\"name\":\"Vitrinas cristal - Josma Equipamiento\",\"isPartOf\":{\"@id\":\"http:\\\/\\\/josmaequipamiento.es\\\/#website\"},\"primaryImageOfPage\":{\"@id\":\"https:\\\/\\\/josmaequipamiento.es\\\/?product=vitrinas-cristal#primaryimage\"},\"image\":{\"@id\":\"https:\\\/\\\/josmaequipamiento.es\\\/?product=vitrinas-cristal#primaryimage\"},\"thumbnailUrl\":\"https:\\\/\\\/josmaequipamiento.es\\\/wp-content\\\/uploads\\\/2016\\\/06\\\/834_planning.jpg\",\"datePublished\":\"2016-06-30T17:36:39+00:00\",\"breadcrumb\":{\"@id\":\"https:\\\/\\\/josmaequipamiento.es\\\/?product=vitrinas-cristal#breadcrumb\"},\"inLanguage\":\"es\",\"potentialAction\":[{\"@type\":\"ReadAction\",\"target\":[\"https:\\\/\\\/josmaequipamiento.es\\\/?product=vitrinas-cristal\"]}]},{\"@type\":\"ImageObject\",\"inLanguage\":\"es\",\"@id\":\"https:\\\/\\\/josmaequipamiento.es\\\/?product=vitrinas-cristal#primaryimage\",\"url\":\"https:\\\/\\\/josmaequipamiento.es\\\/wp-content\\\/uploads\\\/2016\\\/06\\\/834_planning.jpg\",\"contentUrl\":\"https:\\\/\\\/josmaequipamiento.es\\\/wp-content\\\/uploads\\\/2016\\\/06\\\/834_planning.jpg\",\"width\":640,\"height\":480},{\"@type\":\"BreadcrumbList\",\"@id\":\"https:\\\/\\\/josmaequipamiento.es\\\/?product=vitrinas-cristal#breadcrumb\",\"itemListElement\":[{\"@type\":\"ListItem\",\"position\":1,\"name\":\"Home\",\"item\":\"http:\\\/\\\/josmaequipamiento.es\\\/\"},{\"@type\":\"ListItem\",\"position\":2,\"name\":\"Productos\",\"item\":\"http:\\\/\\\/josmaequipamiento.es\\\/?page_id=109\"},{\"@type\":\"ListItem\",\"position\":3,\"name\":\"Vitrinas cristal\"}]},{\"@type\":\"WebSite\",\"@id\":\"http:\\\/\\\/josmaequipamiento.es\\\/#website\",\"url\":\"http:\\\/\\\/josmaequipamiento.es\\\/\",\"name\":\"Josma Equipamiento\",\"description\":\"Todo lo relativo a equipamiento\",\"potentialAction\":[{\"@type\":\"SearchAction\",\"target\":{\"@type\":\"EntryPoint\",\"urlTemplate\":\"http:\\\/\\\/josmaequipamiento.es\\\/?s={search_term_string}\"},\"query-input\":{\"@type\":\"PropertyValueSpecification\",\"valueRequired\":true,\"valueName\":\"search_term_string\"}}],\"inLanguage\":\"es\"}]}<\/script>\n<!-- \/ Yoast SEO plugin. -->","yoast_head_json":{"title":"Vitrinas cristal - Josma Equipamiento","robots":{"index":"index","follow":"follow","max-snippet":"max-snippet:-1","max-image-preview":"max-image-preview:large","max-video-preview":"max-video-preview:-1"},"canonical":"https:\/\/josmaequipamiento.es\/?product=vitrinas-cristal","og_locale":"es_ES","og_type":"article","og_title":"Vitrinas cristal - Josma Equipamiento","og_description":"Vitrina expositora cuadrada de 51 x 51 cm, o rectangular de 72 x 36 cm, de cristal templado de 4 mm. \u00a0Fabricada con perfiles intermedios (entre estantes). Las puertas son correderas, pudiendo abrir solo el estante deseado, tienes la opci\u00f3n de incorporar cerradura en cada uno de los estantes. Sistema de montaje f\u00e1cil y r\u00e1pido. [&hellip;]","og_url":"https:\/\/josmaequipamiento.es\/?product=vitrinas-cristal","og_site_name":"Josma Equipamiento","og_image":[{"width":640,"height":480,"url":"https:\/\/josmaequipamiento.es\/wp-content\/uploads\/2016\/06\/834_planning.jpg","type":"image\/jpeg"}],"twitter_card":"summary_large_image","schema":{"@context":"https:\/\/schema.org","@graph":[{"@type":"WebPage","@id":"https:\/\/josmaequipamiento.es\/?product=vitrinas-cristal","url":"https:\/\/josmaequipamiento.es\/?product=vitrinas-cristal","name":"Vitrinas cristal - Josma Equipamiento","isPartOf":{"@id":"http:\/\/josmaequipamiento.es\/#website"},"primaryImageOfPage":{"@id":"https:\/\/josmaequipamiento.es\/?product=vitrinas-cristal#primaryimage"},"image":{"@id":"https:\/\/josmaequipamiento.es\/?product=vitrinas-cristal#primaryimage"},"thumbnailUrl":"https:\/\/josmaequipamiento.es\/wp-content\/uploads\/2016\/06\/834_planning.jpg","datePublished":"2016-06-30T17:36:39+00:00","breadcrumb":{"@id":"https:\/\/josmaequipamiento.es\/?product=vitrinas-cristal#breadcrumb"},"inLanguage":"es","potentialAction":[{"@type":"ReadAction","target":["https:\/\/josmaequipamiento.es\/?product=vitrinas-cristal"]}]},{"@type":"ImageObject","inLanguage":"es","@id":"https:\/\/josmaequipamiento.es\/?product=vitrinas-cristal#primaryimage","url":"https:\/\/josmaequipamiento.es\/wp-content\/uploads\/2016\/06\/834_planning.jpg","contentUrl":"https:\/\/josmaequipamiento.es\/wp-content\/uploads\/2016\/06\/834_planning.jpg","width":640,"height":480},{"@type":"BreadcrumbList","@id":"https:\/\/josmaequipamiento.es\/?product=vitrinas-cristal#breadcrumb","itemListElement":[{"@type":"ListItem","position":1,"name":"Home","item":"http:\/\/josmaequipamiento.es\/"},{"@type":"ListItem","position":2,"name":"Productos","item":"http:\/\/josmaequipamiento.es\/?page_id=109"},{"@type":"ListItem","position":3,"name":"Vitrinas cristal"}]},{"@type":"WebSite","@id":"http:\/\/josmaequipamiento.es\/#website","url":"http:\/\/josmaequipamiento.es\/","name":"Josma Equipamiento","description":"Todo lo relativo a equipamiento","potentialAction":[{"@type":"SearchAction","target":{"@type":"EntryPoint","urlTemplate":"http:\/\/josmaequipamiento.es\/?s={search_term_string}"},"query-input":{"@type":"PropertyValueSpecification","valueRequired":true,"valueName":"search_term_string"}}],"inLanguage":"es"}]}},"_links":{"self":[{"href":"https:\/\/josmaequipamiento.es\/index.php?rest_route=\/wp\/v2\/product\/1635","targetHints":{"allow":["GET"]}}],"collection":[{"href":"https:\/\/josmaequipamiento.es\/index.php?rest_route=\/wp\/v2\/product"}],"about":[{"href":"https:\/\/josmaequipamiento.es\/index.php?rest_route=\/wp\/v2\/types\/product"}],"replies":[{"embeddable":true,"href":"https:\/\/josmaequipamiento.es\/index.php?rest_route=%2Fwp%2Fv2%2Fcomments&post=1635"}],"wp:featuredmedia":[{"embeddable":true,"href":"https:\/\/josmaequipamiento.es\/index.php?rest_route=\/wp\/v2\/media\/1636"}],"wp:attachment":[{"href":"https:\/\/josmaequipamiento.es\/index.php?rest_route=%2Fwp%2Fv2%2Fmedia&parent=1635"}],"wp:term":[{"taxonomy":"product_brand","embeddable":true,"href":"https:\/\/josmaequipamiento.es\/index.php?rest_route=%2Fwp%2Fv2%2Fproduct_brand&post=1635"},{"taxonomy":"product_cat","embeddable":true,"href":"https:\/\/josmaequipamiento.es\/index.php?rest_route=%2Fwp%2Fv2%2Fproduct_cat&post=1635"},{"taxonomy":"product_tag","embeddable":true,"href":"https:\/\/josmaequipamiento.es\/index.php?rest_route=%2Fwp%2Fv2%2Fproduct_tag&post=1635"}],"curies":[{"name":"wp","href":"https:\/\/api.w.org\/{rel}","templated":true}]}}