{"id":1688,"date":"2016-07-18T09:21:51","date_gmt":"2016-07-18T09:21:51","guid":{"rendered":"http:\/\/josmaequipamiento.es\/?post_type=product&#038;p=1688"},"modified":"2016-07-23T17:41:24","modified_gmt":"2016-07-23T17:41:24","slug":"silla-operativa-new-passion","status":"publish","type":"product","link":"https:\/\/josmaequipamiento.es\/?product=silla-operativa-new-passion","title":{"rendered":"Silla Operativa New Passi\u00f3n"},"content":{"rendered":"<p><span style=\"color: #000000; font-family: Calibri; font-size: medium;\">El asiento se compone de una pieza en polipropileno de alta densidad y con una configuraci\u00f3n que le confiere la forma y rigidez necesaria,. El asiento interior se recubre con espuma moldeada en bloque de 40 kg \/ m3 de densidad y 40 mm de grosor, sobre \u00e9sta se tapiza la tela.<\/span><\/p>\n<p><span style=\"color: #000000; font-family: Calibri; font-size: medium;\">La serie NEW PASSION se compone de un respaldo alto acabado en malla de alta resistencia disponible en varios colores, la estructura del respaldo est\u00e1 fabricada en polipropileno. El respaldo en su conjunto es resistente, de aspecto s\u00f3lido. El respaldo a su vez est\u00e1 montado al mecanismo mediante una pletina de acero al carbono acabada en pintura epoxy color negro, que adem\u00e1s mediante un sistema de cremallera permite la regulaci\u00f3n en altura del respaldo para ajustar el apoyo lumbar del usuario en funci\u00f3n de su altura.<\/span><\/p>\n<p><span style=\"color: #000000; font-family: Calibri; font-size: medium;\">La serie Passion puede montar brazos regulables 1D as\u00ed como 2D e incluso 3D a petici\u00f3n del cliente, permitiendo una adaptaci\u00f3n total a las necesidades y requerimientos del usuario final.<\/span><\/p>\n<p><span style=\"color: #000000; font-family: Calibri; font-size: medium;\">La serie NEW PASSION dispone de un mecanismo sincro, que permite posiciones adelantadas del respaldo para trabajos que requieren un avance del cuerpo, as\u00ed como posiciones retrasadas del respaldo para descanso, y todo ello con un contacto del respaldo continuado, reduciendo el trabajo realizado por la zona lumbar del usuario. La relaci\u00f3n de movimiento asiento-respaldo es de 2:1,1, es decir, el asiento se inclina 11\u00ba cuando el respaldo se mueve 20\u00ba. Esta relaci\u00f3n se mantiene para cualquiera de las cinco posiciones diferentes en las que se puede bloquear. Tambi\u00e9n existe una regulaci\u00f3n de tensi\u00f3n del mecanismo, para lograr adaptar la fuerza que el respaldo ejerce sobre la espalda al peso del usuario, que por lo general depender\u00e1 de la corpulencia del usuario. El mecanismo sincro, posee un sistema antiretorno del respaldo, de modo que al desbloquear el respaldo, no golpee al usuario, sino que se debe apoyar la espalda al mismo tiempo de desbloquear el mecanismo para iniciar el movimiento.<\/span><\/p>\n<p><span style=\"color: #000000; font-family: Calibri; font-size: medium;\">Base \u2013 Ruedas dispone de dos opciones, la base giratoria de serie es de forma plana fabricada en poliamida de color negro y como opci\u00f3n se presenta con una base de forma piramidal fabricada en aluminio con acabado pulido. Las ruedas son de nylon de comprobada durabilidad y funcionalidad, como opci\u00f3n puede montar ruedas de rodadura blanda especialmente indicadas para suelos duros.<\/span><\/p>\n","protected":false},"excerpt":{"rendered":"<p><span style=\"color: #000000; font-family: Calibri; font-size: medium;\">Silla Giratoria Serie New Passion<\/span><\/p>\n<p><span style=\"color: #000000; font-family: Calibri; font-size: medium;\">Silla operativa. Giratoria, con ruedas, elevaci\u00f3n a gas, mecanismo sincronizado con varias versiones, brazos regulables 1D, 2D O 3D.<\/span><\/p>\n","protected":false},"featured_media":2071,"comment_status":"open","ping_status":"closed","template":"","meta":{"_et_pb_use_builder":"","_et_pb_old_content":"","_et_gb_content_width":""},"product_brand":[],"product_cat":[57,66,64],"product_tag":[185],"class_list":{"0":"post-1688","1":"product","2":"type-product","3":"status-publish","4":"has-post-thumbnail","6":"product_cat-espacios-de-trabajo","7":"product_cat-operativas","8":"product_cat-silleria-de-oficina","9":"product_tag-silleria-operativa","11":"first","12":"instock","13":"shipping-taxable","14":"product-type-simple"},"yoast_head":"<!-- This site is optimized with the Yoast SEO plugin v27.3 - https:\/\/yoast.com\/product\/yoast-seo-wordpress\/ -->\n<title>Silla Operativa New Passi\u00f3n - Josma Equipamiento<\/title>\n<meta name=\"robots\" content=\"index, follow, max-snippet:-1, max-image-preview:large, max-video-preview:-1\" \/>\n<link rel=\"canonical\" href=\"https:\/\/josmaequipamiento.es\/?product=silla-operativa-new-passion\" \/>\n<meta property=\"og:locale\" content=\"es_ES\" \/>\n<meta property=\"og:type\" content=\"article\" \/>\n<meta property=\"og:title\" content=\"Silla Operativa New Passi\u00f3n - Josma Equipamiento\" \/>\n<meta property=\"og:description\" content=\"Silla Giratoria Serie New Passion  Silla operativa. Giratoria, con ruedas, elevaci\u00f3n a gas, mecanismo sincronizado con varias versiones, brazos regulables 1D, 2D O 3D.\" \/>\n<meta property=\"og:url\" content=\"https:\/\/josmaequipamiento.es\/?product=silla-operativa-new-passion\" \/>\n<meta property=\"og:site_name\" content=\"Josma Equipamiento\" \/>\n<meta property=\"article:modified_time\" content=\"2016-07-23T17:41:24+00:00\" \/>\n<meta property=\"og:image\" content=\"https:\/\/josmaequipamiento.es\/wp-content\/uploads\/2016\/07\/New-Passion.jpg\" \/>\n\t<meta property=\"og:image:width\" content=\"640\" \/>\n\t<meta property=\"og:image:height\" content=\"480\" \/>\n\t<meta property=\"og:image:type\" content=\"image\/jpeg\" \/>\n<meta name=\"twitter:card\" content=\"summary_large_image\" \/>\n<meta name=\"twitter:label1\" content=\"Tiempo de lectura\" \/>\n\t<meta name=\"twitter:data1\" content=\"2 minutos\" \/>\n<script type=\"application\/ld+json\" class=\"yoast-schema-graph\">{\"@context\":\"https:\\\/\\\/schema.org\",\"@graph\":[{\"@type\":\"WebPage\",\"@id\":\"https:\\\/\\\/josmaequipamiento.es\\\/?product=silla-operativa-new-passion\",\"url\":\"https:\\\/\\\/josmaequipamiento.es\\\/?product=silla-operativa-new-passion\",\"name\":\"Silla Operativa New Passi\u00f3n - Josma Equipamiento\",\"isPartOf\":{\"@id\":\"http:\\\/\\\/josmaequipamiento.es\\\/#website\"},\"primaryImageOfPage\":{\"@id\":\"https:\\\/\\\/josmaequipamiento.es\\\/?product=silla-operativa-new-passion#primaryimage\"},\"image\":{\"@id\":\"https:\\\/\\\/josmaequipamiento.es\\\/?product=silla-operativa-new-passion#primaryimage\"},\"thumbnailUrl\":\"https:\\\/\\\/josmaequipamiento.es\\\/wp-content\\\/uploads\\\/2016\\\/07\\\/New-Passion.jpg\",\"datePublished\":\"2016-07-18T09:21:51+00:00\",\"dateModified\":\"2016-07-23T17:41:24+00:00\",\"breadcrumb\":{\"@id\":\"https:\\\/\\\/josmaequipamiento.es\\\/?product=silla-operativa-new-passion#breadcrumb\"},\"inLanguage\":\"es\",\"potentialAction\":[{\"@type\":\"ReadAction\",\"target\":[\"https:\\\/\\\/josmaequipamiento.es\\\/?product=silla-operativa-new-passion\"]}]},{\"@type\":\"ImageObject\",\"inLanguage\":\"es\",\"@id\":\"https:\\\/\\\/josmaequipamiento.es\\\/?product=silla-operativa-new-passion#primaryimage\",\"url\":\"https:\\\/\\\/josmaequipamiento.es\\\/wp-content\\\/uploads\\\/2016\\\/07\\\/New-Passion.jpg\",\"contentUrl\":\"https:\\\/\\\/josmaequipamiento.es\\\/wp-content\\\/uploads\\\/2016\\\/07\\\/New-Passion.jpg\",\"width\":640,\"height\":480},{\"@type\":\"BreadcrumbList\",\"@id\":\"https:\\\/\\\/josmaequipamiento.es\\\/?product=silla-operativa-new-passion#breadcrumb\",\"itemListElement\":[{\"@type\":\"ListItem\",\"position\":1,\"name\":\"Home\",\"item\":\"http:\\\/\\\/josmaequipamiento.es\\\/\"},{\"@type\":\"ListItem\",\"position\":2,\"name\":\"Productos\",\"item\":\"http:\\\/\\\/josmaequipamiento.es\\\/?page_id=109\"},{\"@type\":\"ListItem\",\"position\":3,\"name\":\"Silla Operativa New Passi\u00f3n\"}]},{\"@type\":\"WebSite\",\"@id\":\"http:\\\/\\\/josmaequipamiento.es\\\/#website\",\"url\":\"http:\\\/\\\/josmaequipamiento.es\\\/\",\"name\":\"Josma Equipamiento\",\"description\":\"Todo lo relativo a equipamiento\",\"potentialAction\":[{\"@type\":\"SearchAction\",\"target\":{\"@type\":\"EntryPoint\",\"urlTemplate\":\"http:\\\/\\\/josmaequipamiento.es\\\/?s={search_term_string}\"},\"query-input\":{\"@type\":\"PropertyValueSpecification\",\"valueRequired\":true,\"valueName\":\"search_term_string\"}}],\"inLanguage\":\"es\"}]}<\/script>\n<!-- \/ Yoast SEO plugin. -->","yoast_head_json":{"title":"Silla Operativa New Passi\u00f3n - Josma Equipamiento","robots":{"index":"index","follow":"follow","max-snippet":"max-snippet:-1","max-image-preview":"max-image-preview:large","max-video-preview":"max-video-preview:-1"},"canonical":"https:\/\/josmaequipamiento.es\/?product=silla-operativa-new-passion","og_locale":"es_ES","og_type":"article","og_title":"Silla Operativa New Passi\u00f3n - Josma Equipamiento","og_description":"Silla Giratoria Serie New Passion  Silla operativa. Giratoria, con ruedas, elevaci\u00f3n a gas, mecanismo sincronizado con varias versiones, brazos regulables 1D, 2D O 3D.","og_url":"https:\/\/josmaequipamiento.es\/?product=silla-operativa-new-passion","og_site_name":"Josma Equipamiento","article_modified_time":"2016-07-23T17:41:24+00:00","og_image":[{"width":640,"height":480,"url":"https:\/\/josmaequipamiento.es\/wp-content\/uploads\/2016\/07\/New-Passion.jpg","type":"image\/jpeg"}],"twitter_card":"summary_large_image","twitter_misc":{"Tiempo de lectura":"2 minutos"},"schema":{"@context":"https:\/\/schema.org","@graph":[{"@type":"WebPage","@id":"https:\/\/josmaequipamiento.es\/?product=silla-operativa-new-passion","url":"https:\/\/josmaequipamiento.es\/?product=silla-operativa-new-passion","name":"Silla Operativa New Passi\u00f3n - Josma Equipamiento","isPartOf":{"@id":"http:\/\/josmaequipamiento.es\/#website"},"primaryImageOfPage":{"@id":"https:\/\/josmaequipamiento.es\/?product=silla-operativa-new-passion#primaryimage"},"image":{"@id":"https:\/\/josmaequipamiento.es\/?product=silla-operativa-new-passion#primaryimage"},"thumbnailUrl":"https:\/\/josmaequipamiento.es\/wp-content\/uploads\/2016\/07\/New-Passion.jpg","datePublished":"2016-07-18T09:21:51+00:00","dateModified":"2016-07-23T17:41:24+00:00","breadcrumb":{"@id":"https:\/\/josmaequipamiento.es\/?product=silla-operativa-new-passion#breadcrumb"},"inLanguage":"es","potentialAction":[{"@type":"ReadAction","target":["https:\/\/josmaequipamiento.es\/?product=silla-operativa-new-passion"]}]},{"@type":"ImageObject","inLanguage":"es","@id":"https:\/\/josmaequipamiento.es\/?product=silla-operativa-new-passion#primaryimage","url":"https:\/\/josmaequipamiento.es\/wp-content\/uploads\/2016\/07\/New-Passion.jpg","contentUrl":"https:\/\/josmaequipamiento.es\/wp-content\/uploads\/2016\/07\/New-Passion.jpg","width":640,"height":480},{"@type":"BreadcrumbList","@id":"https:\/\/josmaequipamiento.es\/?product=silla-operativa-new-passion#breadcrumb","itemListElement":[{"@type":"ListItem","position":1,"name":"Home","item":"http:\/\/josmaequipamiento.es\/"},{"@type":"ListItem","position":2,"name":"Productos","item":"http:\/\/josmaequipamiento.es\/?page_id=109"},{"@type":"ListItem","position":3,"name":"Silla Operativa New Passi\u00f3n"}]},{"@type":"WebSite","@id":"http:\/\/josmaequipamiento.es\/#website","url":"http:\/\/josmaequipamiento.es\/","name":"Josma Equipamiento","description":"Todo lo relativo a equipamiento","potentialAction":[{"@type":"SearchAction","target":{"@type":"EntryPoint","urlTemplate":"http:\/\/josmaequipamiento.es\/?s={search_term_string}"},"query-input":{"@type":"PropertyValueSpecification","valueRequired":true,"valueName":"search_term_string"}}],"inLanguage":"es"}]}},"_links":{"self":[{"href":"https:\/\/josmaequipamiento.es\/index.php?rest_route=\/wp\/v2\/product\/1688","targetHints":{"allow":["GET"]}}],"collection":[{"href":"https:\/\/josmaequipamiento.es\/index.php?rest_route=\/wp\/v2\/product"}],"about":[{"href":"https:\/\/josmaequipamiento.es\/index.php?rest_route=\/wp\/v2\/types\/product"}],"replies":[{"embeddable":true,"href":"https:\/\/josmaequipamiento.es\/index.php?rest_route=%2Fwp%2Fv2%2Fcomments&post=1688"}],"wp:featuredmedia":[{"embeddable":true,"href":"https:\/\/josmaequipamiento.es\/index.php?rest_route=\/wp\/v2\/media\/2071"}],"wp:attachment":[{"href":"https:\/\/josmaequipamiento.es\/index.php?rest_route=%2Fwp%2Fv2%2Fmedia&parent=1688"}],"wp:term":[{"taxonomy":"product_brand","embeddable":true,"href":"https:\/\/josmaequipamiento.es\/index.php?rest_route=%2Fwp%2Fv2%2Fproduct_brand&post=1688"},{"taxonomy":"product_cat","embeddable":true,"href":"https:\/\/josmaequipamiento.es\/index.php?rest_route=%2Fwp%2Fv2%2Fproduct_cat&post=1688"},{"taxonomy":"product_tag","embeddable":true,"href":"https:\/\/josmaequipamiento.es\/index.php?rest_route=%2Fwp%2Fv2%2Fproduct_tag&post=1688"}],"curies":[{"name":"wp","href":"https:\/\/api.w.org\/{rel}","templated":true}]}}