{"id":1742,"date":"2016-07-18T09:43:54","date_gmt":"2016-07-18T09:43:54","guid":{"rendered":"http:\/\/josmaequipamiento.es\/?post_type=product&#038;p=1742"},"modified":"2016-07-20T13:56:11","modified_gmt":"2016-07-20T13:56:11","slug":"silla-giratoria-ioo","status":"publish","type":"product","link":"https:\/\/josmaequipamiento.es\/?product=silla-giratoria-ioo","title":{"rendered":"Sill\u00f3n  IOO"},"content":{"rendered":"<p>La silla ergon\u00f3mica IOO es nuestra silla con mayores prestaciones, una silla multifuncional que ofrece una personalizaci\u00f3n total, con un dise\u00f1o espectacular y un rendimiento superior.<\/p>\n<p>Ajuste total al usuario: Silla con una personalizaci\u00f3n muy completa, que permite ajustar todas sus partes, cabecero, respaldo, asiento y brazos, ofreci\u00e9ndonos un confort absoluto.<\/p>\n<p>Respaldo ergon\u00f3mico extra-alto: Respaldo en malla para una mejor circulaci\u00f3n del aire y se adapta mejor a tu espalda, con armaz\u00f3n en fibra de vidrio muy robusto y ligero. Se ajusta en altura en tres posiciones.<\/p>\n<p>Su soporte lumbar independiente 3D con movimiento din\u00e1mico de \u00faltima generaci\u00f3n, nos da una comodidad extra cuando nos giramos a derecha o izquierda, se adapta autom\u00e1ticamente a la posici\u00f3n \u00f3ptima del usuario, ofreciendo el mejor apoyo para la espalda.<\/p>\n<p>Reposacabezas regulable 3D: Propicia un correcto apoyo de la cabeza evitando la fatiga cervical, relajando los m\u00fasculos del cuello y los hombros. Regulable en altura, profundidad y oscilaci\u00f3n, es muy ligero y f\u00e1cil de poner y quitar.<\/p>\n<p>Mecanismo syncro basculante: La inclinaci\u00f3n del respaldo se produce de forma simult\u00e1nea pero independiente a la inclinaci\u00f3n del asiento. Te permite adaptar cualquier movimiento sin esfuerzo gracias a que la tensi\u00f3n de la basculaci\u00f3n es regulable. Con cinco posiciones y sistema antirretorno.<\/p>\n<p>Mayor confort del asiento: Regulable en altura y profundidad, funci\u00f3n muy importante, ya que con ella su adaptabilidad al usuario es total, sea cual sea su estatura.<\/p>\n<p>Puede ser de malla transpirable o de una espuma de alta densidad con memoria para que el asiento se amolde a la forma de sentarse del usuario distribuyendo el peso del cuerpo.<\/p>\n<p>Un \u00fanico mando para controlar todos los ajustes: Con una \u00fanica palanca podemos controlar todas las funciones que nos ofrece la silla, altura y profundidad del asiento y el bloqueo o desbloqueo del mecanismo. Esto hace que el uso de la silla sea f\u00e1cil e intuitivo.<\/p>\n<p>Brazos regulables 4D: Brazos regulables en altura, anchura, profundidad y giro antip\u00e1nico, aliviando las tensiones en brazos y hombros.<\/p>\n<p><strong>\u00a0<\/strong><\/p>\n<p><strong>\u00a0<\/strong><\/p>\n","protected":false},"excerpt":{"rendered":"<p><span style=\"color: #000000; font-family: Calibri; font-size: medium;\">Sillas ergon\u00f3micas IOO Totalmente personalizable por el usuario. Regulaci\u00f3n de la presi\u00f3n de basculaci\u00f3n seg\u00fan peso corporal. Respaldo en malla adaptable de alta resistencia. Regulaci\u00f3n profundidad del asiento. Apoyo lumbar din\u00e1mico 3D. Cabecero multidireccional 3D. Brazos regulables 4D<\/span><\/p>\n","protected":false},"featured_media":1950,"comment_status":"open","ping_status":"closed","template":"","meta":{"_et_pb_use_builder":"","_et_pb_old_content":"","_et_gb_content_width":""},"product_brand":[],"product_cat":[57,65,64],"product_tag":[184],"class_list":{"0":"post-1742","1":"product","2":"type-product","3":"status-publish","4":"has-post-thumbnail","6":"product_cat-espacios-de-trabajo","7":"product_cat-direccion-silleria-de-oficina-espacios-de-trabajo","8":"product_cat-silleria-de-oficina","9":"product_tag-silleria-direccion","11":"first","12":"instock","13":"shipping-taxable","14":"product-type-simple"},"yoast_head":"<!-- This site is optimized with the Yoast SEO plugin v27.3 - https:\/\/yoast.com\/product\/yoast-seo-wordpress\/ -->\n<title>Sill\u00f3n IOO - Josma Equipamiento<\/title>\n<meta name=\"robots\" content=\"index, follow, max-snippet:-1, max-image-preview:large, max-video-preview:-1\" \/>\n<link rel=\"canonical\" href=\"http:\/\/josmaequipamiento.es\/?product=silla-giratoria-ioo\" \/>\n<meta property=\"og:locale\" content=\"es_ES\" \/>\n<meta property=\"og:type\" content=\"article\" \/>\n<meta property=\"og:title\" content=\"Sill\u00f3n IOO - Josma Equipamiento\" \/>\n<meta property=\"og:description\" content=\"Sillas ergon\u00f3micas IOO Totalmente personalizable por el usuario. Regulaci\u00f3n de la presi\u00f3n de basculaci\u00f3n seg\u00fan peso corporal. Respaldo en malla adaptable de alta resistencia. Regulaci\u00f3n profundidad del asiento. Apoyo lumbar din\u00e1mico 3D. Cabecero multidireccional 3D. Brazos regulables 4D\" \/>\n<meta property=\"og:url\" content=\"http:\/\/josmaequipamiento.es\/?product=silla-giratoria-ioo\" \/>\n<meta property=\"og:site_name\" content=\"Josma Equipamiento\" \/>\n<meta property=\"article:modified_time\" content=\"2016-07-20T13:56:11+00:00\" \/>\n<meta property=\"og:image\" content=\"http:\/\/josmaequipamiento.es\/wp-content\/uploads\/2016\/07\/ioo-640x480.png\" \/>\n\t<meta property=\"og:image:width\" content=\"640\" \/>\n\t<meta property=\"og:image:height\" content=\"480\" \/>\n\t<meta property=\"og:image:type\" content=\"image\/png\" \/>\n<meta name=\"twitter:card\" content=\"summary_large_image\" \/>\n<meta name=\"twitter:label1\" content=\"Tiempo de lectura\" \/>\n\t<meta name=\"twitter:data1\" content=\"2 minutos\" \/>\n<script type=\"application\/ld+json\" class=\"yoast-schema-graph\">{\"@context\":\"https:\\\/\\\/schema.org\",\"@graph\":[{\"@type\":\"WebPage\",\"@id\":\"http:\\\/\\\/josmaequipamiento.es\\\/?product=silla-giratoria-ioo\",\"url\":\"http:\\\/\\\/josmaequipamiento.es\\\/?product=silla-giratoria-ioo\",\"name\":\"Sill\u00f3n IOO - Josma Equipamiento\",\"isPartOf\":{\"@id\":\"http:\\\/\\\/josmaequipamiento.es\\\/#website\"},\"primaryImageOfPage\":{\"@id\":\"http:\\\/\\\/josmaequipamiento.es\\\/?product=silla-giratoria-ioo#primaryimage\"},\"image\":{\"@id\":\"http:\\\/\\\/josmaequipamiento.es\\\/?product=silla-giratoria-ioo#primaryimage\"},\"thumbnailUrl\":\"https:\\\/\\\/josmaequipamiento.es\\\/wp-content\\\/uploads\\\/2016\\\/07\\\/ioo-640x480.png\",\"datePublished\":\"2016-07-18T09:43:54+00:00\",\"dateModified\":\"2016-07-20T13:56:11+00:00\",\"breadcrumb\":{\"@id\":\"http:\\\/\\\/josmaequipamiento.es\\\/?product=silla-giratoria-ioo#breadcrumb\"},\"inLanguage\":\"es\",\"potentialAction\":[{\"@type\":\"ReadAction\",\"target\":[\"http:\\\/\\\/josmaequipamiento.es\\\/?product=silla-giratoria-ioo\"]}]},{\"@type\":\"ImageObject\",\"inLanguage\":\"es\",\"@id\":\"http:\\\/\\\/josmaequipamiento.es\\\/?product=silla-giratoria-ioo#primaryimage\",\"url\":\"https:\\\/\\\/josmaequipamiento.es\\\/wp-content\\\/uploads\\\/2016\\\/07\\\/ioo-640x480.png\",\"contentUrl\":\"https:\\\/\\\/josmaequipamiento.es\\\/wp-content\\\/uploads\\\/2016\\\/07\\\/ioo-640x480.png\",\"width\":640,\"height\":480},{\"@type\":\"BreadcrumbList\",\"@id\":\"http:\\\/\\\/josmaequipamiento.es\\\/?product=silla-giratoria-ioo#breadcrumb\",\"itemListElement\":[{\"@type\":\"ListItem\",\"position\":1,\"name\":\"Home\",\"item\":\"http:\\\/\\\/josmaequipamiento.es\\\/\"},{\"@type\":\"ListItem\",\"position\":2,\"name\":\"Productos\",\"item\":\"http:\\\/\\\/josmaequipamiento.es\\\/?page_id=109\"},{\"@type\":\"ListItem\",\"position\":3,\"name\":\"Sill\u00f3n IOO\"}]},{\"@type\":\"WebSite\",\"@id\":\"http:\\\/\\\/josmaequipamiento.es\\\/#website\",\"url\":\"http:\\\/\\\/josmaequipamiento.es\\\/\",\"name\":\"Josma Equipamiento\",\"description\":\"Todo lo relativo a equipamiento\",\"potentialAction\":[{\"@type\":\"SearchAction\",\"target\":{\"@type\":\"EntryPoint\",\"urlTemplate\":\"http:\\\/\\\/josmaequipamiento.es\\\/?s={search_term_string}\"},\"query-input\":{\"@type\":\"PropertyValueSpecification\",\"valueRequired\":true,\"valueName\":\"search_term_string\"}}],\"inLanguage\":\"es\"}]}<\/script>\n<!-- \/ Yoast SEO plugin. -->","yoast_head_json":{"title":"Sill\u00f3n IOO - Josma Equipamiento","robots":{"index":"index","follow":"follow","max-snippet":"max-snippet:-1","max-image-preview":"max-image-preview:large","max-video-preview":"max-video-preview:-1"},"canonical":"http:\/\/josmaequipamiento.es\/?product=silla-giratoria-ioo","og_locale":"es_ES","og_type":"article","og_title":"Sill\u00f3n IOO - Josma Equipamiento","og_description":"Sillas ergon\u00f3micas IOO Totalmente personalizable por el usuario. Regulaci\u00f3n de la presi\u00f3n de basculaci\u00f3n seg\u00fan peso corporal. Respaldo en malla adaptable de alta resistencia. Regulaci\u00f3n profundidad del asiento. Apoyo lumbar din\u00e1mico 3D. Cabecero multidireccional 3D. Brazos regulables 4D","og_url":"http:\/\/josmaequipamiento.es\/?product=silla-giratoria-ioo","og_site_name":"Josma Equipamiento","article_modified_time":"2016-07-20T13:56:11+00:00","og_image":[{"width":640,"height":480,"url":"http:\/\/josmaequipamiento.es\/wp-content\/uploads\/2016\/07\/ioo-640x480.png","type":"image\/png"}],"twitter_card":"summary_large_image","twitter_misc":{"Tiempo de lectura":"2 minutos"},"schema":{"@context":"https:\/\/schema.org","@graph":[{"@type":"WebPage","@id":"http:\/\/josmaequipamiento.es\/?product=silla-giratoria-ioo","url":"http:\/\/josmaequipamiento.es\/?product=silla-giratoria-ioo","name":"Sill\u00f3n IOO - Josma Equipamiento","isPartOf":{"@id":"http:\/\/josmaequipamiento.es\/#website"},"primaryImageOfPage":{"@id":"http:\/\/josmaequipamiento.es\/?product=silla-giratoria-ioo#primaryimage"},"image":{"@id":"http:\/\/josmaequipamiento.es\/?product=silla-giratoria-ioo#primaryimage"},"thumbnailUrl":"https:\/\/josmaequipamiento.es\/wp-content\/uploads\/2016\/07\/ioo-640x480.png","datePublished":"2016-07-18T09:43:54+00:00","dateModified":"2016-07-20T13:56:11+00:00","breadcrumb":{"@id":"http:\/\/josmaequipamiento.es\/?product=silla-giratoria-ioo#breadcrumb"},"inLanguage":"es","potentialAction":[{"@type":"ReadAction","target":["http:\/\/josmaequipamiento.es\/?product=silla-giratoria-ioo"]}]},{"@type":"ImageObject","inLanguage":"es","@id":"http:\/\/josmaequipamiento.es\/?product=silla-giratoria-ioo#primaryimage","url":"https:\/\/josmaequipamiento.es\/wp-content\/uploads\/2016\/07\/ioo-640x480.png","contentUrl":"https:\/\/josmaequipamiento.es\/wp-content\/uploads\/2016\/07\/ioo-640x480.png","width":640,"height":480},{"@type":"BreadcrumbList","@id":"http:\/\/josmaequipamiento.es\/?product=silla-giratoria-ioo#breadcrumb","itemListElement":[{"@type":"ListItem","position":1,"name":"Home","item":"http:\/\/josmaequipamiento.es\/"},{"@type":"ListItem","position":2,"name":"Productos","item":"http:\/\/josmaequipamiento.es\/?page_id=109"},{"@type":"ListItem","position":3,"name":"Sill\u00f3n IOO"}]},{"@type":"WebSite","@id":"http:\/\/josmaequipamiento.es\/#website","url":"http:\/\/josmaequipamiento.es\/","name":"Josma Equipamiento","description":"Todo lo relativo a equipamiento","potentialAction":[{"@type":"SearchAction","target":{"@type":"EntryPoint","urlTemplate":"http:\/\/josmaequipamiento.es\/?s={search_term_string}"},"query-input":{"@type":"PropertyValueSpecification","valueRequired":true,"valueName":"search_term_string"}}],"inLanguage":"es"}]}},"_links":{"self":[{"href":"https:\/\/josmaequipamiento.es\/index.php?rest_route=\/wp\/v2\/product\/1742","targetHints":{"allow":["GET"]}}],"collection":[{"href":"https:\/\/josmaequipamiento.es\/index.php?rest_route=\/wp\/v2\/product"}],"about":[{"href":"https:\/\/josmaequipamiento.es\/index.php?rest_route=\/wp\/v2\/types\/product"}],"replies":[{"embeddable":true,"href":"https:\/\/josmaequipamiento.es\/index.php?rest_route=%2Fwp%2Fv2%2Fcomments&post=1742"}],"wp:featuredmedia":[{"embeddable":true,"href":"https:\/\/josmaequipamiento.es\/index.php?rest_route=\/wp\/v2\/media\/1950"}],"wp:attachment":[{"href":"https:\/\/josmaequipamiento.es\/index.php?rest_route=%2Fwp%2Fv2%2Fmedia&parent=1742"}],"wp:term":[{"taxonomy":"product_brand","embeddable":true,"href":"https:\/\/josmaequipamiento.es\/index.php?rest_route=%2Fwp%2Fv2%2Fproduct_brand&post=1742"},{"taxonomy":"product_cat","embeddable":true,"href":"https:\/\/josmaequipamiento.es\/index.php?rest_route=%2Fwp%2Fv2%2Fproduct_cat&post=1742"},{"taxonomy":"product_tag","embeddable":true,"href":"https:\/\/josmaequipamiento.es\/index.php?rest_route=%2Fwp%2Fv2%2Fproduct_tag&post=1742"}],"curies":[{"name":"wp","href":"https:\/\/api.w.org\/{rel}","templated":true}]}}