{"id":1754,"date":"2016-07-18T09:46:44","date_gmt":"2016-07-18T09:46:44","guid":{"rendered":"http:\/\/josmaequipamiento.es\/?post_type=product&#038;p=1754"},"modified":"2016-07-20T13:54:41","modified_gmt":"2016-07-20T13:54:41","slug":"silla-direccion-trinity","status":"publish","type":"product","link":"https:\/\/josmaequipamiento.es\/?product=silla-direccion-trinity","title":{"rendered":"Sill\u00f3n Trinity"},"content":{"rendered":"<p><span style=\"color: #000000; font-family: Calibri; font-size: medium;\">Un dise\u00f1o propio que habla por s\u00ed mismo. TRINITY representa la esencia del siglo XXI, la bienvenida al futuro que estaba por llegar. L\u00edneas y contornos envolventes que encierran la fuerza del acero y la suavidad de los acabados. TRINITY es el equilibrio entre la forma y la materia. TRINITY, una colecci\u00f3n compuesta por sill\u00f3n alto, bajo y confidente con una fuerza cautivadora que no dejar\u00e1 a nadie indiferente.<\/span><\/p>\n","protected":false},"excerpt":{"rendered":"<p>Un dise\u00f1o propio que habla por s\u00ed mismo. TRINITY representa la esencia del siglo XXI, la bienvenida al futuro que estaba por llegar. L\u00edneas y contornos envolventes que encierran la fuerza del acero y la suavidad de los acabados. TRINITY es el equilibrio entre la forma y la materia. TRINITY, una colecci\u00f3n compuesta por sill\u00f3n [&hellip;]<\/p>\n","protected":false},"featured_media":1947,"comment_status":"open","ping_status":"closed","template":"","meta":{"_et_pb_use_builder":"","_et_pb_old_content":"","_et_gb_content_width":""},"product_brand":[],"product_cat":[57,65,64],"product_tag":[184],"class_list":{"0":"post-1754","1":"product","2":"type-product","3":"status-publish","4":"has-post-thumbnail","6":"product_cat-espacios-de-trabajo","7":"product_cat-direccion-silleria-de-oficina-espacios-de-trabajo","8":"product_cat-silleria-de-oficina","9":"product_tag-silleria-direccion","11":"first","12":"instock","13":"shipping-taxable","14":"product-type-simple"},"yoast_head":"<!-- This site is optimized with the Yoast SEO plugin v27.3 - https:\/\/yoast.com\/product\/yoast-seo-wordpress\/ -->\n<title>Sill\u00f3n Trinity - Josma Equipamiento<\/title>\n<meta name=\"robots\" content=\"index, follow, max-snippet:-1, max-image-preview:large, max-video-preview:-1\" \/>\n<link rel=\"canonical\" href=\"https:\/\/josmaequipamiento.es\/?product=silla-direccion-trinity\" \/>\n<meta property=\"og:locale\" content=\"es_ES\" \/>\n<meta property=\"og:type\" content=\"article\" \/>\n<meta property=\"og:title\" content=\"Sill\u00f3n Trinity - Josma Equipamiento\" \/>\n<meta property=\"og:description\" content=\"Un dise\u00f1o propio que habla por s\u00ed mismo. TRINITY representa la esencia del siglo XXI, la bienvenida al futuro que estaba por llegar. L\u00edneas y contornos envolventes que encierran la fuerza del acero y la suavidad de los acabados. TRINITY es el equilibrio entre la forma y la materia. TRINITY, una colecci\u00f3n compuesta por sill\u00f3n [&hellip;]\" \/>\n<meta property=\"og:url\" content=\"https:\/\/josmaequipamiento.es\/?product=silla-direccion-trinity\" \/>\n<meta property=\"og:site_name\" content=\"Josma Equipamiento\" \/>\n<meta property=\"article:modified_time\" content=\"2016-07-20T13:54:41+00:00\" \/>\n<meta property=\"og:image\" content=\"https:\/\/josmaequipamiento.es\/wp-content\/uploads\/2016\/07\/Trinity-2-640x480.png\" \/>\n\t<meta property=\"og:image:width\" content=\"640\" \/>\n\t<meta property=\"og:image:height\" content=\"480\" \/>\n\t<meta property=\"og:image:type\" content=\"image\/png\" \/>\n<meta name=\"twitter:card\" content=\"summary_large_image\" \/>\n<script type=\"application\/ld+json\" class=\"yoast-schema-graph\">{\"@context\":\"https:\\\/\\\/schema.org\",\"@graph\":[{\"@type\":\"WebPage\",\"@id\":\"https:\\\/\\\/josmaequipamiento.es\\\/?product=silla-direccion-trinity\",\"url\":\"https:\\\/\\\/josmaequipamiento.es\\\/?product=silla-direccion-trinity\",\"name\":\"Sill\u00f3n Trinity - Josma Equipamiento\",\"isPartOf\":{\"@id\":\"http:\\\/\\\/josmaequipamiento.es\\\/#website\"},\"primaryImageOfPage\":{\"@id\":\"https:\\\/\\\/josmaequipamiento.es\\\/?product=silla-direccion-trinity#primaryimage\"},\"image\":{\"@id\":\"https:\\\/\\\/josmaequipamiento.es\\\/?product=silla-direccion-trinity#primaryimage\"},\"thumbnailUrl\":\"https:\\\/\\\/josmaequipamiento.es\\\/wp-content\\\/uploads\\\/2016\\\/07\\\/Trinity-2-640x480.png\",\"datePublished\":\"2016-07-18T09:46:44+00:00\",\"dateModified\":\"2016-07-20T13:54:41+00:00\",\"breadcrumb\":{\"@id\":\"https:\\\/\\\/josmaequipamiento.es\\\/?product=silla-direccion-trinity#breadcrumb\"},\"inLanguage\":\"es\",\"potentialAction\":[{\"@type\":\"ReadAction\",\"target\":[\"https:\\\/\\\/josmaequipamiento.es\\\/?product=silla-direccion-trinity\"]}]},{\"@type\":\"ImageObject\",\"inLanguage\":\"es\",\"@id\":\"https:\\\/\\\/josmaequipamiento.es\\\/?product=silla-direccion-trinity#primaryimage\",\"url\":\"https:\\\/\\\/josmaequipamiento.es\\\/wp-content\\\/uploads\\\/2016\\\/07\\\/Trinity-2-640x480.png\",\"contentUrl\":\"https:\\\/\\\/josmaequipamiento.es\\\/wp-content\\\/uploads\\\/2016\\\/07\\\/Trinity-2-640x480.png\",\"width\":640,\"height\":480},{\"@type\":\"BreadcrumbList\",\"@id\":\"https:\\\/\\\/josmaequipamiento.es\\\/?product=silla-direccion-trinity#breadcrumb\",\"itemListElement\":[{\"@type\":\"ListItem\",\"position\":1,\"name\":\"Home\",\"item\":\"http:\\\/\\\/josmaequipamiento.es\\\/\"},{\"@type\":\"ListItem\",\"position\":2,\"name\":\"Productos\",\"item\":\"http:\\\/\\\/josmaequipamiento.es\\\/?page_id=109\"},{\"@type\":\"ListItem\",\"position\":3,\"name\":\"Sill\u00f3n Trinity\"}]},{\"@type\":\"WebSite\",\"@id\":\"http:\\\/\\\/josmaequipamiento.es\\\/#website\",\"url\":\"http:\\\/\\\/josmaequipamiento.es\\\/\",\"name\":\"Josma Equipamiento\",\"description\":\"Todo lo relativo a equipamiento\",\"potentialAction\":[{\"@type\":\"SearchAction\",\"target\":{\"@type\":\"EntryPoint\",\"urlTemplate\":\"http:\\\/\\\/josmaequipamiento.es\\\/?s={search_term_string}\"},\"query-input\":{\"@type\":\"PropertyValueSpecification\",\"valueRequired\":true,\"valueName\":\"search_term_string\"}}],\"inLanguage\":\"es\"}]}<\/script>\n<!-- \/ Yoast SEO plugin. -->","yoast_head_json":{"title":"Sill\u00f3n Trinity - Josma Equipamiento","robots":{"index":"index","follow":"follow","max-snippet":"max-snippet:-1","max-image-preview":"max-image-preview:large","max-video-preview":"max-video-preview:-1"},"canonical":"https:\/\/josmaequipamiento.es\/?product=silla-direccion-trinity","og_locale":"es_ES","og_type":"article","og_title":"Sill\u00f3n Trinity - Josma Equipamiento","og_description":"Un dise\u00f1o propio que habla por s\u00ed mismo. TRINITY representa la esencia del siglo XXI, la bienvenida al futuro que estaba por llegar. L\u00edneas y contornos envolventes que encierran la fuerza del acero y la suavidad de los acabados. TRINITY es el equilibrio entre la forma y la materia. TRINITY, una colecci\u00f3n compuesta por sill\u00f3n [&hellip;]","og_url":"https:\/\/josmaequipamiento.es\/?product=silla-direccion-trinity","og_site_name":"Josma Equipamiento","article_modified_time":"2016-07-20T13:54:41+00:00","og_image":[{"width":640,"height":480,"url":"https:\/\/josmaequipamiento.es\/wp-content\/uploads\/2016\/07\/Trinity-2-640x480.png","type":"image\/png"}],"twitter_card":"summary_large_image","schema":{"@context":"https:\/\/schema.org","@graph":[{"@type":"WebPage","@id":"https:\/\/josmaequipamiento.es\/?product=silla-direccion-trinity","url":"https:\/\/josmaequipamiento.es\/?product=silla-direccion-trinity","name":"Sill\u00f3n Trinity - Josma Equipamiento","isPartOf":{"@id":"http:\/\/josmaequipamiento.es\/#website"},"primaryImageOfPage":{"@id":"https:\/\/josmaequipamiento.es\/?product=silla-direccion-trinity#primaryimage"},"image":{"@id":"https:\/\/josmaequipamiento.es\/?product=silla-direccion-trinity#primaryimage"},"thumbnailUrl":"https:\/\/josmaequipamiento.es\/wp-content\/uploads\/2016\/07\/Trinity-2-640x480.png","datePublished":"2016-07-18T09:46:44+00:00","dateModified":"2016-07-20T13:54:41+00:00","breadcrumb":{"@id":"https:\/\/josmaequipamiento.es\/?product=silla-direccion-trinity#breadcrumb"},"inLanguage":"es","potentialAction":[{"@type":"ReadAction","target":["https:\/\/josmaequipamiento.es\/?product=silla-direccion-trinity"]}]},{"@type":"ImageObject","inLanguage":"es","@id":"https:\/\/josmaequipamiento.es\/?product=silla-direccion-trinity#primaryimage","url":"https:\/\/josmaequipamiento.es\/wp-content\/uploads\/2016\/07\/Trinity-2-640x480.png","contentUrl":"https:\/\/josmaequipamiento.es\/wp-content\/uploads\/2016\/07\/Trinity-2-640x480.png","width":640,"height":480},{"@type":"BreadcrumbList","@id":"https:\/\/josmaequipamiento.es\/?product=silla-direccion-trinity#breadcrumb","itemListElement":[{"@type":"ListItem","position":1,"name":"Home","item":"http:\/\/josmaequipamiento.es\/"},{"@type":"ListItem","position":2,"name":"Productos","item":"http:\/\/josmaequipamiento.es\/?page_id=109"},{"@type":"ListItem","position":3,"name":"Sill\u00f3n Trinity"}]},{"@type":"WebSite","@id":"http:\/\/josmaequipamiento.es\/#website","url":"http:\/\/josmaequipamiento.es\/","name":"Josma Equipamiento","description":"Todo lo relativo a equipamiento","potentialAction":[{"@type":"SearchAction","target":{"@type":"EntryPoint","urlTemplate":"http:\/\/josmaequipamiento.es\/?s={search_term_string}"},"query-input":{"@type":"PropertyValueSpecification","valueRequired":true,"valueName":"search_term_string"}}],"inLanguage":"es"}]}},"_links":{"self":[{"href":"https:\/\/josmaequipamiento.es\/index.php?rest_route=\/wp\/v2\/product\/1754","targetHints":{"allow":["GET"]}}],"collection":[{"href":"https:\/\/josmaequipamiento.es\/index.php?rest_route=\/wp\/v2\/product"}],"about":[{"href":"https:\/\/josmaequipamiento.es\/index.php?rest_route=\/wp\/v2\/types\/product"}],"replies":[{"embeddable":true,"href":"https:\/\/josmaequipamiento.es\/index.php?rest_route=%2Fwp%2Fv2%2Fcomments&post=1754"}],"wp:featuredmedia":[{"embeddable":true,"href":"https:\/\/josmaequipamiento.es\/index.php?rest_route=\/wp\/v2\/media\/1947"}],"wp:attachment":[{"href":"https:\/\/josmaequipamiento.es\/index.php?rest_route=%2Fwp%2Fv2%2Fmedia&parent=1754"}],"wp:term":[{"taxonomy":"product_brand","embeddable":true,"href":"https:\/\/josmaequipamiento.es\/index.php?rest_route=%2Fwp%2Fv2%2Fproduct_brand&post=1754"},{"taxonomy":"product_cat","embeddable":true,"href":"https:\/\/josmaequipamiento.es\/index.php?rest_route=%2Fwp%2Fv2%2Fproduct_cat&post=1754"},{"taxonomy":"product_tag","embeddable":true,"href":"https:\/\/josmaequipamiento.es\/index.php?rest_route=%2Fwp%2Fv2%2Fproduct_tag&post=1754"}],"curies":[{"name":"wp","href":"https:\/\/api.w.org\/{rel}","templated":true}]}}