{"id":1759,"date":"2016-07-18T09:50:41","date_gmt":"2016-07-18T09:50:41","guid":{"rendered":"http:\/\/josmaequipamiento.es\/?post_type=product&#038;p=1759"},"modified":"2016-07-20T13:54:04","modified_gmt":"2016-07-20T13:54:04","slug":"silla-direccion-vela","status":"publish","type":"product","link":"https:\/\/josmaequipamiento.es\/?product=silla-direccion-vela","title":{"rendered":"Silla Vela Direcci\u00f3n"},"content":{"rendered":"<p><span style=\"color: #000000; font-family: Calibri; font-size: medium;\">El modelo VELA es una silla con m\u00faltiples funciones, por la conjugaci\u00f3n de elementos estructurales que componen el modelo. Altamente cualificada por las novedades en tecnolog\u00eda que aporta tanto en mecanismos como en regulaciones buscando el m\u00e1ximo confort y ergonom\u00eda. Destacan de manera particular los mandos de accionamiento de mecanismo integrado en la carcasa de asiento procurando una m\u00e1s adecuada movilidad y comodidad del usuario con dichos mecanismos. Esta gran caracter\u00edstica, as\u00ed como la regulaci\u00f3n lumbar del respaldo mediante un accionamiento igualmente sencillo y c\u00f3modo proporcionan al modelo VELA una avanzada respuesta a las m\u00e1s exigentes normativas existentes en el mercado.<\/span><\/p>\n<p><span style=\"color: #000000; font-family: Calibri; font-size: medium;\">El respaldo se compone de una carcasa exterior y otra interior de mayor grosor, de polipropileno resistente a temperaturas cercanas a los 180\u00ba C. La carcasa interior se tapiza con tela a la elecci\u00f3n del cliente como puede ser la ign\u00edfuga M-1, sujetando la goma-espuma que realizar\u00e1 la correcta adaptaci\u00f3n del respaldo al usuario. Dicha gomaespuma tiene una densidad de 25 Kg\/m3<\/span><\/p>\n<p><span style=\"color: #000000; font-family: Calibri; font-size: medium;\">El asiento tambi\u00e9n est\u00e1 compuesto por una carcasa interior cuya misi\u00f3n es conferir la forma adecuada al asiento para que se adapte a la morfolog\u00eda del usuario; y por una carcasa exterior que en este caso cumple varias funciones. La primera de ellas es embellecedora, ya que es la parte vista por el inferior del asiento.<\/span><\/p>\n<p><span style=\"color: #000000; font-family: Calibri; font-size: medium;\">La segunda es fijadora, ya que posee clips de fijado para la carcasa interior del asiento as\u00ed como tuercas para la uni\u00f3n del mecanismo del asiento. La tercera, es rigidizadora del asiento ya que el interior de la carcasa est\u00e1 repleto de nervios para lograr una mayor seguridad frente a la rotura.<\/span><\/p>\n<p><span style=\"color: #000000; font-family: Calibri; font-size: medium;\">La goma-espuma del asiento, posee una densidad de 30 Kg\/m3, lo que confiere a la silla una sensaci\u00f3n de confortabilidad necesaria para el uso continuado de la silla.<\/span><\/p>\n<p><span style=\"color: #000000; font-family: Calibri; font-size: medium;\">Mecanismo sincro con regulaci\u00f3n en profundidad del asiento<\/span><\/p>\n<p><span style=\"color: #000000; font-family: Calibri; font-size: medium;\">En cuanto al mecanismo sincronizado, es un bloque que incorpora el movimiento de regulaci\u00f3n del asiento en profundidad al ya conocido de regulaci\u00f3n asiento-respaldo. Debemos mencionar, que tiene 5 posiciones de fijaci\u00f3n del respaldo, as\u00ed como otras 5 posiciones de fijaci\u00f3n de la profundidad del asiento, con una carrera de 60 mm. La regulaci\u00f3n -respaldo cumple una relaci\u00f3n de movimiento de 2:1,1.<\/span><\/p>\n","protected":false},"excerpt":{"rendered":"<p>El modelo VELA es una silla con m\u00faltiples funciones, por la conjugaci\u00f3n de elementos estructurales que componen el modelo. Altamente cualificada por las novedades en tecnolog\u00eda que aporta tanto en mecanismos como en regulaciones buscando el m\u00e1ximo confort y ergonom\u00eda. Destacan de manera particular los mandos de accionamiento de mecanismo integrado en la carcasa de [&hellip;]<\/p>\n","protected":false},"featured_media":1941,"comment_status":"open","ping_status":"closed","template":"","meta":{"_et_pb_use_builder":"","_et_pb_old_content":"","_et_gb_content_width":""},"product_brand":[],"product_cat":[57,65,64],"product_tag":[184],"class_list":{"0":"post-1759","1":"product","2":"type-product","3":"status-publish","4":"has-post-thumbnail","6":"product_cat-espacios-de-trabajo","7":"product_cat-direccion-silleria-de-oficina-espacios-de-trabajo","8":"product_cat-silleria-de-oficina","9":"product_tag-silleria-direccion","11":"first","12":"instock","13":"shipping-taxable","14":"product-type-simple"},"yoast_head":"<!-- This site is optimized with the Yoast SEO plugin v27.3 - https:\/\/yoast.com\/product\/yoast-seo-wordpress\/ -->\n<title>Silla Vela Direcci\u00f3n - Josma Equipamiento<\/title>\n<meta name=\"robots\" content=\"index, follow, max-snippet:-1, max-image-preview:large, max-video-preview:-1\" \/>\n<link rel=\"canonical\" href=\"http:\/\/josmaequipamiento.es\/?product=silla-direccion-vela\" \/>\n<meta property=\"og:locale\" content=\"es_ES\" \/>\n<meta property=\"og:type\" content=\"article\" \/>\n<meta property=\"og:title\" content=\"Silla Vela Direcci\u00f3n - Josma Equipamiento\" \/>\n<meta property=\"og:description\" content=\"El modelo VELA es una silla con m\u00faltiples funciones, por la conjugaci\u00f3n de elementos estructurales que componen el modelo. Altamente cualificada por las novedades en tecnolog\u00eda que aporta tanto en mecanismos como en regulaciones buscando el m\u00e1ximo confort y ergonom\u00eda. Destacan de manera particular los mandos de accionamiento de mecanismo integrado en la carcasa de [&hellip;]\" \/>\n<meta property=\"og:url\" content=\"http:\/\/josmaequipamiento.es\/?product=silla-direccion-vela\" \/>\n<meta property=\"og:site_name\" content=\"Josma Equipamiento\" \/>\n<meta property=\"article:modified_time\" content=\"2016-07-20T13:54:04+00:00\" \/>\n<meta property=\"og:image\" content=\"http:\/\/josmaequipamiento.es\/wp-content\/uploads\/2016\/07\/Vela-Direccion-1_640x480.jpg\" \/>\n\t<meta property=\"og:image:width\" content=\"640\" \/>\n\t<meta property=\"og:image:height\" content=\"480\" \/>\n\t<meta property=\"og:image:type\" content=\"image\/jpeg\" \/>\n<meta name=\"twitter:card\" content=\"summary_large_image\" \/>\n<meta name=\"twitter:label1\" content=\"Tiempo de lectura\" \/>\n\t<meta name=\"twitter:data1\" content=\"2 minutos\" \/>\n<script type=\"application\/ld+json\" class=\"yoast-schema-graph\">{\"@context\":\"https:\\\/\\\/schema.org\",\"@graph\":[{\"@type\":\"WebPage\",\"@id\":\"http:\\\/\\\/josmaequipamiento.es\\\/?product=silla-direccion-vela\",\"url\":\"http:\\\/\\\/josmaequipamiento.es\\\/?product=silla-direccion-vela\",\"name\":\"Silla Vela Direcci\u00f3n - Josma Equipamiento\",\"isPartOf\":{\"@id\":\"http:\\\/\\\/josmaequipamiento.es\\\/#website\"},\"primaryImageOfPage\":{\"@id\":\"http:\\\/\\\/josmaequipamiento.es\\\/?product=silla-direccion-vela#primaryimage\"},\"image\":{\"@id\":\"http:\\\/\\\/josmaequipamiento.es\\\/?product=silla-direccion-vela#primaryimage\"},\"thumbnailUrl\":\"https:\\\/\\\/josmaequipamiento.es\\\/wp-content\\\/uploads\\\/2016\\\/07\\\/Vela-Direccion-1_640x480.jpg\",\"datePublished\":\"2016-07-18T09:50:41+00:00\",\"dateModified\":\"2016-07-20T13:54:04+00:00\",\"breadcrumb\":{\"@id\":\"http:\\\/\\\/josmaequipamiento.es\\\/?product=silla-direccion-vela#breadcrumb\"},\"inLanguage\":\"es\",\"potentialAction\":[{\"@type\":\"ReadAction\",\"target\":[\"http:\\\/\\\/josmaequipamiento.es\\\/?product=silla-direccion-vela\"]}]},{\"@type\":\"ImageObject\",\"inLanguage\":\"es\",\"@id\":\"http:\\\/\\\/josmaequipamiento.es\\\/?product=silla-direccion-vela#primaryimage\",\"url\":\"https:\\\/\\\/josmaequipamiento.es\\\/wp-content\\\/uploads\\\/2016\\\/07\\\/Vela-Direccion-1_640x480.jpg\",\"contentUrl\":\"https:\\\/\\\/josmaequipamiento.es\\\/wp-content\\\/uploads\\\/2016\\\/07\\\/Vela-Direccion-1_640x480.jpg\",\"width\":640,\"height\":480},{\"@type\":\"BreadcrumbList\",\"@id\":\"http:\\\/\\\/josmaequipamiento.es\\\/?product=silla-direccion-vela#breadcrumb\",\"itemListElement\":[{\"@type\":\"ListItem\",\"position\":1,\"name\":\"Home\",\"item\":\"http:\\\/\\\/josmaequipamiento.es\\\/\"},{\"@type\":\"ListItem\",\"position\":2,\"name\":\"Productos\",\"item\":\"http:\\\/\\\/josmaequipamiento.es\\\/?page_id=109\"},{\"@type\":\"ListItem\",\"position\":3,\"name\":\"Silla Vela Direcci\u00f3n\"}]},{\"@type\":\"WebSite\",\"@id\":\"http:\\\/\\\/josmaequipamiento.es\\\/#website\",\"url\":\"http:\\\/\\\/josmaequipamiento.es\\\/\",\"name\":\"Josma Equipamiento\",\"description\":\"Todo lo relativo a equipamiento\",\"potentialAction\":[{\"@type\":\"SearchAction\",\"target\":{\"@type\":\"EntryPoint\",\"urlTemplate\":\"http:\\\/\\\/josmaequipamiento.es\\\/?s={search_term_string}\"},\"query-input\":{\"@type\":\"PropertyValueSpecification\",\"valueRequired\":true,\"valueName\":\"search_term_string\"}}],\"inLanguage\":\"es\"}]}<\/script>\n<!-- \/ Yoast SEO plugin. -->","yoast_head_json":{"title":"Silla Vela Direcci\u00f3n - Josma Equipamiento","robots":{"index":"index","follow":"follow","max-snippet":"max-snippet:-1","max-image-preview":"max-image-preview:large","max-video-preview":"max-video-preview:-1"},"canonical":"http:\/\/josmaequipamiento.es\/?product=silla-direccion-vela","og_locale":"es_ES","og_type":"article","og_title":"Silla Vela Direcci\u00f3n - Josma Equipamiento","og_description":"El modelo VELA es una silla con m\u00faltiples funciones, por la conjugaci\u00f3n de elementos estructurales que componen el modelo. Altamente cualificada por las novedades en tecnolog\u00eda que aporta tanto en mecanismos como en regulaciones buscando el m\u00e1ximo confort y ergonom\u00eda. Destacan de manera particular los mandos de accionamiento de mecanismo integrado en la carcasa de [&hellip;]","og_url":"http:\/\/josmaequipamiento.es\/?product=silla-direccion-vela","og_site_name":"Josma Equipamiento","article_modified_time":"2016-07-20T13:54:04+00:00","og_image":[{"width":640,"height":480,"url":"http:\/\/josmaequipamiento.es\/wp-content\/uploads\/2016\/07\/Vela-Direccion-1_640x480.jpg","type":"image\/jpeg"}],"twitter_card":"summary_large_image","twitter_misc":{"Tiempo de lectura":"2 minutos"},"schema":{"@context":"https:\/\/schema.org","@graph":[{"@type":"WebPage","@id":"http:\/\/josmaequipamiento.es\/?product=silla-direccion-vela","url":"http:\/\/josmaequipamiento.es\/?product=silla-direccion-vela","name":"Silla Vela Direcci\u00f3n - Josma Equipamiento","isPartOf":{"@id":"http:\/\/josmaequipamiento.es\/#website"},"primaryImageOfPage":{"@id":"http:\/\/josmaequipamiento.es\/?product=silla-direccion-vela#primaryimage"},"image":{"@id":"http:\/\/josmaequipamiento.es\/?product=silla-direccion-vela#primaryimage"},"thumbnailUrl":"https:\/\/josmaequipamiento.es\/wp-content\/uploads\/2016\/07\/Vela-Direccion-1_640x480.jpg","datePublished":"2016-07-18T09:50:41+00:00","dateModified":"2016-07-20T13:54:04+00:00","breadcrumb":{"@id":"http:\/\/josmaequipamiento.es\/?product=silla-direccion-vela#breadcrumb"},"inLanguage":"es","potentialAction":[{"@type":"ReadAction","target":["http:\/\/josmaequipamiento.es\/?product=silla-direccion-vela"]}]},{"@type":"ImageObject","inLanguage":"es","@id":"http:\/\/josmaequipamiento.es\/?product=silla-direccion-vela#primaryimage","url":"https:\/\/josmaequipamiento.es\/wp-content\/uploads\/2016\/07\/Vela-Direccion-1_640x480.jpg","contentUrl":"https:\/\/josmaequipamiento.es\/wp-content\/uploads\/2016\/07\/Vela-Direccion-1_640x480.jpg","width":640,"height":480},{"@type":"BreadcrumbList","@id":"http:\/\/josmaequipamiento.es\/?product=silla-direccion-vela#breadcrumb","itemListElement":[{"@type":"ListItem","position":1,"name":"Home","item":"http:\/\/josmaequipamiento.es\/"},{"@type":"ListItem","position":2,"name":"Productos","item":"http:\/\/josmaequipamiento.es\/?page_id=109"},{"@type":"ListItem","position":3,"name":"Silla Vela Direcci\u00f3n"}]},{"@type":"WebSite","@id":"http:\/\/josmaequipamiento.es\/#website","url":"http:\/\/josmaequipamiento.es\/","name":"Josma Equipamiento","description":"Todo lo relativo a equipamiento","potentialAction":[{"@type":"SearchAction","target":{"@type":"EntryPoint","urlTemplate":"http:\/\/josmaequipamiento.es\/?s={search_term_string}"},"query-input":{"@type":"PropertyValueSpecification","valueRequired":true,"valueName":"search_term_string"}}],"inLanguage":"es"}]}},"_links":{"self":[{"href":"https:\/\/josmaequipamiento.es\/index.php?rest_route=\/wp\/v2\/product\/1759","targetHints":{"allow":["GET"]}}],"collection":[{"href":"https:\/\/josmaequipamiento.es\/index.php?rest_route=\/wp\/v2\/product"}],"about":[{"href":"https:\/\/josmaequipamiento.es\/index.php?rest_route=\/wp\/v2\/types\/product"}],"replies":[{"embeddable":true,"href":"https:\/\/josmaequipamiento.es\/index.php?rest_route=%2Fwp%2Fv2%2Fcomments&post=1759"}],"wp:featuredmedia":[{"embeddable":true,"href":"https:\/\/josmaequipamiento.es\/index.php?rest_route=\/wp\/v2\/media\/1941"}],"wp:attachment":[{"href":"https:\/\/josmaequipamiento.es\/index.php?rest_route=%2Fwp%2Fv2%2Fmedia&parent=1759"}],"wp:term":[{"taxonomy":"product_brand","embeddable":true,"href":"https:\/\/josmaequipamiento.es\/index.php?rest_route=%2Fwp%2Fv2%2Fproduct_brand&post=1759"},{"taxonomy":"product_cat","embeddable":true,"href":"https:\/\/josmaequipamiento.es\/index.php?rest_route=%2Fwp%2Fv2%2Fproduct_cat&post=1759"},{"taxonomy":"product_tag","embeddable":true,"href":"https:\/\/josmaequipamiento.es\/index.php?rest_route=%2Fwp%2Fv2%2Fproduct_tag&post=1759"}],"curies":[{"name":"wp","href":"https:\/\/api.w.org\/{rel}","templated":true}]}}