{"id":1761,"date":"2016-07-18T09:56:55","date_gmt":"2016-07-18T09:56:55","guid":{"rendered":"http:\/\/josmaequipamiento.es\/?post_type=product&#038;p=1761"},"modified":"2016-07-18T09:58:02","modified_gmt":"2016-07-18T09:58:02","slug":"silla-ergonomica-capisco-plus","status":"publish","type":"product","link":"https:\/\/josmaequipamiento.es\/?product=silla-ergonomica-capisco-plus","title":{"rendered":"Silla ergon\u00f3mica Capisco Plus"},"content":{"rendered":"<p>La H\u00c5G <strong>Capisco Plus<\/strong> est\u00e1 basada en la t\u00edpica silla de montar. Su origen parte de una profunda comprensi\u00f3n del cuerpo humano y de nuestra necesidad de constante movimiento. El resultado es una nueva silla de oficina dise\u00f1ada especialmente para los que como usted trabajan en un entorno de oficina activa y moderna. La H\u00c5G Capisco Puls, la \u00faltima evoluci\u00f3n en dise\u00f1o, es una silla de oficina moderna y flexible a la vez que c\u00f3moda y funcional. Es una ganadora neta en cuanto a t\u00e9rminos de forma y ecolog\u00eda, y su dise\u00f1o ligero y din\u00e1mico la hace ideal para las nuevas generaciones de usuarios. La H\u00c5G Capisco Puls 8010 es una silla con respaldo de pl\u00e1stico y asiento con coj\u00edn integrado para una mayor comodidad. El asiento de silla de montar puede ajustarse para posturas de trabajo altas, bajas e incluso de pie, ofreci\u00e9ndole por tanto una mayor din\u00e1mica de movimiento, manteni\u00e9ndole al mismo tiempo en un correcto equilibrio. Se puede ajustar tanto la altura como la profundidad del asiento, as\u00ed como la altura del respaldo. La resistencia al balanceo es ajustable y bloqueable. La base se entrega en aluminio negro o lacado en plata. El cilindro de gas de 200 mm es est\u00e1ndar. Tambi\u00e9n disponemos opcionalmente de base en aluminio pulido, pl\u00e1stico negro o pl\u00e1stico gris azulado.<\/p>\n","protected":false},"excerpt":{"rendered":"<p>Capisco Plus ergon\u00f3mica<\/p>\n","protected":false},"featured_media":1968,"comment_status":"open","ping_status":"closed","template":"","meta":{"_et_pb_use_builder":"","_et_pb_old_content":"","_et_gb_content_width":""},"product_brand":[],"product_cat":[57,71,64],"product_tag":[187],"class_list":{"0":"post-1761","1":"product","2":"type-product","3":"status-publish","4":"has-post-thumbnail","6":"product_cat-espacios-de-trabajo","7":"product_cat-ergonomicas","8":"product_cat-silleria-de-oficina","9":"product_tag-silleria-ergonomica","11":"first","12":"instock","13":"shipping-taxable","14":"product-type-simple"},"yoast_head":"<!-- This site is optimized with the Yoast SEO plugin v27.3 - https:\/\/yoast.com\/product\/yoast-seo-wordpress\/ -->\n<title>Silla ergon\u00f3mica Capisco Plus - Josma Equipamiento<\/title>\n<meta name=\"robots\" content=\"index, follow, max-snippet:-1, max-image-preview:large, max-video-preview:-1\" \/>\n<link rel=\"canonical\" href=\"https:\/\/josmaequipamiento.es\/?product=silla-ergonomica-capisco-plus\" \/>\n<meta property=\"og:locale\" content=\"es_ES\" \/>\n<meta property=\"og:type\" content=\"article\" \/>\n<meta property=\"og:title\" content=\"Silla ergon\u00f3mica Capisco Plus - Josma Equipamiento\" \/>\n<meta property=\"og:description\" content=\"Capisco Plus ergon\u00f3mica\" \/>\n<meta property=\"og:url\" content=\"https:\/\/josmaequipamiento.es\/?product=silla-ergonomica-capisco-plus\" \/>\n<meta property=\"og:site_name\" content=\"Josma Equipamiento\" \/>\n<meta property=\"article:modified_time\" content=\"2016-07-18T09:58:02+00:00\" \/>\n<meta property=\"og:image\" content=\"https:\/\/josmaequipamiento.es\/wp-content\/uploads\/2016\/07\/hag-capisco-plus-640x480.jpg\" \/>\n\t<meta property=\"og:image:width\" content=\"640\" \/>\n\t<meta property=\"og:image:height\" content=\"480\" \/>\n\t<meta property=\"og:image:type\" content=\"image\/jpeg\" \/>\n<meta name=\"twitter:card\" content=\"summary_large_image\" \/>\n<meta name=\"twitter:label1\" content=\"Tiempo de lectura\" \/>\n\t<meta name=\"twitter:data1\" content=\"1 minuto\" \/>\n<script type=\"application\/ld+json\" class=\"yoast-schema-graph\">{\"@context\":\"https:\\\/\\\/schema.org\",\"@graph\":[{\"@type\":\"WebPage\",\"@id\":\"https:\\\/\\\/josmaequipamiento.es\\\/?product=silla-ergonomica-capisco-plus\",\"url\":\"https:\\\/\\\/josmaequipamiento.es\\\/?product=silla-ergonomica-capisco-plus\",\"name\":\"Silla ergon\u00f3mica Capisco Plus - Josma Equipamiento\",\"isPartOf\":{\"@id\":\"http:\\\/\\\/josmaequipamiento.es\\\/#website\"},\"primaryImageOfPage\":{\"@id\":\"https:\\\/\\\/josmaequipamiento.es\\\/?product=silla-ergonomica-capisco-plus#primaryimage\"},\"image\":{\"@id\":\"https:\\\/\\\/josmaequipamiento.es\\\/?product=silla-ergonomica-capisco-plus#primaryimage\"},\"thumbnailUrl\":\"https:\\\/\\\/josmaequipamiento.es\\\/wp-content\\\/uploads\\\/2016\\\/07\\\/hag-capisco-plus-640x480.jpg\",\"datePublished\":\"2016-07-18T09:56:55+00:00\",\"dateModified\":\"2016-07-18T09:58:02+00:00\",\"breadcrumb\":{\"@id\":\"https:\\\/\\\/josmaequipamiento.es\\\/?product=silla-ergonomica-capisco-plus#breadcrumb\"},\"inLanguage\":\"es\",\"potentialAction\":[{\"@type\":\"ReadAction\",\"target\":[\"https:\\\/\\\/josmaequipamiento.es\\\/?product=silla-ergonomica-capisco-plus\"]}]},{\"@type\":\"ImageObject\",\"inLanguage\":\"es\",\"@id\":\"https:\\\/\\\/josmaequipamiento.es\\\/?product=silla-ergonomica-capisco-plus#primaryimage\",\"url\":\"https:\\\/\\\/josmaequipamiento.es\\\/wp-content\\\/uploads\\\/2016\\\/07\\\/hag-capisco-plus-640x480.jpg\",\"contentUrl\":\"https:\\\/\\\/josmaequipamiento.es\\\/wp-content\\\/uploads\\\/2016\\\/07\\\/hag-capisco-plus-640x480.jpg\",\"width\":640,\"height\":480},{\"@type\":\"BreadcrumbList\",\"@id\":\"https:\\\/\\\/josmaequipamiento.es\\\/?product=silla-ergonomica-capisco-plus#breadcrumb\",\"itemListElement\":[{\"@type\":\"ListItem\",\"position\":1,\"name\":\"Home\",\"item\":\"http:\\\/\\\/josmaequipamiento.es\\\/\"},{\"@type\":\"ListItem\",\"position\":2,\"name\":\"Productos\",\"item\":\"http:\\\/\\\/josmaequipamiento.es\\\/?page_id=109\"},{\"@type\":\"ListItem\",\"position\":3,\"name\":\"Silla ergon\u00f3mica Capisco Plus\"}]},{\"@type\":\"WebSite\",\"@id\":\"http:\\\/\\\/josmaequipamiento.es\\\/#website\",\"url\":\"http:\\\/\\\/josmaequipamiento.es\\\/\",\"name\":\"Josma Equipamiento\",\"description\":\"Todo lo relativo a equipamiento\",\"potentialAction\":[{\"@type\":\"SearchAction\",\"target\":{\"@type\":\"EntryPoint\",\"urlTemplate\":\"http:\\\/\\\/josmaequipamiento.es\\\/?s={search_term_string}\"},\"query-input\":{\"@type\":\"PropertyValueSpecification\",\"valueRequired\":true,\"valueName\":\"search_term_string\"}}],\"inLanguage\":\"es\"}]}<\/script>\n<!-- \/ Yoast SEO plugin. -->","yoast_head_json":{"title":"Silla ergon\u00f3mica Capisco Plus - Josma Equipamiento","robots":{"index":"index","follow":"follow","max-snippet":"max-snippet:-1","max-image-preview":"max-image-preview:large","max-video-preview":"max-video-preview:-1"},"canonical":"https:\/\/josmaequipamiento.es\/?product=silla-ergonomica-capisco-plus","og_locale":"es_ES","og_type":"article","og_title":"Silla ergon\u00f3mica Capisco Plus - Josma Equipamiento","og_description":"Capisco Plus ergon\u00f3mica","og_url":"https:\/\/josmaequipamiento.es\/?product=silla-ergonomica-capisco-plus","og_site_name":"Josma Equipamiento","article_modified_time":"2016-07-18T09:58:02+00:00","og_image":[{"width":640,"height":480,"url":"https:\/\/josmaequipamiento.es\/wp-content\/uploads\/2016\/07\/hag-capisco-plus-640x480.jpg","type":"image\/jpeg"}],"twitter_card":"summary_large_image","twitter_misc":{"Tiempo de lectura":"1 minuto"},"schema":{"@context":"https:\/\/schema.org","@graph":[{"@type":"WebPage","@id":"https:\/\/josmaequipamiento.es\/?product=silla-ergonomica-capisco-plus","url":"https:\/\/josmaequipamiento.es\/?product=silla-ergonomica-capisco-plus","name":"Silla ergon\u00f3mica Capisco Plus - Josma Equipamiento","isPartOf":{"@id":"http:\/\/josmaequipamiento.es\/#website"},"primaryImageOfPage":{"@id":"https:\/\/josmaequipamiento.es\/?product=silla-ergonomica-capisco-plus#primaryimage"},"image":{"@id":"https:\/\/josmaequipamiento.es\/?product=silla-ergonomica-capisco-plus#primaryimage"},"thumbnailUrl":"https:\/\/josmaequipamiento.es\/wp-content\/uploads\/2016\/07\/hag-capisco-plus-640x480.jpg","datePublished":"2016-07-18T09:56:55+00:00","dateModified":"2016-07-18T09:58:02+00:00","breadcrumb":{"@id":"https:\/\/josmaequipamiento.es\/?product=silla-ergonomica-capisco-plus#breadcrumb"},"inLanguage":"es","potentialAction":[{"@type":"ReadAction","target":["https:\/\/josmaequipamiento.es\/?product=silla-ergonomica-capisco-plus"]}]},{"@type":"ImageObject","inLanguage":"es","@id":"https:\/\/josmaequipamiento.es\/?product=silla-ergonomica-capisco-plus#primaryimage","url":"https:\/\/josmaequipamiento.es\/wp-content\/uploads\/2016\/07\/hag-capisco-plus-640x480.jpg","contentUrl":"https:\/\/josmaequipamiento.es\/wp-content\/uploads\/2016\/07\/hag-capisco-plus-640x480.jpg","width":640,"height":480},{"@type":"BreadcrumbList","@id":"https:\/\/josmaequipamiento.es\/?product=silla-ergonomica-capisco-plus#breadcrumb","itemListElement":[{"@type":"ListItem","position":1,"name":"Home","item":"http:\/\/josmaequipamiento.es\/"},{"@type":"ListItem","position":2,"name":"Productos","item":"http:\/\/josmaequipamiento.es\/?page_id=109"},{"@type":"ListItem","position":3,"name":"Silla ergon\u00f3mica Capisco Plus"}]},{"@type":"WebSite","@id":"http:\/\/josmaequipamiento.es\/#website","url":"http:\/\/josmaequipamiento.es\/","name":"Josma Equipamiento","description":"Todo lo relativo a equipamiento","potentialAction":[{"@type":"SearchAction","target":{"@type":"EntryPoint","urlTemplate":"http:\/\/josmaequipamiento.es\/?s={search_term_string}"},"query-input":{"@type":"PropertyValueSpecification","valueRequired":true,"valueName":"search_term_string"}}],"inLanguage":"es"}]}},"_links":{"self":[{"href":"https:\/\/josmaequipamiento.es\/index.php?rest_route=\/wp\/v2\/product\/1761","targetHints":{"allow":["GET"]}}],"collection":[{"href":"https:\/\/josmaequipamiento.es\/index.php?rest_route=\/wp\/v2\/product"}],"about":[{"href":"https:\/\/josmaequipamiento.es\/index.php?rest_route=\/wp\/v2\/types\/product"}],"replies":[{"embeddable":true,"href":"https:\/\/josmaequipamiento.es\/index.php?rest_route=%2Fwp%2Fv2%2Fcomments&post=1761"}],"wp:featuredmedia":[{"embeddable":true,"href":"https:\/\/josmaequipamiento.es\/index.php?rest_route=\/wp\/v2\/media\/1968"}],"wp:attachment":[{"href":"https:\/\/josmaequipamiento.es\/index.php?rest_route=%2Fwp%2Fv2%2Fmedia&parent=1761"}],"wp:term":[{"taxonomy":"product_brand","embeddable":true,"href":"https:\/\/josmaequipamiento.es\/index.php?rest_route=%2Fwp%2Fv2%2Fproduct_brand&post=1761"},{"taxonomy":"product_cat","embeddable":true,"href":"https:\/\/josmaequipamiento.es\/index.php?rest_route=%2Fwp%2Fv2%2Fproduct_cat&post=1761"},{"taxonomy":"product_tag","embeddable":true,"href":"https:\/\/josmaequipamiento.es\/index.php?rest_route=%2Fwp%2Fv2%2Fproduct_tag&post=1761"}],"curies":[{"name":"wp","href":"https:\/\/api.w.org\/{rel}","templated":true}]}}