{"id":1774,"date":"2016-07-18T10:00:01","date_gmt":"2016-07-18T10:00:01","guid":{"rendered":"http:\/\/josmaequipamiento.es\/?post_type=product&#038;p=1774"},"modified":"2016-07-20T14:46:38","modified_gmt":"2016-07-20T14:46:38","slug":"silla-ergonomica-capisco","status":"publish","type":"product","link":"https:\/\/josmaequipamiento.es\/?product=silla-ergonomica-capisco","title":{"rendered":"Silla ergon\u00f3mica Capisco"},"content":{"rendered":"<p><span style=\"color: #000000; font-family: Calibri; font-size: medium;\">La H\u00c5G Capisco est\u00e1 inspirada en la silla y la postura de asiento de un jinete. Nadie se sienta de forma tan activa como un jinete en su silla. Trabajar sentado en una H\u00c5G Capisco le ofrece tanto una mayor libertad de movimiento, como posibilidades de variaci\u00f3n y posturas naturales. La H\u00c5G Capisco le permite sentarse tan alto o tan bajo como desee. No hay otra silla de trabajo tan bien adaptada a situaciones de trabajo que requieran distintas alturas. Si\u00e9ntese y aj\u00fastela desde una altura de lo que pueda ser una mesa normal hasta una postura casi de pie. Su galardonado dise\u00f1o encaja perfectamente en salas de reuniones y en cualquier lugar donde se desee trabajar y moverse de forma distinta. Tambi\u00e9n es una silla ideal para dentistas y cirujanos, que trabajan casi erguidos, o para usarla al rev\u00e9s, es decir, con el pecho apoyado sobre el panel del respaldo. Compruebe los m\u00faltiples beneficios de esta modalidad de asiento. Din\u00e1mica ergonom\u00eda \u00bfSe ha preguntado alguna vez cu\u00e1l es la mejor postura para sentarse? \u00a1Siempre es la siguiente! Una silla ergon\u00f3mica es la que sigue su cuerpo de forma natural a la siguiente postura sentada. Debe obedecer los movimientos del cuerpo, ya sean grandes o peque\u00f1os, y mantenerse inm\u00f3vil donde el cuerpo lo desea. Con una silla que sigue al cuerpo, el usuario puede concentrarse en su trabajo, mientras que el cuerpo suministra las necesidades de los m\u00fasculos que est\u00e1n activados. Usted mueve todo el cuerpo sin percatarse de ello. La buena circulaci\u00f3n de la sangre es fundamental para la salud del cuerpo y la claridad de la mente. Dise\u00f1o La H\u00c5G Capisco, la \u201csilla de montar\u201d fue dise\u00f1ada bas\u00e1ndose en la postura din\u00e1mica en que va sentado el jinete. La silla es perfectamente adecuada a cualquier altura de mesa. Peter Opsvik y sus colegas, que colaboran con H\u00c5G desde 1974, han hecho una gran contribuci\u00f3n a la filosof\u00eda que constituye la base del negocio de H\u00c5G.<\/span><\/p>\n<p><img decoding=\"async\" src=\"http:\/\/josma.sofycom.es\/wp-content\/uploads\/2016\/07\/hga-sedia-capisco-22-150x150.jpg\" alt=\"\" \/><\/p>\n","protected":false},"excerpt":{"rendered":"<p>Silla ergon\u00f3mica operativa Capisco\u00ae de H\u00e5g acolchada y revestida en tejido. Asiento regulable en altura y en profundidad.<\/p>\n","protected":false},"featured_media":1965,"comment_status":"open","ping_status":"closed","template":"","meta":{"_et_pb_use_builder":"","_et_pb_old_content":"","_et_gb_content_width":""},"product_brand":[],"product_cat":[57,71,64],"product_tag":[187],"class_list":{"0":"post-1774","1":"product","2":"type-product","3":"status-publish","4":"has-post-thumbnail","6":"product_cat-espacios-de-trabajo","7":"product_cat-ergonomicas","8":"product_cat-silleria-de-oficina","9":"product_tag-silleria-ergonomica","11":"first","12":"instock","13":"shipping-taxable","14":"product-type-simple"},"yoast_head":"<!-- This site is optimized with the Yoast SEO plugin v27.3 - https:\/\/yoast.com\/product\/yoast-seo-wordpress\/ -->\n<title>Silla ergon\u00f3mica Capisco - Josma Equipamiento<\/title>\n<meta name=\"robots\" content=\"index, follow, max-snippet:-1, max-image-preview:large, max-video-preview:-1\" \/>\n<link rel=\"canonical\" href=\"https:\/\/josmaequipamiento.es\/?product=silla-ergonomica-capisco\" \/>\n<meta property=\"og:locale\" content=\"es_ES\" \/>\n<meta property=\"og:type\" content=\"article\" \/>\n<meta property=\"og:title\" content=\"Silla ergon\u00f3mica Capisco - Josma Equipamiento\" \/>\n<meta property=\"og:description\" content=\"Silla ergon\u00f3mica operativa Capisco\u00ae de H\u00e5g acolchada y revestida en tejido. Asiento regulable en altura y en profundidad.\" \/>\n<meta property=\"og:url\" content=\"https:\/\/josmaequipamiento.es\/?product=silla-ergonomica-capisco\" \/>\n<meta property=\"og:site_name\" content=\"Josma Equipamiento\" \/>\n<meta property=\"article:modified_time\" content=\"2016-07-20T14:46:38+00:00\" \/>\n<meta property=\"og:image\" content=\"https:\/\/josmaequipamiento.es\/wp-content\/uploads\/2016\/07\/hag_capisco_640X480.jpg\" \/>\n\t<meta property=\"og:image:width\" content=\"640\" \/>\n\t<meta property=\"og:image:height\" content=\"480\" \/>\n\t<meta property=\"og:image:type\" content=\"image\/jpeg\" \/>\n<meta name=\"twitter:card\" content=\"summary_large_image\" \/>\n<meta name=\"twitter:label1\" content=\"Tiempo de lectura\" \/>\n\t<meta name=\"twitter:data1\" content=\"2 minutos\" \/>\n<script type=\"application\/ld+json\" class=\"yoast-schema-graph\">{\"@context\":\"https:\\\/\\\/schema.org\",\"@graph\":[{\"@type\":\"WebPage\",\"@id\":\"https:\\\/\\\/josmaequipamiento.es\\\/?product=silla-ergonomica-capisco\",\"url\":\"https:\\\/\\\/josmaequipamiento.es\\\/?product=silla-ergonomica-capisco\",\"name\":\"Silla ergon\u00f3mica Capisco - Josma Equipamiento\",\"isPartOf\":{\"@id\":\"http:\\\/\\\/josmaequipamiento.es\\\/#website\"},\"primaryImageOfPage\":{\"@id\":\"https:\\\/\\\/josmaequipamiento.es\\\/?product=silla-ergonomica-capisco#primaryimage\"},\"image\":{\"@id\":\"https:\\\/\\\/josmaequipamiento.es\\\/?product=silla-ergonomica-capisco#primaryimage\"},\"thumbnailUrl\":\"https:\\\/\\\/josmaequipamiento.es\\\/wp-content\\\/uploads\\\/2016\\\/07\\\/hag_capisco_640X480.jpg\",\"datePublished\":\"2016-07-18T10:00:01+00:00\",\"dateModified\":\"2016-07-20T14:46:38+00:00\",\"breadcrumb\":{\"@id\":\"https:\\\/\\\/josmaequipamiento.es\\\/?product=silla-ergonomica-capisco#breadcrumb\"},\"inLanguage\":\"es\",\"potentialAction\":[{\"@type\":\"ReadAction\",\"target\":[\"https:\\\/\\\/josmaequipamiento.es\\\/?product=silla-ergonomica-capisco\"]}]},{\"@type\":\"ImageObject\",\"inLanguage\":\"es\",\"@id\":\"https:\\\/\\\/josmaequipamiento.es\\\/?product=silla-ergonomica-capisco#primaryimage\",\"url\":\"https:\\\/\\\/josmaequipamiento.es\\\/wp-content\\\/uploads\\\/2016\\\/07\\\/hag_capisco_640X480.jpg\",\"contentUrl\":\"https:\\\/\\\/josmaequipamiento.es\\\/wp-content\\\/uploads\\\/2016\\\/07\\\/hag_capisco_640X480.jpg\",\"width\":640,\"height\":480},{\"@type\":\"BreadcrumbList\",\"@id\":\"https:\\\/\\\/josmaequipamiento.es\\\/?product=silla-ergonomica-capisco#breadcrumb\",\"itemListElement\":[{\"@type\":\"ListItem\",\"position\":1,\"name\":\"Home\",\"item\":\"http:\\\/\\\/josmaequipamiento.es\\\/\"},{\"@type\":\"ListItem\",\"position\":2,\"name\":\"Productos\",\"item\":\"http:\\\/\\\/josmaequipamiento.es\\\/?page_id=109\"},{\"@type\":\"ListItem\",\"position\":3,\"name\":\"Silla ergon\u00f3mica Capisco\"}]},{\"@type\":\"WebSite\",\"@id\":\"http:\\\/\\\/josmaequipamiento.es\\\/#website\",\"url\":\"http:\\\/\\\/josmaequipamiento.es\\\/\",\"name\":\"Josma Equipamiento\",\"description\":\"Todo lo relativo a equipamiento\",\"potentialAction\":[{\"@type\":\"SearchAction\",\"target\":{\"@type\":\"EntryPoint\",\"urlTemplate\":\"http:\\\/\\\/josmaequipamiento.es\\\/?s={search_term_string}\"},\"query-input\":{\"@type\":\"PropertyValueSpecification\",\"valueRequired\":true,\"valueName\":\"search_term_string\"}}],\"inLanguage\":\"es\"}]}<\/script>\n<!-- \/ Yoast SEO plugin. -->","yoast_head_json":{"title":"Silla ergon\u00f3mica Capisco - Josma Equipamiento","robots":{"index":"index","follow":"follow","max-snippet":"max-snippet:-1","max-image-preview":"max-image-preview:large","max-video-preview":"max-video-preview:-1"},"canonical":"https:\/\/josmaequipamiento.es\/?product=silla-ergonomica-capisco","og_locale":"es_ES","og_type":"article","og_title":"Silla ergon\u00f3mica Capisco - Josma Equipamiento","og_description":"Silla ergon\u00f3mica operativa Capisco\u00ae de H\u00e5g acolchada y revestida en tejido. Asiento regulable en altura y en profundidad.","og_url":"https:\/\/josmaequipamiento.es\/?product=silla-ergonomica-capisco","og_site_name":"Josma Equipamiento","article_modified_time":"2016-07-20T14:46:38+00:00","og_image":[{"width":640,"height":480,"url":"https:\/\/josmaequipamiento.es\/wp-content\/uploads\/2016\/07\/hag_capisco_640X480.jpg","type":"image\/jpeg"}],"twitter_card":"summary_large_image","twitter_misc":{"Tiempo de lectura":"2 minutos"},"schema":{"@context":"https:\/\/schema.org","@graph":[{"@type":"WebPage","@id":"https:\/\/josmaequipamiento.es\/?product=silla-ergonomica-capisco","url":"https:\/\/josmaequipamiento.es\/?product=silla-ergonomica-capisco","name":"Silla ergon\u00f3mica Capisco - Josma Equipamiento","isPartOf":{"@id":"http:\/\/josmaequipamiento.es\/#website"},"primaryImageOfPage":{"@id":"https:\/\/josmaequipamiento.es\/?product=silla-ergonomica-capisco#primaryimage"},"image":{"@id":"https:\/\/josmaequipamiento.es\/?product=silla-ergonomica-capisco#primaryimage"},"thumbnailUrl":"https:\/\/josmaequipamiento.es\/wp-content\/uploads\/2016\/07\/hag_capisco_640X480.jpg","datePublished":"2016-07-18T10:00:01+00:00","dateModified":"2016-07-20T14:46:38+00:00","breadcrumb":{"@id":"https:\/\/josmaequipamiento.es\/?product=silla-ergonomica-capisco#breadcrumb"},"inLanguage":"es","potentialAction":[{"@type":"ReadAction","target":["https:\/\/josmaequipamiento.es\/?product=silla-ergonomica-capisco"]}]},{"@type":"ImageObject","inLanguage":"es","@id":"https:\/\/josmaequipamiento.es\/?product=silla-ergonomica-capisco#primaryimage","url":"https:\/\/josmaequipamiento.es\/wp-content\/uploads\/2016\/07\/hag_capisco_640X480.jpg","contentUrl":"https:\/\/josmaequipamiento.es\/wp-content\/uploads\/2016\/07\/hag_capisco_640X480.jpg","width":640,"height":480},{"@type":"BreadcrumbList","@id":"https:\/\/josmaequipamiento.es\/?product=silla-ergonomica-capisco#breadcrumb","itemListElement":[{"@type":"ListItem","position":1,"name":"Home","item":"http:\/\/josmaequipamiento.es\/"},{"@type":"ListItem","position":2,"name":"Productos","item":"http:\/\/josmaequipamiento.es\/?page_id=109"},{"@type":"ListItem","position":3,"name":"Silla ergon\u00f3mica Capisco"}]},{"@type":"WebSite","@id":"http:\/\/josmaequipamiento.es\/#website","url":"http:\/\/josmaequipamiento.es\/","name":"Josma Equipamiento","description":"Todo lo relativo a equipamiento","potentialAction":[{"@type":"SearchAction","target":{"@type":"EntryPoint","urlTemplate":"http:\/\/josmaequipamiento.es\/?s={search_term_string}"},"query-input":{"@type":"PropertyValueSpecification","valueRequired":true,"valueName":"search_term_string"}}],"inLanguage":"es"}]}},"_links":{"self":[{"href":"https:\/\/josmaequipamiento.es\/index.php?rest_route=\/wp\/v2\/product\/1774","targetHints":{"allow":["GET"]}}],"collection":[{"href":"https:\/\/josmaequipamiento.es\/index.php?rest_route=\/wp\/v2\/product"}],"about":[{"href":"https:\/\/josmaequipamiento.es\/index.php?rest_route=\/wp\/v2\/types\/product"}],"replies":[{"embeddable":true,"href":"https:\/\/josmaequipamiento.es\/index.php?rest_route=%2Fwp%2Fv2%2Fcomments&post=1774"}],"wp:featuredmedia":[{"embeddable":true,"href":"https:\/\/josmaequipamiento.es\/index.php?rest_route=\/wp\/v2\/media\/1965"}],"wp:attachment":[{"href":"https:\/\/josmaequipamiento.es\/index.php?rest_route=%2Fwp%2Fv2%2Fmedia&parent=1774"}],"wp:term":[{"taxonomy":"product_brand","embeddable":true,"href":"https:\/\/josmaequipamiento.es\/index.php?rest_route=%2Fwp%2Fv2%2Fproduct_brand&post=1774"},{"taxonomy":"product_cat","embeddable":true,"href":"https:\/\/josmaequipamiento.es\/index.php?rest_route=%2Fwp%2Fv2%2Fproduct_cat&post=1774"},{"taxonomy":"product_tag","embeddable":true,"href":"https:\/\/josmaequipamiento.es\/index.php?rest_route=%2Fwp%2Fv2%2Fproduct_tag&post=1774"}],"curies":[{"name":"wp","href":"https:\/\/api.w.org\/{rel}","templated":true}]}}