{"id":1906,"date":"2016-07-19T15:12:50","date_gmt":"2016-07-19T15:12:50","guid":{"rendered":"http:\/\/josmaequipamiento.es\/?post_type=product&#038;p=1906"},"modified":"2016-07-19T15:12:50","modified_gmt":"2016-07-19T15:12:50","slug":"mesa-reunion-at","status":"publish","type":"product","link":"https:\/\/josmaequipamiento.es\/?product=mesa-reunion-at","title":{"rendered":"Mesa Reuni\u00f3n AT"},"content":{"rendered":"<p><span style=\"color: #000000; font-family: Calibri; font-size: medium;\">La mesa de reuni\u00f3n AT tiene un dise\u00f1o elegante y pr\u00e1ctico para salas de juntas. <\/span><\/p>\n<p><span style=\"color: #000000; font-family: Calibri; font-size: medium;\">Este modelo de mesa est\u00e1 fabricada con tableros recubiertos de estratificado de baja presi\u00f3n con acabado a elegir. Los cantos moldurados y lacados con poliuretano. Esta mesa de juntas puede tener pasacables o electrificaci\u00f3n, lo que le da comodidad a la hora de conectar aparatos electr\u00f3nicos. Los cables se pueden ocultar por dentro de las bases.<\/span><\/p>\n<p><span style=\"color: #000000; font-family: Calibri; font-size: medium;\">Los pies que forman la base son de MDF de las mismas caracter\u00edsticas que el sobre. Las bases tienen la posibilidad de utilizarse como armarios.<\/span><\/p>\n","protected":false},"excerpt":{"rendered":"<p>La mesa de reuni\u00f3n AT tiene un dise\u00f1o elegante y pr\u00e1ctico para salas de juntas. Este modelo de mesa est\u00e1 fabricada con tableros recubiertos de estratificado de baja presi\u00f3n con acabado a elegir. Los cantos moldurados y lacados con poliuretano. Esta mesa de juntas puede tener pasacables o electrificaci\u00f3n, lo que le da comodidad a [&hellip;]<\/p>\n","protected":false},"featured_media":1893,"comment_status":"open","ping_status":"closed","template":"","meta":{"_et_pb_use_builder":"","_et_pb_old_content":"","_et_gb_content_width":""},"product_brand":[],"product_cat":[57,61],"product_tag":[178],"class_list":{"0":"post-1906","1":"product","2":"type-product","3":"status-publish","4":"has-post-thumbnail","6":"product_cat-espacios-de-trabajo","7":"product_cat-reunion","8":"product_tag-mobiliario-reunion","10":"first","11":"instock","12":"shipping-taxable","13":"product-type-simple"},"yoast_head":"<!-- This site is optimized with the Yoast SEO plugin v27.3 - https:\/\/yoast.com\/product\/yoast-seo-wordpress\/ -->\n<title>Mesa Reuni\u00f3n AT - Josma Equipamiento<\/title>\n<meta name=\"robots\" content=\"index, follow, max-snippet:-1, max-image-preview:large, max-video-preview:-1\" \/>\n<link rel=\"canonical\" href=\"https:\/\/josmaequipamiento.es\/?product=mesa-reunion-at\" \/>\n<meta property=\"og:locale\" content=\"es_ES\" \/>\n<meta property=\"og:type\" content=\"article\" \/>\n<meta property=\"og:title\" content=\"Mesa Reuni\u00f3n AT - Josma Equipamiento\" \/>\n<meta property=\"og:description\" content=\"La mesa de reuni\u00f3n AT tiene un dise\u00f1o elegante y pr\u00e1ctico para salas de juntas. Este modelo de mesa est\u00e1 fabricada con tableros recubiertos de estratificado de baja presi\u00f3n con acabado a elegir. Los cantos moldurados y lacados con poliuretano. Esta mesa de juntas puede tener pasacables o electrificaci\u00f3n, lo que le da comodidad a [&hellip;]\" \/>\n<meta property=\"og:url\" content=\"https:\/\/josmaequipamiento.es\/?product=mesa-reunion-at\" \/>\n<meta property=\"og:site_name\" content=\"Josma Equipamiento\" \/>\n<meta property=\"og:image\" content=\"https:\/\/josmaequipamiento.es\/wp-content\/uploads\/2016\/06\/AT-640X275.png\" \/>\n\t<meta property=\"og:image:width\" content=\"640\" \/>\n\t<meta property=\"og:image:height\" content=\"275\" \/>\n\t<meta property=\"og:image:type\" content=\"image\/png\" \/>\n<meta name=\"twitter:card\" content=\"summary_large_image\" \/>\n<meta name=\"twitter:label1\" content=\"Tiempo de lectura\" \/>\n\t<meta name=\"twitter:data1\" content=\"1 minuto\" \/>\n<script type=\"application\/ld+json\" class=\"yoast-schema-graph\">{\"@context\":\"https:\\\/\\\/schema.org\",\"@graph\":[{\"@type\":\"WebPage\",\"@id\":\"https:\\\/\\\/josmaequipamiento.es\\\/?product=mesa-reunion-at\",\"url\":\"https:\\\/\\\/josmaequipamiento.es\\\/?product=mesa-reunion-at\",\"name\":\"Mesa Reuni\u00f3n AT - Josma Equipamiento\",\"isPartOf\":{\"@id\":\"http:\\\/\\\/josmaequipamiento.es\\\/#website\"},\"primaryImageOfPage\":{\"@id\":\"https:\\\/\\\/josmaequipamiento.es\\\/?product=mesa-reunion-at#primaryimage\"},\"image\":{\"@id\":\"https:\\\/\\\/josmaequipamiento.es\\\/?product=mesa-reunion-at#primaryimage\"},\"thumbnailUrl\":\"https:\\\/\\\/josmaequipamiento.es\\\/wp-content\\\/uploads\\\/2016\\\/06\\\/AT-640X275.png\",\"datePublished\":\"2016-07-19T15:12:50+00:00\",\"breadcrumb\":{\"@id\":\"https:\\\/\\\/josmaequipamiento.es\\\/?product=mesa-reunion-at#breadcrumb\"},\"inLanguage\":\"es\",\"potentialAction\":[{\"@type\":\"ReadAction\",\"target\":[\"https:\\\/\\\/josmaequipamiento.es\\\/?product=mesa-reunion-at\"]}]},{\"@type\":\"ImageObject\",\"inLanguage\":\"es\",\"@id\":\"https:\\\/\\\/josmaequipamiento.es\\\/?product=mesa-reunion-at#primaryimage\",\"url\":\"https:\\\/\\\/josmaequipamiento.es\\\/wp-content\\\/uploads\\\/2016\\\/06\\\/AT-640X275.png\",\"contentUrl\":\"https:\\\/\\\/josmaequipamiento.es\\\/wp-content\\\/uploads\\\/2016\\\/06\\\/AT-640X275.png\",\"width\":640,\"height\":275},{\"@type\":\"BreadcrumbList\",\"@id\":\"https:\\\/\\\/josmaequipamiento.es\\\/?product=mesa-reunion-at#breadcrumb\",\"itemListElement\":[{\"@type\":\"ListItem\",\"position\":1,\"name\":\"Home\",\"item\":\"http:\\\/\\\/josmaequipamiento.es\\\/\"},{\"@type\":\"ListItem\",\"position\":2,\"name\":\"Productos\",\"item\":\"http:\\\/\\\/josmaequipamiento.es\\\/?page_id=109\"},{\"@type\":\"ListItem\",\"position\":3,\"name\":\"Mesa Reuni\u00f3n AT\"}]},{\"@type\":\"WebSite\",\"@id\":\"http:\\\/\\\/josmaequipamiento.es\\\/#website\",\"url\":\"http:\\\/\\\/josmaequipamiento.es\\\/\",\"name\":\"Josma Equipamiento\",\"description\":\"Todo lo relativo a equipamiento\",\"potentialAction\":[{\"@type\":\"SearchAction\",\"target\":{\"@type\":\"EntryPoint\",\"urlTemplate\":\"http:\\\/\\\/josmaequipamiento.es\\\/?s={search_term_string}\"},\"query-input\":{\"@type\":\"PropertyValueSpecification\",\"valueRequired\":true,\"valueName\":\"search_term_string\"}}],\"inLanguage\":\"es\"}]}<\/script>\n<!-- \/ Yoast SEO plugin. -->","yoast_head_json":{"title":"Mesa Reuni\u00f3n AT - Josma Equipamiento","robots":{"index":"index","follow":"follow","max-snippet":"max-snippet:-1","max-image-preview":"max-image-preview:large","max-video-preview":"max-video-preview:-1"},"canonical":"https:\/\/josmaequipamiento.es\/?product=mesa-reunion-at","og_locale":"es_ES","og_type":"article","og_title":"Mesa Reuni\u00f3n AT - Josma Equipamiento","og_description":"La mesa de reuni\u00f3n AT tiene un dise\u00f1o elegante y pr\u00e1ctico para salas de juntas. Este modelo de mesa est\u00e1 fabricada con tableros recubiertos de estratificado de baja presi\u00f3n con acabado a elegir. Los cantos moldurados y lacados con poliuretano. Esta mesa de juntas puede tener pasacables o electrificaci\u00f3n, lo que le da comodidad a [&hellip;]","og_url":"https:\/\/josmaequipamiento.es\/?product=mesa-reunion-at","og_site_name":"Josma Equipamiento","og_image":[{"width":640,"height":275,"url":"https:\/\/josmaequipamiento.es\/wp-content\/uploads\/2016\/06\/AT-640X275.png","type":"image\/png"}],"twitter_card":"summary_large_image","twitter_misc":{"Tiempo de lectura":"1 minuto"},"schema":{"@context":"https:\/\/schema.org","@graph":[{"@type":"WebPage","@id":"https:\/\/josmaequipamiento.es\/?product=mesa-reunion-at","url":"https:\/\/josmaequipamiento.es\/?product=mesa-reunion-at","name":"Mesa Reuni\u00f3n AT - Josma Equipamiento","isPartOf":{"@id":"http:\/\/josmaequipamiento.es\/#website"},"primaryImageOfPage":{"@id":"https:\/\/josmaequipamiento.es\/?product=mesa-reunion-at#primaryimage"},"image":{"@id":"https:\/\/josmaequipamiento.es\/?product=mesa-reunion-at#primaryimage"},"thumbnailUrl":"https:\/\/josmaequipamiento.es\/wp-content\/uploads\/2016\/06\/AT-640X275.png","datePublished":"2016-07-19T15:12:50+00:00","breadcrumb":{"@id":"https:\/\/josmaequipamiento.es\/?product=mesa-reunion-at#breadcrumb"},"inLanguage":"es","potentialAction":[{"@type":"ReadAction","target":["https:\/\/josmaequipamiento.es\/?product=mesa-reunion-at"]}]},{"@type":"ImageObject","inLanguage":"es","@id":"https:\/\/josmaequipamiento.es\/?product=mesa-reunion-at#primaryimage","url":"https:\/\/josmaequipamiento.es\/wp-content\/uploads\/2016\/06\/AT-640X275.png","contentUrl":"https:\/\/josmaequipamiento.es\/wp-content\/uploads\/2016\/06\/AT-640X275.png","width":640,"height":275},{"@type":"BreadcrumbList","@id":"https:\/\/josmaequipamiento.es\/?product=mesa-reunion-at#breadcrumb","itemListElement":[{"@type":"ListItem","position":1,"name":"Home","item":"http:\/\/josmaequipamiento.es\/"},{"@type":"ListItem","position":2,"name":"Productos","item":"http:\/\/josmaequipamiento.es\/?page_id=109"},{"@type":"ListItem","position":3,"name":"Mesa Reuni\u00f3n AT"}]},{"@type":"WebSite","@id":"http:\/\/josmaequipamiento.es\/#website","url":"http:\/\/josmaequipamiento.es\/","name":"Josma Equipamiento","description":"Todo lo relativo a equipamiento","potentialAction":[{"@type":"SearchAction","target":{"@type":"EntryPoint","urlTemplate":"http:\/\/josmaequipamiento.es\/?s={search_term_string}"},"query-input":{"@type":"PropertyValueSpecification","valueRequired":true,"valueName":"search_term_string"}}],"inLanguage":"es"}]}},"_links":{"self":[{"href":"https:\/\/josmaequipamiento.es\/index.php?rest_route=\/wp\/v2\/product\/1906","targetHints":{"allow":["GET"]}}],"collection":[{"href":"https:\/\/josmaequipamiento.es\/index.php?rest_route=\/wp\/v2\/product"}],"about":[{"href":"https:\/\/josmaequipamiento.es\/index.php?rest_route=\/wp\/v2\/types\/product"}],"replies":[{"embeddable":true,"href":"https:\/\/josmaequipamiento.es\/index.php?rest_route=%2Fwp%2Fv2%2Fcomments&post=1906"}],"wp:featuredmedia":[{"embeddable":true,"href":"https:\/\/josmaequipamiento.es\/index.php?rest_route=\/wp\/v2\/media\/1893"}],"wp:attachment":[{"href":"https:\/\/josmaequipamiento.es\/index.php?rest_route=%2Fwp%2Fv2%2Fmedia&parent=1906"}],"wp:term":[{"taxonomy":"product_brand","embeddable":true,"href":"https:\/\/josmaequipamiento.es\/index.php?rest_route=%2Fwp%2Fv2%2Fproduct_brand&post=1906"},{"taxonomy":"product_cat","embeddable":true,"href":"https:\/\/josmaequipamiento.es\/index.php?rest_route=%2Fwp%2Fv2%2Fproduct_cat&post=1906"},{"taxonomy":"product_tag","embeddable":true,"href":"https:\/\/josmaequipamiento.es\/index.php?rest_route=%2Fwp%2Fv2%2Fproduct_tag&post=1906"}],"curies":[{"name":"wp","href":"https:\/\/api.w.org\/{rel}","templated":true}]}}