{"id":2110,"date":"2016-07-24T13:51:55","date_gmt":"2016-07-24T13:51:55","guid":{"rendered":"http:\/\/josmaequipamiento.es\/?post_type=product&#038;p=2110"},"modified":"2016-07-24T14:21:40","modified_gmt":"2016-07-24T14:21:40","slug":"armario-modular-forma-5-barnizado","status":"publish","type":"product","link":"https:\/\/josmaequipamiento.es\/?product=armario-modular-forma-5-barnizado","title":{"rendered":"Armario Barnizado F5"},"content":{"rendered":"<p>La madera, en combinaci\u00f3n con los acabados de los programas m\u00e1s direccionales, el dise\u00f1o y la capacidad destinados a la soluci\u00f3n de almacenaje y adem\u00e1s de una amplia gama adaptada a todo tipo de espacios y necesidades.<\/p>\n<p><img decoding=\"async\" src=\"http:\/\/i2.wp.com\/www.amserra.com\/wp-content\/uploads\/2015\/12\/almacenaje-barnizado-Caracteristicas.jpg\" alt=\"\" \/><\/p>\n<h2 class=\"product_title entry-title\" data-lineheight=\"27\" data-fontsize=\"24\"><\/h2>\n<div><\/div>\n<p>&nbsp;<\/p>\n","protected":false},"excerpt":{"rendered":"<p><span style=\"color: #000000; font-family: Calibri; font-size: medium;\">La versatilidad y la adaptabilidad al espacio de la oficina es la principal caracter\u00edstica de los programas de armarios\u00a0barnizados.\u00a0Los armarios barnizados disponen de la categor\u00eda Plus, con la opci\u00f3n de mezclar elementos melaminados y barnizados o todo barnizados. Ambos programas cuentan con cuatro armarios de alturas diferentes pero pudi\u00e9ndose combinar entre ellos hasta conseguir 12 alturas distintas. Adem\u00e1s, ambos programas est\u00e1n pensados para que puedan crecer tambi\u00e9n horizontalmente.<\/span><\/p>\n","protected":false},"featured_media":2104,"comment_status":"open","ping_status":"closed","template":"","meta":{"_et_pb_use_builder":"","_et_pb_old_content":"","_et_gb_content_width":""},"product_brand":[],"product_cat":[57,73,72],"product_tag":[189],"class_list":{"0":"post-2110","1":"product","2":"type-product","3":"status-publish","4":"has-post-thumbnail","6":"product_cat-espacios-de-trabajo","7":"product_cat-armarios-modulares","8":"product_cat-sistemas-de-archivo","9":"product_tag-armarios-oficina","11":"first","12":"instock","13":"shipping-taxable","14":"product-type-simple"},"yoast_head":"<!-- This site is optimized with the Yoast SEO plugin v27.3 - https:\/\/yoast.com\/product\/yoast-seo-wordpress\/ -->\n<title>Armario Barnizado F5 - Josma Equipamiento<\/title>\n<meta name=\"robots\" content=\"index, follow, max-snippet:-1, max-image-preview:large, max-video-preview:-1\" \/>\n<link rel=\"canonical\" href=\"http:\/\/josmaequipamiento.es\/?product=armario-modular-forma-5-barnizado\" \/>\n<meta property=\"og:locale\" content=\"es_ES\" \/>\n<meta property=\"og:type\" content=\"article\" \/>\n<meta property=\"og:title\" content=\"Armario Barnizado F5 - Josma Equipamiento\" \/>\n<meta property=\"og:description\" content=\"La versatilidad y la adaptabilidad al espacio de la oficina es la principal caracter\u00edstica de los programas de armarios\u00a0barnizados.\u00a0Los armarios barnizados disponen de la categor\u00eda Plus, con la opci\u00f3n de mezclar elementos melaminados y barnizados o todo barnizados. Ambos programas cuentan con cuatro armarios de alturas diferentes pero pudi\u00e9ndose combinar entre ellos hasta conseguir 12 alturas distintas. Adem\u00e1s, ambos programas est\u00e1n pensados para que puedan crecer tambi\u00e9n horizontalmente.\" \/>\n<meta property=\"og:url\" content=\"http:\/\/josmaequipamiento.es\/?product=armario-modular-forma-5-barnizado\" \/>\n<meta property=\"og:site_name\" content=\"Josma Equipamiento\" \/>\n<meta property=\"article:modified_time\" content=\"2016-07-24T14:21:40+00:00\" \/>\n<meta property=\"og:image\" content=\"http:\/\/josmaequipamiento.es\/wp-content\/uploads\/2016\/05\/almacenaje-barnizado-11.jpg\" \/>\n\t<meta property=\"og:image:width\" content=\"640\" \/>\n\t<meta property=\"og:image:height\" content=\"480\" \/>\n\t<meta property=\"og:image:type\" content=\"image\/jpeg\" \/>\n<meta name=\"twitter:card\" content=\"summary_large_image\" \/>\n<script type=\"application\/ld+json\" class=\"yoast-schema-graph\">{\"@context\":\"https:\\\/\\\/schema.org\",\"@graph\":[{\"@type\":\"WebPage\",\"@id\":\"http:\\\/\\\/josmaequipamiento.es\\\/?product=armario-modular-forma-5-barnizado\",\"url\":\"http:\\\/\\\/josmaequipamiento.es\\\/?product=armario-modular-forma-5-barnizado\",\"name\":\"Armario Barnizado F5 - Josma Equipamiento\",\"isPartOf\":{\"@id\":\"http:\\\/\\\/josmaequipamiento.es\\\/#website\"},\"primaryImageOfPage\":{\"@id\":\"http:\\\/\\\/josmaequipamiento.es\\\/?product=armario-modular-forma-5-barnizado#primaryimage\"},\"image\":{\"@id\":\"http:\\\/\\\/josmaequipamiento.es\\\/?product=armario-modular-forma-5-barnizado#primaryimage\"},\"thumbnailUrl\":\"https:\\\/\\\/josmaequipamiento.es\\\/wp-content\\\/uploads\\\/2016\\\/05\\\/almacenaje-barnizado-11.jpg\",\"datePublished\":\"2016-07-24T13:51:55+00:00\",\"dateModified\":\"2016-07-24T14:21:40+00:00\",\"breadcrumb\":{\"@id\":\"http:\\\/\\\/josmaequipamiento.es\\\/?product=armario-modular-forma-5-barnizado#breadcrumb\"},\"inLanguage\":\"es\",\"potentialAction\":[{\"@type\":\"ReadAction\",\"target\":[\"http:\\\/\\\/josmaequipamiento.es\\\/?product=armario-modular-forma-5-barnizado\"]}]},{\"@type\":\"ImageObject\",\"inLanguage\":\"es\",\"@id\":\"http:\\\/\\\/josmaequipamiento.es\\\/?product=armario-modular-forma-5-barnizado#primaryimage\",\"url\":\"https:\\\/\\\/josmaequipamiento.es\\\/wp-content\\\/uploads\\\/2016\\\/05\\\/almacenaje-barnizado-11.jpg\",\"contentUrl\":\"https:\\\/\\\/josmaequipamiento.es\\\/wp-content\\\/uploads\\\/2016\\\/05\\\/almacenaje-barnizado-11.jpg\",\"width\":640,\"height\":480},{\"@type\":\"BreadcrumbList\",\"@id\":\"http:\\\/\\\/josmaequipamiento.es\\\/?product=armario-modular-forma-5-barnizado#breadcrumb\",\"itemListElement\":[{\"@type\":\"ListItem\",\"position\":1,\"name\":\"Home\",\"item\":\"http:\\\/\\\/josmaequipamiento.es\\\/\"},{\"@type\":\"ListItem\",\"position\":2,\"name\":\"Productos\",\"item\":\"http:\\\/\\\/josmaequipamiento.es\\\/?page_id=109\"},{\"@type\":\"ListItem\",\"position\":3,\"name\":\"Armario Barnizado F5\"}]},{\"@type\":\"WebSite\",\"@id\":\"http:\\\/\\\/josmaequipamiento.es\\\/#website\",\"url\":\"http:\\\/\\\/josmaequipamiento.es\\\/\",\"name\":\"Josma Equipamiento\",\"description\":\"Todo lo relativo a equipamiento\",\"potentialAction\":[{\"@type\":\"SearchAction\",\"target\":{\"@type\":\"EntryPoint\",\"urlTemplate\":\"http:\\\/\\\/josmaequipamiento.es\\\/?s={search_term_string}\"},\"query-input\":{\"@type\":\"PropertyValueSpecification\",\"valueRequired\":true,\"valueName\":\"search_term_string\"}}],\"inLanguage\":\"es\"}]}<\/script>\n<!-- \/ Yoast SEO plugin. -->","yoast_head_json":{"title":"Armario Barnizado F5 - Josma Equipamiento","robots":{"index":"index","follow":"follow","max-snippet":"max-snippet:-1","max-image-preview":"max-image-preview:large","max-video-preview":"max-video-preview:-1"},"canonical":"http:\/\/josmaequipamiento.es\/?product=armario-modular-forma-5-barnizado","og_locale":"es_ES","og_type":"article","og_title":"Armario Barnizado F5 - Josma Equipamiento","og_description":"La versatilidad y la adaptabilidad al espacio de la oficina es la principal caracter\u00edstica de los programas de armarios\u00a0barnizados.\u00a0Los armarios barnizados disponen de la categor\u00eda Plus, con la opci\u00f3n de mezclar elementos melaminados y barnizados o todo barnizados. Ambos programas cuentan con cuatro armarios de alturas diferentes pero pudi\u00e9ndose combinar entre ellos hasta conseguir 12 alturas distintas. Adem\u00e1s, ambos programas est\u00e1n pensados para que puedan crecer tambi\u00e9n horizontalmente.","og_url":"http:\/\/josmaequipamiento.es\/?product=armario-modular-forma-5-barnizado","og_site_name":"Josma Equipamiento","article_modified_time":"2016-07-24T14:21:40+00:00","og_image":[{"width":640,"height":480,"url":"http:\/\/josmaequipamiento.es\/wp-content\/uploads\/2016\/05\/almacenaje-barnizado-11.jpg","type":"image\/jpeg"}],"twitter_card":"summary_large_image","schema":{"@context":"https:\/\/schema.org","@graph":[{"@type":"WebPage","@id":"http:\/\/josmaequipamiento.es\/?product=armario-modular-forma-5-barnizado","url":"http:\/\/josmaequipamiento.es\/?product=armario-modular-forma-5-barnizado","name":"Armario Barnizado F5 - Josma Equipamiento","isPartOf":{"@id":"http:\/\/josmaequipamiento.es\/#website"},"primaryImageOfPage":{"@id":"http:\/\/josmaequipamiento.es\/?product=armario-modular-forma-5-barnizado#primaryimage"},"image":{"@id":"http:\/\/josmaequipamiento.es\/?product=armario-modular-forma-5-barnizado#primaryimage"},"thumbnailUrl":"https:\/\/josmaequipamiento.es\/wp-content\/uploads\/2016\/05\/almacenaje-barnizado-11.jpg","datePublished":"2016-07-24T13:51:55+00:00","dateModified":"2016-07-24T14:21:40+00:00","breadcrumb":{"@id":"http:\/\/josmaequipamiento.es\/?product=armario-modular-forma-5-barnizado#breadcrumb"},"inLanguage":"es","potentialAction":[{"@type":"ReadAction","target":["http:\/\/josmaequipamiento.es\/?product=armario-modular-forma-5-barnizado"]}]},{"@type":"ImageObject","inLanguage":"es","@id":"http:\/\/josmaequipamiento.es\/?product=armario-modular-forma-5-barnizado#primaryimage","url":"https:\/\/josmaequipamiento.es\/wp-content\/uploads\/2016\/05\/almacenaje-barnizado-11.jpg","contentUrl":"https:\/\/josmaequipamiento.es\/wp-content\/uploads\/2016\/05\/almacenaje-barnizado-11.jpg","width":640,"height":480},{"@type":"BreadcrumbList","@id":"http:\/\/josmaequipamiento.es\/?product=armario-modular-forma-5-barnizado#breadcrumb","itemListElement":[{"@type":"ListItem","position":1,"name":"Home","item":"http:\/\/josmaequipamiento.es\/"},{"@type":"ListItem","position":2,"name":"Productos","item":"http:\/\/josmaequipamiento.es\/?page_id=109"},{"@type":"ListItem","position":3,"name":"Armario Barnizado F5"}]},{"@type":"WebSite","@id":"http:\/\/josmaequipamiento.es\/#website","url":"http:\/\/josmaequipamiento.es\/","name":"Josma Equipamiento","description":"Todo lo relativo a equipamiento","potentialAction":[{"@type":"SearchAction","target":{"@type":"EntryPoint","urlTemplate":"http:\/\/josmaequipamiento.es\/?s={search_term_string}"},"query-input":{"@type":"PropertyValueSpecification","valueRequired":true,"valueName":"search_term_string"}}],"inLanguage":"es"}]}},"_links":{"self":[{"href":"https:\/\/josmaequipamiento.es\/index.php?rest_route=\/wp\/v2\/product\/2110","targetHints":{"allow":["GET"]}}],"collection":[{"href":"https:\/\/josmaequipamiento.es\/index.php?rest_route=\/wp\/v2\/product"}],"about":[{"href":"https:\/\/josmaequipamiento.es\/index.php?rest_route=\/wp\/v2\/types\/product"}],"replies":[{"embeddable":true,"href":"https:\/\/josmaequipamiento.es\/index.php?rest_route=%2Fwp%2Fv2%2Fcomments&post=2110"}],"wp:featuredmedia":[{"embeddable":true,"href":"https:\/\/josmaequipamiento.es\/index.php?rest_route=\/wp\/v2\/media\/2104"}],"wp:attachment":[{"href":"https:\/\/josmaequipamiento.es\/index.php?rest_route=%2Fwp%2Fv2%2Fmedia&parent=2110"}],"wp:term":[{"taxonomy":"product_brand","embeddable":true,"href":"https:\/\/josmaequipamiento.es\/index.php?rest_route=%2Fwp%2Fv2%2Fproduct_brand&post=2110"},{"taxonomy":"product_cat","embeddable":true,"href":"https:\/\/josmaequipamiento.es\/index.php?rest_route=%2Fwp%2Fv2%2Fproduct_cat&post=2110"},{"taxonomy":"product_tag","embeddable":true,"href":"https:\/\/josmaequipamiento.es\/index.php?rest_route=%2Fwp%2Fv2%2Fproduct_tag&post=2110"}],"curies":[{"name":"wp","href":"https:\/\/api.w.org\/{rel}","templated":true}]}}