{"id":2122,"date":"2016-07-24T14:13:49","date_gmt":"2016-07-24T14:13:49","guid":{"rendered":"http:\/\/josmaequipamiento.es\/?post_type=product&#038;p=2122"},"modified":"2016-07-24T14:13:49","modified_gmt":"2016-07-24T14:13:49","slug":"armario-bilaminado-cubo-mcs","status":"publish","type":"product","link":"https:\/\/josmaequipamiento.es\/?product=armario-bilaminado-cubo-mcs","title":{"rendered":"Armario Bilaminado Cubo MCS"},"content":{"rendered":"<p><span style=\"color: #000000; font-family: Calibri; font-size: medium;\">Armario CUBO fabricado en tablero melaminizado, desmontado excepto los que contengan gavetas de archivo. Todos los cantos ser\u00e1n de PVC 2 mm.<\/span><\/p>\n<p><span style=\"color: #000000; font-family: Calibri; font-size: medium;\">Las medidas de esta serie son id\u00f3neas para el almacenamiento de clasificadores tipo A-Z, adem\u00e1s de la posibilidad de incorporar estantes met\u00e1licos o bastidores telesc\u00f3picos, para carpetas colgantes.<\/span><\/p>\n<p><span style=\"color: #000000; font-family: Calibri; font-size: medium;\">El cuerpo tendr\u00e1 un espesor de 19 mm., incluida la trasera, que ir\u00e1 vista. Encimera decorativa de 19 mm, de espesor., excepto en los armarios de 2.050 mm de altura, que ser\u00e1 opcional.<\/span><\/p>\n<p><span style=\"color: #000000; font-family: Calibri; font-size: medium;\">Estantes en 19 mm., con regulaci\u00f3n en altura cada 32 mm, con sistema autoarmado. Opci\u00f3n estantes met\u00e1licos para carpetas colgantes.<\/span><\/p>\n<p><span style=\"color: #000000; font-family: Calibri; font-size: medium;\">Puertas bilaminadas de 19 mm de espesor, equipados con pomos met\u00e1licos. Vitrinas con marco de aluminio sin cerradura y con pomo se fabrican en 3 alturas y combin\u00e1ndose con el resto de puertas se obtienen diferentes combinaciones.<\/span><\/p>\n<p><span style=\"color: #000000; font-family: Calibri; font-size: medium;\">Llevar\u00e1n bisagras con 110\u00b0 de apertura y cerradura de leng\u00fceta con llave de funda articulada, excepto los armarios de 2.050 mm de altura, que ir\u00e1n equipados con cerradura de falleba.<\/span><\/p>\n<p><span style=\"color: #000000; font-family: Calibri; font-size: medium;\">Los armarios estar\u00e1n provistos de patas de PVC de 25 mm., con nivelador regulados desde el interior.<\/span><\/p>\n<p><span style=\"color: #000000; font-family: Calibri; font-size: medium;\">Medidas armario: 800\/400 mm ancho x 470 mm, fondo x 730\/830\/1.250\/1.650\/2.050 mm altura, en opciones di\u00e1fanos, puertas completas, puertas bajas y archivos. Se sirve en varios acabados: blanco, arce, roble, gris claro y grafito etc. etc.<\/span><\/p>\n<p>&nbsp;<\/p>\n<p>&nbsp;<\/p>\n","protected":false},"excerpt":{"rendered":"<p><span style=\"color: #000000; font-family: Calibri; font-size: medium;\">Las medidas de esta serie son id\u00f3neas para el almacenamiento de clasificadores tipo A-Z, adem\u00e1s de la posibilidad de incorporar estantes met\u00e1licos o bastidores telesc\u00f3picos, para carpetas colgantes.<\/span><\/p>\n","protected":false},"featured_media":2124,"comment_status":"open","ping_status":"closed","template":"","meta":{"_et_pb_use_builder":"","_et_pb_old_content":"","_et_gb_content_width":""},"product_brand":[],"product_cat":[73,72],"product_tag":[189],"class_list":{"0":"post-2122","1":"product","2":"type-product","3":"status-publish","4":"has-post-thumbnail","6":"product_cat-armarios-modulares","7":"product_cat-sistemas-de-archivo","8":"product_tag-armarios-oficina","10":"first","11":"instock","12":"shipping-taxable","13":"product-type-simple"},"yoast_head":"<!-- This site is optimized with the Yoast SEO plugin v27.3 - https:\/\/yoast.com\/product\/yoast-seo-wordpress\/ -->\n<title>Armario Bilaminado Cubo MCS - Josma Equipamiento<\/title>\n<meta name=\"robots\" content=\"index, follow, max-snippet:-1, max-image-preview:large, max-video-preview:-1\" \/>\n<link rel=\"canonical\" href=\"http:\/\/josmaequipamiento.es\/?product=armario-bilaminado-cubo-mcs\" \/>\n<meta property=\"og:locale\" content=\"es_ES\" \/>\n<meta property=\"og:type\" content=\"article\" \/>\n<meta property=\"og:title\" content=\"Armario Bilaminado Cubo MCS - Josma Equipamiento\" \/>\n<meta property=\"og:description\" content=\"Las medidas de esta serie son id\u00f3neas para el almacenamiento de clasificadores tipo A-Z, adem\u00e1s de la posibilidad de incorporar estantes met\u00e1licos o bastidores telesc\u00f3picos, para carpetas colgantes.\" \/>\n<meta property=\"og:url\" content=\"http:\/\/josmaequipamiento.es\/?product=armario-bilaminado-cubo-mcs\" \/>\n<meta property=\"og:site_name\" content=\"Josma Equipamiento\" \/>\n<meta property=\"og:image\" content=\"http:\/\/josmaequipamiento.es\/wp-content\/uploads\/2016\/07\/arm_mixto_cubo-2050x800.jpg\" \/>\n\t<meta property=\"og:image:width\" content=\"640\" \/>\n\t<meta property=\"og:image:height\" content=\"480\" \/>\n\t<meta property=\"og:image:type\" content=\"image\/jpeg\" \/>\n<meta name=\"twitter:card\" content=\"summary_large_image\" \/>\n<meta name=\"twitter:label1\" content=\"Tiempo de lectura\" \/>\n\t<meta name=\"twitter:data1\" content=\"1 minuto\" \/>\n<script type=\"application\/ld+json\" class=\"yoast-schema-graph\">{\"@context\":\"https:\\\/\\\/schema.org\",\"@graph\":[{\"@type\":\"WebPage\",\"@id\":\"http:\\\/\\\/josmaequipamiento.es\\\/?product=armario-bilaminado-cubo-mcs\",\"url\":\"http:\\\/\\\/josmaequipamiento.es\\\/?product=armario-bilaminado-cubo-mcs\",\"name\":\"Armario Bilaminado Cubo MCS - Josma Equipamiento\",\"isPartOf\":{\"@id\":\"http:\\\/\\\/josmaequipamiento.es\\\/#website\"},\"primaryImageOfPage\":{\"@id\":\"http:\\\/\\\/josmaequipamiento.es\\\/?product=armario-bilaminado-cubo-mcs#primaryimage\"},\"image\":{\"@id\":\"http:\\\/\\\/josmaequipamiento.es\\\/?product=armario-bilaminado-cubo-mcs#primaryimage\"},\"thumbnailUrl\":\"https:\\\/\\\/josmaequipamiento.es\\\/wp-content\\\/uploads\\\/2016\\\/07\\\/arm_mixto_cubo-2050x800.jpg\",\"datePublished\":\"2016-07-24T14:13:49+00:00\",\"breadcrumb\":{\"@id\":\"http:\\\/\\\/josmaequipamiento.es\\\/?product=armario-bilaminado-cubo-mcs#breadcrumb\"},\"inLanguage\":\"es\",\"potentialAction\":[{\"@type\":\"ReadAction\",\"target\":[\"http:\\\/\\\/josmaequipamiento.es\\\/?product=armario-bilaminado-cubo-mcs\"]}]},{\"@type\":\"ImageObject\",\"inLanguage\":\"es\",\"@id\":\"http:\\\/\\\/josmaequipamiento.es\\\/?product=armario-bilaminado-cubo-mcs#primaryimage\",\"url\":\"https:\\\/\\\/josmaequipamiento.es\\\/wp-content\\\/uploads\\\/2016\\\/07\\\/arm_mixto_cubo-2050x800.jpg\",\"contentUrl\":\"https:\\\/\\\/josmaequipamiento.es\\\/wp-content\\\/uploads\\\/2016\\\/07\\\/arm_mixto_cubo-2050x800.jpg\",\"width\":640,\"height\":480},{\"@type\":\"BreadcrumbList\",\"@id\":\"http:\\\/\\\/josmaequipamiento.es\\\/?product=armario-bilaminado-cubo-mcs#breadcrumb\",\"itemListElement\":[{\"@type\":\"ListItem\",\"position\":1,\"name\":\"Home\",\"item\":\"http:\\\/\\\/josmaequipamiento.es\\\/\"},{\"@type\":\"ListItem\",\"position\":2,\"name\":\"Productos\",\"item\":\"http:\\\/\\\/josmaequipamiento.es\\\/?page_id=109\"},{\"@type\":\"ListItem\",\"position\":3,\"name\":\"Armario Bilaminado Cubo MCS\"}]},{\"@type\":\"WebSite\",\"@id\":\"http:\\\/\\\/josmaequipamiento.es\\\/#website\",\"url\":\"http:\\\/\\\/josmaequipamiento.es\\\/\",\"name\":\"Josma Equipamiento\",\"description\":\"Todo lo relativo a equipamiento\",\"potentialAction\":[{\"@type\":\"SearchAction\",\"target\":{\"@type\":\"EntryPoint\",\"urlTemplate\":\"http:\\\/\\\/josmaequipamiento.es\\\/?s={search_term_string}\"},\"query-input\":{\"@type\":\"PropertyValueSpecification\",\"valueRequired\":true,\"valueName\":\"search_term_string\"}}],\"inLanguage\":\"es\"}]}<\/script>\n<!-- \/ Yoast SEO plugin. -->","yoast_head_json":{"title":"Armario Bilaminado Cubo MCS - Josma Equipamiento","robots":{"index":"index","follow":"follow","max-snippet":"max-snippet:-1","max-image-preview":"max-image-preview:large","max-video-preview":"max-video-preview:-1"},"canonical":"http:\/\/josmaequipamiento.es\/?product=armario-bilaminado-cubo-mcs","og_locale":"es_ES","og_type":"article","og_title":"Armario Bilaminado Cubo MCS - Josma Equipamiento","og_description":"Las medidas de esta serie son id\u00f3neas para el almacenamiento de clasificadores tipo A-Z, adem\u00e1s de la posibilidad de incorporar estantes met\u00e1licos o bastidores telesc\u00f3picos, para carpetas colgantes.","og_url":"http:\/\/josmaequipamiento.es\/?product=armario-bilaminado-cubo-mcs","og_site_name":"Josma Equipamiento","og_image":[{"width":640,"height":480,"url":"http:\/\/josmaequipamiento.es\/wp-content\/uploads\/2016\/07\/arm_mixto_cubo-2050x800.jpg","type":"image\/jpeg"}],"twitter_card":"summary_large_image","twitter_misc":{"Tiempo de lectura":"1 minuto"},"schema":{"@context":"https:\/\/schema.org","@graph":[{"@type":"WebPage","@id":"http:\/\/josmaequipamiento.es\/?product=armario-bilaminado-cubo-mcs","url":"http:\/\/josmaequipamiento.es\/?product=armario-bilaminado-cubo-mcs","name":"Armario Bilaminado Cubo MCS - Josma Equipamiento","isPartOf":{"@id":"http:\/\/josmaequipamiento.es\/#website"},"primaryImageOfPage":{"@id":"http:\/\/josmaequipamiento.es\/?product=armario-bilaminado-cubo-mcs#primaryimage"},"image":{"@id":"http:\/\/josmaequipamiento.es\/?product=armario-bilaminado-cubo-mcs#primaryimage"},"thumbnailUrl":"https:\/\/josmaequipamiento.es\/wp-content\/uploads\/2016\/07\/arm_mixto_cubo-2050x800.jpg","datePublished":"2016-07-24T14:13:49+00:00","breadcrumb":{"@id":"http:\/\/josmaequipamiento.es\/?product=armario-bilaminado-cubo-mcs#breadcrumb"},"inLanguage":"es","potentialAction":[{"@type":"ReadAction","target":["http:\/\/josmaequipamiento.es\/?product=armario-bilaminado-cubo-mcs"]}]},{"@type":"ImageObject","inLanguage":"es","@id":"http:\/\/josmaequipamiento.es\/?product=armario-bilaminado-cubo-mcs#primaryimage","url":"https:\/\/josmaequipamiento.es\/wp-content\/uploads\/2016\/07\/arm_mixto_cubo-2050x800.jpg","contentUrl":"https:\/\/josmaequipamiento.es\/wp-content\/uploads\/2016\/07\/arm_mixto_cubo-2050x800.jpg","width":640,"height":480},{"@type":"BreadcrumbList","@id":"http:\/\/josmaequipamiento.es\/?product=armario-bilaminado-cubo-mcs#breadcrumb","itemListElement":[{"@type":"ListItem","position":1,"name":"Home","item":"http:\/\/josmaequipamiento.es\/"},{"@type":"ListItem","position":2,"name":"Productos","item":"http:\/\/josmaequipamiento.es\/?page_id=109"},{"@type":"ListItem","position":3,"name":"Armario Bilaminado Cubo MCS"}]},{"@type":"WebSite","@id":"http:\/\/josmaequipamiento.es\/#website","url":"http:\/\/josmaequipamiento.es\/","name":"Josma Equipamiento","description":"Todo lo relativo a equipamiento","potentialAction":[{"@type":"SearchAction","target":{"@type":"EntryPoint","urlTemplate":"http:\/\/josmaequipamiento.es\/?s={search_term_string}"},"query-input":{"@type":"PropertyValueSpecification","valueRequired":true,"valueName":"search_term_string"}}],"inLanguage":"es"}]}},"_links":{"self":[{"href":"https:\/\/josmaequipamiento.es\/index.php?rest_route=\/wp\/v2\/product\/2122","targetHints":{"allow":["GET"]}}],"collection":[{"href":"https:\/\/josmaequipamiento.es\/index.php?rest_route=\/wp\/v2\/product"}],"about":[{"href":"https:\/\/josmaequipamiento.es\/index.php?rest_route=\/wp\/v2\/types\/product"}],"replies":[{"embeddable":true,"href":"https:\/\/josmaequipamiento.es\/index.php?rest_route=%2Fwp%2Fv2%2Fcomments&post=2122"}],"wp:featuredmedia":[{"embeddable":true,"href":"https:\/\/josmaequipamiento.es\/index.php?rest_route=\/wp\/v2\/media\/2124"}],"wp:attachment":[{"href":"https:\/\/josmaequipamiento.es\/index.php?rest_route=%2Fwp%2Fv2%2Fmedia&parent=2122"}],"wp:term":[{"taxonomy":"product_brand","embeddable":true,"href":"https:\/\/josmaequipamiento.es\/index.php?rest_route=%2Fwp%2Fv2%2Fproduct_brand&post=2122"},{"taxonomy":"product_cat","embeddable":true,"href":"https:\/\/josmaequipamiento.es\/index.php?rest_route=%2Fwp%2Fv2%2Fproduct_cat&post=2122"},{"taxonomy":"product_tag","embeddable":true,"href":"https:\/\/josmaequipamiento.es\/index.php?rest_route=%2Fwp%2Fv2%2Fproduct_tag&post=2122"}],"curies":[{"name":"wp","href":"https:\/\/api.w.org\/{rel}","templated":true}]}}