{"id":2137,"date":"2016-07-24T14:41:24","date_gmt":"2016-07-24T14:41:24","guid":{"rendered":"http:\/\/josmaequipamiento.es\/?post_type=product&#038;p=2137"},"modified":"2016-07-24T15:59:09","modified_gmt":"2016-07-24T15:59:09","slug":"buck-basic-f5","status":"publish","type":"product","link":"https:\/\/josmaequipamiento.es\/?product=buck-basic-f5","title":{"rendered":"Buck Bilaminado Basic F5"},"content":{"rendered":"<p><span style=\"color: #000000; font-family: Calibri; font-size: medium;\">BUC BILAMINADO FORMA5<\/span><\/p>\n<p><span style=\"color: #000000; font-family: Calibri; font-size: medium;\">Tablero de part\u00edculas de 19 mm de espesor con recubrimiento melaminico. Canto termofusionado de 2 mm de espesor en todo el techo, de1,2 mm de espesor en el frontal de los laterales y de 0,5 mm en las partes superior, interior y trasera de los laterales. Mecanizados para su correcto montaje.<\/span><\/p>\n<p><span style=\"color: #000000; font-family: Calibri; font-size: medium;\">SUELO: Tablero de part\u00edculas de 30 mm de espesor con recubrimiento melaminico. Canto termofusionado de 1,2 mm de espesor en el frontal. Mecanizados para su correcto montaje.<\/span><\/p>\n<p><span style=\"color: #000000; font-family: Calibri; font-size: medium;\">TRASERA: Tablero de part\u00edculas de 10 mm de espesor con recubrimiento melaminico. Canto termofusionado de 0,5 mm de espesor en todo el per\u00edmetro. La trasera se fija a los laterales con cola.<\/span><\/p>\n<p><span style=\"color: #000000; font-family: Calibri; font-size: medium;\">CAJONES: Cajones met\u00e1licos o de PVC. Gu\u00edas met\u00e1licas con rodamientos de bola para facilitar el desplazamiento. Frentes de caj\u00f3n de tablero de part\u00edculas con recubrimiento melaminico de 19 mm de espesor y canto termofusionado de 0,5 mm en todo el per\u00edmetro. Tiradores de extrusi\u00f3n de aluminio.<\/span><\/p>\n","protected":false},"excerpt":{"rendered":"<p><span style=\"color: #000000; font-family: Calibri; font-size: medium;\">Buck Basic rodantes de 3 cajones o 1 caj\u00f3n y archivo<\/span><\/p>\n","protected":false},"featured_media":2129,"comment_status":"open","ping_status":"closed","template":"","meta":{"_et_pb_use_builder":"","_et_pb_old_content":"","_et_gb_content_width":""},"product_brand":[],"product_cat":[57,75,72],"product_tag":[189],"class_list":{"0":"post-2137","1":"product","2":"type-product","3":"status-publish","4":"has-post-thumbnail","6":"product_cat-espacios-de-trabajo","7":"product_cat-bucks-cajoneras","8":"product_cat-sistemas-de-archivo","9":"product_tag-armarios-oficina","11":"first","12":"instock","13":"shipping-taxable","14":"product-type-simple"},"yoast_head":"<!-- This site is optimized with the Yoast SEO plugin v27.3 - https:\/\/yoast.com\/product\/yoast-seo-wordpress\/ -->\n<title>Buck Bilaminado Basic F5 - Josma Equipamiento<\/title>\n<meta name=\"robots\" content=\"index, follow, max-snippet:-1, max-image-preview:large, max-video-preview:-1\" \/>\n<link rel=\"canonical\" href=\"http:\/\/josmaequipamiento.es\/?product=buck-basic-f5\" \/>\n<meta property=\"og:locale\" content=\"es_ES\" \/>\n<meta property=\"og:type\" content=\"article\" \/>\n<meta property=\"og:title\" content=\"Buck Bilaminado Basic F5 - Josma Equipamiento\" \/>\n<meta property=\"og:description\" content=\"Buck Basic rodantes de 3 cajones o 1 caj\u00f3n y archivo\" \/>\n<meta property=\"og:url\" content=\"http:\/\/josmaequipamiento.es\/?product=buck-basic-f5\" \/>\n<meta property=\"og:site_name\" content=\"Josma Equipamiento\" \/>\n<meta property=\"article:modified_time\" content=\"2016-07-24T15:59:09+00:00\" \/>\n<meta property=\"og:image\" content=\"http:\/\/josmaequipamiento.es\/wp-content\/uploads\/2016\/05\/buck_f5.png\" \/>\n\t<meta property=\"og:image:width\" content=\"640\" \/>\n\t<meta property=\"og:image:height\" content=\"480\" \/>\n\t<meta property=\"og:image:type\" content=\"image\/png\" \/>\n<meta name=\"twitter:card\" content=\"summary_large_image\" \/>\n<meta name=\"twitter:label1\" content=\"Tiempo de lectura\" \/>\n\t<meta name=\"twitter:data1\" content=\"1 minuto\" \/>\n<script type=\"application\/ld+json\" class=\"yoast-schema-graph\">{\"@context\":\"https:\\\/\\\/schema.org\",\"@graph\":[{\"@type\":\"WebPage\",\"@id\":\"http:\\\/\\\/josmaequipamiento.es\\\/?product=buck-basic-f5\",\"url\":\"http:\\\/\\\/josmaequipamiento.es\\\/?product=buck-basic-f5\",\"name\":\"Buck Bilaminado Basic F5 - Josma Equipamiento\",\"isPartOf\":{\"@id\":\"http:\\\/\\\/josmaequipamiento.es\\\/#website\"},\"primaryImageOfPage\":{\"@id\":\"http:\\\/\\\/josmaequipamiento.es\\\/?product=buck-basic-f5#primaryimage\"},\"image\":{\"@id\":\"http:\\\/\\\/josmaequipamiento.es\\\/?product=buck-basic-f5#primaryimage\"},\"thumbnailUrl\":\"https:\\\/\\\/josmaequipamiento.es\\\/wp-content\\\/uploads\\\/2016\\\/05\\\/buck_f5.png\",\"datePublished\":\"2016-07-24T14:41:24+00:00\",\"dateModified\":\"2016-07-24T15:59:09+00:00\",\"breadcrumb\":{\"@id\":\"http:\\\/\\\/josmaequipamiento.es\\\/?product=buck-basic-f5#breadcrumb\"},\"inLanguage\":\"es\",\"potentialAction\":[{\"@type\":\"ReadAction\",\"target\":[\"http:\\\/\\\/josmaequipamiento.es\\\/?product=buck-basic-f5\"]}]},{\"@type\":\"ImageObject\",\"inLanguage\":\"es\",\"@id\":\"http:\\\/\\\/josmaequipamiento.es\\\/?product=buck-basic-f5#primaryimage\",\"url\":\"https:\\\/\\\/josmaequipamiento.es\\\/wp-content\\\/uploads\\\/2016\\\/05\\\/buck_f5.png\",\"contentUrl\":\"https:\\\/\\\/josmaequipamiento.es\\\/wp-content\\\/uploads\\\/2016\\\/05\\\/buck_f5.png\",\"width\":640,\"height\":480},{\"@type\":\"BreadcrumbList\",\"@id\":\"http:\\\/\\\/josmaequipamiento.es\\\/?product=buck-basic-f5#breadcrumb\",\"itemListElement\":[{\"@type\":\"ListItem\",\"position\":1,\"name\":\"Home\",\"item\":\"http:\\\/\\\/josmaequipamiento.es\\\/\"},{\"@type\":\"ListItem\",\"position\":2,\"name\":\"Productos\",\"item\":\"http:\\\/\\\/josmaequipamiento.es\\\/?page_id=109\"},{\"@type\":\"ListItem\",\"position\":3,\"name\":\"Buck Bilaminado Basic F5\"}]},{\"@type\":\"WebSite\",\"@id\":\"http:\\\/\\\/josmaequipamiento.es\\\/#website\",\"url\":\"http:\\\/\\\/josmaequipamiento.es\\\/\",\"name\":\"Josma Equipamiento\",\"description\":\"Todo lo relativo a equipamiento\",\"potentialAction\":[{\"@type\":\"SearchAction\",\"target\":{\"@type\":\"EntryPoint\",\"urlTemplate\":\"http:\\\/\\\/josmaequipamiento.es\\\/?s={search_term_string}\"},\"query-input\":{\"@type\":\"PropertyValueSpecification\",\"valueRequired\":true,\"valueName\":\"search_term_string\"}}],\"inLanguage\":\"es\"}]}<\/script>\n<!-- \/ Yoast SEO plugin. -->","yoast_head_json":{"title":"Buck Bilaminado Basic F5 - Josma Equipamiento","robots":{"index":"index","follow":"follow","max-snippet":"max-snippet:-1","max-image-preview":"max-image-preview:large","max-video-preview":"max-video-preview:-1"},"canonical":"http:\/\/josmaequipamiento.es\/?product=buck-basic-f5","og_locale":"es_ES","og_type":"article","og_title":"Buck Bilaminado Basic F5 - Josma Equipamiento","og_description":"Buck Basic rodantes de 3 cajones o 1 caj\u00f3n y archivo","og_url":"http:\/\/josmaequipamiento.es\/?product=buck-basic-f5","og_site_name":"Josma Equipamiento","article_modified_time":"2016-07-24T15:59:09+00:00","og_image":[{"width":640,"height":480,"url":"http:\/\/josmaequipamiento.es\/wp-content\/uploads\/2016\/05\/buck_f5.png","type":"image\/png"}],"twitter_card":"summary_large_image","twitter_misc":{"Tiempo de lectura":"1 minuto"},"schema":{"@context":"https:\/\/schema.org","@graph":[{"@type":"WebPage","@id":"http:\/\/josmaequipamiento.es\/?product=buck-basic-f5","url":"http:\/\/josmaequipamiento.es\/?product=buck-basic-f5","name":"Buck Bilaminado Basic F5 - Josma Equipamiento","isPartOf":{"@id":"http:\/\/josmaequipamiento.es\/#website"},"primaryImageOfPage":{"@id":"http:\/\/josmaequipamiento.es\/?product=buck-basic-f5#primaryimage"},"image":{"@id":"http:\/\/josmaequipamiento.es\/?product=buck-basic-f5#primaryimage"},"thumbnailUrl":"https:\/\/josmaequipamiento.es\/wp-content\/uploads\/2016\/05\/buck_f5.png","datePublished":"2016-07-24T14:41:24+00:00","dateModified":"2016-07-24T15:59:09+00:00","breadcrumb":{"@id":"http:\/\/josmaequipamiento.es\/?product=buck-basic-f5#breadcrumb"},"inLanguage":"es","potentialAction":[{"@type":"ReadAction","target":["http:\/\/josmaequipamiento.es\/?product=buck-basic-f5"]}]},{"@type":"ImageObject","inLanguage":"es","@id":"http:\/\/josmaequipamiento.es\/?product=buck-basic-f5#primaryimage","url":"https:\/\/josmaequipamiento.es\/wp-content\/uploads\/2016\/05\/buck_f5.png","contentUrl":"https:\/\/josmaequipamiento.es\/wp-content\/uploads\/2016\/05\/buck_f5.png","width":640,"height":480},{"@type":"BreadcrumbList","@id":"http:\/\/josmaequipamiento.es\/?product=buck-basic-f5#breadcrumb","itemListElement":[{"@type":"ListItem","position":1,"name":"Home","item":"http:\/\/josmaequipamiento.es\/"},{"@type":"ListItem","position":2,"name":"Productos","item":"http:\/\/josmaequipamiento.es\/?page_id=109"},{"@type":"ListItem","position":3,"name":"Buck Bilaminado Basic F5"}]},{"@type":"WebSite","@id":"http:\/\/josmaequipamiento.es\/#website","url":"http:\/\/josmaequipamiento.es\/","name":"Josma Equipamiento","description":"Todo lo relativo a equipamiento","potentialAction":[{"@type":"SearchAction","target":{"@type":"EntryPoint","urlTemplate":"http:\/\/josmaequipamiento.es\/?s={search_term_string}"},"query-input":{"@type":"PropertyValueSpecification","valueRequired":true,"valueName":"search_term_string"}}],"inLanguage":"es"}]}},"_links":{"self":[{"href":"https:\/\/josmaequipamiento.es\/index.php?rest_route=\/wp\/v2\/product\/2137","targetHints":{"allow":["GET"]}}],"collection":[{"href":"https:\/\/josmaequipamiento.es\/index.php?rest_route=\/wp\/v2\/product"}],"about":[{"href":"https:\/\/josmaequipamiento.es\/index.php?rest_route=\/wp\/v2\/types\/product"}],"replies":[{"embeddable":true,"href":"https:\/\/josmaequipamiento.es\/index.php?rest_route=%2Fwp%2Fv2%2Fcomments&post=2137"}],"wp:featuredmedia":[{"embeddable":true,"href":"https:\/\/josmaequipamiento.es\/index.php?rest_route=\/wp\/v2\/media\/2129"}],"wp:attachment":[{"href":"https:\/\/josmaequipamiento.es\/index.php?rest_route=%2Fwp%2Fv2%2Fmedia&parent=2137"}],"wp:term":[{"taxonomy":"product_brand","embeddable":true,"href":"https:\/\/josmaequipamiento.es\/index.php?rest_route=%2Fwp%2Fv2%2Fproduct_brand&post=2137"},{"taxonomy":"product_cat","embeddable":true,"href":"https:\/\/josmaequipamiento.es\/index.php?rest_route=%2Fwp%2Fv2%2Fproduct_cat&post=2137"},{"taxonomy":"product_tag","embeddable":true,"href":"https:\/\/josmaequipamiento.es\/index.php?rest_route=%2Fwp%2Fv2%2Fproduct_tag&post=2137"}],"curies":[{"name":"wp","href":"https:\/\/api.w.org\/{rel}","templated":true}]}}