{"id":2145,"date":"2016-07-24T15:53:44","date_gmt":"2016-07-24T15:53:44","guid":{"rendered":"http:\/\/josmaequipamiento.es\/?post_type=product&#038;p=2145"},"modified":"2016-07-24T15:57:56","modified_gmt":"2016-07-24T15:57:56","slug":"armario-metalico-electrificado-energy-line-gapsa","status":"publish","type":"product","link":"https:\/\/josmaequipamiento.es\/?product=armario-metalico-electrificado-energy-line-gapsa","title":{"rendered":"Armario met\u00e1lico electrificado Energy Line Gapsa"},"content":{"rendered":"<p><span style=\"color: #000000; font-family: Calibri; font-size: medium;\">El armario est\u00e1 fabricado con chapa de acero laminada en fr\u00edo, de un espesor entre 0,8 mm y 1,2 mm (dependiendo de la parte del armario) con la referencia fe-P01 equivalente a la norma europea EN-10130, con una resistencia de 38 kg al mm. \u00c9sta l\u00e1mina es considerada la m\u00e1s apropiada para la fabricaci\u00f3n de este tipo de productos, dado su bajo contenido en carbono, lo que permite cierta elasticidad para embuticiones o conformaciones en \u00e1ngulo recto sin llegar nunca al punto de rotura, ofreciendo a su vez una gran conductibilidad para su uni\u00f3n mediante soldadura por resistencia.<\/span><\/p>\n<p><span style=\"color: #000000; font-family: Calibri; font-size: medium;\">Equipamiento de serie:<\/span><\/p>\n<p><span style=\"color: #000000; font-family: Calibri; font-size: medium;\">\u202211 Estantes fijos para almacenamiento horizontal<\/span><\/p>\n<p><span style=\"color: #000000; font-family: Calibri; font-size: medium;\">\u2022Alojamiento espec\u00edfico para cargadores<\/span><\/p>\n<p><span style=\"color: #000000; font-family: Calibri; font-size: medium;\">\u2022Sistema de ruedas con frenos delanteros<\/span><\/p>\n<p><span style=\"color: #000000; font-family: Calibri; font-size: medium;\">\u2022Cierre con 3 puntos de anclaje<\/span><\/p>\n<p><span style=\"color: #000000; font-family: Calibri; font-size: medium;\">\u2022Juego de tiradores y asas laterales<\/span><\/p>\n<p><span style=\"color: #000000; font-family: Calibri; font-size: medium;\">\u2022Aperturas troqueladas para mayor ventilaci\u00f3n<\/span><\/p>\n<p><span style=\"color: #000000; font-family: Calibri; font-size: medium;\">\u2022Puertas con refuerzo interior mediante omega<\/span><\/p>\n<p><span style=\"color: #000000; font-family: Calibri; font-size: medium;\">\u2022Cantos redondeados para reducir riesgos de impacto<\/span><\/p>\n<p><span style=\"color: #000000; font-family: Calibri; font-size: medium;\">\u20226\/7 Bases tomas Schuko<\/span><\/p>\n<p><span style=\"color: #000000; font-family: Calibri; font-size: medium;\">\u2022Conexi\u00f3n el\u00e9ctrica de 2.5m<\/span><\/p>\n<p><span style=\"color: #000000; font-family: Calibri; font-size: medium;\">\u2022Protecci\u00f3n diferencial<\/span><\/p>\n<p><span style=\"color: #000000; font-family: Calibri; font-size: medium;\">\u2022Magnetot\u00e9rmico 16 A<\/span><\/p>\n<p><span style=\"color: #000000; font-family: Calibri; font-size: medium;\">Ruedas: Una de las principales ventajas m\u00e1s competitivas del armario ROLLER es el uso de sus ruedas, que nos permiten desplazar f\u00e1cil y c\u00f3modamente el armario si necesidad de cargar peso. Estas ruedas est\u00e1n compuestas por un freno que permite el poder fijar el armario, una vez situado en el espacio.<\/span><\/p>\n<p><span style=\"color: #000000; font-family: Calibri; font-size: medium;\">Pintura: Tratamiento superficial del armario antes del proceso de aplicaci\u00f3n de la pintura polvo epoxi-poli\u00e9ster. Pintura: Recubrimiento en polvo formulado con una mezcla de resinas epoxi-poli\u00e9ster con buenas propiedades mec\u00e1nicas y qu\u00edmicas. *Las manchas de eosine, pintau\u00f1as, bol\u00edgrafo y rotulador permanente deber\u00e1n ser limpiadas inmediatamente.<\/span><\/p>\n<p><span style=\"color: #000000; font-family: Calibri; font-size: medium;\">Capacidades: Niveles: 12 = ( 11baldas + Nivel inf. )<\/span><\/p>\n<p><span style=\"color: #000000; font-family: Calibri; font-size: medium;\">\u2022ORDENADORES 10\u201d 35(33+2inf.) 35(33+2inf.)<\/span><\/p>\n<p><span style=\"color: #000000; font-family: Calibri; font-size: medium;\">\u2022ORDENADORES 12\u201d 35(33+2inf.) 24 (2 x nivel)<\/span><\/p>\n<p><span style=\"color: #000000; font-family: Calibri; font-size: medium;\">\u2022ORDENADORES 13,3\u201d 24(2xnivel) 24 (2 x nivel)<\/span><\/p>\n<p><span style=\"color: #000000; font-family: Calibri; font-size: medium;\">\u2022ORDENADORES 15,4\u201d 24(2xnivel) 24 (2 x nivel)<\/span><\/p>\n","protected":false},"excerpt":{"rendered":"<p><span style=\"color: #000000; font-family: Calibri; font-size: medium;\">Armario de Persiana electrificado con ruedas. Armarios fabricados en chapa laminada en fr\u00edo, con soldadura a hilo contin\u00fao de cobre. Estructura dotada mediante 4 ruedas que permiten una f\u00e1cil movilidad del armario. Profundidad de 550 mm. Ancho de 1020. Estructura monobloc. Posibilidad de puertas delanteras de persiana. Llave plegable<\/span><\/p>\n","protected":false},"featured_media":2149,"comment_status":"open","ping_status":"closed","template":"","meta":{"_et_pb_use_builder":"","_et_pb_old_content":"","_et_gb_content_width":""},"product_brand":[],"product_cat":[57,74,72],"product_tag":[189],"class_list":{"0":"post-2145","1":"product","2":"type-product","3":"status-publish","4":"has-post-thumbnail","6":"product_cat-espacios-de-trabajo","7":"product_cat-armarios-metalicos","8":"product_cat-sistemas-de-archivo","9":"product_tag-armarios-oficina","11":"first","12":"instock","13":"shipping-taxable","14":"product-type-simple"},"yoast_head":"<!-- This site is optimized with the Yoast SEO plugin v27.3 - https:\/\/yoast.com\/product\/yoast-seo-wordpress\/ -->\n<title>Armario met\u00e1lico electrificado Energy Line Gapsa - Josma Equipamiento<\/title>\n<meta name=\"robots\" content=\"index, follow, max-snippet:-1, max-image-preview:large, max-video-preview:-1\" \/>\n<link rel=\"canonical\" href=\"https:\/\/josmaequipamiento.es\/?product=armario-metalico-electrificado-energy-line-gapsa\" \/>\n<meta property=\"og:locale\" content=\"es_ES\" \/>\n<meta property=\"og:type\" content=\"article\" \/>\n<meta property=\"og:title\" content=\"Armario met\u00e1lico electrificado Energy Line Gapsa - Josma Equipamiento\" \/>\n<meta property=\"og:description\" content=\"Armario de Persiana electrificado con ruedas. Armarios fabricados en chapa laminada en fr\u00edo, con soldadura a hilo contin\u00fao de cobre. Estructura dotada mediante 4 ruedas que permiten una f\u00e1cil movilidad del armario. Profundidad de 550 mm. Ancho de 1020. Estructura monobloc. Posibilidad de puertas delanteras de persiana. Llave plegable\" \/>\n<meta property=\"og:url\" content=\"https:\/\/josmaequipamiento.es\/?product=armario-metalico-electrificado-energy-line-gapsa\" \/>\n<meta property=\"og:site_name\" content=\"Josma Equipamiento\" \/>\n<meta property=\"article:modified_time\" content=\"2016-07-24T15:57:56+00:00\" \/>\n<meta property=\"og:image\" content=\"https:\/\/josmaequipamiento.es\/wp-content\/uploads\/2016\/07\/armario_portatiles_energy-gapsa.png\" \/>\n\t<meta property=\"og:image:width\" content=\"640\" \/>\n\t<meta property=\"og:image:height\" content=\"480\" \/>\n\t<meta property=\"og:image:type\" content=\"image\/png\" \/>\n<meta name=\"twitter:card\" content=\"summary_large_image\" \/>\n<meta name=\"twitter:label1\" content=\"Tiempo de lectura\" \/>\n\t<meta name=\"twitter:data1\" content=\"1 minuto\" \/>\n<script type=\"application\/ld+json\" class=\"yoast-schema-graph\">{\"@context\":\"https:\\\/\\\/schema.org\",\"@graph\":[{\"@type\":\"WebPage\",\"@id\":\"https:\\\/\\\/josmaequipamiento.es\\\/?product=armario-metalico-electrificado-energy-line-gapsa\",\"url\":\"https:\\\/\\\/josmaequipamiento.es\\\/?product=armario-metalico-electrificado-energy-line-gapsa\",\"name\":\"Armario met\u00e1lico electrificado Energy Line Gapsa - Josma Equipamiento\",\"isPartOf\":{\"@id\":\"http:\\\/\\\/josmaequipamiento.es\\\/#website\"},\"primaryImageOfPage\":{\"@id\":\"https:\\\/\\\/josmaequipamiento.es\\\/?product=armario-metalico-electrificado-energy-line-gapsa#primaryimage\"},\"image\":{\"@id\":\"https:\\\/\\\/josmaequipamiento.es\\\/?product=armario-metalico-electrificado-energy-line-gapsa#primaryimage\"},\"thumbnailUrl\":\"https:\\\/\\\/josmaequipamiento.es\\\/wp-content\\\/uploads\\\/2016\\\/07\\\/armario_portatiles_energy-gapsa.png\",\"datePublished\":\"2016-07-24T15:53:44+00:00\",\"dateModified\":\"2016-07-24T15:57:56+00:00\",\"breadcrumb\":{\"@id\":\"https:\\\/\\\/josmaequipamiento.es\\\/?product=armario-metalico-electrificado-energy-line-gapsa#breadcrumb\"},\"inLanguage\":\"es\",\"potentialAction\":[{\"@type\":\"ReadAction\",\"target\":[\"https:\\\/\\\/josmaequipamiento.es\\\/?product=armario-metalico-electrificado-energy-line-gapsa\"]}]},{\"@type\":\"ImageObject\",\"inLanguage\":\"es\",\"@id\":\"https:\\\/\\\/josmaequipamiento.es\\\/?product=armario-metalico-electrificado-energy-line-gapsa#primaryimage\",\"url\":\"https:\\\/\\\/josmaequipamiento.es\\\/wp-content\\\/uploads\\\/2016\\\/07\\\/armario_portatiles_energy-gapsa.png\",\"contentUrl\":\"https:\\\/\\\/josmaequipamiento.es\\\/wp-content\\\/uploads\\\/2016\\\/07\\\/armario_portatiles_energy-gapsa.png\",\"width\":640,\"height\":480},{\"@type\":\"BreadcrumbList\",\"@id\":\"https:\\\/\\\/josmaequipamiento.es\\\/?product=armario-metalico-electrificado-energy-line-gapsa#breadcrumb\",\"itemListElement\":[{\"@type\":\"ListItem\",\"position\":1,\"name\":\"Home\",\"item\":\"http:\\\/\\\/josmaequipamiento.es\\\/\"},{\"@type\":\"ListItem\",\"position\":2,\"name\":\"Productos\",\"item\":\"http:\\\/\\\/josmaequipamiento.es\\\/?page_id=109\"},{\"@type\":\"ListItem\",\"position\":3,\"name\":\"Armario met\u00e1lico electrificado Energy Line Gapsa\"}]},{\"@type\":\"WebSite\",\"@id\":\"http:\\\/\\\/josmaequipamiento.es\\\/#website\",\"url\":\"http:\\\/\\\/josmaequipamiento.es\\\/\",\"name\":\"Josma Equipamiento\",\"description\":\"Todo lo relativo a equipamiento\",\"potentialAction\":[{\"@type\":\"SearchAction\",\"target\":{\"@type\":\"EntryPoint\",\"urlTemplate\":\"http:\\\/\\\/josmaequipamiento.es\\\/?s={search_term_string}\"},\"query-input\":{\"@type\":\"PropertyValueSpecification\",\"valueRequired\":true,\"valueName\":\"search_term_string\"}}],\"inLanguage\":\"es\"}]}<\/script>\n<!-- \/ Yoast SEO plugin. -->","yoast_head_json":{"title":"Armario met\u00e1lico electrificado Energy Line Gapsa - Josma Equipamiento","robots":{"index":"index","follow":"follow","max-snippet":"max-snippet:-1","max-image-preview":"max-image-preview:large","max-video-preview":"max-video-preview:-1"},"canonical":"https:\/\/josmaequipamiento.es\/?product=armario-metalico-electrificado-energy-line-gapsa","og_locale":"es_ES","og_type":"article","og_title":"Armario met\u00e1lico electrificado Energy Line Gapsa - Josma Equipamiento","og_description":"Armario de Persiana electrificado con ruedas. Armarios fabricados en chapa laminada en fr\u00edo, con soldadura a hilo contin\u00fao de cobre. Estructura dotada mediante 4 ruedas que permiten una f\u00e1cil movilidad del armario. Profundidad de 550 mm. Ancho de 1020. Estructura monobloc. Posibilidad de puertas delanteras de persiana. Llave plegable","og_url":"https:\/\/josmaequipamiento.es\/?product=armario-metalico-electrificado-energy-line-gapsa","og_site_name":"Josma Equipamiento","article_modified_time":"2016-07-24T15:57:56+00:00","og_image":[{"width":640,"height":480,"url":"https:\/\/josmaequipamiento.es\/wp-content\/uploads\/2016\/07\/armario_portatiles_energy-gapsa.png","type":"image\/png"}],"twitter_card":"summary_large_image","twitter_misc":{"Tiempo de lectura":"1 minuto"},"schema":{"@context":"https:\/\/schema.org","@graph":[{"@type":"WebPage","@id":"https:\/\/josmaequipamiento.es\/?product=armario-metalico-electrificado-energy-line-gapsa","url":"https:\/\/josmaequipamiento.es\/?product=armario-metalico-electrificado-energy-line-gapsa","name":"Armario met\u00e1lico electrificado Energy Line Gapsa - Josma Equipamiento","isPartOf":{"@id":"http:\/\/josmaequipamiento.es\/#website"},"primaryImageOfPage":{"@id":"https:\/\/josmaequipamiento.es\/?product=armario-metalico-electrificado-energy-line-gapsa#primaryimage"},"image":{"@id":"https:\/\/josmaequipamiento.es\/?product=armario-metalico-electrificado-energy-line-gapsa#primaryimage"},"thumbnailUrl":"https:\/\/josmaequipamiento.es\/wp-content\/uploads\/2016\/07\/armario_portatiles_energy-gapsa.png","datePublished":"2016-07-24T15:53:44+00:00","dateModified":"2016-07-24T15:57:56+00:00","breadcrumb":{"@id":"https:\/\/josmaequipamiento.es\/?product=armario-metalico-electrificado-energy-line-gapsa#breadcrumb"},"inLanguage":"es","potentialAction":[{"@type":"ReadAction","target":["https:\/\/josmaequipamiento.es\/?product=armario-metalico-electrificado-energy-line-gapsa"]}]},{"@type":"ImageObject","inLanguage":"es","@id":"https:\/\/josmaequipamiento.es\/?product=armario-metalico-electrificado-energy-line-gapsa#primaryimage","url":"https:\/\/josmaequipamiento.es\/wp-content\/uploads\/2016\/07\/armario_portatiles_energy-gapsa.png","contentUrl":"https:\/\/josmaequipamiento.es\/wp-content\/uploads\/2016\/07\/armario_portatiles_energy-gapsa.png","width":640,"height":480},{"@type":"BreadcrumbList","@id":"https:\/\/josmaequipamiento.es\/?product=armario-metalico-electrificado-energy-line-gapsa#breadcrumb","itemListElement":[{"@type":"ListItem","position":1,"name":"Home","item":"http:\/\/josmaequipamiento.es\/"},{"@type":"ListItem","position":2,"name":"Productos","item":"http:\/\/josmaequipamiento.es\/?page_id=109"},{"@type":"ListItem","position":3,"name":"Armario met\u00e1lico electrificado Energy Line Gapsa"}]},{"@type":"WebSite","@id":"http:\/\/josmaequipamiento.es\/#website","url":"http:\/\/josmaequipamiento.es\/","name":"Josma Equipamiento","description":"Todo lo relativo a equipamiento","potentialAction":[{"@type":"SearchAction","target":{"@type":"EntryPoint","urlTemplate":"http:\/\/josmaequipamiento.es\/?s={search_term_string}"},"query-input":{"@type":"PropertyValueSpecification","valueRequired":true,"valueName":"search_term_string"}}],"inLanguage":"es"}]}},"_links":{"self":[{"href":"https:\/\/josmaequipamiento.es\/index.php?rest_route=\/wp\/v2\/product\/2145","targetHints":{"allow":["GET"]}}],"collection":[{"href":"https:\/\/josmaequipamiento.es\/index.php?rest_route=\/wp\/v2\/product"}],"about":[{"href":"https:\/\/josmaequipamiento.es\/index.php?rest_route=\/wp\/v2\/types\/product"}],"replies":[{"embeddable":true,"href":"https:\/\/josmaequipamiento.es\/index.php?rest_route=%2Fwp%2Fv2%2Fcomments&post=2145"}],"wp:featuredmedia":[{"embeddable":true,"href":"https:\/\/josmaequipamiento.es\/index.php?rest_route=\/wp\/v2\/media\/2149"}],"wp:attachment":[{"href":"https:\/\/josmaequipamiento.es\/index.php?rest_route=%2Fwp%2Fv2%2Fmedia&parent=2145"}],"wp:term":[{"taxonomy":"product_brand","embeddable":true,"href":"https:\/\/josmaequipamiento.es\/index.php?rest_route=%2Fwp%2Fv2%2Fproduct_brand&post=2145"},{"taxonomy":"product_cat","embeddable":true,"href":"https:\/\/josmaequipamiento.es\/index.php?rest_route=%2Fwp%2Fv2%2Fproduct_cat&post=2145"},{"taxonomy":"product_tag","embeddable":true,"href":"https:\/\/josmaequipamiento.es\/index.php?rest_route=%2Fwp%2Fv2%2Fproduct_tag&post=2145"}],"curies":[{"name":"wp","href":"https:\/\/api.w.org\/{rel}","templated":true}]}}