{"id":2158,"date":"2016-07-24T16:50:21","date_gmt":"2016-07-24T16:50:21","guid":{"rendered":"http:\/\/josmaequipamiento.es\/?post_type=product&#038;p=2158"},"modified":"2016-07-24T16:50:21","modified_gmt":"2016-07-24T16:50:21","slug":"armario-metalico-net-mcs","status":"publish","type":"product","link":"https:\/\/josmaequipamiento.es\/?product=armario-metalico-net-mcs","title":{"rendered":"Armario Met\u00e1lico Net MCS"},"content":{"rendered":"<p><span style=\"color: #000000; font-family: Calibri; font-size: medium;\">Armario fabricado en chapa de acero de 0,8 mm, pulida y laminada en fr\u00edo.<\/span><\/p>\n<p><span style=\"color: #000000; font-family: Calibri; font-size: medium;\">Estructura monobloque soldada, pintada en epoxi en polvo y secado al horno.<\/span><\/p>\n<p><span style=\"color: #000000; font-family: Calibri; font-size: medium;\">Equipados con estantes regulables en altura y preparados para carpetas colgantes.<\/span><\/p>\n<p><span style=\"color: #000000; font-family: Calibri; font-size: medium;\">Todos los armarios ir\u00e1n dotados de niveladores.<\/span><\/p>\n<p><span style=\"color: #000000; font-family: Calibri; font-size: medium;\">Puertas met\u00e1licas y opci\u00f3n de melamina de 19 mm<\/span><\/p>\n<p><span style=\"color: #000000; font-family: Calibri; font-size: medium;\">Los armarios de 750 mm de altura adem\u00e1s llevar\u00e1n la encimera en melamina de 19 mm.<\/span><\/p>\n<p><span style=\"color: #000000; font-family: Calibri; font-size: medium;\">Las puertas estar\u00e1n provistas de tiradores met\u00e1licos ergon\u00f3micos, acabados en aluminio, y bisagras con 110\u00b0 de apertura y cerradura de falleba con dos llaves de funda articulada.<\/span><\/p>\n<p><span style=\"color: #000000; font-family: Calibri; font-size: medium;\">Medidas armario: 900 mm ancho x 450 mm, fondo x 750\/1.500\/1.950 mm altura, en opciones di\u00e1fanos, puertas completas, puertas correderas, puertas bajas y archivos. <\/span><\/p>\n<p><span style=\"color: #000000; font-family: Calibri; font-size: medium;\">Varios acabados en pinturas y en melamina a elegir seg\u00fan muestrario.<\/span><\/p>\n<p><span style=\"color: #000000; font-family: Calibri; font-size: medium;\">\u00a0<\/span><\/p>\n","protected":false},"excerpt":{"rendered":"<p>Armario met\u00e1lico con puertas batientes y\u00a0corredera de melamina o met\u00e1licas<\/p>\n","protected":false},"featured_media":2159,"comment_status":"open","ping_status":"closed","template":"","meta":{"_et_pb_use_builder":"","_et_pb_old_content":"","_et_gb_content_width":""},"product_brand":[],"product_cat":[57,74,72],"product_tag":[189],"class_list":{"0":"post-2158","1":"product","2":"type-product","3":"status-publish","4":"has-post-thumbnail","6":"product_cat-espacios-de-trabajo","7":"product_cat-armarios-metalicos","8":"product_cat-sistemas-de-archivo","9":"product_tag-armarios-oficina","11":"first","12":"instock","13":"shipping-taxable","14":"product-type-simple"},"yoast_head":"<!-- This site is optimized with the Yoast SEO plugin v27.3 - https:\/\/yoast.com\/product\/yoast-seo-wordpress\/ -->\n<title>Armario Met\u00e1lico Net MCS - Josma Equipamiento<\/title>\n<meta name=\"robots\" content=\"index, follow, max-snippet:-1, max-image-preview:large, max-video-preview:-1\" \/>\n<link rel=\"canonical\" href=\"https:\/\/josmaequipamiento.es\/?product=armario-metalico-net-mcs\" \/>\n<meta property=\"og:locale\" content=\"es_ES\" \/>\n<meta property=\"og:type\" content=\"article\" \/>\n<meta property=\"og:title\" content=\"Armario Met\u00e1lico Net MCS - Josma Equipamiento\" \/>\n<meta property=\"og:description\" content=\"Armario met\u00e1lico con puertas batientes y\u00a0corredera de melamina o met\u00e1licas\" \/>\n<meta property=\"og:url\" content=\"https:\/\/josmaequipamiento.es\/?product=armario-metalico-net-mcs\" \/>\n<meta property=\"og:site_name\" content=\"Josma Equipamiento\" \/>\n<meta property=\"og:image\" content=\"https:\/\/josmaequipamiento.es\/wp-content\/uploads\/2016\/07\/armario_Net-640x480-2.jpg\" \/>\n\t<meta property=\"og:image:width\" content=\"640\" \/>\n\t<meta property=\"og:image:height\" content=\"480\" \/>\n\t<meta property=\"og:image:type\" content=\"image\/jpeg\" \/>\n<meta name=\"twitter:card\" content=\"summary_large_image\" \/>\n<meta name=\"twitter:label1\" content=\"Tiempo de lectura\" \/>\n\t<meta name=\"twitter:data1\" content=\"1 minuto\" \/>\n<script type=\"application\/ld+json\" class=\"yoast-schema-graph\">{\"@context\":\"https:\\\/\\\/schema.org\",\"@graph\":[{\"@type\":\"WebPage\",\"@id\":\"https:\\\/\\\/josmaequipamiento.es\\\/?product=armario-metalico-net-mcs\",\"url\":\"https:\\\/\\\/josmaequipamiento.es\\\/?product=armario-metalico-net-mcs\",\"name\":\"Armario Met\u00e1lico Net MCS - Josma Equipamiento\",\"isPartOf\":{\"@id\":\"http:\\\/\\\/josmaequipamiento.es\\\/#website\"},\"primaryImageOfPage\":{\"@id\":\"https:\\\/\\\/josmaequipamiento.es\\\/?product=armario-metalico-net-mcs#primaryimage\"},\"image\":{\"@id\":\"https:\\\/\\\/josmaequipamiento.es\\\/?product=armario-metalico-net-mcs#primaryimage\"},\"thumbnailUrl\":\"https:\\\/\\\/josmaequipamiento.es\\\/wp-content\\\/uploads\\\/2016\\\/07\\\/armario_Net-640x480-2.jpg\",\"datePublished\":\"2016-07-24T16:50:21+00:00\",\"breadcrumb\":{\"@id\":\"https:\\\/\\\/josmaequipamiento.es\\\/?product=armario-metalico-net-mcs#breadcrumb\"},\"inLanguage\":\"es\",\"potentialAction\":[{\"@type\":\"ReadAction\",\"target\":[\"https:\\\/\\\/josmaequipamiento.es\\\/?product=armario-metalico-net-mcs\"]}]},{\"@type\":\"ImageObject\",\"inLanguage\":\"es\",\"@id\":\"https:\\\/\\\/josmaequipamiento.es\\\/?product=armario-metalico-net-mcs#primaryimage\",\"url\":\"https:\\\/\\\/josmaequipamiento.es\\\/wp-content\\\/uploads\\\/2016\\\/07\\\/armario_Net-640x480-2.jpg\",\"contentUrl\":\"https:\\\/\\\/josmaequipamiento.es\\\/wp-content\\\/uploads\\\/2016\\\/07\\\/armario_Net-640x480-2.jpg\",\"width\":640,\"height\":480},{\"@type\":\"BreadcrumbList\",\"@id\":\"https:\\\/\\\/josmaequipamiento.es\\\/?product=armario-metalico-net-mcs#breadcrumb\",\"itemListElement\":[{\"@type\":\"ListItem\",\"position\":1,\"name\":\"Home\",\"item\":\"http:\\\/\\\/josmaequipamiento.es\\\/\"},{\"@type\":\"ListItem\",\"position\":2,\"name\":\"Productos\",\"item\":\"http:\\\/\\\/josmaequipamiento.es\\\/?page_id=109\"},{\"@type\":\"ListItem\",\"position\":3,\"name\":\"Armario Met\u00e1lico Net MCS\"}]},{\"@type\":\"WebSite\",\"@id\":\"http:\\\/\\\/josmaequipamiento.es\\\/#website\",\"url\":\"http:\\\/\\\/josmaequipamiento.es\\\/\",\"name\":\"Josma Equipamiento\",\"description\":\"Todo lo relativo a equipamiento\",\"potentialAction\":[{\"@type\":\"SearchAction\",\"target\":{\"@type\":\"EntryPoint\",\"urlTemplate\":\"http:\\\/\\\/josmaequipamiento.es\\\/?s={search_term_string}\"},\"query-input\":{\"@type\":\"PropertyValueSpecification\",\"valueRequired\":true,\"valueName\":\"search_term_string\"}}],\"inLanguage\":\"es\"}]}<\/script>\n<!-- \/ Yoast SEO plugin. -->","yoast_head_json":{"title":"Armario Met\u00e1lico Net MCS - Josma Equipamiento","robots":{"index":"index","follow":"follow","max-snippet":"max-snippet:-1","max-image-preview":"max-image-preview:large","max-video-preview":"max-video-preview:-1"},"canonical":"https:\/\/josmaequipamiento.es\/?product=armario-metalico-net-mcs","og_locale":"es_ES","og_type":"article","og_title":"Armario Met\u00e1lico Net MCS - Josma Equipamiento","og_description":"Armario met\u00e1lico con puertas batientes y\u00a0corredera de melamina o met\u00e1licas","og_url":"https:\/\/josmaequipamiento.es\/?product=armario-metalico-net-mcs","og_site_name":"Josma Equipamiento","og_image":[{"width":640,"height":480,"url":"https:\/\/josmaequipamiento.es\/wp-content\/uploads\/2016\/07\/armario_Net-640x480-2.jpg","type":"image\/jpeg"}],"twitter_card":"summary_large_image","twitter_misc":{"Tiempo de lectura":"1 minuto"},"schema":{"@context":"https:\/\/schema.org","@graph":[{"@type":"WebPage","@id":"https:\/\/josmaequipamiento.es\/?product=armario-metalico-net-mcs","url":"https:\/\/josmaequipamiento.es\/?product=armario-metalico-net-mcs","name":"Armario Met\u00e1lico Net MCS - Josma Equipamiento","isPartOf":{"@id":"http:\/\/josmaequipamiento.es\/#website"},"primaryImageOfPage":{"@id":"https:\/\/josmaequipamiento.es\/?product=armario-metalico-net-mcs#primaryimage"},"image":{"@id":"https:\/\/josmaequipamiento.es\/?product=armario-metalico-net-mcs#primaryimage"},"thumbnailUrl":"https:\/\/josmaequipamiento.es\/wp-content\/uploads\/2016\/07\/armario_Net-640x480-2.jpg","datePublished":"2016-07-24T16:50:21+00:00","breadcrumb":{"@id":"https:\/\/josmaequipamiento.es\/?product=armario-metalico-net-mcs#breadcrumb"},"inLanguage":"es","potentialAction":[{"@type":"ReadAction","target":["https:\/\/josmaequipamiento.es\/?product=armario-metalico-net-mcs"]}]},{"@type":"ImageObject","inLanguage":"es","@id":"https:\/\/josmaequipamiento.es\/?product=armario-metalico-net-mcs#primaryimage","url":"https:\/\/josmaequipamiento.es\/wp-content\/uploads\/2016\/07\/armario_Net-640x480-2.jpg","contentUrl":"https:\/\/josmaequipamiento.es\/wp-content\/uploads\/2016\/07\/armario_Net-640x480-2.jpg","width":640,"height":480},{"@type":"BreadcrumbList","@id":"https:\/\/josmaequipamiento.es\/?product=armario-metalico-net-mcs#breadcrumb","itemListElement":[{"@type":"ListItem","position":1,"name":"Home","item":"http:\/\/josmaequipamiento.es\/"},{"@type":"ListItem","position":2,"name":"Productos","item":"http:\/\/josmaequipamiento.es\/?page_id=109"},{"@type":"ListItem","position":3,"name":"Armario Met\u00e1lico Net MCS"}]},{"@type":"WebSite","@id":"http:\/\/josmaequipamiento.es\/#website","url":"http:\/\/josmaequipamiento.es\/","name":"Josma Equipamiento","description":"Todo lo relativo a equipamiento","potentialAction":[{"@type":"SearchAction","target":{"@type":"EntryPoint","urlTemplate":"http:\/\/josmaequipamiento.es\/?s={search_term_string}"},"query-input":{"@type":"PropertyValueSpecification","valueRequired":true,"valueName":"search_term_string"}}],"inLanguage":"es"}]}},"_links":{"self":[{"href":"https:\/\/josmaequipamiento.es\/index.php?rest_route=\/wp\/v2\/product\/2158","targetHints":{"allow":["GET"]}}],"collection":[{"href":"https:\/\/josmaequipamiento.es\/index.php?rest_route=\/wp\/v2\/product"}],"about":[{"href":"https:\/\/josmaequipamiento.es\/index.php?rest_route=\/wp\/v2\/types\/product"}],"replies":[{"embeddable":true,"href":"https:\/\/josmaequipamiento.es\/index.php?rest_route=%2Fwp%2Fv2%2Fcomments&post=2158"}],"wp:featuredmedia":[{"embeddable":true,"href":"https:\/\/josmaequipamiento.es\/index.php?rest_route=\/wp\/v2\/media\/2159"}],"wp:attachment":[{"href":"https:\/\/josmaequipamiento.es\/index.php?rest_route=%2Fwp%2Fv2%2Fmedia&parent=2158"}],"wp:term":[{"taxonomy":"product_brand","embeddable":true,"href":"https:\/\/josmaequipamiento.es\/index.php?rest_route=%2Fwp%2Fv2%2Fproduct_brand&post=2158"},{"taxonomy":"product_cat","embeddable":true,"href":"https:\/\/josmaequipamiento.es\/index.php?rest_route=%2Fwp%2Fv2%2Fproduct_cat&post=2158"},{"taxonomy":"product_tag","embeddable":true,"href":"https:\/\/josmaequipamiento.es\/index.php?rest_route=%2Fwp%2Fv2%2Fproduct_tag&post=2158"}],"curies":[{"name":"wp","href":"https:\/\/api.w.org\/{rel}","templated":true}]}}