{"id":2165,"date":"2016-07-26T07:33:12","date_gmt":"2016-07-26T07:33:12","guid":{"rendered":"http:\/\/josmaequipamiento.es\/?post_type=product&#038;p=2165"},"modified":"2016-07-26T07:33:12","modified_gmt":"2016-07-26T07:33:12","slug":"archivador-metalico-psf-bisley","status":"publish","type":"product","link":"https:\/\/josmaequipamiento.es\/?product=archivador-metalico-psf-bisley","title":{"rendered":"Archivador met\u00e1lico PSF Bisley"},"content":{"rendered":"<p><span style=\"color: #000000; font-family: Calibri; font-size: medium;\">Caracter\u00edsticas y beneficios<\/span><\/p>\n<p><span style=\"color: #000000; font-family: Calibri; font-size: medium;\">Monobloque: construidos en un solo bloque de acero para una mayor estabilidad<\/span><\/p>\n<p><span style=\"color: #000000; font-family: Calibri; font-size: medium;\">Acabado resistente: Pintura liquida acabado rugoso<\/span><\/p>\n<p><span style=\"color: #000000; font-family: Calibri; font-size: medium;\">Carcasas Formato tama\u00f1o folio (470 mm)<\/span><\/p>\n<p><span style=\"color: #000000; font-family: Calibri; font-size: medium;\">Multi-formato: admite carpetas folio \/ folio prolongado y A4 Extracci\u00f3n del caj\u00f3n 100%<\/span><\/p>\n<p><span style=\"color: #000000; font-family: Calibri; font-size: medium;\">Admite compresores (opcional)<\/span><\/p>\n<p><span style=\"color: #000000; font-family: Calibri; font-size: medium;\">Antivuelco de seguridad con apertura selectiva de los cajones<\/span><\/p>\n<p><span style=\"color: #000000; font-family: Calibri; font-size: medium;\">Cerradura con sistema de cierre autom\u00e1tico de todos los cajones (se suministra con 2 llaves)<\/span><\/p>\n<p><span style=\"color: #000000; font-family: Calibri; font-size: medium;\">Cerradura de seguridad con posibilidad de llave maestra con 200 combinaciones de llaves diferentes<\/span><\/p>\n<p><span style=\"color: #000000; font-family: Calibri; font-size: medium;\">Se sirve 2 llaves plegables con funda de pl\u00e1stico<\/span><\/p>\n<p><span style=\"color: #000000; font-family: Calibri; font-size: medium;\">Gu\u00edas telesc\u00f3picas permiten una carga m\u00e1xima de 36 kg por caj\u00f3n <\/span><\/p>\n<p><span style=\"color: #000000; font-family: Calibri; font-size: medium;\">Garant\u00eda (a\u00f1os): 5<\/span><\/p>\n<p><span style=\"color: #000000; font-family: Calibri; font-size: medium;\">Acreditaci\u00f3n de calidad: BS EN 14073 2004 Part 2 &amp; 3, BS EN 14074, BS 4875 1998 Part 7 level 4 &amp; Part 8 NB: Drawers tested to BS4875, Part 7, Table 3 Test Level 4, 80,000 cycles<\/span><\/p>\n","protected":false},"excerpt":{"rendered":"<p><span style=\"color: #000000; font-family: Calibri; font-size: medium;\">Funcional y competitivo tienen la mayor parte de los beneficios de la serie alta Bisley, ofrecen una oferta t\u00e9cnica simplificada a un precio muy competitivo. Se caracteriza por que incluye barra de archivo ajustable para utilizar carpetas colgantes de diferentes formatos, su seguridad, la extensi\u00f3n 100% del caj\u00f3n, la calidad de sus gu\u00edas que suaviza la apertura y el cierre al igual que la incre\u00edble calidad de su antivuelco.<\/span><\/p>\n","protected":false},"featured_media":2176,"comment_status":"open","ping_status":"closed","template":"","meta":{"_et_pb_use_builder":"","_et_pb_old_content":"","_et_gb_content_width":""},"product_brand":[],"product_cat":[57,74,72],"product_tag":[189],"class_list":{"0":"post-2165","1":"product","2":"type-product","3":"status-publish","4":"has-post-thumbnail","6":"product_cat-espacios-de-trabajo","7":"product_cat-armarios-metalicos","8":"product_cat-sistemas-de-archivo","9":"product_tag-armarios-oficina","11":"first","12":"instock","13":"shipping-taxable","14":"product-type-simple"},"yoast_head":"<!-- This site is optimized with the Yoast SEO plugin v27.3 - https:\/\/yoast.com\/product\/yoast-seo-wordpress\/ -->\n<title>Archivador met\u00e1lico PSF Bisley - Josma Equipamiento<\/title>\n<meta name=\"robots\" content=\"index, follow, max-snippet:-1, max-image-preview:large, max-video-preview:-1\" \/>\n<link rel=\"canonical\" href=\"https:\/\/josmaequipamiento.es\/?product=archivador-metalico-psf-bisley\" \/>\n<meta property=\"og:locale\" content=\"es_ES\" \/>\n<meta property=\"og:type\" content=\"article\" \/>\n<meta property=\"og:title\" content=\"Archivador met\u00e1lico PSF Bisley - Josma Equipamiento\" \/>\n<meta property=\"og:description\" content=\"Funcional y competitivo tienen la mayor parte de los beneficios de la serie alta Bisley, ofrecen una oferta t\u00e9cnica simplificada a un precio muy competitivo. Se caracteriza por que incluye barra de archivo ajustable para utilizar carpetas colgantes de diferentes formatos, su seguridad, la extensi\u00f3n 100% del caj\u00f3n, la calidad de sus gu\u00edas que suaviza la apertura y el cierre al igual que la incre\u00edble calidad de su antivuelco.\" \/>\n<meta property=\"og:url\" content=\"https:\/\/josmaequipamiento.es\/?product=archivador-metalico-psf-bisley\" \/>\n<meta property=\"og:site_name\" content=\"Josma Equipamiento\" \/>\n<meta property=\"og:image\" content=\"https:\/\/josmaequipamiento.es\/wp-content\/uploads\/2016\/07\/archivador-PSF2_PSF3_PSF4_73-bisley.jpg\" \/>\n\t<meta property=\"og:image:width\" content=\"640\" \/>\n\t<meta property=\"og:image:height\" content=\"480\" \/>\n\t<meta property=\"og:image:type\" content=\"image\/jpeg\" \/>\n<meta name=\"twitter:card\" content=\"summary_large_image\" \/>\n<meta name=\"twitter:label1\" content=\"Tiempo de lectura\" \/>\n\t<meta name=\"twitter:data1\" content=\"1 minuto\" \/>\n<script type=\"application\/ld+json\" class=\"yoast-schema-graph\">{\"@context\":\"https:\\\/\\\/schema.org\",\"@graph\":[{\"@type\":\"WebPage\",\"@id\":\"https:\\\/\\\/josmaequipamiento.es\\\/?product=archivador-metalico-psf-bisley\",\"url\":\"https:\\\/\\\/josmaequipamiento.es\\\/?product=archivador-metalico-psf-bisley\",\"name\":\"Archivador met\u00e1lico PSF Bisley - Josma Equipamiento\",\"isPartOf\":{\"@id\":\"http:\\\/\\\/josmaequipamiento.es\\\/#website\"},\"primaryImageOfPage\":{\"@id\":\"https:\\\/\\\/josmaequipamiento.es\\\/?product=archivador-metalico-psf-bisley#primaryimage\"},\"image\":{\"@id\":\"https:\\\/\\\/josmaequipamiento.es\\\/?product=archivador-metalico-psf-bisley#primaryimage\"},\"thumbnailUrl\":\"https:\\\/\\\/josmaequipamiento.es\\\/wp-content\\\/uploads\\\/2016\\\/07\\\/archivador-PSF2_PSF3_PSF4_73-bisley.jpg\",\"datePublished\":\"2016-07-26T07:33:12+00:00\",\"breadcrumb\":{\"@id\":\"https:\\\/\\\/josmaequipamiento.es\\\/?product=archivador-metalico-psf-bisley#breadcrumb\"},\"inLanguage\":\"es\",\"potentialAction\":[{\"@type\":\"ReadAction\",\"target\":[\"https:\\\/\\\/josmaequipamiento.es\\\/?product=archivador-metalico-psf-bisley\"]}]},{\"@type\":\"ImageObject\",\"inLanguage\":\"es\",\"@id\":\"https:\\\/\\\/josmaequipamiento.es\\\/?product=archivador-metalico-psf-bisley#primaryimage\",\"url\":\"https:\\\/\\\/josmaequipamiento.es\\\/wp-content\\\/uploads\\\/2016\\\/07\\\/archivador-PSF2_PSF3_PSF4_73-bisley.jpg\",\"contentUrl\":\"https:\\\/\\\/josmaequipamiento.es\\\/wp-content\\\/uploads\\\/2016\\\/07\\\/archivador-PSF2_PSF3_PSF4_73-bisley.jpg\",\"width\":640,\"height\":480},{\"@type\":\"BreadcrumbList\",\"@id\":\"https:\\\/\\\/josmaequipamiento.es\\\/?product=archivador-metalico-psf-bisley#breadcrumb\",\"itemListElement\":[{\"@type\":\"ListItem\",\"position\":1,\"name\":\"Home\",\"item\":\"http:\\\/\\\/josmaequipamiento.es\\\/\"},{\"@type\":\"ListItem\",\"position\":2,\"name\":\"Productos\",\"item\":\"http:\\\/\\\/josmaequipamiento.es\\\/?page_id=109\"},{\"@type\":\"ListItem\",\"position\":3,\"name\":\"Archivador met\u00e1lico PSF Bisley\"}]},{\"@type\":\"WebSite\",\"@id\":\"http:\\\/\\\/josmaequipamiento.es\\\/#website\",\"url\":\"http:\\\/\\\/josmaequipamiento.es\\\/\",\"name\":\"Josma Equipamiento\",\"description\":\"Todo lo relativo a equipamiento\",\"potentialAction\":[{\"@type\":\"SearchAction\",\"target\":{\"@type\":\"EntryPoint\",\"urlTemplate\":\"http:\\\/\\\/josmaequipamiento.es\\\/?s={search_term_string}\"},\"query-input\":{\"@type\":\"PropertyValueSpecification\",\"valueRequired\":true,\"valueName\":\"search_term_string\"}}],\"inLanguage\":\"es\"}]}<\/script>\n<!-- \/ Yoast SEO plugin. -->","yoast_head_json":{"title":"Archivador met\u00e1lico PSF Bisley - Josma Equipamiento","robots":{"index":"index","follow":"follow","max-snippet":"max-snippet:-1","max-image-preview":"max-image-preview:large","max-video-preview":"max-video-preview:-1"},"canonical":"https:\/\/josmaequipamiento.es\/?product=archivador-metalico-psf-bisley","og_locale":"es_ES","og_type":"article","og_title":"Archivador met\u00e1lico PSF Bisley - Josma Equipamiento","og_description":"Funcional y competitivo tienen la mayor parte de los beneficios de la serie alta Bisley, ofrecen una oferta t\u00e9cnica simplificada a un precio muy competitivo. Se caracteriza por que incluye barra de archivo ajustable para utilizar carpetas colgantes de diferentes formatos, su seguridad, la extensi\u00f3n 100% del caj\u00f3n, la calidad de sus gu\u00edas que suaviza la apertura y el cierre al igual que la incre\u00edble calidad de su antivuelco.","og_url":"https:\/\/josmaequipamiento.es\/?product=archivador-metalico-psf-bisley","og_site_name":"Josma Equipamiento","og_image":[{"width":640,"height":480,"url":"https:\/\/josmaequipamiento.es\/wp-content\/uploads\/2016\/07\/archivador-PSF2_PSF3_PSF4_73-bisley.jpg","type":"image\/jpeg"}],"twitter_card":"summary_large_image","twitter_misc":{"Tiempo de lectura":"1 minuto"},"schema":{"@context":"https:\/\/schema.org","@graph":[{"@type":"WebPage","@id":"https:\/\/josmaequipamiento.es\/?product=archivador-metalico-psf-bisley","url":"https:\/\/josmaequipamiento.es\/?product=archivador-metalico-psf-bisley","name":"Archivador met\u00e1lico PSF Bisley - Josma Equipamiento","isPartOf":{"@id":"http:\/\/josmaequipamiento.es\/#website"},"primaryImageOfPage":{"@id":"https:\/\/josmaequipamiento.es\/?product=archivador-metalico-psf-bisley#primaryimage"},"image":{"@id":"https:\/\/josmaequipamiento.es\/?product=archivador-metalico-psf-bisley#primaryimage"},"thumbnailUrl":"https:\/\/josmaequipamiento.es\/wp-content\/uploads\/2016\/07\/archivador-PSF2_PSF3_PSF4_73-bisley.jpg","datePublished":"2016-07-26T07:33:12+00:00","breadcrumb":{"@id":"https:\/\/josmaequipamiento.es\/?product=archivador-metalico-psf-bisley#breadcrumb"},"inLanguage":"es","potentialAction":[{"@type":"ReadAction","target":["https:\/\/josmaequipamiento.es\/?product=archivador-metalico-psf-bisley"]}]},{"@type":"ImageObject","inLanguage":"es","@id":"https:\/\/josmaequipamiento.es\/?product=archivador-metalico-psf-bisley#primaryimage","url":"https:\/\/josmaequipamiento.es\/wp-content\/uploads\/2016\/07\/archivador-PSF2_PSF3_PSF4_73-bisley.jpg","contentUrl":"https:\/\/josmaequipamiento.es\/wp-content\/uploads\/2016\/07\/archivador-PSF2_PSF3_PSF4_73-bisley.jpg","width":640,"height":480},{"@type":"BreadcrumbList","@id":"https:\/\/josmaequipamiento.es\/?product=archivador-metalico-psf-bisley#breadcrumb","itemListElement":[{"@type":"ListItem","position":1,"name":"Home","item":"http:\/\/josmaequipamiento.es\/"},{"@type":"ListItem","position":2,"name":"Productos","item":"http:\/\/josmaequipamiento.es\/?page_id=109"},{"@type":"ListItem","position":3,"name":"Archivador met\u00e1lico PSF Bisley"}]},{"@type":"WebSite","@id":"http:\/\/josmaequipamiento.es\/#website","url":"http:\/\/josmaequipamiento.es\/","name":"Josma Equipamiento","description":"Todo lo relativo a equipamiento","potentialAction":[{"@type":"SearchAction","target":{"@type":"EntryPoint","urlTemplate":"http:\/\/josmaequipamiento.es\/?s={search_term_string}"},"query-input":{"@type":"PropertyValueSpecification","valueRequired":true,"valueName":"search_term_string"}}],"inLanguage":"es"}]}},"_links":{"self":[{"href":"https:\/\/josmaequipamiento.es\/index.php?rest_route=\/wp\/v2\/product\/2165","targetHints":{"allow":["GET"]}}],"collection":[{"href":"https:\/\/josmaequipamiento.es\/index.php?rest_route=\/wp\/v2\/product"}],"about":[{"href":"https:\/\/josmaequipamiento.es\/index.php?rest_route=\/wp\/v2\/types\/product"}],"replies":[{"embeddable":true,"href":"https:\/\/josmaequipamiento.es\/index.php?rest_route=%2Fwp%2Fv2%2Fcomments&post=2165"}],"wp:featuredmedia":[{"embeddable":true,"href":"https:\/\/josmaequipamiento.es\/index.php?rest_route=\/wp\/v2\/media\/2176"}],"wp:attachment":[{"href":"https:\/\/josmaequipamiento.es\/index.php?rest_route=%2Fwp%2Fv2%2Fmedia&parent=2165"}],"wp:term":[{"taxonomy":"product_brand","embeddable":true,"href":"https:\/\/josmaequipamiento.es\/index.php?rest_route=%2Fwp%2Fv2%2Fproduct_brand&post=2165"},{"taxonomy":"product_cat","embeddable":true,"href":"https:\/\/josmaequipamiento.es\/index.php?rest_route=%2Fwp%2Fv2%2Fproduct_cat&post=2165"},{"taxonomy":"product_tag","embeddable":true,"href":"https:\/\/josmaequipamiento.es\/index.php?rest_route=%2Fwp%2Fv2%2Fproduct_tag&post=2165"}],"curies":[{"name":"wp","href":"https:\/\/api.w.org\/{rel}","templated":true}]}}