{"id":2177,"date":"2016-07-26T07:38:17","date_gmt":"2016-07-26T07:38:17","guid":{"rendered":"http:\/\/josmaequipamiento.es\/?post_type=product&#038;p=2177"},"modified":"2016-07-26T07:38:17","modified_gmt":"2016-07-26T07:38:17","slug":"archivador-metalico-bs-premium-bisley","status":"publish","type":"product","link":"https:\/\/josmaequipamiento.es\/?product=archivador-metalico-bs-premium-bisley","title":{"rendered":"Archivador met\u00e1lico BS Premium Bisley"},"content":{"rendered":"<p><span style=\"color: #000000; font-family: Calibri; font-size: medium;\">Caracter\u00edsticas y beneficios:<\/span><\/p>\n<p><span style=\"color: #000000; font-family: Calibri; font-size: medium;\">Monobloque de una sola pieza de acero para perfecta estabilidad y rigidez<\/span><\/p>\n<p><span style=\"color: #000000; font-family: Calibri; font-size: medium;\">\u00c1ngulos redondeados para evitar posible heridas<\/span><\/p>\n<p><span style=\"color: #000000; font-family: Calibri; font-size: medium;\">Tirador integrado \u00f3 tirador cl\u00e1sico cromado<\/span><\/p>\n<p><span style=\"color: #000000; font-family: Calibri; font-size: medium;\">Cerradura centralizada con cierre simult\u00e1neo de todos los cajones<\/span><\/p>\n<p><span style=\"color: #000000; font-family: Calibri; font-size: medium;\">Cerradura de seguridad con posibilidad de llave maestra<\/span><\/p>\n<p><span style=\"color: #000000; font-family: Calibri; font-size: medium;\">Sistema de seguridad antivuelco incorporado en cada caj\u00f3n que solo permite abrir un caj\u00f3n cada vez<\/span><\/p>\n<p><span style=\"color: #000000; font-family: Calibri; font-size: medium;\">Frentes del caj\u00f3n de doble capa de acero para amortiguaci\u00f3n del ruido<\/span><\/p>\n<p><span style=\"color: #000000; font-family: Calibri; font-size: medium;\">Esquinas del tirador con tapa de pl\u00e1stico (para protegerte las manos)<\/span><\/p>\n<p><span style=\"color: #000000; font-family: Calibri; font-size: medium;\">El caj\u00f3n Folio incluye barra de archivo: acepta A4 folio y folio prolongado Cajones completos con los extremos y los lados para dar cabida a cualquier tipo de documentos<\/span><\/p>\n<p><span style=\"color: #000000; font-family: Calibri; font-size: medium;\">Fondo del caj\u00f3n con ranuras para aceptar compresores<\/span><\/p>\n<p><span style=\"color: #000000; font-family: Calibri; font-size: medium;\">Gu\u00edas telesc\u00f3picas de rodamiento a bolas resistentes de alta durabilidad con cierre progresivo silencioso<\/span><\/p>\n<p><span style=\"color: #000000; font-family: Calibri; font-size: medium;\">Apertura del caj\u00f3n completa 100% Porta-etiquetas de pl\u00e1stico transparente integrado en el tirador en cada caj\u00f3n<\/span><\/p>\n<p><span style=\"color: #000000; font-family: Calibri; font-size: medium;\">Se pueden unir unos a otros o la pared para mayor estabilidad<\/span><\/p>\n<p><span style=\"color: #000000; font-family: Calibri; font-size: medium;\">Garant\u00eda (a\u00f1os): 7<\/span><\/p>\n<p><span style=\"color: #000000; font-family: Calibri; font-size: medium;\">Acreditaci\u00f3n de calidad: BS EN 14073 2004 Part 2 &amp; 3, BS EN 14074, BS 4875 1998 Part 7 level 4 &amp; Part 8, BS 5459 1983 Part 3, DIN 4554\/485, ANSI\/BIFMA X5.2, 5.3 &amp; 5.5, 1997\/98, level 5.3 NB: Drawers tested to BS4875, Part 7, Table 3 Test Level 4, 80,000 cycles<\/span><\/p>\n","protected":false},"excerpt":{"rendered":"<p>Calidad y durabilidad verdaderos \u00abBest Sellers Europeos\u00bb, estos modelos son esenciales para el archivo de alta capacidad. Son la garant\u00eda de calidad profesional para uso pesado ya que cumplen plenamente los requisitos de calidad. Disponibles en dos anchos: folio y A4. La versi\u00f3n folio permite el archivo de varios formatos ya que incluye barra de archivo. Existe una versi\u00f3n desmontada de r\u00e1pido y sencillo montaje disponible para la exportaci\u00f3n.<\/p>\n","protected":false},"featured_media":2173,"comment_status":"open","ping_status":"closed","template":"","meta":{"_et_pb_use_builder":"","_et_pb_old_content":"","_et_gb_content_width":""},"product_brand":[],"product_cat":[57,74,72],"product_tag":[189],"class_list":{"0":"post-2177","1":"product","2":"type-product","3":"status-publish","4":"has-post-thumbnail","6":"product_cat-espacios-de-trabajo","7":"product_cat-armarios-metalicos","8":"product_cat-sistemas-de-archivo","9":"product_tag-armarios-oficina","11":"first","12":"instock","13":"shipping-taxable","14":"product-type-simple"},"yoast_head":"<!-- This site is optimized with the Yoast SEO plugin v27.3 - https:\/\/yoast.com\/product\/yoast-seo-wordpress\/ -->\n<title>Archivador met\u00e1lico BS Premium Bisley - Josma Equipamiento<\/title>\n<meta name=\"robots\" content=\"index, follow, max-snippet:-1, max-image-preview:large, max-video-preview:-1\" \/>\n<link rel=\"canonical\" href=\"http:\/\/josmaequipamiento.es\/?product=archivador-metalico-bs-premium-bisley\" \/>\n<meta property=\"og:locale\" content=\"es_ES\" \/>\n<meta property=\"og:type\" content=\"article\" \/>\n<meta property=\"og:title\" content=\"Archivador met\u00e1lico BS Premium Bisley - Josma Equipamiento\" \/>\n<meta property=\"og:description\" content=\"Calidad y durabilidad verdaderos &quot;Best Sellers Europeos&quot;, estos modelos son esenciales para el archivo de alta capacidad. Son la garant\u00eda de calidad profesional para uso pesado ya que cumplen plenamente los requisitos de calidad. Disponibles en dos anchos: folio y A4. La versi\u00f3n folio permite el archivo de varios formatos ya que incluye barra de archivo. Existe una versi\u00f3n desmontada de r\u00e1pido y sencillo montaje disponible para la exportaci\u00f3n.\" \/>\n<meta property=\"og:url\" content=\"http:\/\/josmaequipamiento.es\/?product=archivador-metalico-bs-premium-bisley\" \/>\n<meta property=\"og:site_name\" content=\"Josma Equipamiento\" \/>\n<meta property=\"og:image\" content=\"http:\/\/josmaequipamiento.es\/wp-content\/uploads\/2016\/07\/archivador_1623_1633_1643_1653-bisley.jpg\" \/>\n\t<meta property=\"og:image:width\" content=\"640\" \/>\n\t<meta property=\"og:image:height\" content=\"480\" \/>\n\t<meta property=\"og:image:type\" content=\"image\/jpeg\" \/>\n<meta name=\"twitter:card\" content=\"summary_large_image\" \/>\n<meta name=\"twitter:label1\" content=\"Tiempo de lectura\" \/>\n\t<meta name=\"twitter:data1\" content=\"1 minuto\" \/>\n<script type=\"application\/ld+json\" class=\"yoast-schema-graph\">{\"@context\":\"https:\\\/\\\/schema.org\",\"@graph\":[{\"@type\":\"WebPage\",\"@id\":\"http:\\\/\\\/josmaequipamiento.es\\\/?product=archivador-metalico-bs-premium-bisley\",\"url\":\"http:\\\/\\\/josmaequipamiento.es\\\/?product=archivador-metalico-bs-premium-bisley\",\"name\":\"Archivador met\u00e1lico BS Premium Bisley - Josma Equipamiento\",\"isPartOf\":{\"@id\":\"http:\\\/\\\/josmaequipamiento.es\\\/#website\"},\"primaryImageOfPage\":{\"@id\":\"http:\\\/\\\/josmaequipamiento.es\\\/?product=archivador-metalico-bs-premium-bisley#primaryimage\"},\"image\":{\"@id\":\"http:\\\/\\\/josmaequipamiento.es\\\/?product=archivador-metalico-bs-premium-bisley#primaryimage\"},\"thumbnailUrl\":\"https:\\\/\\\/josmaequipamiento.es\\\/wp-content\\\/uploads\\\/2016\\\/07\\\/archivador_1623_1633_1643_1653-bisley.jpg\",\"datePublished\":\"2016-07-26T07:38:17+00:00\",\"breadcrumb\":{\"@id\":\"http:\\\/\\\/josmaequipamiento.es\\\/?product=archivador-metalico-bs-premium-bisley#breadcrumb\"},\"inLanguage\":\"es\",\"potentialAction\":[{\"@type\":\"ReadAction\",\"target\":[\"http:\\\/\\\/josmaequipamiento.es\\\/?product=archivador-metalico-bs-premium-bisley\"]}]},{\"@type\":\"ImageObject\",\"inLanguage\":\"es\",\"@id\":\"http:\\\/\\\/josmaequipamiento.es\\\/?product=archivador-metalico-bs-premium-bisley#primaryimage\",\"url\":\"https:\\\/\\\/josmaequipamiento.es\\\/wp-content\\\/uploads\\\/2016\\\/07\\\/archivador_1623_1633_1643_1653-bisley.jpg\",\"contentUrl\":\"https:\\\/\\\/josmaequipamiento.es\\\/wp-content\\\/uploads\\\/2016\\\/07\\\/archivador_1623_1633_1643_1653-bisley.jpg\",\"width\":640,\"height\":480},{\"@type\":\"BreadcrumbList\",\"@id\":\"http:\\\/\\\/josmaequipamiento.es\\\/?product=archivador-metalico-bs-premium-bisley#breadcrumb\",\"itemListElement\":[{\"@type\":\"ListItem\",\"position\":1,\"name\":\"Home\",\"item\":\"http:\\\/\\\/josmaequipamiento.es\\\/\"},{\"@type\":\"ListItem\",\"position\":2,\"name\":\"Productos\",\"item\":\"http:\\\/\\\/josmaequipamiento.es\\\/?page_id=109\"},{\"@type\":\"ListItem\",\"position\":3,\"name\":\"Archivador met\u00e1lico BS Premium Bisley\"}]},{\"@type\":\"WebSite\",\"@id\":\"http:\\\/\\\/josmaequipamiento.es\\\/#website\",\"url\":\"http:\\\/\\\/josmaequipamiento.es\\\/\",\"name\":\"Josma Equipamiento\",\"description\":\"Todo lo relativo a equipamiento\",\"potentialAction\":[{\"@type\":\"SearchAction\",\"target\":{\"@type\":\"EntryPoint\",\"urlTemplate\":\"http:\\\/\\\/josmaequipamiento.es\\\/?s={search_term_string}\"},\"query-input\":{\"@type\":\"PropertyValueSpecification\",\"valueRequired\":true,\"valueName\":\"search_term_string\"}}],\"inLanguage\":\"es\"}]}<\/script>\n<!-- \/ Yoast SEO plugin. -->","yoast_head_json":{"title":"Archivador met\u00e1lico BS Premium Bisley - Josma Equipamiento","robots":{"index":"index","follow":"follow","max-snippet":"max-snippet:-1","max-image-preview":"max-image-preview:large","max-video-preview":"max-video-preview:-1"},"canonical":"http:\/\/josmaequipamiento.es\/?product=archivador-metalico-bs-premium-bisley","og_locale":"es_ES","og_type":"article","og_title":"Archivador met\u00e1lico BS Premium Bisley - Josma Equipamiento","og_description":"Calidad y durabilidad verdaderos \"Best Sellers Europeos\", estos modelos son esenciales para el archivo de alta capacidad. Son la garant\u00eda de calidad profesional para uso pesado ya que cumplen plenamente los requisitos de calidad. Disponibles en dos anchos: folio y A4. La versi\u00f3n folio permite el archivo de varios formatos ya que incluye barra de archivo. Existe una versi\u00f3n desmontada de r\u00e1pido y sencillo montaje disponible para la exportaci\u00f3n.","og_url":"http:\/\/josmaequipamiento.es\/?product=archivador-metalico-bs-premium-bisley","og_site_name":"Josma Equipamiento","og_image":[{"width":640,"height":480,"url":"http:\/\/josmaequipamiento.es\/wp-content\/uploads\/2016\/07\/archivador_1623_1633_1643_1653-bisley.jpg","type":"image\/jpeg"}],"twitter_card":"summary_large_image","twitter_misc":{"Tiempo de lectura":"1 minuto"},"schema":{"@context":"https:\/\/schema.org","@graph":[{"@type":"WebPage","@id":"http:\/\/josmaequipamiento.es\/?product=archivador-metalico-bs-premium-bisley","url":"http:\/\/josmaequipamiento.es\/?product=archivador-metalico-bs-premium-bisley","name":"Archivador met\u00e1lico BS Premium Bisley - Josma Equipamiento","isPartOf":{"@id":"http:\/\/josmaequipamiento.es\/#website"},"primaryImageOfPage":{"@id":"http:\/\/josmaequipamiento.es\/?product=archivador-metalico-bs-premium-bisley#primaryimage"},"image":{"@id":"http:\/\/josmaequipamiento.es\/?product=archivador-metalico-bs-premium-bisley#primaryimage"},"thumbnailUrl":"https:\/\/josmaequipamiento.es\/wp-content\/uploads\/2016\/07\/archivador_1623_1633_1643_1653-bisley.jpg","datePublished":"2016-07-26T07:38:17+00:00","breadcrumb":{"@id":"http:\/\/josmaequipamiento.es\/?product=archivador-metalico-bs-premium-bisley#breadcrumb"},"inLanguage":"es","potentialAction":[{"@type":"ReadAction","target":["http:\/\/josmaequipamiento.es\/?product=archivador-metalico-bs-premium-bisley"]}]},{"@type":"ImageObject","inLanguage":"es","@id":"http:\/\/josmaequipamiento.es\/?product=archivador-metalico-bs-premium-bisley#primaryimage","url":"https:\/\/josmaequipamiento.es\/wp-content\/uploads\/2016\/07\/archivador_1623_1633_1643_1653-bisley.jpg","contentUrl":"https:\/\/josmaequipamiento.es\/wp-content\/uploads\/2016\/07\/archivador_1623_1633_1643_1653-bisley.jpg","width":640,"height":480},{"@type":"BreadcrumbList","@id":"http:\/\/josmaequipamiento.es\/?product=archivador-metalico-bs-premium-bisley#breadcrumb","itemListElement":[{"@type":"ListItem","position":1,"name":"Home","item":"http:\/\/josmaequipamiento.es\/"},{"@type":"ListItem","position":2,"name":"Productos","item":"http:\/\/josmaequipamiento.es\/?page_id=109"},{"@type":"ListItem","position":3,"name":"Archivador met\u00e1lico BS Premium Bisley"}]},{"@type":"WebSite","@id":"http:\/\/josmaequipamiento.es\/#website","url":"http:\/\/josmaequipamiento.es\/","name":"Josma Equipamiento","description":"Todo lo relativo a equipamiento","potentialAction":[{"@type":"SearchAction","target":{"@type":"EntryPoint","urlTemplate":"http:\/\/josmaequipamiento.es\/?s={search_term_string}"},"query-input":{"@type":"PropertyValueSpecification","valueRequired":true,"valueName":"search_term_string"}}],"inLanguage":"es"}]}},"_links":{"self":[{"href":"https:\/\/josmaequipamiento.es\/index.php?rest_route=\/wp\/v2\/product\/2177","targetHints":{"allow":["GET"]}}],"collection":[{"href":"https:\/\/josmaequipamiento.es\/index.php?rest_route=\/wp\/v2\/product"}],"about":[{"href":"https:\/\/josmaequipamiento.es\/index.php?rest_route=\/wp\/v2\/types\/product"}],"replies":[{"embeddable":true,"href":"https:\/\/josmaequipamiento.es\/index.php?rest_route=%2Fwp%2Fv2%2Fcomments&post=2177"}],"wp:featuredmedia":[{"embeddable":true,"href":"https:\/\/josmaequipamiento.es\/index.php?rest_route=\/wp\/v2\/media\/2173"}],"wp:attachment":[{"href":"https:\/\/josmaequipamiento.es\/index.php?rest_route=%2Fwp%2Fv2%2Fmedia&parent=2177"}],"wp:term":[{"taxonomy":"product_brand","embeddable":true,"href":"https:\/\/josmaequipamiento.es\/index.php?rest_route=%2Fwp%2Fv2%2Fproduct_brand&post=2177"},{"taxonomy":"product_cat","embeddable":true,"href":"https:\/\/josmaequipamiento.es\/index.php?rest_route=%2Fwp%2Fv2%2Fproduct_cat&post=2177"},{"taxonomy":"product_tag","embeddable":true,"href":"https:\/\/josmaequipamiento.es\/index.php?rest_route=%2Fwp%2Fv2%2Fproduct_tag&post=2177"}],"curies":[{"name":"wp","href":"https:\/\/api.w.org\/{rel}","templated":true}]}}