{"id":2178,"date":"2016-07-26T07:48:07","date_gmt":"2016-07-26T07:48:07","guid":{"rendered":"http:\/\/josmaequipamiento.es\/?post_type=product&#038;p=2178"},"modified":"2016-07-29T14:48:00","modified_gmt":"2016-07-29T14:48:00","slug":"archivadores-para-planos-a0-y-a1bisley","status":"publish","type":"product","link":"https:\/\/josmaequipamiento.es\/?product=archivadores-para-planos-a0-y-a1bisley","title":{"rendered":"Archivadores para planos A0 y A1Bisley"},"content":{"rendered":"<p><span style=\"color: #000000; font-family: Calibri; font-size: medium;\">Caracter\u00edsticas y beneficios:<\/span><\/p>\n<p><span style=\"color: #000000; font-family: Calibri; font-size: medium;\">Dos porta-etiquetas de gran tama\u00f1o por caj\u00f3n<\/span><\/p>\n<p><span style=\"color: #000000; font-family: Calibri; font-size: medium;\">El caj\u00f3n A1 admite un m\u00e1ximo de 18kg y el A0 de 32kg Gu\u00eda telesc\u00f3pica de extracci\u00f3n total con rodamientos dobles<\/span><\/p>\n<p><span style=\"color: #000000; font-family: Calibri; font-size: medium;\">Los cajones est\u00e1n perforados para su subdivisi\u00f3n hasta un tama\u00f1o DIN A7<\/span><\/p>\n<p><span style=\"color: #000000; font-family: Calibri; font-size: medium;\">Todos los cajones llevan barra de presi\u00f3n para impedir que se doblen o enrollen los documentos<\/span><\/p>\n<p><span style=\"color: #000000; font-family: Calibri; font-size: medium;\">Cierre centralizado con cerradura de seguridad con posibilidad de llave maestra con 200 combinaciones de llaves<\/span><\/p>\n<p><span style=\"color: #000000; font-family: Calibri; font-size: medium;\">5 cajones por m\u00f3dulo<\/span><\/p>\n<p><span style=\"color: #000000; font-family: Calibri; font-size: medium;\">Garant\u00eda (a\u00f1os): 5<\/span><\/p>\n<p><span style=\"color: #000000; font-family: Calibri; font-size: medium;\">Acreditaci\u00f3n de calidad: N\/A<\/span><\/p>\n","protected":false},"excerpt":{"rendered":"<p><span style=\"color: #000000; font-family: Calibri; font-size: medium;\">El archivador de planos, de almacenamiento horizontal, es ideal para la conservaci\u00f3n y consulta de planos. Disponibles en formato A1 y AO, en m\u00f3dulos de 5 cajones equipados de un m\u00f3dulo intermedio para aumentar la capacidad. Columnas de un m\u00e1ximo de 15 cajones se puede realizar para soportar la evoluci\u00f3n de sus necesidades cambiantes.<\/span><\/p>\n","protected":false},"featured_media":2182,"comment_status":"open","ping_status":"closed","template":"","meta":{"_et_pb_use_builder":"","_et_pb_old_content":"","_et_gb_content_width":""},"product_brand":[],"product_cat":[57,74,72],"product_tag":[189],"class_list":{"0":"post-2178","1":"product","2":"type-product","3":"status-publish","4":"has-post-thumbnail","6":"product_cat-espacios-de-trabajo","7":"product_cat-armarios-metalicos","8":"product_cat-sistemas-de-archivo","9":"product_tag-armarios-oficina","11":"first","12":"instock","13":"shipping-taxable","14":"product-type-simple"},"yoast_head":"<!-- This site is optimized with the Yoast SEO plugin v27.3 - https:\/\/yoast.com\/product\/yoast-seo-wordpress\/ -->\n<title>Archivadores para planos A0 y A1Bisley - Josma Equipamiento<\/title>\n<meta name=\"robots\" content=\"index, follow, max-snippet:-1, max-image-preview:large, max-video-preview:-1\" \/>\n<link rel=\"canonical\" href=\"http:\/\/josmaequipamiento.es\/?product=archivadores-para-planos-a0-y-a1bisley\" \/>\n<meta property=\"og:locale\" content=\"es_ES\" \/>\n<meta property=\"og:type\" content=\"article\" \/>\n<meta property=\"og:title\" content=\"Archivadores para planos A0 y A1Bisley - Josma Equipamiento\" \/>\n<meta property=\"og:description\" content=\"El archivador de planos, de almacenamiento horizontal, es ideal para la conservaci\u00f3n y consulta de planos. Disponibles en formato A1 y AO, en m\u00f3dulos de 5 cajones equipados de un m\u00f3dulo intermedio para aumentar la capacidad. Columnas de un m\u00e1ximo de 15 cajones se puede realizar para soportar la evoluci\u00f3n de sus necesidades cambiantes.\" \/>\n<meta property=\"og:url\" content=\"http:\/\/josmaequipamiento.es\/?product=archivadores-para-planos-a0-y-a1bisley\" \/>\n<meta property=\"og:site_name\" content=\"Josma Equipamiento\" \/>\n<meta property=\"article:modified_time\" content=\"2016-07-29T14:48:00+00:00\" \/>\n<meta property=\"og:image\" content=\"http:\/\/josmaequipamiento.es\/wp-content\/uploads\/2016\/07\/Red1.jpg\" \/>\n\t<meta property=\"og:image:width\" content=\"640\" \/>\n\t<meta property=\"og:image:height\" content=\"480\" \/>\n\t<meta property=\"og:image:type\" content=\"image\/jpeg\" \/>\n<meta name=\"twitter:card\" content=\"summary_large_image\" \/>\n<meta name=\"twitter:label1\" content=\"Tiempo de lectura\" \/>\n\t<meta name=\"twitter:data1\" content=\"1 minuto\" \/>\n<script type=\"application\/ld+json\" class=\"yoast-schema-graph\">{\"@context\":\"https:\\\/\\\/schema.org\",\"@graph\":[{\"@type\":\"WebPage\",\"@id\":\"http:\\\/\\\/josmaequipamiento.es\\\/?product=archivadores-para-planos-a0-y-a1bisley\",\"url\":\"http:\\\/\\\/josmaequipamiento.es\\\/?product=archivadores-para-planos-a0-y-a1bisley\",\"name\":\"Archivadores para planos A0 y A1Bisley - Josma Equipamiento\",\"isPartOf\":{\"@id\":\"http:\\\/\\\/josmaequipamiento.es\\\/#website\"},\"primaryImageOfPage\":{\"@id\":\"http:\\\/\\\/josmaequipamiento.es\\\/?product=archivadores-para-planos-a0-y-a1bisley#primaryimage\"},\"image\":{\"@id\":\"http:\\\/\\\/josmaequipamiento.es\\\/?product=archivadores-para-planos-a0-y-a1bisley#primaryimage\"},\"thumbnailUrl\":\"https:\\\/\\\/josmaequipamiento.es\\\/wp-content\\\/uploads\\\/2016\\\/07\\\/Red1.jpg\",\"datePublished\":\"2016-07-26T07:48:07+00:00\",\"dateModified\":\"2016-07-29T14:48:00+00:00\",\"breadcrumb\":{\"@id\":\"http:\\\/\\\/josmaequipamiento.es\\\/?product=archivadores-para-planos-a0-y-a1bisley#breadcrumb\"},\"inLanguage\":\"es\",\"potentialAction\":[{\"@type\":\"ReadAction\",\"target\":[\"http:\\\/\\\/josmaequipamiento.es\\\/?product=archivadores-para-planos-a0-y-a1bisley\"]}]},{\"@type\":\"ImageObject\",\"inLanguage\":\"es\",\"@id\":\"http:\\\/\\\/josmaequipamiento.es\\\/?product=archivadores-para-planos-a0-y-a1bisley#primaryimage\",\"url\":\"https:\\\/\\\/josmaequipamiento.es\\\/wp-content\\\/uploads\\\/2016\\\/07\\\/Red1.jpg\",\"contentUrl\":\"https:\\\/\\\/josmaequipamiento.es\\\/wp-content\\\/uploads\\\/2016\\\/07\\\/Red1.jpg\",\"width\":640,\"height\":480},{\"@type\":\"BreadcrumbList\",\"@id\":\"http:\\\/\\\/josmaequipamiento.es\\\/?product=archivadores-para-planos-a0-y-a1bisley#breadcrumb\",\"itemListElement\":[{\"@type\":\"ListItem\",\"position\":1,\"name\":\"Home\",\"item\":\"http:\\\/\\\/josmaequipamiento.es\\\/\"},{\"@type\":\"ListItem\",\"position\":2,\"name\":\"Productos\",\"item\":\"http:\\\/\\\/josmaequipamiento.es\\\/?page_id=109\"},{\"@type\":\"ListItem\",\"position\":3,\"name\":\"Archivadores para planos A0 y A1Bisley\"}]},{\"@type\":\"WebSite\",\"@id\":\"http:\\\/\\\/josmaequipamiento.es\\\/#website\",\"url\":\"http:\\\/\\\/josmaequipamiento.es\\\/\",\"name\":\"Josma Equipamiento\",\"description\":\"Todo lo relativo a equipamiento\",\"potentialAction\":[{\"@type\":\"SearchAction\",\"target\":{\"@type\":\"EntryPoint\",\"urlTemplate\":\"http:\\\/\\\/josmaequipamiento.es\\\/?s={search_term_string}\"},\"query-input\":{\"@type\":\"PropertyValueSpecification\",\"valueRequired\":true,\"valueName\":\"search_term_string\"}}],\"inLanguage\":\"es\"}]}<\/script>\n<!-- \/ Yoast SEO plugin. -->","yoast_head_json":{"title":"Archivadores para planos A0 y A1Bisley - Josma Equipamiento","robots":{"index":"index","follow":"follow","max-snippet":"max-snippet:-1","max-image-preview":"max-image-preview:large","max-video-preview":"max-video-preview:-1"},"canonical":"http:\/\/josmaequipamiento.es\/?product=archivadores-para-planos-a0-y-a1bisley","og_locale":"es_ES","og_type":"article","og_title":"Archivadores para planos A0 y A1Bisley - Josma Equipamiento","og_description":"El archivador de planos, de almacenamiento horizontal, es ideal para la conservaci\u00f3n y consulta de planos. Disponibles en formato A1 y AO, en m\u00f3dulos de 5 cajones equipados de un m\u00f3dulo intermedio para aumentar la capacidad. Columnas de un m\u00e1ximo de 15 cajones se puede realizar para soportar la evoluci\u00f3n de sus necesidades cambiantes.","og_url":"http:\/\/josmaequipamiento.es\/?product=archivadores-para-planos-a0-y-a1bisley","og_site_name":"Josma Equipamiento","article_modified_time":"2016-07-29T14:48:00+00:00","og_image":[{"width":640,"height":480,"url":"http:\/\/josmaequipamiento.es\/wp-content\/uploads\/2016\/07\/Red1.jpg","type":"image\/jpeg"}],"twitter_card":"summary_large_image","twitter_misc":{"Tiempo de lectura":"1 minuto"},"schema":{"@context":"https:\/\/schema.org","@graph":[{"@type":"WebPage","@id":"http:\/\/josmaequipamiento.es\/?product=archivadores-para-planos-a0-y-a1bisley","url":"http:\/\/josmaequipamiento.es\/?product=archivadores-para-planos-a0-y-a1bisley","name":"Archivadores para planos A0 y A1Bisley - Josma Equipamiento","isPartOf":{"@id":"http:\/\/josmaequipamiento.es\/#website"},"primaryImageOfPage":{"@id":"http:\/\/josmaequipamiento.es\/?product=archivadores-para-planos-a0-y-a1bisley#primaryimage"},"image":{"@id":"http:\/\/josmaequipamiento.es\/?product=archivadores-para-planos-a0-y-a1bisley#primaryimage"},"thumbnailUrl":"https:\/\/josmaequipamiento.es\/wp-content\/uploads\/2016\/07\/Red1.jpg","datePublished":"2016-07-26T07:48:07+00:00","dateModified":"2016-07-29T14:48:00+00:00","breadcrumb":{"@id":"http:\/\/josmaequipamiento.es\/?product=archivadores-para-planos-a0-y-a1bisley#breadcrumb"},"inLanguage":"es","potentialAction":[{"@type":"ReadAction","target":["http:\/\/josmaequipamiento.es\/?product=archivadores-para-planos-a0-y-a1bisley"]}]},{"@type":"ImageObject","inLanguage":"es","@id":"http:\/\/josmaequipamiento.es\/?product=archivadores-para-planos-a0-y-a1bisley#primaryimage","url":"https:\/\/josmaequipamiento.es\/wp-content\/uploads\/2016\/07\/Red1.jpg","contentUrl":"https:\/\/josmaequipamiento.es\/wp-content\/uploads\/2016\/07\/Red1.jpg","width":640,"height":480},{"@type":"BreadcrumbList","@id":"http:\/\/josmaequipamiento.es\/?product=archivadores-para-planos-a0-y-a1bisley#breadcrumb","itemListElement":[{"@type":"ListItem","position":1,"name":"Home","item":"http:\/\/josmaequipamiento.es\/"},{"@type":"ListItem","position":2,"name":"Productos","item":"http:\/\/josmaequipamiento.es\/?page_id=109"},{"@type":"ListItem","position":3,"name":"Archivadores para planos A0 y A1Bisley"}]},{"@type":"WebSite","@id":"http:\/\/josmaequipamiento.es\/#website","url":"http:\/\/josmaequipamiento.es\/","name":"Josma Equipamiento","description":"Todo lo relativo a equipamiento","potentialAction":[{"@type":"SearchAction","target":{"@type":"EntryPoint","urlTemplate":"http:\/\/josmaequipamiento.es\/?s={search_term_string}"},"query-input":{"@type":"PropertyValueSpecification","valueRequired":true,"valueName":"search_term_string"}}],"inLanguage":"es"}]}},"_links":{"self":[{"href":"https:\/\/josmaequipamiento.es\/index.php?rest_route=\/wp\/v2\/product\/2178","targetHints":{"allow":["GET"]}}],"collection":[{"href":"https:\/\/josmaequipamiento.es\/index.php?rest_route=\/wp\/v2\/product"}],"about":[{"href":"https:\/\/josmaequipamiento.es\/index.php?rest_route=\/wp\/v2\/types\/product"}],"replies":[{"embeddable":true,"href":"https:\/\/josmaequipamiento.es\/index.php?rest_route=%2Fwp%2Fv2%2Fcomments&post=2178"}],"wp:featuredmedia":[{"embeddable":true,"href":"https:\/\/josmaequipamiento.es\/index.php?rest_route=\/wp\/v2\/media\/2182"}],"wp:attachment":[{"href":"https:\/\/josmaequipamiento.es\/index.php?rest_route=%2Fwp%2Fv2%2Fmedia&parent=2178"}],"wp:term":[{"taxonomy":"product_brand","embeddable":true,"href":"https:\/\/josmaequipamiento.es\/index.php?rest_route=%2Fwp%2Fv2%2Fproduct_brand&post=2178"},{"taxonomy":"product_cat","embeddable":true,"href":"https:\/\/josmaequipamiento.es\/index.php?rest_route=%2Fwp%2Fv2%2Fproduct_cat&post=2178"},{"taxonomy":"product_tag","embeddable":true,"href":"https:\/\/josmaequipamiento.es\/index.php?rest_route=%2Fwp%2Fv2%2Fproduct_tag&post=2178"}],"curies":[{"name":"wp","href":"https:\/\/api.w.org\/{rel}","templated":true}]}}