{"id":2224,"date":"2016-07-27T14:54:03","date_gmt":"2016-07-27T14:54:03","guid":{"rendered":"http:\/\/josmaequipamiento.es\/?post_type=product&#038;p=2224"},"modified":"2016-07-27T14:54:03","modified_gmt":"2016-07-27T14:54:03","slug":"mostrador-biblioteca","status":"publish","type":"product","link":"https:\/\/josmaequipamiento.es\/?product=mostrador-biblioteca","title":{"rendered":"Mostrador Biblioteca"},"content":{"rendered":"<p><span style=\"color: #000000; font-family: Calibri; font-size: medium;\">Pies fabricados en aglomerado de 23 mm de espesor, rechapados con hoja de haya de primera calidad por ambas caras, frentes canto redondo de madera maciza de 23 x 7 mm. Sujetos a la tapa mediante exc\u00e9ntricas y espigas encoladas.<\/span><\/p>\n<p><span style=\"color: #000000; font-family: Calibri; font-size: medium;\">Tapas de aglomerado de 25 mm de espesor, rechapado con hoja de haya de primera calidad por ambas caras, frentes largos de madera maciza de haya de canto redondo. <\/span><\/p>\n<p><span style=\"color: #000000; font-family: Calibri; font-size: medium;\">Frentes rectos en aglomerado de 19 mm de espesor sujetos a la tapa y a los pies mediante exc\u00e9ntricas. Las partes redondas, en contrachapado de 20 mm. de espesor. <\/span><\/p>\n<p><span style=\"color: #000000; font-family: Calibri; font-size: medium;\">Todo ello barnizado en su color con fondo poliuretano pulimentado, terminaci\u00f3n en lacas semimates.<\/span><\/p>\n<p><span style=\"color: #000000; font-family: Calibri; font-size: medium;\">MEDIDAS: 800 mm de fondo por 750\/1.100 mm de alto. Largo a consultar.<\/span><\/p>\n<p><span style=\"color: #000000; font-family: Calibri; font-size: medium;\">Opciones: el mostrador puede ir con o sin altillo<\/span><\/p>\n","protected":false},"excerpt":{"rendered":"<p>Mostrador con fald\u00f3n y costados en madera, formado por m\u00f3dulos rectos y curvos de diversas medidas, con la posibilidad de adoptar varias disposiciones que incluyen plano de trabajo, bandeja de atenci\u00f3n al p\u00fablico y \u00e1rea adaptada para discapacitados seg\u00fan normativa.<\/p>\n<p>Mostradores realizados a medida seg\u00fan prescripci\u00f3n de proyecto t\u00e9cnico mediante corte y ensamblado de tableros con la posibilidad de adoptar diversas disposiciones.<\/p>\n","protected":false},"featured_media":2193,"comment_status":"open","ping_status":"closed","template":"","meta":{"_et_pb_use_builder":"","_et_pb_old_content":"","_et_gb_content_width":""},"product_brand":[],"product_cat":[57,77,78],"product_tag":[190],"class_list":{"0":"post-2224","1":"product","2":"type-product","3":"status-publish","4":"has-post-thumbnail","6":"product_cat-espacios-de-trabajo","7":"product_cat-instalacion-y-colectividades","8":"product_cat-bibliotecas","9":"product_tag-estanterias-bibliotecas","11":"first","12":"instock","13":"shipping-taxable","14":"product-type-simple"},"yoast_head":"<!-- This site is optimized with the Yoast SEO plugin v27.3 - https:\/\/yoast.com\/product\/yoast-seo-wordpress\/ -->\n<title>Mostrador Biblioteca - Josma Equipamiento<\/title>\n<meta name=\"robots\" content=\"index, follow, max-snippet:-1, max-image-preview:large, max-video-preview:-1\" \/>\n<link rel=\"canonical\" href=\"https:\/\/josmaequipamiento.es\/?product=mostrador-biblioteca\" \/>\n<meta property=\"og:locale\" content=\"es_ES\" \/>\n<meta property=\"og:type\" content=\"article\" \/>\n<meta property=\"og:title\" content=\"Mostrador Biblioteca - Josma Equipamiento\" \/>\n<meta property=\"og:description\" content=\"Mostrador con fald\u00f3n y costados en madera, formado por m\u00f3dulos rectos y curvos de diversas medidas, con la posibilidad de adoptar varias disposiciones que incluyen plano de trabajo, bandeja de atenci\u00f3n al p\u00fablico y \u00e1rea adaptada para discapacitados seg\u00fan normativa.  Mostradores realizados a medida seg\u00fan prescripci\u00f3n de proyecto t\u00e9cnico mediante corte y ensamblado de tableros con la posibilidad de adoptar diversas disposiciones.\" \/>\n<meta property=\"og:url\" content=\"https:\/\/josmaequipamiento.es\/?product=mostrador-biblioteca\" \/>\n<meta property=\"og:site_name\" content=\"Josma Equipamiento\" \/>\n<meta property=\"og:image\" content=\"https:\/\/josmaequipamiento.es\/wp-content\/uploads\/2016\/05\/Mostrador-640x480.jpg\" \/>\n\t<meta property=\"og:image:width\" content=\"640\" \/>\n\t<meta property=\"og:image:height\" content=\"480\" \/>\n\t<meta property=\"og:image:type\" content=\"image\/jpeg\" \/>\n<meta name=\"twitter:card\" content=\"summary_large_image\" \/>\n<meta name=\"twitter:label1\" content=\"Tiempo de lectura\" \/>\n\t<meta name=\"twitter:data1\" content=\"1 minuto\" \/>\n<script type=\"application\/ld+json\" class=\"yoast-schema-graph\">{\"@context\":\"https:\\\/\\\/schema.org\",\"@graph\":[{\"@type\":\"WebPage\",\"@id\":\"https:\\\/\\\/josmaequipamiento.es\\\/?product=mostrador-biblioteca\",\"url\":\"https:\\\/\\\/josmaequipamiento.es\\\/?product=mostrador-biblioteca\",\"name\":\"Mostrador Biblioteca - Josma Equipamiento\",\"isPartOf\":{\"@id\":\"http:\\\/\\\/josmaequipamiento.es\\\/#website\"},\"primaryImageOfPage\":{\"@id\":\"https:\\\/\\\/josmaequipamiento.es\\\/?product=mostrador-biblioteca#primaryimage\"},\"image\":{\"@id\":\"https:\\\/\\\/josmaequipamiento.es\\\/?product=mostrador-biblioteca#primaryimage\"},\"thumbnailUrl\":\"https:\\\/\\\/josmaequipamiento.es\\\/wp-content\\\/uploads\\\/2016\\\/05\\\/Mostrador-640x480.jpg\",\"datePublished\":\"2016-07-27T14:54:03+00:00\",\"breadcrumb\":{\"@id\":\"https:\\\/\\\/josmaequipamiento.es\\\/?product=mostrador-biblioteca#breadcrumb\"},\"inLanguage\":\"es\",\"potentialAction\":[{\"@type\":\"ReadAction\",\"target\":[\"https:\\\/\\\/josmaequipamiento.es\\\/?product=mostrador-biblioteca\"]}]},{\"@type\":\"ImageObject\",\"inLanguage\":\"es\",\"@id\":\"https:\\\/\\\/josmaequipamiento.es\\\/?product=mostrador-biblioteca#primaryimage\",\"url\":\"https:\\\/\\\/josmaequipamiento.es\\\/wp-content\\\/uploads\\\/2016\\\/05\\\/Mostrador-640x480.jpg\",\"contentUrl\":\"https:\\\/\\\/josmaequipamiento.es\\\/wp-content\\\/uploads\\\/2016\\\/05\\\/Mostrador-640x480.jpg\",\"width\":640,\"height\":480},{\"@type\":\"BreadcrumbList\",\"@id\":\"https:\\\/\\\/josmaequipamiento.es\\\/?product=mostrador-biblioteca#breadcrumb\",\"itemListElement\":[{\"@type\":\"ListItem\",\"position\":1,\"name\":\"Home\",\"item\":\"http:\\\/\\\/josmaequipamiento.es\\\/\"},{\"@type\":\"ListItem\",\"position\":2,\"name\":\"Productos\",\"item\":\"http:\\\/\\\/josmaequipamiento.es\\\/?page_id=109\"},{\"@type\":\"ListItem\",\"position\":3,\"name\":\"Mostrador Biblioteca\"}]},{\"@type\":\"WebSite\",\"@id\":\"http:\\\/\\\/josmaequipamiento.es\\\/#website\",\"url\":\"http:\\\/\\\/josmaequipamiento.es\\\/\",\"name\":\"Josma Equipamiento\",\"description\":\"Todo lo relativo a equipamiento\",\"potentialAction\":[{\"@type\":\"SearchAction\",\"target\":{\"@type\":\"EntryPoint\",\"urlTemplate\":\"http:\\\/\\\/josmaequipamiento.es\\\/?s={search_term_string}\"},\"query-input\":{\"@type\":\"PropertyValueSpecification\",\"valueRequired\":true,\"valueName\":\"search_term_string\"}}],\"inLanguage\":\"es\"}]}<\/script>\n<!-- \/ Yoast SEO plugin. -->","yoast_head_json":{"title":"Mostrador Biblioteca - Josma Equipamiento","robots":{"index":"index","follow":"follow","max-snippet":"max-snippet:-1","max-image-preview":"max-image-preview:large","max-video-preview":"max-video-preview:-1"},"canonical":"https:\/\/josmaequipamiento.es\/?product=mostrador-biblioteca","og_locale":"es_ES","og_type":"article","og_title":"Mostrador Biblioteca - Josma Equipamiento","og_description":"Mostrador con fald\u00f3n y costados en madera, formado por m\u00f3dulos rectos y curvos de diversas medidas, con la posibilidad de adoptar varias disposiciones que incluyen plano de trabajo, bandeja de atenci\u00f3n al p\u00fablico y \u00e1rea adaptada para discapacitados seg\u00fan normativa.  Mostradores realizados a medida seg\u00fan prescripci\u00f3n de proyecto t\u00e9cnico mediante corte y ensamblado de tableros con la posibilidad de adoptar diversas disposiciones.","og_url":"https:\/\/josmaequipamiento.es\/?product=mostrador-biblioteca","og_site_name":"Josma Equipamiento","og_image":[{"width":640,"height":480,"url":"https:\/\/josmaequipamiento.es\/wp-content\/uploads\/2016\/05\/Mostrador-640x480.jpg","type":"image\/jpeg"}],"twitter_card":"summary_large_image","twitter_misc":{"Tiempo de lectura":"1 minuto"},"schema":{"@context":"https:\/\/schema.org","@graph":[{"@type":"WebPage","@id":"https:\/\/josmaequipamiento.es\/?product=mostrador-biblioteca","url":"https:\/\/josmaequipamiento.es\/?product=mostrador-biblioteca","name":"Mostrador Biblioteca - Josma Equipamiento","isPartOf":{"@id":"http:\/\/josmaequipamiento.es\/#website"},"primaryImageOfPage":{"@id":"https:\/\/josmaequipamiento.es\/?product=mostrador-biblioteca#primaryimage"},"image":{"@id":"https:\/\/josmaequipamiento.es\/?product=mostrador-biblioteca#primaryimage"},"thumbnailUrl":"https:\/\/josmaequipamiento.es\/wp-content\/uploads\/2016\/05\/Mostrador-640x480.jpg","datePublished":"2016-07-27T14:54:03+00:00","breadcrumb":{"@id":"https:\/\/josmaequipamiento.es\/?product=mostrador-biblioteca#breadcrumb"},"inLanguage":"es","potentialAction":[{"@type":"ReadAction","target":["https:\/\/josmaequipamiento.es\/?product=mostrador-biblioteca"]}]},{"@type":"ImageObject","inLanguage":"es","@id":"https:\/\/josmaequipamiento.es\/?product=mostrador-biblioteca#primaryimage","url":"https:\/\/josmaequipamiento.es\/wp-content\/uploads\/2016\/05\/Mostrador-640x480.jpg","contentUrl":"https:\/\/josmaequipamiento.es\/wp-content\/uploads\/2016\/05\/Mostrador-640x480.jpg","width":640,"height":480},{"@type":"BreadcrumbList","@id":"https:\/\/josmaequipamiento.es\/?product=mostrador-biblioteca#breadcrumb","itemListElement":[{"@type":"ListItem","position":1,"name":"Home","item":"http:\/\/josmaequipamiento.es\/"},{"@type":"ListItem","position":2,"name":"Productos","item":"http:\/\/josmaequipamiento.es\/?page_id=109"},{"@type":"ListItem","position":3,"name":"Mostrador Biblioteca"}]},{"@type":"WebSite","@id":"http:\/\/josmaequipamiento.es\/#website","url":"http:\/\/josmaequipamiento.es\/","name":"Josma Equipamiento","description":"Todo lo relativo a equipamiento","potentialAction":[{"@type":"SearchAction","target":{"@type":"EntryPoint","urlTemplate":"http:\/\/josmaequipamiento.es\/?s={search_term_string}"},"query-input":{"@type":"PropertyValueSpecification","valueRequired":true,"valueName":"search_term_string"}}],"inLanguage":"es"}]}},"_links":{"self":[{"href":"https:\/\/josmaequipamiento.es\/index.php?rest_route=\/wp\/v2\/product\/2224","targetHints":{"allow":["GET"]}}],"collection":[{"href":"https:\/\/josmaequipamiento.es\/index.php?rest_route=\/wp\/v2\/product"}],"about":[{"href":"https:\/\/josmaequipamiento.es\/index.php?rest_route=\/wp\/v2\/types\/product"}],"replies":[{"embeddable":true,"href":"https:\/\/josmaequipamiento.es\/index.php?rest_route=%2Fwp%2Fv2%2Fcomments&post=2224"}],"wp:featuredmedia":[{"embeddable":true,"href":"https:\/\/josmaequipamiento.es\/index.php?rest_route=\/wp\/v2\/media\/2193"}],"wp:attachment":[{"href":"https:\/\/josmaequipamiento.es\/index.php?rest_route=%2Fwp%2Fv2%2Fmedia&parent=2224"}],"wp:term":[{"taxonomy":"product_brand","embeddable":true,"href":"https:\/\/josmaequipamiento.es\/index.php?rest_route=%2Fwp%2Fv2%2Fproduct_brand&post=2224"},{"taxonomy":"product_cat","embeddable":true,"href":"https:\/\/josmaequipamiento.es\/index.php?rest_route=%2Fwp%2Fv2%2Fproduct_cat&post=2224"},{"taxonomy":"product_tag","embeddable":true,"href":"https:\/\/josmaequipamiento.es\/index.php?rest_route=%2Fwp%2Fv2%2Fproduct_tag&post=2224"}],"curies":[{"name":"wp","href":"https:\/\/api.w.org\/{rel}","templated":true}]}}