{"id":2547,"date":"2016-09-13T07:48:54","date_gmt":"2016-09-13T07:48:54","guid":{"rendered":"http:\/\/josmaequipamiento.es\/?post_type=product&#038;p=2547"},"modified":"2016-09-13T07:48:54","modified_gmt":"2016-09-13T07:48:54","slug":"tiras-y-etiquetas-tattle-tape-tm","status":"publish","type":"product","link":"https:\/\/josmaequipamiento.es\/?product=tiras-y-etiquetas-tattle-tape-tm","title":{"rendered":"Tiras y Etiquetas Tattle-Tape TM"},"content":{"rendered":"<ol>\n<li><strong>A) Tiras de seguridad Tattle-Tape- DCD-2<\/strong> Estas tiras de precisi\u00f3n est\u00e1n dise\u00f1adas especialmente para CDs y DVDs. El f\u00e1cil proceso de aplicaci\u00f3n en un solo paso integra dos tiras magn\u00e9ticas en un revestimiento de pel\u00edcula transparente que evita su retirada y protege la superficie del disco.<\/li>\n<li><strong>B) Tiras de seguridad Tattle-Tape- B2<\/strong> Tiras ultrafinas de doble cara dise\u00f1adas para aplicarse entre las p\u00e1ginas de libros y revistas. El forro extra largo facilita la inserci\u00f3n de la tira en el margen convirti\u00e9ndola en pr\u00e1cticamente indetectable.<\/li>\n<li><strong>C) Tiras de seguridad Tattle-Tape- B1<\/strong> Tiras magn\u00e9ticas de una sola cara dise\u00f1adas para libros de pasta dura. Las tiras se pueden insertar con facilidad en el lomo del libro con una bayoneta ya sea en el mostrador o en las estanter\u00edas. Las tiras quedan completamente ocultas.<\/li>\n<li><strong>D) Tiras de seguridad Tattle-Tape- R2<\/strong> Se aplican con el Sistema de Aplicaci\u00f3n Tattle-Tape\u2014Estas tiras se presentan en rollo, sin forros que eliminar. Se despachan autom\u00e1ticamente y pueden aplicarse a materiales impreso cinco veces m\u00e1s r\u00e1pido que las tiras tradicionales.<\/li>\n<li><strong>E) Sistema de aplicaci\u00f3n Tattle-Tape<\/strong> Con este aparato podr\u00e1 aplicar las Tiras de Seguridad Tattle-TapeTM a materiales impresos de tres a cinco veces m\u00e1s r\u00e1pido que si se aplicasen las tiras a mano. Util\u00edcelo en los estantes o entre bastidores. Certificado UL<\/li>\n<li><strong>F) Tiras de seguridad Tattle-Tape DVM-1<\/strong> Estas tiras de precisi\u00f3n est\u00e1n dise\u00f1adas especialmente para casetes de v\u00eddeo sin cajas. Las tiras se ocultan debajo de una etiqueta que puede imprimirse con un t\u00edtulo u otra informaci\u00f3n.<\/li>\n<li><strong>G) Tiras de seguridad Tattle-Tape DAC-1<\/strong> Estas tiras est\u00e1n dise\u00f1adas especialmente para casetes de audio sin cajas. Las tiras se ocultan debajo de una etiqueta que puede imprimirse con un t\u00edtulo u otra informaci\u00f3n.<\/li>\n<\/ol>\n","protected":false},"excerpt":{"rendered":"<p><span style=\"color: #000000; font-family: Calibri; font-size: medium;\">Las tiras de Seguridad Tattle-Tape de 3M ofrecen una protecci\u00f3n discreta a la totalidad de los fondos de su biblioteca, incluyendo los medios magn\u00e9ticos. Las tiras se desactivan con rapidez durante el registro de salida y se activan nuevamente con su fuerza original en el registro de entrada.<\/span><\/p>\n","protected":false},"featured_media":2549,"comment_status":"open","ping_status":"closed","template":"","meta":{"_et_pb_use_builder":"","_et_pb_old_content":"","_et_gb_content_width":""},"product_brand":[],"product_cat":[77,78,215],"product_tag":[190],"class_list":{"0":"post-2547","1":"product","2":"type-product","3":"status-publish","4":"has-post-thumbnail","6":"product_cat-instalacion-y-colectividades","7":"product_cat-bibliotecas","8":"product_cat-productos","9":"product_tag-estanterias-bibliotecas","11":"first","12":"instock","13":"shipping-taxable","14":"product-type-simple"},"yoast_head":"<!-- This site is optimized with the Yoast SEO plugin v27.1.1 - https:\/\/yoast.com\/product\/yoast-seo-wordpress\/ -->\n<title>Tiras y Etiquetas Tattle-Tape TM - Josma Equipamiento<\/title>\n<meta name=\"robots\" content=\"index, follow, max-snippet:-1, max-image-preview:large, max-video-preview:-1\" \/>\n<link rel=\"canonical\" href=\"https:\/\/josmaequipamiento.es\/?product=tiras-y-etiquetas-tattle-tape-tm\" \/>\n<meta property=\"og:locale\" content=\"es_ES\" \/>\n<meta property=\"og:type\" content=\"article\" \/>\n<meta property=\"og:title\" content=\"Tiras y Etiquetas Tattle-Tape TM - Josma Equipamiento\" \/>\n<meta property=\"og:description\" content=\"Las tiras de Seguridad Tattle-Tape de 3M ofrecen una protecci\u00f3n discreta a la totalidad de los fondos de su biblioteca, incluyendo los medios magn\u00e9ticos. Las tiras se desactivan con rapidez durante el registro de salida y se activan nuevamente con su fuerza original en el registro de entrada.\" \/>\n<meta property=\"og:url\" content=\"https:\/\/josmaequipamiento.es\/?product=tiras-y-etiquetas-tattle-tape-tm\" \/>\n<meta property=\"og:site_name\" content=\"Josma Equipamiento\" \/>\n<meta property=\"og:image\" content=\"https:\/\/josmaequipamiento.es\/wp-content\/uploads\/2016\/09\/tattle_tape.jpg\" \/>\n\t<meta property=\"og:image:width\" content=\"657\" \/>\n\t<meta property=\"og:image:height\" content=\"480\" \/>\n\t<meta property=\"og:image:type\" content=\"image\/jpeg\" \/>\n<meta name=\"twitter:card\" content=\"summary_large_image\" \/>\n<meta name=\"twitter:label1\" content=\"Tiempo de lectura\" \/>\n\t<meta name=\"twitter:data1\" content=\"2 minutos\" \/>\n<script type=\"application\/ld+json\" class=\"yoast-schema-graph\">{\"@context\":\"https:\/\/schema.org\",\"@graph\":[{\"@type\":\"WebPage\",\"@id\":\"https:\/\/josmaequipamiento.es\/?product=tiras-y-etiquetas-tattle-tape-tm\",\"url\":\"https:\/\/josmaequipamiento.es\/?product=tiras-y-etiquetas-tattle-tape-tm\",\"name\":\"Tiras y Etiquetas Tattle-Tape TM - Josma Equipamiento\",\"isPartOf\":{\"@id\":\"https:\/\/josmaequipamiento.es\/#website\"},\"primaryImageOfPage\":{\"@id\":\"https:\/\/josmaequipamiento.es\/?product=tiras-y-etiquetas-tattle-tape-tm#primaryimage\"},\"image\":{\"@id\":\"https:\/\/josmaequipamiento.es\/?product=tiras-y-etiquetas-tattle-tape-tm#primaryimage\"},\"thumbnailUrl\":\"https:\/\/josmaequipamiento.es\/wp-content\/uploads\/2016\/09\/tattle_tape.jpg\",\"datePublished\":\"2016-09-13T07:48:54+00:00\",\"breadcrumb\":{\"@id\":\"https:\/\/josmaequipamiento.es\/?product=tiras-y-etiquetas-tattle-tape-tm#breadcrumb\"},\"inLanguage\":\"es\",\"potentialAction\":[{\"@type\":\"ReadAction\",\"target\":[\"https:\/\/josmaequipamiento.es\/?product=tiras-y-etiquetas-tattle-tape-tm\"]}]},{\"@type\":\"ImageObject\",\"inLanguage\":\"es\",\"@id\":\"https:\/\/josmaequipamiento.es\/?product=tiras-y-etiquetas-tattle-tape-tm#primaryimage\",\"url\":\"https:\/\/josmaequipamiento.es\/wp-content\/uploads\/2016\/09\/tattle_tape.jpg\",\"contentUrl\":\"https:\/\/josmaequipamiento.es\/wp-content\/uploads\/2016\/09\/tattle_tape.jpg\",\"width\":657,\"height\":480},{\"@type\":\"BreadcrumbList\",\"@id\":\"https:\/\/josmaequipamiento.es\/?product=tiras-y-etiquetas-tattle-tape-tm#breadcrumb\",\"itemListElement\":[{\"@type\":\"ListItem\",\"position\":1,\"name\":\"Home\",\"item\":\"https:\/\/josmaequipamiento.es\/\"},{\"@type\":\"ListItem\",\"position\":2,\"name\":\"Productos\",\"item\":\"https:\/\/josmaequipamiento.es\/?page_id=109\"},{\"@type\":\"ListItem\",\"position\":3,\"name\":\"Tiras y Etiquetas Tattle-Tape TM\"}]},{\"@type\":\"WebSite\",\"@id\":\"https:\/\/josmaequipamiento.es\/#website\",\"url\":\"https:\/\/josmaequipamiento.es\/\",\"name\":\"Josma Equipamiento\",\"description\":\"Todo lo relativo a equipamiento\",\"potentialAction\":[{\"@type\":\"SearchAction\",\"target\":{\"@type\":\"EntryPoint\",\"urlTemplate\":\"https:\/\/josmaequipamiento.es\/?s={search_term_string}\"},\"query-input\":{\"@type\":\"PropertyValueSpecification\",\"valueRequired\":true,\"valueName\":\"search_term_string\"}}],\"inLanguage\":\"es\"}]}<\/script>\n<!-- \/ Yoast SEO plugin. -->","yoast_head_json":{"title":"Tiras y Etiquetas Tattle-Tape TM - Josma Equipamiento","robots":{"index":"index","follow":"follow","max-snippet":"max-snippet:-1","max-image-preview":"max-image-preview:large","max-video-preview":"max-video-preview:-1"},"canonical":"https:\/\/josmaequipamiento.es\/?product=tiras-y-etiquetas-tattle-tape-tm","og_locale":"es_ES","og_type":"article","og_title":"Tiras y Etiquetas Tattle-Tape TM - Josma Equipamiento","og_description":"Las tiras de Seguridad Tattle-Tape de 3M ofrecen una protecci\u00f3n discreta a la totalidad de los fondos de su biblioteca, incluyendo los medios magn\u00e9ticos. Las tiras se desactivan con rapidez durante el registro de salida y se activan nuevamente con su fuerza original en el registro de entrada.","og_url":"https:\/\/josmaequipamiento.es\/?product=tiras-y-etiquetas-tattle-tape-tm","og_site_name":"Josma Equipamiento","og_image":[{"width":657,"height":480,"url":"https:\/\/josmaequipamiento.es\/wp-content\/uploads\/2016\/09\/tattle_tape.jpg","type":"image\/jpeg"}],"twitter_card":"summary_large_image","twitter_misc":{"Tiempo de lectura":"2 minutos"},"schema":{"@context":"https:\/\/schema.org","@graph":[{"@type":"WebPage","@id":"https:\/\/josmaequipamiento.es\/?product=tiras-y-etiquetas-tattle-tape-tm","url":"https:\/\/josmaequipamiento.es\/?product=tiras-y-etiquetas-tattle-tape-tm","name":"Tiras y Etiquetas Tattle-Tape TM - Josma Equipamiento","isPartOf":{"@id":"https:\/\/josmaequipamiento.es\/#website"},"primaryImageOfPage":{"@id":"https:\/\/josmaequipamiento.es\/?product=tiras-y-etiquetas-tattle-tape-tm#primaryimage"},"image":{"@id":"https:\/\/josmaequipamiento.es\/?product=tiras-y-etiquetas-tattle-tape-tm#primaryimage"},"thumbnailUrl":"https:\/\/josmaequipamiento.es\/wp-content\/uploads\/2016\/09\/tattle_tape.jpg","datePublished":"2016-09-13T07:48:54+00:00","breadcrumb":{"@id":"https:\/\/josmaequipamiento.es\/?product=tiras-y-etiquetas-tattle-tape-tm#breadcrumb"},"inLanguage":"es","potentialAction":[{"@type":"ReadAction","target":["https:\/\/josmaequipamiento.es\/?product=tiras-y-etiquetas-tattle-tape-tm"]}]},{"@type":"ImageObject","inLanguage":"es","@id":"https:\/\/josmaequipamiento.es\/?product=tiras-y-etiquetas-tattle-tape-tm#primaryimage","url":"https:\/\/josmaequipamiento.es\/wp-content\/uploads\/2016\/09\/tattle_tape.jpg","contentUrl":"https:\/\/josmaequipamiento.es\/wp-content\/uploads\/2016\/09\/tattle_tape.jpg","width":657,"height":480},{"@type":"BreadcrumbList","@id":"https:\/\/josmaequipamiento.es\/?product=tiras-y-etiquetas-tattle-tape-tm#breadcrumb","itemListElement":[{"@type":"ListItem","position":1,"name":"Home","item":"https:\/\/josmaequipamiento.es\/"},{"@type":"ListItem","position":2,"name":"Productos","item":"https:\/\/josmaequipamiento.es\/?page_id=109"},{"@type":"ListItem","position":3,"name":"Tiras y Etiquetas Tattle-Tape TM"}]},{"@type":"WebSite","@id":"https:\/\/josmaequipamiento.es\/#website","url":"https:\/\/josmaequipamiento.es\/","name":"Josma Equipamiento","description":"Todo lo relativo a equipamiento","potentialAction":[{"@type":"SearchAction","target":{"@type":"EntryPoint","urlTemplate":"https:\/\/josmaequipamiento.es\/?s={search_term_string}"},"query-input":{"@type":"PropertyValueSpecification","valueRequired":true,"valueName":"search_term_string"}}],"inLanguage":"es"}]}},"_links":{"self":[{"href":"https:\/\/josmaequipamiento.es\/index.php?rest_route=\/wp\/v2\/product\/2547","targetHints":{"allow":["GET"]}}],"collection":[{"href":"https:\/\/josmaequipamiento.es\/index.php?rest_route=\/wp\/v2\/product"}],"about":[{"href":"https:\/\/josmaequipamiento.es\/index.php?rest_route=\/wp\/v2\/types\/product"}],"replies":[{"embeddable":true,"href":"https:\/\/josmaequipamiento.es\/index.php?rest_route=%2Fwp%2Fv2%2Fcomments&post=2547"}],"wp:featuredmedia":[{"embeddable":true,"href":"https:\/\/josmaequipamiento.es\/index.php?rest_route=\/wp\/v2\/media\/2549"}],"wp:attachment":[{"href":"https:\/\/josmaequipamiento.es\/index.php?rest_route=%2Fwp%2Fv2%2Fmedia&parent=2547"}],"wp:term":[{"taxonomy":"product_brand","embeddable":true,"href":"https:\/\/josmaequipamiento.es\/index.php?rest_route=%2Fwp%2Fv2%2Fproduct_brand&post=2547"},{"taxonomy":"product_cat","embeddable":true,"href":"https:\/\/josmaequipamiento.es\/index.php?rest_route=%2Fwp%2Fv2%2Fproduct_cat&post=2547"},{"taxonomy":"product_tag","embeddable":true,"href":"https:\/\/josmaequipamiento.es\/index.php?rest_route=%2Fwp%2Fv2%2Fproduct_tag&post=2547"}],"curies":[{"name":"wp","href":"https:\/\/api.w.org\/{rel}","templated":true}]}}