{"id":2556,"date":"2016-12-29T18:15:06","date_gmt":"2016-12-29T18:15:06","guid":{"rendered":"http:\/\/josmaequipamiento.es\/?post_type=product&#038;p=2556"},"modified":"2016-12-29T18:15:44","modified_gmt":"2016-12-29T18:15:44","slug":"estanteria-level","status":"publish","type":"product","link":"https:\/\/josmaequipamiento.es\/?product=estanteria-level","title":{"rendered":"Estanter\u00eda met\u00e1lica Level"},"content":{"rendered":"<p><span style=\"color: #000000; font-family: Calibri; font-size: medium;\">El programa Level cuenta con variedad de elementos singulares para atender las demandas de las bibliotecas y mediatecas. La distribuci\u00f3n de los espacios se realiza de una manera ergon\u00f3mica y est\u00e9tica.<\/span><\/p>\n<p><span style=\"color: #000000; font-family: Calibri; font-size: medium;\">Los acabados de pintura favorecen la resistencia de los estantes frente al desgaste, debido a la colocaci\u00f3n y extracci\u00f3n de libros y documentos digitales.<\/span><\/p>\n","protected":false},"excerpt":{"rendered":"<p>El programa Level cuenta con variedad de elementos singulares para atender las demandas de las bibliotecas y mediatecas. La distribuci\u00f3n de los espacios se realiza de una manera ergon\u00f3mica y est\u00e9tica. Los acabados de pintura favorecen la resistencia de los estantes frente al desgaste, debido a la colocaci\u00f3n y extracci\u00f3n de libros y documentos digitales.<\/p>\n","protected":false},"featured_media":2557,"comment_status":"open","ping_status":"closed","template":"","meta":{"_et_pb_use_builder":"","_et_pb_old_content":"","_et_gb_content_width":""},"product_brand":[],"product_cat":[77,78,215],"product_tag":[218],"class_list":{"0":"post-2556","1":"product","2":"type-product","3":"status-publish","4":"has-post-thumbnail","6":"product_cat-instalacion-y-colectividades","7":"product_cat-bibliotecas","8":"product_cat-productos","9":"product_tag-estanterias-biblioteca","11":"first","12":"instock","13":"shipping-taxable","14":"product-type-simple"},"yoast_head":"<!-- This site is optimized with the Yoast SEO plugin v27.3 - https:\/\/yoast.com\/product\/yoast-seo-wordpress\/ -->\n<title>Estanter\u00eda met\u00e1lica Level - Josma Equipamiento<\/title>\n<meta name=\"robots\" content=\"index, follow, max-snippet:-1, max-image-preview:large, max-video-preview:-1\" \/>\n<link rel=\"canonical\" href=\"http:\/\/josmaequipamiento.es\/?product=estanteria-level\" \/>\n<meta property=\"og:locale\" content=\"es_ES\" \/>\n<meta property=\"og:type\" content=\"article\" \/>\n<meta property=\"og:title\" content=\"Estanter\u00eda met\u00e1lica Level - Josma Equipamiento\" \/>\n<meta property=\"og:description\" content=\"El programa Level cuenta con variedad de elementos singulares para atender las demandas de las bibliotecas y mediatecas. La distribuci\u00f3n de los espacios se realiza de una manera ergon\u00f3mica y est\u00e9tica. Los acabados de pintura favorecen la resistencia de los estantes frente al desgaste, debido a la colocaci\u00f3n y extracci\u00f3n de libros y documentos digitales.\" \/>\n<meta property=\"og:url\" content=\"http:\/\/josmaequipamiento.es\/?product=estanteria-level\" \/>\n<meta property=\"og:site_name\" content=\"Josma Equipamiento\" \/>\n<meta property=\"article:modified_time\" content=\"2016-12-29T18:15:44+00:00\" \/>\n<meta property=\"og:image\" content=\"http:\/\/josmaequipamiento.es\/wp-content\/uploads\/2016\/12\/estanteria_level.jpg\" \/>\n\t<meta property=\"og:image:width\" content=\"640\" \/>\n\t<meta property=\"og:image:height\" content=\"480\" \/>\n\t<meta property=\"og:image:type\" content=\"image\/jpeg\" \/>\n<meta name=\"twitter:card\" content=\"summary_large_image\" \/>\n<script type=\"application\/ld+json\" class=\"yoast-schema-graph\">{\"@context\":\"https:\\\/\\\/schema.org\",\"@graph\":[{\"@type\":\"WebPage\",\"@id\":\"http:\\\/\\\/josmaequipamiento.es\\\/?product=estanteria-level\",\"url\":\"http:\\\/\\\/josmaequipamiento.es\\\/?product=estanteria-level\",\"name\":\"Estanter\u00eda met\u00e1lica Level - Josma Equipamiento\",\"isPartOf\":{\"@id\":\"http:\\\/\\\/josmaequipamiento.es\\\/#website\"},\"primaryImageOfPage\":{\"@id\":\"http:\\\/\\\/josmaequipamiento.es\\\/?product=estanteria-level#primaryimage\"},\"image\":{\"@id\":\"http:\\\/\\\/josmaequipamiento.es\\\/?product=estanteria-level#primaryimage\"},\"thumbnailUrl\":\"https:\\\/\\\/josmaequipamiento.es\\\/wp-content\\\/uploads\\\/2016\\\/12\\\/estanteria_level.jpg\",\"datePublished\":\"2016-12-29T18:15:06+00:00\",\"dateModified\":\"2016-12-29T18:15:44+00:00\",\"breadcrumb\":{\"@id\":\"http:\\\/\\\/josmaequipamiento.es\\\/?product=estanteria-level#breadcrumb\"},\"inLanguage\":\"es\",\"potentialAction\":[{\"@type\":\"ReadAction\",\"target\":[\"http:\\\/\\\/josmaequipamiento.es\\\/?product=estanteria-level\"]}]},{\"@type\":\"ImageObject\",\"inLanguage\":\"es\",\"@id\":\"http:\\\/\\\/josmaequipamiento.es\\\/?product=estanteria-level#primaryimage\",\"url\":\"https:\\\/\\\/josmaequipamiento.es\\\/wp-content\\\/uploads\\\/2016\\\/12\\\/estanteria_level.jpg\",\"contentUrl\":\"https:\\\/\\\/josmaequipamiento.es\\\/wp-content\\\/uploads\\\/2016\\\/12\\\/estanteria_level.jpg\",\"width\":640,\"height\":480},{\"@type\":\"BreadcrumbList\",\"@id\":\"http:\\\/\\\/josmaequipamiento.es\\\/?product=estanteria-level#breadcrumb\",\"itemListElement\":[{\"@type\":\"ListItem\",\"position\":1,\"name\":\"Home\",\"item\":\"http:\\\/\\\/josmaequipamiento.es\\\/\"},{\"@type\":\"ListItem\",\"position\":2,\"name\":\"Productos\",\"item\":\"http:\\\/\\\/josmaequipamiento.es\\\/?page_id=109\"},{\"@type\":\"ListItem\",\"position\":3,\"name\":\"Estanter\u00eda met\u00e1lica Level\"}]},{\"@type\":\"WebSite\",\"@id\":\"http:\\\/\\\/josmaequipamiento.es\\\/#website\",\"url\":\"http:\\\/\\\/josmaequipamiento.es\\\/\",\"name\":\"Josma Equipamiento\",\"description\":\"Todo lo relativo a equipamiento\",\"potentialAction\":[{\"@type\":\"SearchAction\",\"target\":{\"@type\":\"EntryPoint\",\"urlTemplate\":\"http:\\\/\\\/josmaequipamiento.es\\\/?s={search_term_string}\"},\"query-input\":{\"@type\":\"PropertyValueSpecification\",\"valueRequired\":true,\"valueName\":\"search_term_string\"}}],\"inLanguage\":\"es\"}]}<\/script>\n<!-- \/ Yoast SEO plugin. -->","yoast_head_json":{"title":"Estanter\u00eda met\u00e1lica Level - Josma Equipamiento","robots":{"index":"index","follow":"follow","max-snippet":"max-snippet:-1","max-image-preview":"max-image-preview:large","max-video-preview":"max-video-preview:-1"},"canonical":"http:\/\/josmaequipamiento.es\/?product=estanteria-level","og_locale":"es_ES","og_type":"article","og_title":"Estanter\u00eda met\u00e1lica Level - Josma Equipamiento","og_description":"El programa Level cuenta con variedad de elementos singulares para atender las demandas de las bibliotecas y mediatecas. La distribuci\u00f3n de los espacios se realiza de una manera ergon\u00f3mica y est\u00e9tica. Los acabados de pintura favorecen la resistencia de los estantes frente al desgaste, debido a la colocaci\u00f3n y extracci\u00f3n de libros y documentos digitales.","og_url":"http:\/\/josmaequipamiento.es\/?product=estanteria-level","og_site_name":"Josma Equipamiento","article_modified_time":"2016-12-29T18:15:44+00:00","og_image":[{"width":640,"height":480,"url":"http:\/\/josmaequipamiento.es\/wp-content\/uploads\/2016\/12\/estanteria_level.jpg","type":"image\/jpeg"}],"twitter_card":"summary_large_image","schema":{"@context":"https:\/\/schema.org","@graph":[{"@type":"WebPage","@id":"http:\/\/josmaequipamiento.es\/?product=estanteria-level","url":"http:\/\/josmaequipamiento.es\/?product=estanteria-level","name":"Estanter\u00eda met\u00e1lica Level - Josma Equipamiento","isPartOf":{"@id":"http:\/\/josmaequipamiento.es\/#website"},"primaryImageOfPage":{"@id":"http:\/\/josmaequipamiento.es\/?product=estanteria-level#primaryimage"},"image":{"@id":"http:\/\/josmaequipamiento.es\/?product=estanteria-level#primaryimage"},"thumbnailUrl":"https:\/\/josmaequipamiento.es\/wp-content\/uploads\/2016\/12\/estanteria_level.jpg","datePublished":"2016-12-29T18:15:06+00:00","dateModified":"2016-12-29T18:15:44+00:00","breadcrumb":{"@id":"http:\/\/josmaequipamiento.es\/?product=estanteria-level#breadcrumb"},"inLanguage":"es","potentialAction":[{"@type":"ReadAction","target":["http:\/\/josmaequipamiento.es\/?product=estanteria-level"]}]},{"@type":"ImageObject","inLanguage":"es","@id":"http:\/\/josmaequipamiento.es\/?product=estanteria-level#primaryimage","url":"https:\/\/josmaequipamiento.es\/wp-content\/uploads\/2016\/12\/estanteria_level.jpg","contentUrl":"https:\/\/josmaequipamiento.es\/wp-content\/uploads\/2016\/12\/estanteria_level.jpg","width":640,"height":480},{"@type":"BreadcrumbList","@id":"http:\/\/josmaequipamiento.es\/?product=estanteria-level#breadcrumb","itemListElement":[{"@type":"ListItem","position":1,"name":"Home","item":"http:\/\/josmaequipamiento.es\/"},{"@type":"ListItem","position":2,"name":"Productos","item":"http:\/\/josmaequipamiento.es\/?page_id=109"},{"@type":"ListItem","position":3,"name":"Estanter\u00eda met\u00e1lica Level"}]},{"@type":"WebSite","@id":"http:\/\/josmaequipamiento.es\/#website","url":"http:\/\/josmaequipamiento.es\/","name":"Josma Equipamiento","description":"Todo lo relativo a equipamiento","potentialAction":[{"@type":"SearchAction","target":{"@type":"EntryPoint","urlTemplate":"http:\/\/josmaequipamiento.es\/?s={search_term_string}"},"query-input":{"@type":"PropertyValueSpecification","valueRequired":true,"valueName":"search_term_string"}}],"inLanguage":"es"}]}},"_links":{"self":[{"href":"https:\/\/josmaequipamiento.es\/index.php?rest_route=\/wp\/v2\/product\/2556","targetHints":{"allow":["GET"]}}],"collection":[{"href":"https:\/\/josmaequipamiento.es\/index.php?rest_route=\/wp\/v2\/product"}],"about":[{"href":"https:\/\/josmaequipamiento.es\/index.php?rest_route=\/wp\/v2\/types\/product"}],"replies":[{"embeddable":true,"href":"https:\/\/josmaequipamiento.es\/index.php?rest_route=%2Fwp%2Fv2%2Fcomments&post=2556"}],"wp:featuredmedia":[{"embeddable":true,"href":"https:\/\/josmaequipamiento.es\/index.php?rest_route=\/wp\/v2\/media\/2557"}],"wp:attachment":[{"href":"https:\/\/josmaequipamiento.es\/index.php?rest_route=%2Fwp%2Fv2%2Fmedia&parent=2556"}],"wp:term":[{"taxonomy":"product_brand","embeddable":true,"href":"https:\/\/josmaequipamiento.es\/index.php?rest_route=%2Fwp%2Fv2%2Fproduct_brand&post=2556"},{"taxonomy":"product_cat","embeddable":true,"href":"https:\/\/josmaequipamiento.es\/index.php?rest_route=%2Fwp%2Fv2%2Fproduct_cat&post=2556"},{"taxonomy":"product_tag","embeddable":true,"href":"https:\/\/josmaequipamiento.es\/index.php?rest_route=%2Fwp%2Fv2%2Fproduct_tag&post=2556"}],"curies":[{"name":"wp","href":"https:\/\/api.w.org\/{rel}","templated":true}]}}