{"id":285,"date":"2016-05-05T11:11:18","date_gmt":"2016-05-05T11:11:18","guid":{"rendered":"http:\/\/josmaequipamiento.es\/?product=gravity-varier"},"modified":"2016-07-20T14:57:04","modified_gmt":"2016-07-20T14:57:04","slug":"gravity-varier","status":"publish","type":"product","link":"https:\/\/josmaequipamiento.es\/?product=gravity-varier","title":{"rendered":"Silla ergon\u00f3mica con respaldo Variable\u2122Balans\u00ae"},"content":{"rendered":"<p><strong>Variable balans\u00ae<\/strong> es el instrumento perfecto para ni\u00f1os y adultos que trabajan delante de un escritorio.<\/p>\n<p>Los patines y las rodilleras de altura regulable permiten adoptar una postura abierta y din\u00e1mica que mantiene la curvatura natural de la espina dorsal, permitiendo as\u00ed una respiraci\u00f3n profunda. <strong>Esta silla confiere al cuerpo la facultad de encontrar su propio equilibrio haciendo trabajar la espalda y los m\u00fasculos abdominales<\/strong>. Previene tambi\u00e9n la tensi\u00f3n sobre la espalda y hombros, mejorando la circulaci\u00f3n y aumentando los niveles de ox\u00edgeno.<\/p>\n<p>La estructura en madera de fresno est\u00e1 disponible en tono natural o lacada negra. Para la base de la estructura est\u00e1n disponibles los feltros de protecci\u00f3n, en color natural o en negro.<\/p>\n<p>La selecci\u00f3n de colores es ampl\u00edan entre los tapizados que se presentan para el asiento en tela Step o Fame.<\/p>\n<p><strong>Disponible un pr\u00e1ctico coj\u00edn para el respaldo<\/strong>. \u00c9ste regala comodidad a la silla gracias al relleno de 4 cms. El coj\u00edn es del mismo color de la tela que se ha escogido para el asiento.<\/p>\n<p>Para los ni\u00f1os o para las personas con una altura inferior a 150 cms, se encuentran disponibles los distanciadores que disminuyen la distancia entre el reposa rodillas y el asiento.<\/p>\n","protected":false},"excerpt":{"rendered":"<p>Gravity-varier<\/p>\n","protected":false},"featured_media":1961,"comment_status":"open","ping_status":"closed","template":"","meta":{"_et_pb_use_builder":"","_et_pb_old_content":"","_et_gb_content_width":""},"product_brand":[],"product_cat":[57,71,64],"product_tag":[187],"class_list":{"0":"post-285","1":"product","2":"type-product","3":"status-publish","4":"has-post-thumbnail","6":"product_cat-espacios-de-trabajo","7":"product_cat-ergonomicas","8":"product_cat-silleria-de-oficina","9":"product_tag-silleria-ergonomica","11":"first","12":"instock","13":"shipping-taxable","14":"product-type-simple"},"yoast_head":"<!-- This site is optimized with the Yoast SEO plugin v27.3 - https:\/\/yoast.com\/product\/yoast-seo-wordpress\/ -->\n<title>Silla ergon\u00f3mica con respaldo Variable\u2122Balans\u00ae - Josma Equipamiento<\/title>\n<meta name=\"robots\" content=\"index, follow, max-snippet:-1, max-image-preview:large, max-video-preview:-1\" \/>\n<link rel=\"canonical\" href=\"http:\/\/josmaequipamiento.es\/?product=gravity-varier\" \/>\n<meta property=\"og:locale\" content=\"es_ES\" \/>\n<meta property=\"og:type\" content=\"article\" \/>\n<meta property=\"og:title\" content=\"Silla ergon\u00f3mica con respaldo Variable\u2122Balans\u00ae - Josma Equipamiento\" \/>\n<meta property=\"og:description\" content=\"Gravity-varier\" \/>\n<meta property=\"og:url\" content=\"http:\/\/josmaequipamiento.es\/?product=gravity-varier\" \/>\n<meta property=\"og:site_name\" content=\"Josma Equipamiento\" \/>\n<meta property=\"article:modified_time\" content=\"2016-07-20T14:57:04+00:00\" \/>\n<meta property=\"og:image\" content=\"http:\/\/josmaequipamiento.es\/wp-content\/uploads\/2016\/07\/1-Variable-con-respaldo-640x480.jpg\" \/>\n\t<meta property=\"og:image:width\" content=\"640\" \/>\n\t<meta property=\"og:image:height\" content=\"480\" \/>\n\t<meta property=\"og:image:type\" content=\"image\/jpeg\" \/>\n<meta name=\"twitter:card\" content=\"summary_large_image\" \/>\n<meta name=\"twitter:label1\" content=\"Tiempo de lectura\" \/>\n\t<meta name=\"twitter:data1\" content=\"1 minuto\" \/>\n<script type=\"application\/ld+json\" class=\"yoast-schema-graph\">{\"@context\":\"https:\\\/\\\/schema.org\",\"@graph\":[{\"@type\":\"WebPage\",\"@id\":\"http:\\\/\\\/josmaequipamiento.es\\\/?product=gravity-varier\",\"url\":\"http:\\\/\\\/josmaequipamiento.es\\\/?product=gravity-varier\",\"name\":\"Silla ergon\u00f3mica con respaldo Variable\u2122Balans\u00ae - Josma Equipamiento\",\"isPartOf\":{\"@id\":\"http:\\\/\\\/josmaequipamiento.es\\\/#website\"},\"primaryImageOfPage\":{\"@id\":\"http:\\\/\\\/josmaequipamiento.es\\\/?product=gravity-varier#primaryimage\"},\"image\":{\"@id\":\"http:\\\/\\\/josmaequipamiento.es\\\/?product=gravity-varier#primaryimage\"},\"thumbnailUrl\":\"https:\\\/\\\/josmaequipamiento.es\\\/wp-content\\\/uploads\\\/2016\\\/07\\\/1-Variable-con-respaldo-640x480.jpg\",\"datePublished\":\"2016-05-05T11:11:18+00:00\",\"dateModified\":\"2016-07-20T14:57:04+00:00\",\"breadcrumb\":{\"@id\":\"http:\\\/\\\/josmaequipamiento.es\\\/?product=gravity-varier#breadcrumb\"},\"inLanguage\":\"es\",\"potentialAction\":[{\"@type\":\"ReadAction\",\"target\":[\"http:\\\/\\\/josmaequipamiento.es\\\/?product=gravity-varier\"]}]},{\"@type\":\"ImageObject\",\"inLanguage\":\"es\",\"@id\":\"http:\\\/\\\/josmaequipamiento.es\\\/?product=gravity-varier#primaryimage\",\"url\":\"https:\\\/\\\/josmaequipamiento.es\\\/wp-content\\\/uploads\\\/2016\\\/07\\\/1-Variable-con-respaldo-640x480.jpg\",\"contentUrl\":\"https:\\\/\\\/josmaequipamiento.es\\\/wp-content\\\/uploads\\\/2016\\\/07\\\/1-Variable-con-respaldo-640x480.jpg\",\"width\":640,\"height\":480},{\"@type\":\"BreadcrumbList\",\"@id\":\"http:\\\/\\\/josmaequipamiento.es\\\/?product=gravity-varier#breadcrumb\",\"itemListElement\":[{\"@type\":\"ListItem\",\"position\":1,\"name\":\"Home\",\"item\":\"http:\\\/\\\/josmaequipamiento.es\\\/\"},{\"@type\":\"ListItem\",\"position\":2,\"name\":\"Productos\",\"item\":\"http:\\\/\\\/josmaequipamiento.es\\\/?page_id=109\"},{\"@type\":\"ListItem\",\"position\":3,\"name\":\"Silla ergon\u00f3mica con respaldo Variable\u2122Balans\u00ae\"}]},{\"@type\":\"WebSite\",\"@id\":\"http:\\\/\\\/josmaequipamiento.es\\\/#website\",\"url\":\"http:\\\/\\\/josmaequipamiento.es\\\/\",\"name\":\"Josma Equipamiento\",\"description\":\"Todo lo relativo a equipamiento\",\"potentialAction\":[{\"@type\":\"SearchAction\",\"target\":{\"@type\":\"EntryPoint\",\"urlTemplate\":\"http:\\\/\\\/josmaequipamiento.es\\\/?s={search_term_string}\"},\"query-input\":{\"@type\":\"PropertyValueSpecification\",\"valueRequired\":true,\"valueName\":\"search_term_string\"}}],\"inLanguage\":\"es\"}]}<\/script>\n<!-- \/ Yoast SEO plugin. -->","yoast_head_json":{"title":"Silla ergon\u00f3mica con respaldo Variable\u2122Balans\u00ae - Josma Equipamiento","robots":{"index":"index","follow":"follow","max-snippet":"max-snippet:-1","max-image-preview":"max-image-preview:large","max-video-preview":"max-video-preview:-1"},"canonical":"http:\/\/josmaequipamiento.es\/?product=gravity-varier","og_locale":"es_ES","og_type":"article","og_title":"Silla ergon\u00f3mica con respaldo Variable\u2122Balans\u00ae - Josma Equipamiento","og_description":"Gravity-varier","og_url":"http:\/\/josmaequipamiento.es\/?product=gravity-varier","og_site_name":"Josma Equipamiento","article_modified_time":"2016-07-20T14:57:04+00:00","og_image":[{"width":640,"height":480,"url":"http:\/\/josmaequipamiento.es\/wp-content\/uploads\/2016\/07\/1-Variable-con-respaldo-640x480.jpg","type":"image\/jpeg"}],"twitter_card":"summary_large_image","twitter_misc":{"Tiempo de lectura":"1 minuto"},"schema":{"@context":"https:\/\/schema.org","@graph":[{"@type":"WebPage","@id":"http:\/\/josmaequipamiento.es\/?product=gravity-varier","url":"http:\/\/josmaequipamiento.es\/?product=gravity-varier","name":"Silla ergon\u00f3mica con respaldo Variable\u2122Balans\u00ae - Josma Equipamiento","isPartOf":{"@id":"http:\/\/josmaequipamiento.es\/#website"},"primaryImageOfPage":{"@id":"http:\/\/josmaequipamiento.es\/?product=gravity-varier#primaryimage"},"image":{"@id":"http:\/\/josmaequipamiento.es\/?product=gravity-varier#primaryimage"},"thumbnailUrl":"https:\/\/josmaequipamiento.es\/wp-content\/uploads\/2016\/07\/1-Variable-con-respaldo-640x480.jpg","datePublished":"2016-05-05T11:11:18+00:00","dateModified":"2016-07-20T14:57:04+00:00","breadcrumb":{"@id":"http:\/\/josmaequipamiento.es\/?product=gravity-varier#breadcrumb"},"inLanguage":"es","potentialAction":[{"@type":"ReadAction","target":["http:\/\/josmaequipamiento.es\/?product=gravity-varier"]}]},{"@type":"ImageObject","inLanguage":"es","@id":"http:\/\/josmaequipamiento.es\/?product=gravity-varier#primaryimage","url":"https:\/\/josmaequipamiento.es\/wp-content\/uploads\/2016\/07\/1-Variable-con-respaldo-640x480.jpg","contentUrl":"https:\/\/josmaequipamiento.es\/wp-content\/uploads\/2016\/07\/1-Variable-con-respaldo-640x480.jpg","width":640,"height":480},{"@type":"BreadcrumbList","@id":"http:\/\/josmaequipamiento.es\/?product=gravity-varier#breadcrumb","itemListElement":[{"@type":"ListItem","position":1,"name":"Home","item":"http:\/\/josmaequipamiento.es\/"},{"@type":"ListItem","position":2,"name":"Productos","item":"http:\/\/josmaequipamiento.es\/?page_id=109"},{"@type":"ListItem","position":3,"name":"Silla ergon\u00f3mica con respaldo Variable\u2122Balans\u00ae"}]},{"@type":"WebSite","@id":"http:\/\/josmaequipamiento.es\/#website","url":"http:\/\/josmaequipamiento.es\/","name":"Josma Equipamiento","description":"Todo lo relativo a equipamiento","potentialAction":[{"@type":"SearchAction","target":{"@type":"EntryPoint","urlTemplate":"http:\/\/josmaequipamiento.es\/?s={search_term_string}"},"query-input":{"@type":"PropertyValueSpecification","valueRequired":true,"valueName":"search_term_string"}}],"inLanguage":"es"}]}},"_links":{"self":[{"href":"https:\/\/josmaequipamiento.es\/index.php?rest_route=\/wp\/v2\/product\/285","targetHints":{"allow":["GET"]}}],"collection":[{"href":"https:\/\/josmaequipamiento.es\/index.php?rest_route=\/wp\/v2\/product"}],"about":[{"href":"https:\/\/josmaequipamiento.es\/index.php?rest_route=\/wp\/v2\/types\/product"}],"replies":[{"embeddable":true,"href":"https:\/\/josmaequipamiento.es\/index.php?rest_route=%2Fwp%2Fv2%2Fcomments&post=285"}],"wp:featuredmedia":[{"embeddable":true,"href":"https:\/\/josmaequipamiento.es\/index.php?rest_route=\/wp\/v2\/media\/1961"}],"wp:attachment":[{"href":"https:\/\/josmaequipamiento.es\/index.php?rest_route=%2Fwp%2Fv2%2Fmedia&parent=285"}],"wp:term":[{"taxonomy":"product_brand","embeddable":true,"href":"https:\/\/josmaequipamiento.es\/index.php?rest_route=%2Fwp%2Fv2%2Fproduct_brand&post=285"},{"taxonomy":"product_cat","embeddable":true,"href":"https:\/\/josmaequipamiento.es\/index.php?rest_route=%2Fwp%2Fv2%2Fproduct_cat&post=285"},{"taxonomy":"product_tag","embeddable":true,"href":"https:\/\/josmaequipamiento.es\/index.php?rest_route=%2Fwp%2Fv2%2Fproduct_tag&post=285"}],"curies":[{"name":"wp","href":"https:\/\/api.w.org\/{rel}","templated":true}]}}