{"id":293,"date":"2016-05-05T11:25:18","date_gmt":"2016-05-05T11:25:18","guid":{"rendered":"http:\/\/josmaequipamiento.es\/?product=3caj"},"modified":"2016-07-24T16:52:31","modified_gmt":"2016-07-24T16:52:31","slug":"3caj","status":"publish","type":"product","link":"https:\/\/josmaequipamiento.es\/?product=3caj","title":{"rendered":"Buck Bilaminado Cubo-Dado MCS"},"content":{"rendered":"<p>Bucks y cajoneras serie DADO &#8211; CUBO fabricadas en tablero melaminizado de 19 mm, canteados en PVC.<\/p>\n<p>Caj\u00f3n monoblock de gran resistencia con sistema de cierra integrado.<\/p>\n<p>Los cajones ir\u00e1n provistos de gu\u00edas telesc\u00f3picas con rodamiento de rodillo, fabricadas en acero con extracci\u00f3n parcial del caj\u00f3n.<\/p>\n<p>Tiradores ergon\u00f3micos. Modelos de superficie fabricados en inyecci\u00f3n de Zamak (aleaci\u00f3n de zinc, aluminio, magnesio y cobre) acabado aluminizado.<\/p>\n<p>Los bucks rodantes ruedas de PVC silenciosas de seguridad con 65 de \u2300<\/p>\n<p>Las cajoneras fijas llevar\u00e1n patas de PVC con nivelador regulables en altura.<\/p>\n<p>Medidas buck: 580 de ancho x 450 de largo x 600 mm de alto<\/p>\n<p>Medidas cajonera: 580 de ancho x 450 de largo x 720 mm de alto<\/p>\n","protected":false},"excerpt":{"rendered":"<p><span style=\"color: #000000; font-family: Calibri; font-size: medium;\">Disponemos de una amplia gama de modelos de bucks, todos ellos configurables en funci\u00f3n de cada una de las necesidades y adaptables a cualquier entorno.<\/span><\/p>\n<p><span style=\"color: #000000; font-family: Calibri; font-size: medium;\">Los Buck de melamina\u00a0\u00f3 met\u00e1licas con ruedas es perfecta para espacios din\u00e1micos de trabajo donde se necesita tener siempre a mano documentaci\u00f3n. Posee sistema anti-vuelco y accesibilidad total a cajones y al caj\u00f3n archivo. <\/span><\/p>\n<p><span style=\"color: #000000; font-family: Calibri; font-size: medium;\">Las cajoneras de melamina\u00a0\u00f3\u00a0 met\u00e1licas\u00a0con altura de mesa son ideales para a\u00f1adir un espacio extra a nuestra mesa de trabajo y obtener un sistema de archivo amplio y funcional al alcance de la mano.<\/span><\/p>\n","protected":false},"featured_media":2135,"comment_status":"open","ping_status":"closed","template":"","meta":{"_et_pb_use_builder":"","_et_pb_old_content":"","_et_gb_content_width":""},"product_brand":[],"product_cat":[57,75,72],"product_tag":[189],"class_list":{"0":"post-293","1":"product","2":"type-product","3":"status-publish","4":"has-post-thumbnail","6":"product_cat-espacios-de-trabajo","7":"product_cat-bucks-cajoneras","8":"product_cat-sistemas-de-archivo","9":"product_tag-armarios-oficina","11":"first","12":"instock","13":"shipping-taxable","14":"product-type-simple"},"yoast_head":"<!-- This site is optimized with the Yoast SEO plugin v27.3 - https:\/\/yoast.com\/product\/yoast-seo-wordpress\/ -->\n<title>Buck Bilaminado Cubo-Dado MCS - Josma Equipamiento<\/title>\n<meta name=\"robots\" content=\"index, follow, max-snippet:-1, max-image-preview:large, max-video-preview:-1\" \/>\n<link rel=\"canonical\" href=\"http:\/\/josmaequipamiento.es\/?product=3caj\" \/>\n<meta property=\"og:locale\" content=\"es_ES\" \/>\n<meta property=\"og:type\" content=\"article\" \/>\n<meta property=\"og:title\" content=\"Buck Bilaminado Cubo-Dado MCS - Josma Equipamiento\" \/>\n<meta property=\"og:description\" content=\"Disponemos de una amplia gama de modelos de bucks, todos ellos configurables en funci\u00f3n de cada una de las necesidades y adaptables a cualquier entorno.  Los Buck de melamina\u00a0\u00f3 met\u00e1licas con ruedas es perfecta para espacios din\u00e1micos de trabajo donde se necesita tener siempre a mano documentaci\u00f3n. Posee sistema anti-vuelco y accesibilidad total a cajones y al caj\u00f3n archivo.   Las cajoneras de melamina\u00a0\u00f3\u00a0 met\u00e1licas\u00a0con altura de mesa son ideales para a\u00f1adir un espacio extra a nuestra mesa de trabajo y obtener un sistema de archivo amplio y funcional al alcance de la mano.\" \/>\n<meta property=\"og:url\" content=\"http:\/\/josmaequipamiento.es\/?product=3caj\" \/>\n<meta property=\"og:site_name\" content=\"Josma Equipamiento\" \/>\n<meta property=\"article:modified_time\" content=\"2016-07-24T16:52:31+00:00\" \/>\n<meta property=\"og:image\" content=\"http:\/\/josmaequipamiento.es\/wp-content\/uploads\/2016\/05\/Buck_3caj_dado.jpg\" \/>\n\t<meta property=\"og:image:width\" content=\"640\" \/>\n\t<meta property=\"og:image:height\" content=\"480\" \/>\n\t<meta property=\"og:image:type\" content=\"image\/jpeg\" \/>\n<meta name=\"twitter:card\" content=\"summary_large_image\" \/>\n<meta name=\"twitter:label1\" content=\"Tiempo de lectura\" \/>\n\t<meta name=\"twitter:data1\" content=\"1 minuto\" \/>\n<script type=\"application\/ld+json\" class=\"yoast-schema-graph\">{\"@context\":\"https:\\\/\\\/schema.org\",\"@graph\":[{\"@type\":\"WebPage\",\"@id\":\"http:\\\/\\\/josmaequipamiento.es\\\/?product=3caj\",\"url\":\"http:\\\/\\\/josmaequipamiento.es\\\/?product=3caj\",\"name\":\"Buck Bilaminado Cubo-Dado MCS - Josma Equipamiento\",\"isPartOf\":{\"@id\":\"http:\\\/\\\/josmaequipamiento.es\\\/#website\"},\"primaryImageOfPage\":{\"@id\":\"http:\\\/\\\/josmaequipamiento.es\\\/?product=3caj#primaryimage\"},\"image\":{\"@id\":\"http:\\\/\\\/josmaequipamiento.es\\\/?product=3caj#primaryimage\"},\"thumbnailUrl\":\"https:\\\/\\\/josmaequipamiento.es\\\/wp-content\\\/uploads\\\/2016\\\/05\\\/Buck_3caj_dado.jpg\",\"datePublished\":\"2016-05-05T11:25:18+00:00\",\"dateModified\":\"2016-07-24T16:52:31+00:00\",\"breadcrumb\":{\"@id\":\"http:\\\/\\\/josmaequipamiento.es\\\/?product=3caj#breadcrumb\"},\"inLanguage\":\"es\",\"potentialAction\":[{\"@type\":\"ReadAction\",\"target\":[\"http:\\\/\\\/josmaequipamiento.es\\\/?product=3caj\"]}]},{\"@type\":\"ImageObject\",\"inLanguage\":\"es\",\"@id\":\"http:\\\/\\\/josmaequipamiento.es\\\/?product=3caj#primaryimage\",\"url\":\"https:\\\/\\\/josmaequipamiento.es\\\/wp-content\\\/uploads\\\/2016\\\/05\\\/Buck_3caj_dado.jpg\",\"contentUrl\":\"https:\\\/\\\/josmaequipamiento.es\\\/wp-content\\\/uploads\\\/2016\\\/05\\\/Buck_3caj_dado.jpg\",\"width\":640,\"height\":480},{\"@type\":\"BreadcrumbList\",\"@id\":\"http:\\\/\\\/josmaequipamiento.es\\\/?product=3caj#breadcrumb\",\"itemListElement\":[{\"@type\":\"ListItem\",\"position\":1,\"name\":\"Home\",\"item\":\"http:\\\/\\\/josmaequipamiento.es\\\/\"},{\"@type\":\"ListItem\",\"position\":2,\"name\":\"Productos\",\"item\":\"http:\\\/\\\/josmaequipamiento.es\\\/?page_id=109\"},{\"@type\":\"ListItem\",\"position\":3,\"name\":\"Buck Bilaminado Cubo-Dado MCS\"}]},{\"@type\":\"WebSite\",\"@id\":\"http:\\\/\\\/josmaequipamiento.es\\\/#website\",\"url\":\"http:\\\/\\\/josmaequipamiento.es\\\/\",\"name\":\"Josma Equipamiento\",\"description\":\"Todo lo relativo a equipamiento\",\"potentialAction\":[{\"@type\":\"SearchAction\",\"target\":{\"@type\":\"EntryPoint\",\"urlTemplate\":\"http:\\\/\\\/josmaequipamiento.es\\\/?s={search_term_string}\"},\"query-input\":{\"@type\":\"PropertyValueSpecification\",\"valueRequired\":true,\"valueName\":\"search_term_string\"}}],\"inLanguage\":\"es\"}]}<\/script>\n<!-- \/ Yoast SEO plugin. -->","yoast_head_json":{"title":"Buck Bilaminado Cubo-Dado MCS - Josma Equipamiento","robots":{"index":"index","follow":"follow","max-snippet":"max-snippet:-1","max-image-preview":"max-image-preview:large","max-video-preview":"max-video-preview:-1"},"canonical":"http:\/\/josmaequipamiento.es\/?product=3caj","og_locale":"es_ES","og_type":"article","og_title":"Buck Bilaminado Cubo-Dado MCS - Josma Equipamiento","og_description":"Disponemos de una amplia gama de modelos de bucks, todos ellos configurables en funci\u00f3n de cada una de las necesidades y adaptables a cualquier entorno.  Los Buck de melamina\u00a0\u00f3 met\u00e1licas con ruedas es perfecta para espacios din\u00e1micos de trabajo donde se necesita tener siempre a mano documentaci\u00f3n. Posee sistema anti-vuelco y accesibilidad total a cajones y al caj\u00f3n archivo.   Las cajoneras de melamina\u00a0\u00f3\u00a0 met\u00e1licas\u00a0con altura de mesa son ideales para a\u00f1adir un espacio extra a nuestra mesa de trabajo y obtener un sistema de archivo amplio y funcional al alcance de la mano.","og_url":"http:\/\/josmaequipamiento.es\/?product=3caj","og_site_name":"Josma Equipamiento","article_modified_time":"2016-07-24T16:52:31+00:00","og_image":[{"width":640,"height":480,"url":"http:\/\/josmaequipamiento.es\/wp-content\/uploads\/2016\/05\/Buck_3caj_dado.jpg","type":"image\/jpeg"}],"twitter_card":"summary_large_image","twitter_misc":{"Tiempo de lectura":"1 minuto"},"schema":{"@context":"https:\/\/schema.org","@graph":[{"@type":"WebPage","@id":"http:\/\/josmaequipamiento.es\/?product=3caj","url":"http:\/\/josmaequipamiento.es\/?product=3caj","name":"Buck Bilaminado Cubo-Dado MCS - Josma Equipamiento","isPartOf":{"@id":"http:\/\/josmaequipamiento.es\/#website"},"primaryImageOfPage":{"@id":"http:\/\/josmaequipamiento.es\/?product=3caj#primaryimage"},"image":{"@id":"http:\/\/josmaequipamiento.es\/?product=3caj#primaryimage"},"thumbnailUrl":"https:\/\/josmaequipamiento.es\/wp-content\/uploads\/2016\/05\/Buck_3caj_dado.jpg","datePublished":"2016-05-05T11:25:18+00:00","dateModified":"2016-07-24T16:52:31+00:00","breadcrumb":{"@id":"http:\/\/josmaequipamiento.es\/?product=3caj#breadcrumb"},"inLanguage":"es","potentialAction":[{"@type":"ReadAction","target":["http:\/\/josmaequipamiento.es\/?product=3caj"]}]},{"@type":"ImageObject","inLanguage":"es","@id":"http:\/\/josmaequipamiento.es\/?product=3caj#primaryimage","url":"https:\/\/josmaequipamiento.es\/wp-content\/uploads\/2016\/05\/Buck_3caj_dado.jpg","contentUrl":"https:\/\/josmaequipamiento.es\/wp-content\/uploads\/2016\/05\/Buck_3caj_dado.jpg","width":640,"height":480},{"@type":"BreadcrumbList","@id":"http:\/\/josmaequipamiento.es\/?product=3caj#breadcrumb","itemListElement":[{"@type":"ListItem","position":1,"name":"Home","item":"http:\/\/josmaequipamiento.es\/"},{"@type":"ListItem","position":2,"name":"Productos","item":"http:\/\/josmaequipamiento.es\/?page_id=109"},{"@type":"ListItem","position":3,"name":"Buck Bilaminado Cubo-Dado MCS"}]},{"@type":"WebSite","@id":"http:\/\/josmaequipamiento.es\/#website","url":"http:\/\/josmaequipamiento.es\/","name":"Josma Equipamiento","description":"Todo lo relativo a equipamiento","potentialAction":[{"@type":"SearchAction","target":{"@type":"EntryPoint","urlTemplate":"http:\/\/josmaequipamiento.es\/?s={search_term_string}"},"query-input":{"@type":"PropertyValueSpecification","valueRequired":true,"valueName":"search_term_string"}}],"inLanguage":"es"}]}},"_links":{"self":[{"href":"https:\/\/josmaequipamiento.es\/index.php?rest_route=\/wp\/v2\/product\/293","targetHints":{"allow":["GET"]}}],"collection":[{"href":"https:\/\/josmaequipamiento.es\/index.php?rest_route=\/wp\/v2\/product"}],"about":[{"href":"https:\/\/josmaequipamiento.es\/index.php?rest_route=\/wp\/v2\/types\/product"}],"replies":[{"embeddable":true,"href":"https:\/\/josmaequipamiento.es\/index.php?rest_route=%2Fwp%2Fv2%2Fcomments&post=293"}],"wp:featuredmedia":[{"embeddable":true,"href":"https:\/\/josmaequipamiento.es\/index.php?rest_route=\/wp\/v2\/media\/2135"}],"wp:attachment":[{"href":"https:\/\/josmaequipamiento.es\/index.php?rest_route=%2Fwp%2Fv2%2Fmedia&parent=293"}],"wp:term":[{"taxonomy":"product_brand","embeddable":true,"href":"https:\/\/josmaequipamiento.es\/index.php?rest_route=%2Fwp%2Fv2%2Fproduct_brand&post=293"},{"taxonomy":"product_cat","embeddable":true,"href":"https:\/\/josmaequipamiento.es\/index.php?rest_route=%2Fwp%2Fv2%2Fproduct_cat&post=293"},{"taxonomy":"product_tag","embeddable":true,"href":"https:\/\/josmaequipamiento.es\/index.php?rest_route=%2Fwp%2Fv2%2Fproduct_tag&post=293"}],"curies":[{"name":"wp","href":"https:\/\/api.w.org\/{rel}","templated":true}]}}