{"id":297,"date":"2016-05-05T11:27:25","date_gmt":"2016-05-05T11:27:25","guid":{"rendered":"http:\/\/josmaequipamiento.es\/?product=borges"},"modified":"2017-12-08T16:53:52","modified_gmt":"2017-12-08T16:53:52","slug":"borges","status":"publish","type":"product","link":"https:\/\/josmaequipamiento.es\/?product=borges","title":{"rendered":"Estanter\u00eda Borges"},"content":{"rendered":"<p>Estanter\u00eda mixta, a una o dos caras. Costados fabricados con tablero rechapado de haya o bilaminado, arriostrados con bastidor de tubo de acero o con trasera del mismo material que los costados. Tapa con perfil incorporado para se\u00f1alizaci\u00f3n de 5 cm. Estantes graduables en altura fijados a los costados mediante soportes m\u00f3viles, con 3 pliegues longitudinales en lados largos, posibilidad de retenedor trasero y tarjetero.<br \/>\nMateriales:<br \/>\n\u2022\tCostados fabricados en tablero aglomerado de 23 mm de espesor, recubierto de hoja de haya natural, acabado barnizado o tablero aglomerado de 25 mm de espesor bilaminado. Con doble cremallera de taladros cada 32 para regular los estantes en altura.<br \/>\n\u2022\tTraseras opcionales, fabricadas en tablero aglomerado de 19 mm de grosor unido mediante herraje met\u00e1lico.<br \/>\n\u2022\tBastidores en tubo de acero 30 x15 x5 mm reforzado con diagonal de tubo de 10 x10 mm soldado.<br \/>\n\u2022\tFrentes reforzados con list\u00f3n macizo de madera de haya en el caso de costados en rechapado, y cantos PVC en caso de costados bilaminados.<br \/>\n\u2022\tEstantes en chapa de acero de 1 mm de espesor.<br \/>\n\u2022\tProvisto de niveladores con base de polietileno.<br \/>\nDimensiones:<br \/>\n\u2022\tAlto: 210 cm. 6 estantes + tapa\/ 180 cm: 5 estantes + tapa\/ 150 cm. 4 estantes + tapa\/ 120 cm. 3 estantes + tapa.<br \/>\n\u2022\tAncho m\u00f3dulos iniciales rechapado: 84,6cm\/ 94,6cm\/ 114,6cm.<br \/>\n\u2022\tAncho m\u00f3dulos iniciales bilaminado: 85 cm\/ 95 cm\/ 115 cm.<br \/>\n\u2022\tAncho m\u00f3dulos extensi\u00f3n rechapado: 82,3cm\/ 92,3cm\/ 112,3cm.<br \/>\n\u2022\tAncho m\u00f3dulos extensi\u00f3n rechapado: 82,5cm\/ 92,5cm\/ 112,5cm.<br \/>\n\u2022\tFondo: 32-40 cm \/ 61-81 cm.<\/p>\n","protected":false},"excerpt":{"rendered":"<p>La combinaci\u00f3n mixta de los materiales existentes en la estanter\u00eda Borges, facilita su adaptaci\u00f3n a todos los entornos y multiplica las posibilidades de crear diferentes espacios.<\/p>\n","protected":false},"featured_media":2222,"comment_status":"open","ping_status":"closed","template":"","meta":{"_et_pb_use_builder":"","_et_pb_old_content":"","_et_gb_content_width":""},"product_brand":[],"product_cat":[77,78],"product_tag":[190],"class_list":{"0":"post-297","1":"product","2":"type-product","3":"status-publish","4":"has-post-thumbnail","6":"product_cat-instalacion-y-colectividades","7":"product_cat-bibliotecas","8":"product_tag-estanterias-bibliotecas","10":"first","11":"instock","12":"shipping-taxable","13":"product-type-simple"},"yoast_head":"<!-- This site is optimized with the Yoast SEO plugin v27.3 - https:\/\/yoast.com\/product\/yoast-seo-wordpress\/ -->\n<title>Estanter\u00eda Borges - Josma Equipamiento<\/title>\n<meta name=\"robots\" content=\"index, follow, max-snippet:-1, max-image-preview:large, max-video-preview:-1\" \/>\n<link rel=\"canonical\" href=\"https:\/\/josmaequipamiento.es\/?product=borges\" \/>\n<meta property=\"og:locale\" content=\"es_ES\" \/>\n<meta property=\"og:type\" content=\"article\" \/>\n<meta property=\"og:title\" content=\"Estanter\u00eda Borges - Josma Equipamiento\" \/>\n<meta property=\"og:description\" content=\"La combinaci\u00f3n mixta de los materiales existentes en la estanter\u00eda Borges, facilita su adaptaci\u00f3n a todos los entornos y multiplica las posibilidades de crear diferentes espacios.\" \/>\n<meta property=\"og:url\" content=\"https:\/\/josmaequipamiento.es\/?product=borges\" \/>\n<meta property=\"og:site_name\" content=\"Josma Equipamiento\" \/>\n<meta property=\"article:modified_time\" content=\"2017-12-08T16:53:52+00:00\" \/>\n<meta property=\"og:image\" content=\"https:\/\/josmaequipamiento.es\/wp-content\/uploads\/2016\/05\/estan_mixta-borges.png\" \/>\n\t<meta property=\"og:image:width\" content=\"640\" \/>\n\t<meta property=\"og:image:height\" content=\"480\" \/>\n\t<meta property=\"og:image:type\" content=\"image\/png\" \/>\n<meta name=\"twitter:card\" content=\"summary_large_image\" \/>\n<meta name=\"twitter:label1\" content=\"Tiempo de lectura\" \/>\n\t<meta name=\"twitter:data1\" content=\"1 minuto\" \/>\n<script type=\"application\/ld+json\" class=\"yoast-schema-graph\">{\"@context\":\"https:\\\/\\\/schema.org\",\"@graph\":[{\"@type\":\"WebPage\",\"@id\":\"https:\\\/\\\/josmaequipamiento.es\\\/?product=borges\",\"url\":\"https:\\\/\\\/josmaequipamiento.es\\\/?product=borges\",\"name\":\"Estanter\u00eda Borges - Josma Equipamiento\",\"isPartOf\":{\"@id\":\"http:\\\/\\\/josmaequipamiento.es\\\/#website\"},\"primaryImageOfPage\":{\"@id\":\"https:\\\/\\\/josmaequipamiento.es\\\/?product=borges#primaryimage\"},\"image\":{\"@id\":\"https:\\\/\\\/josmaequipamiento.es\\\/?product=borges#primaryimage\"},\"thumbnailUrl\":\"https:\\\/\\\/josmaequipamiento.es\\\/wp-content\\\/uploads\\\/2016\\\/05\\\/estan_mixta-borges.png\",\"datePublished\":\"2016-05-05T11:27:25+00:00\",\"dateModified\":\"2017-12-08T16:53:52+00:00\",\"breadcrumb\":{\"@id\":\"https:\\\/\\\/josmaequipamiento.es\\\/?product=borges#breadcrumb\"},\"inLanguage\":\"es\",\"potentialAction\":[{\"@type\":\"ReadAction\",\"target\":[\"https:\\\/\\\/josmaequipamiento.es\\\/?product=borges\"]}]},{\"@type\":\"ImageObject\",\"inLanguage\":\"es\",\"@id\":\"https:\\\/\\\/josmaequipamiento.es\\\/?product=borges#primaryimage\",\"url\":\"https:\\\/\\\/josmaequipamiento.es\\\/wp-content\\\/uploads\\\/2016\\\/05\\\/estan_mixta-borges.png\",\"contentUrl\":\"https:\\\/\\\/josmaequipamiento.es\\\/wp-content\\\/uploads\\\/2016\\\/05\\\/estan_mixta-borges.png\",\"width\":640,\"height\":480},{\"@type\":\"BreadcrumbList\",\"@id\":\"https:\\\/\\\/josmaequipamiento.es\\\/?product=borges#breadcrumb\",\"itemListElement\":[{\"@type\":\"ListItem\",\"position\":1,\"name\":\"Home\",\"item\":\"http:\\\/\\\/josmaequipamiento.es\\\/\"},{\"@type\":\"ListItem\",\"position\":2,\"name\":\"Productos\",\"item\":\"http:\\\/\\\/josmaequipamiento.es\\\/?page_id=109\"},{\"@type\":\"ListItem\",\"position\":3,\"name\":\"Estanter\u00eda Borges\"}]},{\"@type\":\"WebSite\",\"@id\":\"http:\\\/\\\/josmaequipamiento.es\\\/#website\",\"url\":\"http:\\\/\\\/josmaequipamiento.es\\\/\",\"name\":\"Josma Equipamiento\",\"description\":\"Todo lo relativo a equipamiento\",\"potentialAction\":[{\"@type\":\"SearchAction\",\"target\":{\"@type\":\"EntryPoint\",\"urlTemplate\":\"http:\\\/\\\/josmaequipamiento.es\\\/?s={search_term_string}\"},\"query-input\":{\"@type\":\"PropertyValueSpecification\",\"valueRequired\":true,\"valueName\":\"search_term_string\"}}],\"inLanguage\":\"es\"}]}<\/script>\n<!-- \/ Yoast SEO plugin. -->","yoast_head_json":{"title":"Estanter\u00eda Borges - Josma Equipamiento","robots":{"index":"index","follow":"follow","max-snippet":"max-snippet:-1","max-image-preview":"max-image-preview:large","max-video-preview":"max-video-preview:-1"},"canonical":"https:\/\/josmaequipamiento.es\/?product=borges","og_locale":"es_ES","og_type":"article","og_title":"Estanter\u00eda Borges - Josma Equipamiento","og_description":"La combinaci\u00f3n mixta de los materiales existentes en la estanter\u00eda Borges, facilita su adaptaci\u00f3n a todos los entornos y multiplica las posibilidades de crear diferentes espacios.","og_url":"https:\/\/josmaequipamiento.es\/?product=borges","og_site_name":"Josma Equipamiento","article_modified_time":"2017-12-08T16:53:52+00:00","og_image":[{"width":640,"height":480,"url":"https:\/\/josmaequipamiento.es\/wp-content\/uploads\/2016\/05\/estan_mixta-borges.png","type":"image\/png"}],"twitter_card":"summary_large_image","twitter_misc":{"Tiempo de lectura":"1 minuto"},"schema":{"@context":"https:\/\/schema.org","@graph":[{"@type":"WebPage","@id":"https:\/\/josmaequipamiento.es\/?product=borges","url":"https:\/\/josmaequipamiento.es\/?product=borges","name":"Estanter\u00eda Borges - Josma Equipamiento","isPartOf":{"@id":"http:\/\/josmaequipamiento.es\/#website"},"primaryImageOfPage":{"@id":"https:\/\/josmaequipamiento.es\/?product=borges#primaryimage"},"image":{"@id":"https:\/\/josmaequipamiento.es\/?product=borges#primaryimage"},"thumbnailUrl":"https:\/\/josmaequipamiento.es\/wp-content\/uploads\/2016\/05\/estan_mixta-borges.png","datePublished":"2016-05-05T11:27:25+00:00","dateModified":"2017-12-08T16:53:52+00:00","breadcrumb":{"@id":"https:\/\/josmaequipamiento.es\/?product=borges#breadcrumb"},"inLanguage":"es","potentialAction":[{"@type":"ReadAction","target":["https:\/\/josmaequipamiento.es\/?product=borges"]}]},{"@type":"ImageObject","inLanguage":"es","@id":"https:\/\/josmaequipamiento.es\/?product=borges#primaryimage","url":"https:\/\/josmaequipamiento.es\/wp-content\/uploads\/2016\/05\/estan_mixta-borges.png","contentUrl":"https:\/\/josmaequipamiento.es\/wp-content\/uploads\/2016\/05\/estan_mixta-borges.png","width":640,"height":480},{"@type":"BreadcrumbList","@id":"https:\/\/josmaequipamiento.es\/?product=borges#breadcrumb","itemListElement":[{"@type":"ListItem","position":1,"name":"Home","item":"http:\/\/josmaequipamiento.es\/"},{"@type":"ListItem","position":2,"name":"Productos","item":"http:\/\/josmaequipamiento.es\/?page_id=109"},{"@type":"ListItem","position":3,"name":"Estanter\u00eda Borges"}]},{"@type":"WebSite","@id":"http:\/\/josmaequipamiento.es\/#website","url":"http:\/\/josmaequipamiento.es\/","name":"Josma Equipamiento","description":"Todo lo relativo a equipamiento","potentialAction":[{"@type":"SearchAction","target":{"@type":"EntryPoint","urlTemplate":"http:\/\/josmaequipamiento.es\/?s={search_term_string}"},"query-input":{"@type":"PropertyValueSpecification","valueRequired":true,"valueName":"search_term_string"}}],"inLanguage":"es"}]}},"_links":{"self":[{"href":"https:\/\/josmaequipamiento.es\/index.php?rest_route=\/wp\/v2\/product\/297","targetHints":{"allow":["GET"]}}],"collection":[{"href":"https:\/\/josmaequipamiento.es\/index.php?rest_route=\/wp\/v2\/product"}],"about":[{"href":"https:\/\/josmaequipamiento.es\/index.php?rest_route=\/wp\/v2\/types\/product"}],"replies":[{"embeddable":true,"href":"https:\/\/josmaequipamiento.es\/index.php?rest_route=%2Fwp%2Fv2%2Fcomments&post=297"}],"wp:featuredmedia":[{"embeddable":true,"href":"https:\/\/josmaequipamiento.es\/index.php?rest_route=\/wp\/v2\/media\/2222"}],"wp:attachment":[{"href":"https:\/\/josmaequipamiento.es\/index.php?rest_route=%2Fwp%2Fv2%2Fmedia&parent=297"}],"wp:term":[{"taxonomy":"product_brand","embeddable":true,"href":"https:\/\/josmaequipamiento.es\/index.php?rest_route=%2Fwp%2Fv2%2Fproduct_brand&post=297"},{"taxonomy":"product_cat","embeddable":true,"href":"https:\/\/josmaequipamiento.es\/index.php?rest_route=%2Fwp%2Fv2%2Fproduct_cat&post=297"},{"taxonomy":"product_tag","embeddable":true,"href":"https:\/\/josmaequipamiento.es\/index.php?rest_route=%2Fwp%2Fv2%2Fproduct_tag&post=297"}],"curies":[{"name":"wp","href":"https:\/\/api.w.org\/{rel}","templated":true}]}}