{"id":310,"date":"2016-05-06T07:53:17","date_gmt":"2016-05-06T07:53:17","guid":{"rendered":"http:\/\/josmaequipamiento.es\/?product=metalicas-4p"},"modified":"2016-07-31T17:14:53","modified_gmt":"2016-07-31T17:14:53","slug":"metalicas-4p","status":"publish","type":"product","link":"https:\/\/josmaequipamiento.es\/?product=metalicas-4p","title":{"rendered":"Bancos Vestuario"},"content":{"rendered":"<p><span style=\"color: #000000; font-family: Calibri; font-size: medium;\">Bancos para vestuarios que se adaptan a cualquier tipo de necesidad gracias a sus diversas configuraciones y variedad de materiales.<\/span><\/p>\n<p><span style=\"color: #000000; font-family: Calibri; font-size: medium;\"> Disponemos de modelos con colgadores incorporados con o sin altillo, perfectos para los vestuarios de deportes de equipo o centros de formaci\u00f3n donde sean usados para una materia en concreto.<\/span><\/p>\n<p><span style=\"color: #000000; font-family: Calibri; font-size: medium;\"> Bancos fen\u00f3licos resistentes al agua y a ambientes con humedad, muy usados para espacios con duchas o agua, bancos dobles, de acero.<\/span><\/p>\n<p><span style=\"color: #000000; font-family: Calibri; font-size: medium;\">Bancos de\u00a0madera de pino.\u00a0 <\/span><\/p>\n<p><span style=\"color: #000000; font-family: Calibri; font-size: medium;\">Bancos de estratificado.<\/span><\/p>\n<p><span style=\"color: #000000; font-family: Calibri; font-size: medium;\">Bancos de PVC.<\/span><\/p>\n<p><span style=\"color: #000000; font-family: Calibri; font-size: medium;\">Estructura soldada, tubo de 30&#215;30 , pintado epoxi. tacos pvc sin niveladores.\u00a0Fabricado en acero pintado, acero inoxidable o en aluminio<\/span><\/p>\n<p><span style=\"color: #000000; font-family: Calibri; font-size: medium;\">Asiento de: tablero fen\u00f3lico, madera de pino \u00f3 tablero estratificado<\/span><\/p>\n<p>&nbsp;<\/p>\n","protected":false},"excerpt":{"rendered":"<p><span style=\"color: #000000; font-family: Calibri; font-size: medium;\">Bancos para vestuarios con sobre en\u00a0Fen\u00f3lico, Madera de pino, Estratificado \u00f3 PVC. Estructura met\u00e1lica de acero pintado epoxi, acero inoxidable \u00f3 aluminio<\/span><\/p>\n<p><span style=\"color: #000000; font-family: Calibri; font-size: medium;\">Medidas 1.000, 1.500 \u00f3 2.000 mm <\/span><\/p>\n<p>&nbsp;<\/p>\n","protected":false},"featured_media":2360,"comment_status":"open","ping_status":"closed","template":"","meta":{"_et_pb_use_builder":"","_et_pb_old_content":"","_et_gb_content_width":""},"product_brand":[],"product_cat":[77,80],"product_tag":[195],"class_list":{"0":"post-310","1":"product","2":"type-product","3":"status-publish","4":"has-post-thumbnail","6":"product_cat-instalacion-y-colectividades","7":"product_cat-vestuarios","8":"product_tag-equipamiento-vestuarios","10":"first","11":"instock","12":"shipping-taxable","13":"product-type-simple"},"yoast_head":"<!-- This site is optimized with the Yoast SEO plugin v27.3 - https:\/\/yoast.com\/product\/yoast-seo-wordpress\/ -->\n<title>Bancos Vestuario - Josma Equipamiento<\/title>\n<meta name=\"robots\" content=\"index, follow, max-snippet:-1, max-image-preview:large, max-video-preview:-1\" \/>\n<link rel=\"canonical\" href=\"https:\/\/josmaequipamiento.es\/?product=metalicas-4p\" \/>\n<meta property=\"og:locale\" content=\"es_ES\" \/>\n<meta property=\"og:type\" content=\"article\" \/>\n<meta property=\"og:title\" content=\"Bancos Vestuario - Josma Equipamiento\" \/>\n<meta property=\"og:description\" content=\"Bancos para vestuarios con sobre en\u00a0Fen\u00f3lico, Madera de pino, Estratificado \u00f3 PVC. Estructura met\u00e1lica de acero pintado epoxi, acero inoxidable \u00f3 aluminio  Medidas 1.000, 1.500 \u00f3 2.000 mm   &nbsp;\" \/>\n<meta property=\"og:url\" content=\"https:\/\/josmaequipamiento.es\/?product=metalicas-4p\" \/>\n<meta property=\"og:site_name\" content=\"Josma Equipamiento\" \/>\n<meta property=\"article:modified_time\" content=\"2016-07-31T17:14:53+00:00\" \/>\n<meta property=\"og:image\" content=\"https:\/\/josmaequipamiento.es\/wp-content\/uploads\/2016\/05\/banco-fenolico_sin-tech_doble_mcs.jpg\" \/>\n\t<meta property=\"og:image:width\" content=\"640\" \/>\n\t<meta property=\"og:image:height\" content=\"480\" \/>\n\t<meta property=\"og:image:type\" content=\"image\/jpeg\" \/>\n<meta name=\"twitter:card\" content=\"summary_large_image\" \/>\n<meta name=\"twitter:label1\" content=\"Tiempo de lectura\" \/>\n\t<meta name=\"twitter:data1\" content=\"1 minuto\" \/>\n<script type=\"application\/ld+json\" class=\"yoast-schema-graph\">{\"@context\":\"https:\\\/\\\/schema.org\",\"@graph\":[{\"@type\":\"WebPage\",\"@id\":\"https:\\\/\\\/josmaequipamiento.es\\\/?product=metalicas-4p\",\"url\":\"https:\\\/\\\/josmaequipamiento.es\\\/?product=metalicas-4p\",\"name\":\"Bancos Vestuario - Josma Equipamiento\",\"isPartOf\":{\"@id\":\"http:\\\/\\\/josmaequipamiento.es\\\/#website\"},\"primaryImageOfPage\":{\"@id\":\"https:\\\/\\\/josmaequipamiento.es\\\/?product=metalicas-4p#primaryimage\"},\"image\":{\"@id\":\"https:\\\/\\\/josmaequipamiento.es\\\/?product=metalicas-4p#primaryimage\"},\"thumbnailUrl\":\"https:\\\/\\\/josmaequipamiento.es\\\/wp-content\\\/uploads\\\/2016\\\/05\\\/banco-fenolico_sin-tech_doble_mcs.jpg\",\"datePublished\":\"2016-05-06T07:53:17+00:00\",\"dateModified\":\"2016-07-31T17:14:53+00:00\",\"breadcrumb\":{\"@id\":\"https:\\\/\\\/josmaequipamiento.es\\\/?product=metalicas-4p#breadcrumb\"},\"inLanguage\":\"es\",\"potentialAction\":[{\"@type\":\"ReadAction\",\"target\":[\"https:\\\/\\\/josmaequipamiento.es\\\/?product=metalicas-4p\"]}]},{\"@type\":\"ImageObject\",\"inLanguage\":\"es\",\"@id\":\"https:\\\/\\\/josmaequipamiento.es\\\/?product=metalicas-4p#primaryimage\",\"url\":\"https:\\\/\\\/josmaequipamiento.es\\\/wp-content\\\/uploads\\\/2016\\\/05\\\/banco-fenolico_sin-tech_doble_mcs.jpg\",\"contentUrl\":\"https:\\\/\\\/josmaequipamiento.es\\\/wp-content\\\/uploads\\\/2016\\\/05\\\/banco-fenolico_sin-tech_doble_mcs.jpg\",\"width\":640,\"height\":480},{\"@type\":\"BreadcrumbList\",\"@id\":\"https:\\\/\\\/josmaequipamiento.es\\\/?product=metalicas-4p#breadcrumb\",\"itemListElement\":[{\"@type\":\"ListItem\",\"position\":1,\"name\":\"Home\",\"item\":\"http:\\\/\\\/josmaequipamiento.es\\\/\"},{\"@type\":\"ListItem\",\"position\":2,\"name\":\"Productos\",\"item\":\"http:\\\/\\\/josmaequipamiento.es\\\/?page_id=109\"},{\"@type\":\"ListItem\",\"position\":3,\"name\":\"Bancos Vestuario\"}]},{\"@type\":\"WebSite\",\"@id\":\"http:\\\/\\\/josmaequipamiento.es\\\/#website\",\"url\":\"http:\\\/\\\/josmaequipamiento.es\\\/\",\"name\":\"Josma Equipamiento\",\"description\":\"Todo lo relativo a equipamiento\",\"potentialAction\":[{\"@type\":\"SearchAction\",\"target\":{\"@type\":\"EntryPoint\",\"urlTemplate\":\"http:\\\/\\\/josmaequipamiento.es\\\/?s={search_term_string}\"},\"query-input\":{\"@type\":\"PropertyValueSpecification\",\"valueRequired\":true,\"valueName\":\"search_term_string\"}}],\"inLanguage\":\"es\"}]}<\/script>\n<!-- \/ Yoast SEO plugin. -->","yoast_head_json":{"title":"Bancos Vestuario - Josma Equipamiento","robots":{"index":"index","follow":"follow","max-snippet":"max-snippet:-1","max-image-preview":"max-image-preview:large","max-video-preview":"max-video-preview:-1"},"canonical":"https:\/\/josmaequipamiento.es\/?product=metalicas-4p","og_locale":"es_ES","og_type":"article","og_title":"Bancos Vestuario - Josma Equipamiento","og_description":"Bancos para vestuarios con sobre en\u00a0Fen\u00f3lico, Madera de pino, Estratificado \u00f3 PVC. Estructura met\u00e1lica de acero pintado epoxi, acero inoxidable \u00f3 aluminio  Medidas 1.000, 1.500 \u00f3 2.000 mm   &nbsp;","og_url":"https:\/\/josmaequipamiento.es\/?product=metalicas-4p","og_site_name":"Josma Equipamiento","article_modified_time":"2016-07-31T17:14:53+00:00","og_image":[{"width":640,"height":480,"url":"https:\/\/josmaequipamiento.es\/wp-content\/uploads\/2016\/05\/banco-fenolico_sin-tech_doble_mcs.jpg","type":"image\/jpeg"}],"twitter_card":"summary_large_image","twitter_misc":{"Tiempo de lectura":"1 minuto"},"schema":{"@context":"https:\/\/schema.org","@graph":[{"@type":"WebPage","@id":"https:\/\/josmaequipamiento.es\/?product=metalicas-4p","url":"https:\/\/josmaequipamiento.es\/?product=metalicas-4p","name":"Bancos Vestuario - Josma Equipamiento","isPartOf":{"@id":"http:\/\/josmaequipamiento.es\/#website"},"primaryImageOfPage":{"@id":"https:\/\/josmaequipamiento.es\/?product=metalicas-4p#primaryimage"},"image":{"@id":"https:\/\/josmaequipamiento.es\/?product=metalicas-4p#primaryimage"},"thumbnailUrl":"https:\/\/josmaequipamiento.es\/wp-content\/uploads\/2016\/05\/banco-fenolico_sin-tech_doble_mcs.jpg","datePublished":"2016-05-06T07:53:17+00:00","dateModified":"2016-07-31T17:14:53+00:00","breadcrumb":{"@id":"https:\/\/josmaequipamiento.es\/?product=metalicas-4p#breadcrumb"},"inLanguage":"es","potentialAction":[{"@type":"ReadAction","target":["https:\/\/josmaequipamiento.es\/?product=metalicas-4p"]}]},{"@type":"ImageObject","inLanguage":"es","@id":"https:\/\/josmaequipamiento.es\/?product=metalicas-4p#primaryimage","url":"https:\/\/josmaequipamiento.es\/wp-content\/uploads\/2016\/05\/banco-fenolico_sin-tech_doble_mcs.jpg","contentUrl":"https:\/\/josmaequipamiento.es\/wp-content\/uploads\/2016\/05\/banco-fenolico_sin-tech_doble_mcs.jpg","width":640,"height":480},{"@type":"BreadcrumbList","@id":"https:\/\/josmaequipamiento.es\/?product=metalicas-4p#breadcrumb","itemListElement":[{"@type":"ListItem","position":1,"name":"Home","item":"http:\/\/josmaequipamiento.es\/"},{"@type":"ListItem","position":2,"name":"Productos","item":"http:\/\/josmaequipamiento.es\/?page_id=109"},{"@type":"ListItem","position":3,"name":"Bancos Vestuario"}]},{"@type":"WebSite","@id":"http:\/\/josmaequipamiento.es\/#website","url":"http:\/\/josmaequipamiento.es\/","name":"Josma Equipamiento","description":"Todo lo relativo a equipamiento","potentialAction":[{"@type":"SearchAction","target":{"@type":"EntryPoint","urlTemplate":"http:\/\/josmaequipamiento.es\/?s={search_term_string}"},"query-input":{"@type":"PropertyValueSpecification","valueRequired":true,"valueName":"search_term_string"}}],"inLanguage":"es"}]}},"_links":{"self":[{"href":"https:\/\/josmaequipamiento.es\/index.php?rest_route=\/wp\/v2\/product\/310","targetHints":{"allow":["GET"]}}],"collection":[{"href":"https:\/\/josmaequipamiento.es\/index.php?rest_route=\/wp\/v2\/product"}],"about":[{"href":"https:\/\/josmaequipamiento.es\/index.php?rest_route=\/wp\/v2\/types\/product"}],"replies":[{"embeddable":true,"href":"https:\/\/josmaequipamiento.es\/index.php?rest_route=%2Fwp%2Fv2%2Fcomments&post=310"}],"wp:featuredmedia":[{"embeddable":true,"href":"https:\/\/josmaequipamiento.es\/index.php?rest_route=\/wp\/v2\/media\/2360"}],"wp:attachment":[{"href":"https:\/\/josmaequipamiento.es\/index.php?rest_route=%2Fwp%2Fv2%2Fmedia&parent=310"}],"wp:term":[{"taxonomy":"product_brand","embeddable":true,"href":"https:\/\/josmaequipamiento.es\/index.php?rest_route=%2Fwp%2Fv2%2Fproduct_brand&post=310"},{"taxonomy":"product_cat","embeddable":true,"href":"https:\/\/josmaequipamiento.es\/index.php?rest_route=%2Fwp%2Fv2%2Fproduct_cat&post=310"},{"taxonomy":"product_tag","embeddable":true,"href":"https:\/\/josmaequipamiento.es\/index.php?rest_route=%2Fwp%2Fv2%2Fproduct_tag&post=310"}],"curies":[{"name":"wp","href":"https:\/\/api.w.org\/{rel}","templated":true}]}}