{"id":318,"date":"2016-05-06T07:56:06","date_gmt":"2016-05-06T07:56:06","guid":{"rendered":"http:\/\/josmaequipamiento.es\/?product=litera-fija"},"modified":"2016-07-31T10:32:21","modified_gmt":"2016-07-31T10:32:21","slug":"litera-fija","status":"publish","type":"product","link":"https:\/\/josmaequipamiento.es\/?product=litera-fija","title":{"rendered":"Litera Hostel"},"content":{"rendered":"<p>Las camas y literas est\u00e1n dise\u00f1adas para el sector Contract se caracterizan por su robustez, durabilidad y buenos acabados. Ofrecemos la posibilidad de personalizar nuestros productos para que se adapten mejor a sus proyectos.<\/p>\n<p>La estructura de acero de 1,5 mm de espesor junto con un tratamiento de pintura Epoxi-poli\u00e9ster los hacen unos productos de gran calidad.<\/p>\n<p>&nbsp;<\/p>\n<p>&nbsp;<\/p>\n","protected":false},"excerpt":{"rendered":"<p><span style=\"color: #000000; font-family: Calibri; font-size: medium;\">La litera Hostel es ideal para Hostels, Residencias estudiantes, Refugios etc. Est\u00e1 fabricada con chapa de acero de 80&#215;30 mm y 1,5 mm de espesor, remachada y soldada. Caracter\u00edstica de robustez, durabilidad y dise\u00f1o. Acabado de pintura epoxi-poli\u00e9ster con acabado texturado fino. <\/span><span style=\"color: #000000; font-family: Calibri; font-size: medium;\">Montaje f\u00e1cil con 24 tornillos<\/span><\/p>\n<p><span style=\"color: #000000; font-family: Calibri; font-size: medium;\">Medidas: 90&#215;190\u00a0\u00f3 90&#215;200 cm<\/span><\/p>\n","protected":false},"featured_media":2309,"comment_status":"open","ping_status":"closed","template":"","meta":{"_et_pb_use_builder":"","_et_pb_old_content":"","_et_gb_content_width":""},"product_brand":[],"product_cat":[77,81],"product_tag":[193],"class_list":{"0":"post-318","1":"product","2":"type-product","3":"status-publish","4":"has-post-thumbnail","6":"product_cat-instalacion-y-colectividades","7":"product_cat-albergues","8":"product_tag-mobilairio-albergues","10":"first","11":"instock","12":"shipping-taxable","13":"product-type-simple"},"yoast_head":"<!-- This site is optimized with the Yoast SEO plugin v27.3 - https:\/\/yoast.com\/product\/yoast-seo-wordpress\/ -->\n<title>Litera Hostel - Josma Equipamiento<\/title>\n<meta name=\"robots\" content=\"index, follow, max-snippet:-1, max-image-preview:large, max-video-preview:-1\" \/>\n<link rel=\"canonical\" href=\"https:\/\/josmaequipamiento.es\/?product=litera-fija\" \/>\n<meta property=\"og:locale\" content=\"es_ES\" \/>\n<meta property=\"og:type\" content=\"article\" \/>\n<meta property=\"og:title\" content=\"Litera Hostel - Josma Equipamiento\" \/>\n<meta property=\"og:description\" content=\"La litera Hostel es ideal para Hostels, Residencias estudiantes, Refugios etc. Est\u00e1 fabricada con chapa de acero de 80x30 mm y 1,5 mm de espesor, remachada y soldada. Caracter\u00edstica de robustez, durabilidad y dise\u00f1o. Acabado de pintura epoxi-poli\u00e9ster con acabado texturado fino. Montaje f\u00e1cil con 24 tornillos  Medidas: 90x190\u00a0\u00f3 90x200 cm\" \/>\n<meta property=\"og:url\" content=\"https:\/\/josmaequipamiento.es\/?product=litera-fija\" \/>\n<meta property=\"og:site_name\" content=\"Josma Equipamiento\" \/>\n<meta property=\"article:modified_time\" content=\"2016-07-31T10:32:21+00:00\" \/>\n<meta property=\"og:image\" content=\"https:\/\/josmaequipamiento.es\/wp-content\/uploads\/2016\/05\/litera-hostel.jpg\" \/>\n\t<meta property=\"og:image:width\" content=\"640\" \/>\n\t<meta property=\"og:image:height\" content=\"480\" \/>\n\t<meta property=\"og:image:type\" content=\"image\/jpeg\" \/>\n<meta name=\"twitter:card\" content=\"summary_large_image\" \/>\n<script type=\"application\/ld+json\" class=\"yoast-schema-graph\">{\"@context\":\"https:\\\/\\\/schema.org\",\"@graph\":[{\"@type\":\"WebPage\",\"@id\":\"https:\\\/\\\/josmaequipamiento.es\\\/?product=litera-fija\",\"url\":\"https:\\\/\\\/josmaequipamiento.es\\\/?product=litera-fija\",\"name\":\"Litera Hostel - Josma Equipamiento\",\"isPartOf\":{\"@id\":\"http:\\\/\\\/josmaequipamiento.es\\\/#website\"},\"primaryImageOfPage\":{\"@id\":\"https:\\\/\\\/josmaequipamiento.es\\\/?product=litera-fija#primaryimage\"},\"image\":{\"@id\":\"https:\\\/\\\/josmaequipamiento.es\\\/?product=litera-fija#primaryimage\"},\"thumbnailUrl\":\"https:\\\/\\\/josmaequipamiento.es\\\/wp-content\\\/uploads\\\/2016\\\/05\\\/litera-hostel.jpg\",\"datePublished\":\"2016-05-06T07:56:06+00:00\",\"dateModified\":\"2016-07-31T10:32:21+00:00\",\"breadcrumb\":{\"@id\":\"https:\\\/\\\/josmaequipamiento.es\\\/?product=litera-fija#breadcrumb\"},\"inLanguage\":\"es\",\"potentialAction\":[{\"@type\":\"ReadAction\",\"target\":[\"https:\\\/\\\/josmaequipamiento.es\\\/?product=litera-fija\"]}]},{\"@type\":\"ImageObject\",\"inLanguage\":\"es\",\"@id\":\"https:\\\/\\\/josmaequipamiento.es\\\/?product=litera-fija#primaryimage\",\"url\":\"https:\\\/\\\/josmaequipamiento.es\\\/wp-content\\\/uploads\\\/2016\\\/05\\\/litera-hostel.jpg\",\"contentUrl\":\"https:\\\/\\\/josmaequipamiento.es\\\/wp-content\\\/uploads\\\/2016\\\/05\\\/litera-hostel.jpg\",\"width\":640,\"height\":480},{\"@type\":\"BreadcrumbList\",\"@id\":\"https:\\\/\\\/josmaequipamiento.es\\\/?product=litera-fija#breadcrumb\",\"itemListElement\":[{\"@type\":\"ListItem\",\"position\":1,\"name\":\"Home\",\"item\":\"http:\\\/\\\/josmaequipamiento.es\\\/\"},{\"@type\":\"ListItem\",\"position\":2,\"name\":\"Productos\",\"item\":\"http:\\\/\\\/josmaequipamiento.es\\\/?page_id=109\"},{\"@type\":\"ListItem\",\"position\":3,\"name\":\"Litera Hostel\"}]},{\"@type\":\"WebSite\",\"@id\":\"http:\\\/\\\/josmaequipamiento.es\\\/#website\",\"url\":\"http:\\\/\\\/josmaequipamiento.es\\\/\",\"name\":\"Josma Equipamiento\",\"description\":\"Todo lo relativo a equipamiento\",\"potentialAction\":[{\"@type\":\"SearchAction\",\"target\":{\"@type\":\"EntryPoint\",\"urlTemplate\":\"http:\\\/\\\/josmaequipamiento.es\\\/?s={search_term_string}\"},\"query-input\":{\"@type\":\"PropertyValueSpecification\",\"valueRequired\":true,\"valueName\":\"search_term_string\"}}],\"inLanguage\":\"es\"}]}<\/script>\n<!-- \/ Yoast SEO plugin. -->","yoast_head_json":{"title":"Litera Hostel - Josma Equipamiento","robots":{"index":"index","follow":"follow","max-snippet":"max-snippet:-1","max-image-preview":"max-image-preview:large","max-video-preview":"max-video-preview:-1"},"canonical":"https:\/\/josmaequipamiento.es\/?product=litera-fija","og_locale":"es_ES","og_type":"article","og_title":"Litera Hostel - Josma Equipamiento","og_description":"La litera Hostel es ideal para Hostels, Residencias estudiantes, Refugios etc. Est\u00e1 fabricada con chapa de acero de 80x30 mm y 1,5 mm de espesor, remachada y soldada. Caracter\u00edstica de robustez, durabilidad y dise\u00f1o. Acabado de pintura epoxi-poli\u00e9ster con acabado texturado fino. Montaje f\u00e1cil con 24 tornillos  Medidas: 90x190\u00a0\u00f3 90x200 cm","og_url":"https:\/\/josmaequipamiento.es\/?product=litera-fija","og_site_name":"Josma Equipamiento","article_modified_time":"2016-07-31T10:32:21+00:00","og_image":[{"width":640,"height":480,"url":"https:\/\/josmaequipamiento.es\/wp-content\/uploads\/2016\/05\/litera-hostel.jpg","type":"image\/jpeg"}],"twitter_card":"summary_large_image","schema":{"@context":"https:\/\/schema.org","@graph":[{"@type":"WebPage","@id":"https:\/\/josmaequipamiento.es\/?product=litera-fija","url":"https:\/\/josmaequipamiento.es\/?product=litera-fija","name":"Litera Hostel - Josma Equipamiento","isPartOf":{"@id":"http:\/\/josmaequipamiento.es\/#website"},"primaryImageOfPage":{"@id":"https:\/\/josmaequipamiento.es\/?product=litera-fija#primaryimage"},"image":{"@id":"https:\/\/josmaequipamiento.es\/?product=litera-fija#primaryimage"},"thumbnailUrl":"https:\/\/josmaequipamiento.es\/wp-content\/uploads\/2016\/05\/litera-hostel.jpg","datePublished":"2016-05-06T07:56:06+00:00","dateModified":"2016-07-31T10:32:21+00:00","breadcrumb":{"@id":"https:\/\/josmaequipamiento.es\/?product=litera-fija#breadcrumb"},"inLanguage":"es","potentialAction":[{"@type":"ReadAction","target":["https:\/\/josmaequipamiento.es\/?product=litera-fija"]}]},{"@type":"ImageObject","inLanguage":"es","@id":"https:\/\/josmaequipamiento.es\/?product=litera-fija#primaryimage","url":"https:\/\/josmaequipamiento.es\/wp-content\/uploads\/2016\/05\/litera-hostel.jpg","contentUrl":"https:\/\/josmaequipamiento.es\/wp-content\/uploads\/2016\/05\/litera-hostel.jpg","width":640,"height":480},{"@type":"BreadcrumbList","@id":"https:\/\/josmaequipamiento.es\/?product=litera-fija#breadcrumb","itemListElement":[{"@type":"ListItem","position":1,"name":"Home","item":"http:\/\/josmaequipamiento.es\/"},{"@type":"ListItem","position":2,"name":"Productos","item":"http:\/\/josmaequipamiento.es\/?page_id=109"},{"@type":"ListItem","position":3,"name":"Litera Hostel"}]},{"@type":"WebSite","@id":"http:\/\/josmaequipamiento.es\/#website","url":"http:\/\/josmaequipamiento.es\/","name":"Josma Equipamiento","description":"Todo lo relativo a equipamiento","potentialAction":[{"@type":"SearchAction","target":{"@type":"EntryPoint","urlTemplate":"http:\/\/josmaequipamiento.es\/?s={search_term_string}"},"query-input":{"@type":"PropertyValueSpecification","valueRequired":true,"valueName":"search_term_string"}}],"inLanguage":"es"}]}},"_links":{"self":[{"href":"https:\/\/josmaequipamiento.es\/index.php?rest_route=\/wp\/v2\/product\/318","targetHints":{"allow":["GET"]}}],"collection":[{"href":"https:\/\/josmaequipamiento.es\/index.php?rest_route=\/wp\/v2\/product"}],"about":[{"href":"https:\/\/josmaequipamiento.es\/index.php?rest_route=\/wp\/v2\/types\/product"}],"replies":[{"embeddable":true,"href":"https:\/\/josmaequipamiento.es\/index.php?rest_route=%2Fwp%2Fv2%2Fcomments&post=318"}],"wp:featuredmedia":[{"embeddable":true,"href":"https:\/\/josmaequipamiento.es\/index.php?rest_route=\/wp\/v2\/media\/2309"}],"wp:attachment":[{"href":"https:\/\/josmaequipamiento.es\/index.php?rest_route=%2Fwp%2Fv2%2Fmedia&parent=318"}],"wp:term":[{"taxonomy":"product_brand","embeddable":true,"href":"https:\/\/josmaequipamiento.es\/index.php?rest_route=%2Fwp%2Fv2%2Fproduct_brand&post=318"},{"taxonomy":"product_cat","embeddable":true,"href":"https:\/\/josmaequipamiento.es\/index.php?rest_route=%2Fwp%2Fv2%2Fproduct_cat&post=318"},{"taxonomy":"product_tag","embeddable":true,"href":"https:\/\/josmaequipamiento.es\/index.php?rest_route=%2Fwp%2Fv2%2Fproduct_tag&post=318"}],"curies":[{"name":"wp","href":"https:\/\/api.w.org\/{rel}","templated":true}]}}