{"id":338,"date":"2016-05-06T08:13:20","date_gmt":"2016-05-06T08:13:20","guid":{"rendered":"http:\/\/josmaequipamiento.es\/?product=panel-japones"},"modified":"2016-06-26T10:11:30","modified_gmt":"2016-06-26T10:11:30","slug":"panel-japones","status":"publish","type":"product","link":"https:\/\/josmaequipamiento.es\/?product=panel-japones","title":{"rendered":"Panel japon\u00e9s"},"content":{"rendered":"<p><span style=\"color: #000000; font-family: Calibri; font-size: medium;\">Panel Japon\u00e9s. De est\u00e9tica lineal y minimalista, los paneles japoneses constituyen una soluci\u00f3n para la decoraci\u00f3n de sus ventanas moderna, de gran belleza e infinitas posibilidades decorativas.<\/span><\/p>\n<p><span style=\"color: #000000; font-family: Calibri; font-size: medium;\">Los paneles japoneses est\u00e1n especialmente indicados para cubrir grandes ventanales, desde el techo hasta el suelo, pero tambi\u00e9n son aptos para ventanas m\u00e1s peque\u00f1as, y hasta como pr\u00e1ctico panel deslizante con el que separar varios ambientes en una misma estancia a la que se le da varios usos.<\/span><\/p>\n<p><span style=\"color: #000000; font-family: Calibri; font-size: medium;\">Est\u00e1n compuestos por varios paneles, de un mismo tejido o tejidos distintos, que se mueven horizontalmente por unas gu\u00edas o rieles, cruz\u00e1ndose y superponi\u00e9ndose entre s\u00ed para otorgar intimidad e impedir el paso de la luz. <\/span><\/p>\n<p><span style=\"color: #000000; font-family: Calibri; font-size: medium;\">Se ofrecen en rieles de 2 a 5 v\u00edas, en funci\u00f3n del ancho de la ventana, con recogida lateral: a izquierda o derecha, recogida a ambos lados o recogida al centro. El mecanismo, de gran calidad, no requiere mantenimiento y recoge los paneles de forma suave y silenciosa.<\/span><\/p>\n<p><span style=\"color: #000000; font-family: Calibri; font-size: medium;\">\u00a0<\/span><\/p>\n","protected":false},"excerpt":{"rendered":"<p>Panel Japon\u00e9s. De est\u00e9tica lineal y minimalista, los paneles japoneses constituyen una soluci\u00f3n para la decoraci\u00f3n de sus ventanas moderna, de gran belleza e infinitas posibilidades decorativas. Los paneles japoneses est\u00e1n especialmente indicados para cubrir grandes ventanales, desde el techo hasta el suelo, pero tambi\u00e9n son aptos para ventanas m\u00e1s peque\u00f1as, y hasta como pr\u00e1ctico [&hellip;]<\/p>\n","protected":false},"featured_media":339,"comment_status":"open","ping_status":"closed","template":"","meta":{"_et_pb_use_builder":"","_et_pb_old_content":"","_et_gb_content_width":""},"product_brand":[],"product_cat":[95,96],"product_tag":[206],"class_list":{"0":"post-338","1":"product","2":"type-product","3":"status-publish","4":"has-post-thumbnail","6":"product_cat-complementos-de-equipamiento","7":"product_cat-cortinas-estores","8":"product_tag-cortinas","10":"first","11":"instock","12":"shipping-taxable","13":"product-type-simple"},"yoast_head":"<!-- This site is optimized with the Yoast SEO plugin v27.3 - https:\/\/yoast.com\/product\/yoast-seo-wordpress\/ -->\n<title>Panel japon\u00e9s - Josma Equipamiento<\/title>\n<meta name=\"robots\" content=\"index, follow, max-snippet:-1, max-image-preview:large, max-video-preview:-1\" \/>\n<link rel=\"canonical\" href=\"http:\/\/josmaequipamiento.es\/?product=panel-japones\" \/>\n<meta property=\"og:locale\" content=\"es_ES\" \/>\n<meta property=\"og:type\" content=\"article\" \/>\n<meta property=\"og:title\" content=\"Panel japon\u00e9s - Josma Equipamiento\" \/>\n<meta property=\"og:description\" content=\"Panel Japon\u00e9s. De est\u00e9tica lineal y minimalista, los paneles japoneses constituyen una soluci\u00f3n para la decoraci\u00f3n de sus ventanas moderna, de gran belleza e infinitas posibilidades decorativas. Los paneles japoneses est\u00e1n especialmente indicados para cubrir grandes ventanales, desde el techo hasta el suelo, pero tambi\u00e9n son aptos para ventanas m\u00e1s peque\u00f1as, y hasta como pr\u00e1ctico [&hellip;]\" \/>\n<meta property=\"og:url\" content=\"http:\/\/josmaequipamiento.es\/?product=panel-japones\" \/>\n<meta property=\"og:site_name\" content=\"Josma Equipamiento\" \/>\n<meta property=\"article:modified_time\" content=\"2016-06-26T10:11:30+00:00\" \/>\n<meta property=\"og:image\" content=\"http:\/\/josmaequipamiento.es\/wp-content\/uploads\/2016\/05\/6-Panel-japones.jpg\" \/>\n\t<meta property=\"og:image:width\" content=\"713\" \/>\n\t<meta property=\"og:image:height\" content=\"713\" \/>\n\t<meta property=\"og:image:type\" content=\"image\/jpeg\" \/>\n<meta name=\"twitter:card\" content=\"summary_large_image\" \/>\n<meta name=\"twitter:label1\" content=\"Tiempo de lectura\" \/>\n\t<meta name=\"twitter:data1\" content=\"1 minuto\" \/>\n<script type=\"application\/ld+json\" class=\"yoast-schema-graph\">{\"@context\":\"https:\\\/\\\/schema.org\",\"@graph\":[{\"@type\":\"WebPage\",\"@id\":\"http:\\\/\\\/josmaequipamiento.es\\\/?product=panel-japones\",\"url\":\"http:\\\/\\\/josmaequipamiento.es\\\/?product=panel-japones\",\"name\":\"Panel japon\u00e9s - Josma Equipamiento\",\"isPartOf\":{\"@id\":\"http:\\\/\\\/josmaequipamiento.es\\\/#website\"},\"primaryImageOfPage\":{\"@id\":\"http:\\\/\\\/josmaequipamiento.es\\\/?product=panel-japones#primaryimage\"},\"image\":{\"@id\":\"http:\\\/\\\/josmaequipamiento.es\\\/?product=panel-japones#primaryimage\"},\"thumbnailUrl\":\"https:\\\/\\\/josmaequipamiento.es\\\/wp-content\\\/uploads\\\/2016\\\/05\\\/6-Panel-japones.jpg\",\"datePublished\":\"2016-05-06T08:13:20+00:00\",\"dateModified\":\"2016-06-26T10:11:30+00:00\",\"breadcrumb\":{\"@id\":\"http:\\\/\\\/josmaequipamiento.es\\\/?product=panel-japones#breadcrumb\"},\"inLanguage\":\"es\",\"potentialAction\":[{\"@type\":\"ReadAction\",\"target\":[\"http:\\\/\\\/josmaequipamiento.es\\\/?product=panel-japones\"]}]},{\"@type\":\"ImageObject\",\"inLanguage\":\"es\",\"@id\":\"http:\\\/\\\/josmaequipamiento.es\\\/?product=panel-japones#primaryimage\",\"url\":\"https:\\\/\\\/josmaequipamiento.es\\\/wp-content\\\/uploads\\\/2016\\\/05\\\/6-Panel-japones.jpg\",\"contentUrl\":\"https:\\\/\\\/josmaequipamiento.es\\\/wp-content\\\/uploads\\\/2016\\\/05\\\/6-Panel-japones.jpg\",\"width\":713,\"height\":713,\"caption\":\"Panel japones\"},{\"@type\":\"BreadcrumbList\",\"@id\":\"http:\\\/\\\/josmaequipamiento.es\\\/?product=panel-japones#breadcrumb\",\"itemListElement\":[{\"@type\":\"ListItem\",\"position\":1,\"name\":\"Home\",\"item\":\"http:\\\/\\\/josmaequipamiento.es\\\/\"},{\"@type\":\"ListItem\",\"position\":2,\"name\":\"Productos\",\"item\":\"http:\\\/\\\/josmaequipamiento.es\\\/?page_id=109\"},{\"@type\":\"ListItem\",\"position\":3,\"name\":\"Panel japon\u00e9s\"}]},{\"@type\":\"WebSite\",\"@id\":\"http:\\\/\\\/josmaequipamiento.es\\\/#website\",\"url\":\"http:\\\/\\\/josmaequipamiento.es\\\/\",\"name\":\"Josma Equipamiento\",\"description\":\"Todo lo relativo a equipamiento\",\"potentialAction\":[{\"@type\":\"SearchAction\",\"target\":{\"@type\":\"EntryPoint\",\"urlTemplate\":\"http:\\\/\\\/josmaequipamiento.es\\\/?s={search_term_string}\"},\"query-input\":{\"@type\":\"PropertyValueSpecification\",\"valueRequired\":true,\"valueName\":\"search_term_string\"}}],\"inLanguage\":\"es\"}]}<\/script>\n<!-- \/ Yoast SEO plugin. -->","yoast_head_json":{"title":"Panel japon\u00e9s - Josma Equipamiento","robots":{"index":"index","follow":"follow","max-snippet":"max-snippet:-1","max-image-preview":"max-image-preview:large","max-video-preview":"max-video-preview:-1"},"canonical":"http:\/\/josmaequipamiento.es\/?product=panel-japones","og_locale":"es_ES","og_type":"article","og_title":"Panel japon\u00e9s - Josma Equipamiento","og_description":"Panel Japon\u00e9s. De est\u00e9tica lineal y minimalista, los paneles japoneses constituyen una soluci\u00f3n para la decoraci\u00f3n de sus ventanas moderna, de gran belleza e infinitas posibilidades decorativas. Los paneles japoneses est\u00e1n especialmente indicados para cubrir grandes ventanales, desde el techo hasta el suelo, pero tambi\u00e9n son aptos para ventanas m\u00e1s peque\u00f1as, y hasta como pr\u00e1ctico [&hellip;]","og_url":"http:\/\/josmaequipamiento.es\/?product=panel-japones","og_site_name":"Josma Equipamiento","article_modified_time":"2016-06-26T10:11:30+00:00","og_image":[{"width":713,"height":713,"url":"http:\/\/josmaequipamiento.es\/wp-content\/uploads\/2016\/05\/6-Panel-japones.jpg","type":"image\/jpeg"}],"twitter_card":"summary_large_image","twitter_misc":{"Tiempo de lectura":"1 minuto"},"schema":{"@context":"https:\/\/schema.org","@graph":[{"@type":"WebPage","@id":"http:\/\/josmaequipamiento.es\/?product=panel-japones","url":"http:\/\/josmaequipamiento.es\/?product=panel-japones","name":"Panel japon\u00e9s - Josma Equipamiento","isPartOf":{"@id":"http:\/\/josmaequipamiento.es\/#website"},"primaryImageOfPage":{"@id":"http:\/\/josmaequipamiento.es\/?product=panel-japones#primaryimage"},"image":{"@id":"http:\/\/josmaequipamiento.es\/?product=panel-japones#primaryimage"},"thumbnailUrl":"https:\/\/josmaequipamiento.es\/wp-content\/uploads\/2016\/05\/6-Panel-japones.jpg","datePublished":"2016-05-06T08:13:20+00:00","dateModified":"2016-06-26T10:11:30+00:00","breadcrumb":{"@id":"http:\/\/josmaequipamiento.es\/?product=panel-japones#breadcrumb"},"inLanguage":"es","potentialAction":[{"@type":"ReadAction","target":["http:\/\/josmaequipamiento.es\/?product=panel-japones"]}]},{"@type":"ImageObject","inLanguage":"es","@id":"http:\/\/josmaequipamiento.es\/?product=panel-japones#primaryimage","url":"https:\/\/josmaequipamiento.es\/wp-content\/uploads\/2016\/05\/6-Panel-japones.jpg","contentUrl":"https:\/\/josmaequipamiento.es\/wp-content\/uploads\/2016\/05\/6-Panel-japones.jpg","width":713,"height":713,"caption":"Panel japones"},{"@type":"BreadcrumbList","@id":"http:\/\/josmaequipamiento.es\/?product=panel-japones#breadcrumb","itemListElement":[{"@type":"ListItem","position":1,"name":"Home","item":"http:\/\/josmaequipamiento.es\/"},{"@type":"ListItem","position":2,"name":"Productos","item":"http:\/\/josmaequipamiento.es\/?page_id=109"},{"@type":"ListItem","position":3,"name":"Panel japon\u00e9s"}]},{"@type":"WebSite","@id":"http:\/\/josmaequipamiento.es\/#website","url":"http:\/\/josmaequipamiento.es\/","name":"Josma Equipamiento","description":"Todo lo relativo a equipamiento","potentialAction":[{"@type":"SearchAction","target":{"@type":"EntryPoint","urlTemplate":"http:\/\/josmaequipamiento.es\/?s={search_term_string}"},"query-input":{"@type":"PropertyValueSpecification","valueRequired":true,"valueName":"search_term_string"}}],"inLanguage":"es"}]}},"_links":{"self":[{"href":"https:\/\/josmaequipamiento.es\/index.php?rest_route=\/wp\/v2\/product\/338","targetHints":{"allow":["GET"]}}],"collection":[{"href":"https:\/\/josmaequipamiento.es\/index.php?rest_route=\/wp\/v2\/product"}],"about":[{"href":"https:\/\/josmaequipamiento.es\/index.php?rest_route=\/wp\/v2\/types\/product"}],"replies":[{"embeddable":true,"href":"https:\/\/josmaequipamiento.es\/index.php?rest_route=%2Fwp%2Fv2%2Fcomments&post=338"}],"wp:featuredmedia":[{"embeddable":true,"href":"https:\/\/josmaequipamiento.es\/index.php?rest_route=\/wp\/v2\/media\/339"}],"wp:attachment":[{"href":"https:\/\/josmaequipamiento.es\/index.php?rest_route=%2Fwp%2Fv2%2Fmedia&parent=338"}],"wp:term":[{"taxonomy":"product_brand","embeddable":true,"href":"https:\/\/josmaequipamiento.es\/index.php?rest_route=%2Fwp%2Fv2%2Fproduct_brand&post=338"},{"taxonomy":"product_cat","embeddable":true,"href":"https:\/\/josmaequipamiento.es\/index.php?rest_route=%2Fwp%2Fv2%2Fproduct_cat&post=338"},{"taxonomy":"product_tag","embeddable":true,"href":"https:\/\/josmaequipamiento.es\/index.php?rest_route=%2Fwp%2Fv2%2Fproduct_tag&post=338"}],"curies":[{"name":"wp","href":"https:\/\/api.w.org\/{rel}","templated":true}]}}