{"id":563,"date":"2016-06-10T16:07:30","date_gmt":"2016-06-10T16:07:30","guid":{"rendered":"http:\/\/josmaequipamiento.es\/?post_type=product&#038;p=563"},"modified":"2016-07-18T16:40:45","modified_gmt":"2016-07-18T16:40:45","slug":"mesa-direccion-art-moble","status":"publish","type":"product","link":"https:\/\/josmaequipamiento.es\/?product=mesa-direccion-art-moble","title":{"rendered":"Mesa Direcci\u00f3n Art &#038; Moble"},"content":{"rendered":"<p><span style=\"color: #000000; font-family: Calibri; font-size: medium;\">La colecci\u00f3n Art&amp;Moble, moderna y al mismo tiempo cl\u00e1sica se destaca por su artesan\u00eda, diferentes opciones de acabado. La incrustaci\u00f3n, madera fina, talla de madera son palabras que reproducen en la memoria los nombres de los antiguos artesanos y ebanistas con mucha experiencia y tradici\u00f3n. <\/span><\/p>\n","protected":false},"excerpt":{"rendered":"<p>La colecci\u00f3n Art&amp;Moble, moderna y al mismo tiempo cl\u00e1sica se destaca por su artesan\u00eda, diferentes opciones de acabado. La incrustaci\u00f3n, madera fina, talla de madera son palabras que reproducen en la memoria los nombres de los antiguos artesanos y ebanistas con mucha experiencia y tradici\u00f3n.<\/p>\n","protected":false},"featured_media":1826,"comment_status":"open","ping_status":"closed","template":"","meta":{"_et_pb_use_builder":"","_et_pb_old_content":"","_et_gb_content_width":""},"product_brand":[],"product_cat":[57,59,58,215],"product_tag":[168],"class_list":{"0":"post-563","1":"product","2":"type-product","3":"status-publish","4":"has-post-thumbnail","6":"product_cat-espacios-de-trabajo","7":"product_cat-direccion","8":"product_cat-mobiliario-de-oficina","9":"product_cat-productos","10":"product_tag-mobiliario-direccion","12":"first","13":"instock","14":"shipping-taxable","15":"product-type-simple"},"yoast_head":"<!-- This site is optimized with the Yoast SEO plugin v27.3 - https:\/\/yoast.com\/product\/yoast-seo-wordpress\/ -->\n<title>Mesa Direcci\u00f3n Art &amp; Moble - Josma Equipamiento<\/title>\n<meta name=\"robots\" content=\"index, follow, max-snippet:-1, max-image-preview:large, max-video-preview:-1\" \/>\n<link rel=\"canonical\" href=\"https:\/\/josmaequipamiento.es\/?product=mesa-direccion-art-moble\" \/>\n<meta property=\"og:locale\" content=\"es_ES\" \/>\n<meta property=\"og:type\" content=\"article\" \/>\n<meta property=\"og:title\" content=\"Mesa Direcci\u00f3n Art &amp; Moble - Josma Equipamiento\" \/>\n<meta property=\"og:description\" content=\"La colecci\u00f3n Art&amp;Moble, moderna y al mismo tiempo cl\u00e1sica se destaca por su artesan\u00eda, diferentes opciones de acabado. La incrustaci\u00f3n, madera fina, talla de madera son palabras que reproducen en la memoria los nombres de los antiguos artesanos y ebanistas con mucha experiencia y tradici\u00f3n.\" \/>\n<meta property=\"og:url\" content=\"https:\/\/josmaequipamiento.es\/?product=mesa-direccion-art-moble\" \/>\n<meta property=\"og:site_name\" content=\"Josma Equipamiento\" \/>\n<meta property=\"article:modified_time\" content=\"2016-07-18T16:40:45+00:00\" \/>\n<meta property=\"og:image\" content=\"https:\/\/josmaequipamiento.es\/wp-content\/uploads\/2016\/06\/Mesa-Direcci\u00f3n-Art-moble-640X480.jpg\" \/>\n\t<meta property=\"og:image:width\" content=\"640\" \/>\n\t<meta property=\"og:image:height\" content=\"480\" \/>\n\t<meta property=\"og:image:type\" content=\"image\/jpeg\" \/>\n<meta name=\"twitter:card\" content=\"summary_large_image\" \/>\n<script type=\"application\/ld+json\" class=\"yoast-schema-graph\">{\"@context\":\"https:\\\/\\\/schema.org\",\"@graph\":[{\"@type\":\"WebPage\",\"@id\":\"https:\\\/\\\/josmaequipamiento.es\\\/?product=mesa-direccion-art-moble\",\"url\":\"https:\\\/\\\/josmaequipamiento.es\\\/?product=mesa-direccion-art-moble\",\"name\":\"Mesa Direcci\u00f3n Art & Moble - Josma Equipamiento\",\"isPartOf\":{\"@id\":\"http:\\\/\\\/josmaequipamiento.es\\\/#website\"},\"primaryImageOfPage\":{\"@id\":\"https:\\\/\\\/josmaequipamiento.es\\\/?product=mesa-direccion-art-moble#primaryimage\"},\"image\":{\"@id\":\"https:\\\/\\\/josmaequipamiento.es\\\/?product=mesa-direccion-art-moble#primaryimage\"},\"thumbnailUrl\":\"https:\\\/\\\/josmaequipamiento.es\\\/wp-content\\\/uploads\\\/2016\\\/06\\\/Mesa-Direcci\u00f3n-Art-moble-640X480.jpg\",\"datePublished\":\"2016-06-10T16:07:30+00:00\",\"dateModified\":\"2016-07-18T16:40:45+00:00\",\"breadcrumb\":{\"@id\":\"https:\\\/\\\/josmaequipamiento.es\\\/?product=mesa-direccion-art-moble#breadcrumb\"},\"inLanguage\":\"es\",\"potentialAction\":[{\"@type\":\"ReadAction\",\"target\":[\"https:\\\/\\\/josmaequipamiento.es\\\/?product=mesa-direccion-art-moble\"]}]},{\"@type\":\"ImageObject\",\"inLanguage\":\"es\",\"@id\":\"https:\\\/\\\/josmaequipamiento.es\\\/?product=mesa-direccion-art-moble#primaryimage\",\"url\":\"https:\\\/\\\/josmaequipamiento.es\\\/wp-content\\\/uploads\\\/2016\\\/06\\\/Mesa-Direcci\u00f3n-Art-moble-640X480.jpg\",\"contentUrl\":\"https:\\\/\\\/josmaequipamiento.es\\\/wp-content\\\/uploads\\\/2016\\\/06\\\/Mesa-Direcci\u00f3n-Art-moble-640X480.jpg\",\"width\":640,\"height\":480},{\"@type\":\"BreadcrumbList\",\"@id\":\"https:\\\/\\\/josmaequipamiento.es\\\/?product=mesa-direccion-art-moble#breadcrumb\",\"itemListElement\":[{\"@type\":\"ListItem\",\"position\":1,\"name\":\"Home\",\"item\":\"http:\\\/\\\/josmaequipamiento.es\\\/\"},{\"@type\":\"ListItem\",\"position\":2,\"name\":\"Productos\",\"item\":\"http:\\\/\\\/josmaequipamiento.es\\\/?page_id=109\"},{\"@type\":\"ListItem\",\"position\":3,\"name\":\"Mesa Direcci\u00f3n Art &#038; Moble\"}]},{\"@type\":\"WebSite\",\"@id\":\"http:\\\/\\\/josmaequipamiento.es\\\/#website\",\"url\":\"http:\\\/\\\/josmaequipamiento.es\\\/\",\"name\":\"Josma Equipamiento\",\"description\":\"Todo lo relativo a equipamiento\",\"potentialAction\":[{\"@type\":\"SearchAction\",\"target\":{\"@type\":\"EntryPoint\",\"urlTemplate\":\"http:\\\/\\\/josmaequipamiento.es\\\/?s={search_term_string}\"},\"query-input\":{\"@type\":\"PropertyValueSpecification\",\"valueRequired\":true,\"valueName\":\"search_term_string\"}}],\"inLanguage\":\"es\"}]}<\/script>\n<!-- \/ Yoast SEO plugin. -->","yoast_head_json":{"title":"Mesa Direcci\u00f3n Art & Moble - Josma Equipamiento","robots":{"index":"index","follow":"follow","max-snippet":"max-snippet:-1","max-image-preview":"max-image-preview:large","max-video-preview":"max-video-preview:-1"},"canonical":"https:\/\/josmaequipamiento.es\/?product=mesa-direccion-art-moble","og_locale":"es_ES","og_type":"article","og_title":"Mesa Direcci\u00f3n Art & Moble - Josma Equipamiento","og_description":"La colecci\u00f3n Art&amp;Moble, moderna y al mismo tiempo cl\u00e1sica se destaca por su artesan\u00eda, diferentes opciones de acabado. La incrustaci\u00f3n, madera fina, talla de madera son palabras que reproducen en la memoria los nombres de los antiguos artesanos y ebanistas con mucha experiencia y tradici\u00f3n.","og_url":"https:\/\/josmaequipamiento.es\/?product=mesa-direccion-art-moble","og_site_name":"Josma Equipamiento","article_modified_time":"2016-07-18T16:40:45+00:00","og_image":[{"width":640,"height":480,"url":"https:\/\/josmaequipamiento.es\/wp-content\/uploads\/2016\/06\/Mesa-Direcci\u00f3n-Art-moble-640X480.jpg","type":"image\/jpeg"}],"twitter_card":"summary_large_image","schema":{"@context":"https:\/\/schema.org","@graph":[{"@type":"WebPage","@id":"https:\/\/josmaequipamiento.es\/?product=mesa-direccion-art-moble","url":"https:\/\/josmaequipamiento.es\/?product=mesa-direccion-art-moble","name":"Mesa Direcci\u00f3n Art & Moble - Josma Equipamiento","isPartOf":{"@id":"http:\/\/josmaequipamiento.es\/#website"},"primaryImageOfPage":{"@id":"https:\/\/josmaequipamiento.es\/?product=mesa-direccion-art-moble#primaryimage"},"image":{"@id":"https:\/\/josmaequipamiento.es\/?product=mesa-direccion-art-moble#primaryimage"},"thumbnailUrl":"https:\/\/josmaequipamiento.es\/wp-content\/uploads\/2016\/06\/Mesa-Direcci\u00f3n-Art-moble-640X480.jpg","datePublished":"2016-06-10T16:07:30+00:00","dateModified":"2016-07-18T16:40:45+00:00","breadcrumb":{"@id":"https:\/\/josmaequipamiento.es\/?product=mesa-direccion-art-moble#breadcrumb"},"inLanguage":"es","potentialAction":[{"@type":"ReadAction","target":["https:\/\/josmaequipamiento.es\/?product=mesa-direccion-art-moble"]}]},{"@type":"ImageObject","inLanguage":"es","@id":"https:\/\/josmaequipamiento.es\/?product=mesa-direccion-art-moble#primaryimage","url":"https:\/\/josmaequipamiento.es\/wp-content\/uploads\/2016\/06\/Mesa-Direcci\u00f3n-Art-moble-640X480.jpg","contentUrl":"https:\/\/josmaequipamiento.es\/wp-content\/uploads\/2016\/06\/Mesa-Direcci\u00f3n-Art-moble-640X480.jpg","width":640,"height":480},{"@type":"BreadcrumbList","@id":"https:\/\/josmaequipamiento.es\/?product=mesa-direccion-art-moble#breadcrumb","itemListElement":[{"@type":"ListItem","position":1,"name":"Home","item":"http:\/\/josmaequipamiento.es\/"},{"@type":"ListItem","position":2,"name":"Productos","item":"http:\/\/josmaequipamiento.es\/?page_id=109"},{"@type":"ListItem","position":3,"name":"Mesa Direcci\u00f3n Art &#038; Moble"}]},{"@type":"WebSite","@id":"http:\/\/josmaequipamiento.es\/#website","url":"http:\/\/josmaequipamiento.es\/","name":"Josma Equipamiento","description":"Todo lo relativo a equipamiento","potentialAction":[{"@type":"SearchAction","target":{"@type":"EntryPoint","urlTemplate":"http:\/\/josmaequipamiento.es\/?s={search_term_string}"},"query-input":{"@type":"PropertyValueSpecification","valueRequired":true,"valueName":"search_term_string"}}],"inLanguage":"es"}]}},"_links":{"self":[{"href":"https:\/\/josmaequipamiento.es\/index.php?rest_route=\/wp\/v2\/product\/563","targetHints":{"allow":["GET"]}}],"collection":[{"href":"https:\/\/josmaequipamiento.es\/index.php?rest_route=\/wp\/v2\/product"}],"about":[{"href":"https:\/\/josmaequipamiento.es\/index.php?rest_route=\/wp\/v2\/types\/product"}],"replies":[{"embeddable":true,"href":"https:\/\/josmaequipamiento.es\/index.php?rest_route=%2Fwp%2Fv2%2Fcomments&post=563"}],"wp:featuredmedia":[{"embeddable":true,"href":"https:\/\/josmaequipamiento.es\/index.php?rest_route=\/wp\/v2\/media\/1826"}],"wp:attachment":[{"href":"https:\/\/josmaequipamiento.es\/index.php?rest_route=%2Fwp%2Fv2%2Fmedia&parent=563"}],"wp:term":[{"taxonomy":"product_brand","embeddable":true,"href":"https:\/\/josmaequipamiento.es\/index.php?rest_route=%2Fwp%2Fv2%2Fproduct_brand&post=563"},{"taxonomy":"product_cat","embeddable":true,"href":"https:\/\/josmaequipamiento.es\/index.php?rest_route=%2Fwp%2Fv2%2Fproduct_cat&post=563"},{"taxonomy":"product_tag","embeddable":true,"href":"https:\/\/josmaequipamiento.es\/index.php?rest_route=%2Fwp%2Fv2%2Fproduct_tag&post=563"}],"curies":[{"name":"wp","href":"https:\/\/api.w.org\/{rel}","templated":true}]}}