{"id":565,"date":"2016-06-10T16:09:10","date_gmt":"2016-06-10T16:09:10","guid":{"rendered":"http:\/\/josmaequipamiento.es\/?post_type=product&#038;p=565"},"modified":"2016-07-18T16:39:56","modified_gmt":"2016-07-18T16:39:56","slug":"mesa-direccion-atlante","status":"publish","type":"product","link":"https:\/\/josmaequipamiento.es\/?product=mesa-direccion-atlante","title":{"rendered":"Mesa Direcci\u00f3n Atlante"},"content":{"rendered":"<p><span style=\"color: #000000; font-family: Calibri; font-size: medium;\">La mesa de Semidirecci\u00f3n Atlante es todo un cl\u00e1sico. Est\u00e1 fabricada con tablero MDF recubierto de chapa de madera natural de sapelly de 31 mm de espesor. Planos de trabajo perfilados en todo su per\u00edmetro, con las esquinas siempre redondeadas. <\/span><\/p>\n","protected":false},"excerpt":{"rendered":"<p>La mesa de Semidirecci\u00f3n Atlante es todo un cl\u00e1sico. Est\u00e1 fabricada con tablero MDF recubierto de chapa de madera natural de sapelly de 31 mm de espesor. Planos de trabajo perfilados en todo su per\u00edmetro, con las esquinas siempre redondeadas.<\/p>\n","protected":false},"featured_media":1813,"comment_status":"open","ping_status":"closed","template":"","meta":{"_et_pb_use_builder":"","_et_pb_old_content":"","_et_gb_content_width":""},"product_brand":[],"product_cat":[57,59,58],"product_tag":[168],"class_list":{"0":"post-565","1":"product","2":"type-product","3":"status-publish","4":"has-post-thumbnail","6":"product_cat-espacios-de-trabajo","7":"product_cat-direccion","8":"product_cat-mobiliario-de-oficina","9":"product_tag-mobiliario-direccion","11":"first","12":"instock","13":"shipping-taxable","14":"product-type-simple"},"yoast_head":"<!-- This site is optimized with the Yoast SEO plugin v27.3 - https:\/\/yoast.com\/product\/yoast-seo-wordpress\/ -->\n<title>Mesa Direcci\u00f3n Atlante - Josma Equipamiento<\/title>\n<meta name=\"robots\" content=\"index, follow, max-snippet:-1, max-image-preview:large, max-video-preview:-1\" \/>\n<link rel=\"canonical\" href=\"http:\/\/josmaequipamiento.es\/?product=mesa-direccion-atlante\" \/>\n<meta property=\"og:locale\" content=\"es_ES\" \/>\n<meta property=\"og:type\" content=\"article\" \/>\n<meta property=\"og:title\" content=\"Mesa Direcci\u00f3n Atlante - Josma Equipamiento\" \/>\n<meta property=\"og:description\" content=\"La mesa de Semidirecci\u00f3n Atlante es todo un cl\u00e1sico. Est\u00e1 fabricada con tablero MDF recubierto de chapa de madera natural de sapelly de 31 mm de espesor. Planos de trabajo perfilados en todo su per\u00edmetro, con las esquinas siempre redondeadas.\" \/>\n<meta property=\"og:url\" content=\"http:\/\/josmaequipamiento.es\/?product=mesa-direccion-atlante\" \/>\n<meta property=\"og:site_name\" content=\"Josma Equipamiento\" \/>\n<meta property=\"article:modified_time\" content=\"2016-07-18T16:39:56+00:00\" \/>\n<meta property=\"og:image\" content=\"http:\/\/josmaequipamiento.es\/wp-content\/uploads\/2016\/06\/Atlante-640x480.png\" \/>\n\t<meta property=\"og:image:width\" content=\"640\" \/>\n\t<meta property=\"og:image:height\" content=\"481\" \/>\n\t<meta property=\"og:image:type\" content=\"image\/png\" \/>\n<meta name=\"twitter:card\" content=\"summary_large_image\" \/>\n<script type=\"application\/ld+json\" class=\"yoast-schema-graph\">{\"@context\":\"https:\\\/\\\/schema.org\",\"@graph\":[{\"@type\":\"WebPage\",\"@id\":\"http:\\\/\\\/josmaequipamiento.es\\\/?product=mesa-direccion-atlante\",\"url\":\"http:\\\/\\\/josmaequipamiento.es\\\/?product=mesa-direccion-atlante\",\"name\":\"Mesa Direcci\u00f3n Atlante - Josma Equipamiento\",\"isPartOf\":{\"@id\":\"http:\\\/\\\/josmaequipamiento.es\\\/#website\"},\"primaryImageOfPage\":{\"@id\":\"http:\\\/\\\/josmaequipamiento.es\\\/?product=mesa-direccion-atlante#primaryimage\"},\"image\":{\"@id\":\"http:\\\/\\\/josmaequipamiento.es\\\/?product=mesa-direccion-atlante#primaryimage\"},\"thumbnailUrl\":\"https:\\\/\\\/josmaequipamiento.es\\\/wp-content\\\/uploads\\\/2016\\\/06\\\/Atlante-640x480.png\",\"datePublished\":\"2016-06-10T16:09:10+00:00\",\"dateModified\":\"2016-07-18T16:39:56+00:00\",\"breadcrumb\":{\"@id\":\"http:\\\/\\\/josmaequipamiento.es\\\/?product=mesa-direccion-atlante#breadcrumb\"},\"inLanguage\":\"es\",\"potentialAction\":[{\"@type\":\"ReadAction\",\"target\":[\"http:\\\/\\\/josmaequipamiento.es\\\/?product=mesa-direccion-atlante\"]}]},{\"@type\":\"ImageObject\",\"inLanguage\":\"es\",\"@id\":\"http:\\\/\\\/josmaequipamiento.es\\\/?product=mesa-direccion-atlante#primaryimage\",\"url\":\"https:\\\/\\\/josmaequipamiento.es\\\/wp-content\\\/uploads\\\/2016\\\/06\\\/Atlante-640x480.png\",\"contentUrl\":\"https:\\\/\\\/josmaequipamiento.es\\\/wp-content\\\/uploads\\\/2016\\\/06\\\/Atlante-640x480.png\",\"width\":640,\"height\":481},{\"@type\":\"BreadcrumbList\",\"@id\":\"http:\\\/\\\/josmaequipamiento.es\\\/?product=mesa-direccion-atlante#breadcrumb\",\"itemListElement\":[{\"@type\":\"ListItem\",\"position\":1,\"name\":\"Home\",\"item\":\"http:\\\/\\\/josmaequipamiento.es\\\/\"},{\"@type\":\"ListItem\",\"position\":2,\"name\":\"Productos\",\"item\":\"http:\\\/\\\/josmaequipamiento.es\\\/?page_id=109\"},{\"@type\":\"ListItem\",\"position\":3,\"name\":\"Mesa Direcci\u00f3n Atlante\"}]},{\"@type\":\"WebSite\",\"@id\":\"http:\\\/\\\/josmaequipamiento.es\\\/#website\",\"url\":\"http:\\\/\\\/josmaequipamiento.es\\\/\",\"name\":\"Josma Equipamiento\",\"description\":\"Todo lo relativo a equipamiento\",\"potentialAction\":[{\"@type\":\"SearchAction\",\"target\":{\"@type\":\"EntryPoint\",\"urlTemplate\":\"http:\\\/\\\/josmaequipamiento.es\\\/?s={search_term_string}\"},\"query-input\":{\"@type\":\"PropertyValueSpecification\",\"valueRequired\":true,\"valueName\":\"search_term_string\"}}],\"inLanguage\":\"es\"}]}<\/script>\n<!-- \/ Yoast SEO plugin. -->","yoast_head_json":{"title":"Mesa Direcci\u00f3n Atlante - Josma Equipamiento","robots":{"index":"index","follow":"follow","max-snippet":"max-snippet:-1","max-image-preview":"max-image-preview:large","max-video-preview":"max-video-preview:-1"},"canonical":"http:\/\/josmaequipamiento.es\/?product=mesa-direccion-atlante","og_locale":"es_ES","og_type":"article","og_title":"Mesa Direcci\u00f3n Atlante - Josma Equipamiento","og_description":"La mesa de Semidirecci\u00f3n Atlante es todo un cl\u00e1sico. Est\u00e1 fabricada con tablero MDF recubierto de chapa de madera natural de sapelly de 31 mm de espesor. Planos de trabajo perfilados en todo su per\u00edmetro, con las esquinas siempre redondeadas.","og_url":"http:\/\/josmaequipamiento.es\/?product=mesa-direccion-atlante","og_site_name":"Josma Equipamiento","article_modified_time":"2016-07-18T16:39:56+00:00","og_image":[{"width":640,"height":481,"url":"http:\/\/josmaequipamiento.es\/wp-content\/uploads\/2016\/06\/Atlante-640x480.png","type":"image\/png"}],"twitter_card":"summary_large_image","schema":{"@context":"https:\/\/schema.org","@graph":[{"@type":"WebPage","@id":"http:\/\/josmaequipamiento.es\/?product=mesa-direccion-atlante","url":"http:\/\/josmaequipamiento.es\/?product=mesa-direccion-atlante","name":"Mesa Direcci\u00f3n Atlante - Josma Equipamiento","isPartOf":{"@id":"http:\/\/josmaequipamiento.es\/#website"},"primaryImageOfPage":{"@id":"http:\/\/josmaequipamiento.es\/?product=mesa-direccion-atlante#primaryimage"},"image":{"@id":"http:\/\/josmaequipamiento.es\/?product=mesa-direccion-atlante#primaryimage"},"thumbnailUrl":"https:\/\/josmaequipamiento.es\/wp-content\/uploads\/2016\/06\/Atlante-640x480.png","datePublished":"2016-06-10T16:09:10+00:00","dateModified":"2016-07-18T16:39:56+00:00","breadcrumb":{"@id":"http:\/\/josmaequipamiento.es\/?product=mesa-direccion-atlante#breadcrumb"},"inLanguage":"es","potentialAction":[{"@type":"ReadAction","target":["http:\/\/josmaequipamiento.es\/?product=mesa-direccion-atlante"]}]},{"@type":"ImageObject","inLanguage":"es","@id":"http:\/\/josmaequipamiento.es\/?product=mesa-direccion-atlante#primaryimage","url":"https:\/\/josmaequipamiento.es\/wp-content\/uploads\/2016\/06\/Atlante-640x480.png","contentUrl":"https:\/\/josmaequipamiento.es\/wp-content\/uploads\/2016\/06\/Atlante-640x480.png","width":640,"height":481},{"@type":"BreadcrumbList","@id":"http:\/\/josmaequipamiento.es\/?product=mesa-direccion-atlante#breadcrumb","itemListElement":[{"@type":"ListItem","position":1,"name":"Home","item":"http:\/\/josmaequipamiento.es\/"},{"@type":"ListItem","position":2,"name":"Productos","item":"http:\/\/josmaequipamiento.es\/?page_id=109"},{"@type":"ListItem","position":3,"name":"Mesa Direcci\u00f3n Atlante"}]},{"@type":"WebSite","@id":"http:\/\/josmaequipamiento.es\/#website","url":"http:\/\/josmaequipamiento.es\/","name":"Josma Equipamiento","description":"Todo lo relativo a equipamiento","potentialAction":[{"@type":"SearchAction","target":{"@type":"EntryPoint","urlTemplate":"http:\/\/josmaequipamiento.es\/?s={search_term_string}"},"query-input":{"@type":"PropertyValueSpecification","valueRequired":true,"valueName":"search_term_string"}}],"inLanguage":"es"}]}},"_links":{"self":[{"href":"https:\/\/josmaequipamiento.es\/index.php?rest_route=\/wp\/v2\/product\/565","targetHints":{"allow":["GET"]}}],"collection":[{"href":"https:\/\/josmaequipamiento.es\/index.php?rest_route=\/wp\/v2\/product"}],"about":[{"href":"https:\/\/josmaequipamiento.es\/index.php?rest_route=\/wp\/v2\/types\/product"}],"replies":[{"embeddable":true,"href":"https:\/\/josmaequipamiento.es\/index.php?rest_route=%2Fwp%2Fv2%2Fcomments&post=565"}],"wp:featuredmedia":[{"embeddable":true,"href":"https:\/\/josmaequipamiento.es\/index.php?rest_route=\/wp\/v2\/media\/1813"}],"wp:attachment":[{"href":"https:\/\/josmaequipamiento.es\/index.php?rest_route=%2Fwp%2Fv2%2Fmedia&parent=565"}],"wp:term":[{"taxonomy":"product_brand","embeddable":true,"href":"https:\/\/josmaequipamiento.es\/index.php?rest_route=%2Fwp%2Fv2%2Fproduct_brand&post=565"},{"taxonomy":"product_cat","embeddable":true,"href":"https:\/\/josmaequipamiento.es\/index.php?rest_route=%2Fwp%2Fv2%2Fproduct_cat&post=565"},{"taxonomy":"product_tag","embeddable":true,"href":"https:\/\/josmaequipamiento.es\/index.php?rest_route=%2Fwp%2Fv2%2Fproduct_tag&post=565"}],"curies":[{"name":"wp","href":"https:\/\/api.w.org\/{rel}","templated":true}]}}