{"id":594,"date":"2016-06-10T16:54:51","date_gmt":"2016-06-10T16:54:51","guid":{"rendered":"http:\/\/josmaequipamiento.es\/?post_type=product&#038;p=594"},"modified":"2016-07-19T09:31:10","modified_gmt":"2016-07-19T09:31:10","slug":"mesa-operativa-meta","status":"publish","type":"product","link":"https:\/\/josmaequipamiento.es\/?product=mesa-operativa-meta","title":{"rendered":"Mesa Operativa Meta"},"content":{"rendered":"<p><span style=\"color: #000000; font-family: Calibri; font-size: medium;\">Meta ha sido dise\u00f1ada como una l\u00ednea operativa, modular, pero al mismo tiempo como una excelente opci\u00f3n para ambientes ejecutivos. Permite a esta colecci\u00f3n ser una opci\u00f3n muy elegante para cada uno de sus proyectos, para aquellos que buscan la simplicidad, pero que demandan algo diferente en su trabajo diario.<\/span><\/p>\n","protected":false},"excerpt":{"rendered":"<p><span style=\"color: #000000; font-family: Calibri; font-size: medium;\">\u00a0<\/span><\/p>\n","protected":false},"featured_media":1857,"comment_status":"open","ping_status":"closed","template":"","meta":{"_et_pb_use_builder":"","_et_pb_old_content":"","_et_gb_content_width":""},"product_brand":[],"product_cat":[57,58,60],"product_tag":[173],"class_list":{"0":"post-594","1":"product","2":"type-product","3":"status-publish","4":"has-post-thumbnail","6":"product_cat-espacios-de-trabajo","7":"product_cat-mobiliario-de-oficina","8":"product_cat-operativo","9":"product_tag-mobiliario-puestos-operativos","11":"first","12":"instock","13":"shipping-taxable","14":"product-type-simple"},"yoast_head":"<!-- This site is optimized with the Yoast SEO plugin v27.1.1 - https:\/\/yoast.com\/product\/yoast-seo-wordpress\/ -->\n<title>Mesa Operativa Meta - Josma Equipamiento<\/title>\n<meta name=\"robots\" content=\"index, follow, max-snippet:-1, max-image-preview:large, max-video-preview:-1\" \/>\n<link rel=\"canonical\" href=\"https:\/\/josmaequipamiento.es\/?product=mesa-operativa-meta\" \/>\n<meta property=\"og:locale\" content=\"es_ES\" \/>\n<meta property=\"og:type\" content=\"article\" \/>\n<meta property=\"og:title\" content=\"Mesa Operativa Meta - Josma Equipamiento\" \/>\n<meta property=\"og:description\" content=\"\u00a0\" \/>\n<meta property=\"og:url\" content=\"https:\/\/josmaequipamiento.es\/?product=mesa-operativa-meta\" \/>\n<meta property=\"og:site_name\" content=\"Josma Equipamiento\" \/>\n<meta property=\"article:modified_time\" content=\"2016-07-19T09:31:10+00:00\" \/>\n<meta property=\"og:image\" content=\"https:\/\/josmaequipamiento.es\/wp-content\/uploads\/2016\/07\/Meta-640x480.png\" \/>\n\t<meta property=\"og:image:width\" content=\"640\" \/>\n\t<meta property=\"og:image:height\" content=\"480\" \/>\n\t<meta property=\"og:image:type\" content=\"image\/png\" \/>\n<meta name=\"twitter:card\" content=\"summary_large_image\" \/>\n<script type=\"application\/ld+json\" class=\"yoast-schema-graph\">{\"@context\":\"https:\/\/schema.org\",\"@graph\":[{\"@type\":\"WebPage\",\"@id\":\"https:\/\/josmaequipamiento.es\/?product=mesa-operativa-meta\",\"url\":\"https:\/\/josmaequipamiento.es\/?product=mesa-operativa-meta\",\"name\":\"Mesa Operativa Meta - Josma Equipamiento\",\"isPartOf\":{\"@id\":\"https:\/\/josmaequipamiento.es\/#website\"},\"primaryImageOfPage\":{\"@id\":\"https:\/\/josmaequipamiento.es\/?product=mesa-operativa-meta#primaryimage\"},\"image\":{\"@id\":\"https:\/\/josmaequipamiento.es\/?product=mesa-operativa-meta#primaryimage\"},\"thumbnailUrl\":\"https:\/\/josmaequipamiento.es\/wp-content\/uploads\/2016\/07\/Meta-640x480.png\",\"datePublished\":\"2016-06-10T16:54:51+00:00\",\"dateModified\":\"2016-07-19T09:31:10+00:00\",\"breadcrumb\":{\"@id\":\"https:\/\/josmaequipamiento.es\/?product=mesa-operativa-meta#breadcrumb\"},\"inLanguage\":\"es\",\"potentialAction\":[{\"@type\":\"ReadAction\",\"target\":[\"https:\/\/josmaequipamiento.es\/?product=mesa-operativa-meta\"]}]},{\"@type\":\"ImageObject\",\"inLanguage\":\"es\",\"@id\":\"https:\/\/josmaequipamiento.es\/?product=mesa-operativa-meta#primaryimage\",\"url\":\"https:\/\/josmaequipamiento.es\/wp-content\/uploads\/2016\/07\/Meta-640x480.png\",\"contentUrl\":\"https:\/\/josmaequipamiento.es\/wp-content\/uploads\/2016\/07\/Meta-640x480.png\",\"width\":640,\"height\":480},{\"@type\":\"BreadcrumbList\",\"@id\":\"https:\/\/josmaequipamiento.es\/?product=mesa-operativa-meta#breadcrumb\",\"itemListElement\":[{\"@type\":\"ListItem\",\"position\":1,\"name\":\"Home\",\"item\":\"https:\/\/josmaequipamiento.es\/\"},{\"@type\":\"ListItem\",\"position\":2,\"name\":\"Productos\",\"item\":\"https:\/\/josmaequipamiento.es\/?page_id=109\"},{\"@type\":\"ListItem\",\"position\":3,\"name\":\"Mesa Operativa Meta\"}]},{\"@type\":\"WebSite\",\"@id\":\"https:\/\/josmaequipamiento.es\/#website\",\"url\":\"https:\/\/josmaequipamiento.es\/\",\"name\":\"Josma Equipamiento\",\"description\":\"Todo lo relativo a equipamiento\",\"potentialAction\":[{\"@type\":\"SearchAction\",\"target\":{\"@type\":\"EntryPoint\",\"urlTemplate\":\"https:\/\/josmaequipamiento.es\/?s={search_term_string}\"},\"query-input\":{\"@type\":\"PropertyValueSpecification\",\"valueRequired\":true,\"valueName\":\"search_term_string\"}}],\"inLanguage\":\"es\"}]}<\/script>\n<!-- \/ Yoast SEO plugin. -->","yoast_head_json":{"title":"Mesa Operativa Meta - Josma Equipamiento","robots":{"index":"index","follow":"follow","max-snippet":"max-snippet:-1","max-image-preview":"max-image-preview:large","max-video-preview":"max-video-preview:-1"},"canonical":"https:\/\/josmaequipamiento.es\/?product=mesa-operativa-meta","og_locale":"es_ES","og_type":"article","og_title":"Mesa Operativa Meta - Josma Equipamiento","og_description":"\u00a0","og_url":"https:\/\/josmaequipamiento.es\/?product=mesa-operativa-meta","og_site_name":"Josma Equipamiento","article_modified_time":"2016-07-19T09:31:10+00:00","og_image":[{"width":640,"height":480,"url":"https:\/\/josmaequipamiento.es\/wp-content\/uploads\/2016\/07\/Meta-640x480.png","type":"image\/png"}],"twitter_card":"summary_large_image","schema":{"@context":"https:\/\/schema.org","@graph":[{"@type":"WebPage","@id":"https:\/\/josmaequipamiento.es\/?product=mesa-operativa-meta","url":"https:\/\/josmaequipamiento.es\/?product=mesa-operativa-meta","name":"Mesa Operativa Meta - Josma Equipamiento","isPartOf":{"@id":"https:\/\/josmaequipamiento.es\/#website"},"primaryImageOfPage":{"@id":"https:\/\/josmaequipamiento.es\/?product=mesa-operativa-meta#primaryimage"},"image":{"@id":"https:\/\/josmaequipamiento.es\/?product=mesa-operativa-meta#primaryimage"},"thumbnailUrl":"https:\/\/josmaequipamiento.es\/wp-content\/uploads\/2016\/07\/Meta-640x480.png","datePublished":"2016-06-10T16:54:51+00:00","dateModified":"2016-07-19T09:31:10+00:00","breadcrumb":{"@id":"https:\/\/josmaequipamiento.es\/?product=mesa-operativa-meta#breadcrumb"},"inLanguage":"es","potentialAction":[{"@type":"ReadAction","target":["https:\/\/josmaequipamiento.es\/?product=mesa-operativa-meta"]}]},{"@type":"ImageObject","inLanguage":"es","@id":"https:\/\/josmaequipamiento.es\/?product=mesa-operativa-meta#primaryimage","url":"https:\/\/josmaequipamiento.es\/wp-content\/uploads\/2016\/07\/Meta-640x480.png","contentUrl":"https:\/\/josmaequipamiento.es\/wp-content\/uploads\/2016\/07\/Meta-640x480.png","width":640,"height":480},{"@type":"BreadcrumbList","@id":"https:\/\/josmaequipamiento.es\/?product=mesa-operativa-meta#breadcrumb","itemListElement":[{"@type":"ListItem","position":1,"name":"Home","item":"https:\/\/josmaequipamiento.es\/"},{"@type":"ListItem","position":2,"name":"Productos","item":"https:\/\/josmaequipamiento.es\/?page_id=109"},{"@type":"ListItem","position":3,"name":"Mesa Operativa Meta"}]},{"@type":"WebSite","@id":"https:\/\/josmaequipamiento.es\/#website","url":"https:\/\/josmaequipamiento.es\/","name":"Josma Equipamiento","description":"Todo lo relativo a equipamiento","potentialAction":[{"@type":"SearchAction","target":{"@type":"EntryPoint","urlTemplate":"https:\/\/josmaequipamiento.es\/?s={search_term_string}"},"query-input":{"@type":"PropertyValueSpecification","valueRequired":true,"valueName":"search_term_string"}}],"inLanguage":"es"}]}},"_links":{"self":[{"href":"https:\/\/josmaequipamiento.es\/index.php?rest_route=\/wp\/v2\/product\/594","targetHints":{"allow":["GET"]}}],"collection":[{"href":"https:\/\/josmaequipamiento.es\/index.php?rest_route=\/wp\/v2\/product"}],"about":[{"href":"https:\/\/josmaequipamiento.es\/index.php?rest_route=\/wp\/v2\/types\/product"}],"replies":[{"embeddable":true,"href":"https:\/\/josmaequipamiento.es\/index.php?rest_route=%2Fwp%2Fv2%2Fcomments&post=594"}],"wp:featuredmedia":[{"embeddable":true,"href":"https:\/\/josmaequipamiento.es\/index.php?rest_route=\/wp\/v2\/media\/1857"}],"wp:attachment":[{"href":"https:\/\/josmaequipamiento.es\/index.php?rest_route=%2Fwp%2Fv2%2Fmedia&parent=594"}],"wp:term":[{"taxonomy":"product_brand","embeddable":true,"href":"https:\/\/josmaequipamiento.es\/index.php?rest_route=%2Fwp%2Fv2%2Fproduct_brand&post=594"},{"taxonomy":"product_cat","embeddable":true,"href":"https:\/\/josmaequipamiento.es\/index.php?rest_route=%2Fwp%2Fv2%2Fproduct_cat&post=594"},{"taxonomy":"product_tag","embeddable":true,"href":"https:\/\/josmaequipamiento.es\/index.php?rest_route=%2Fwp%2Fv2%2Fproduct_tag&post=594"}],"curies":[{"name":"wp","href":"https:\/\/api.w.org\/{rel}","templated":true}]}}