{"id":634,"date":"2016-06-10T18:15:20","date_gmt":"2016-06-10T18:15:20","guid":{"rendered":"http:\/\/josmaequipamiento.es\/?post_type=product&#038;p=634"},"modified":"2016-07-19T15:05:27","modified_gmt":"2016-07-19T15:05:27","slug":"mesa-reunion-operativa-f25","status":"publish","type":"product","link":"https:\/\/josmaequipamiento.es\/?product=mesa-reunion-operativa-f25","title":{"rendered":"Mesa Reuni\u00f3n Operativa F25"},"content":{"rendered":"<p><span style=\"color: #000000; font-family: Calibri; font-size: medium;\">La Mesa de Reuni\u00f3n F25. El estilo limpio y sencillo de sus l\u00edneas, hacen de esta mesa una elecci\u00f3n perfecta para espacios minimalistas y con estilo.<\/span><\/p>\n","protected":false},"excerpt":{"rendered":"<p>La Mesa de Reuni\u00f3n F25. El estilo limpio y sencillo de sus l\u00edneas, hacen de esta mesa una elecci\u00f3n perfecta para espacios minimalistas y con estilo.<\/p>\n","protected":false},"featured_media":1895,"comment_status":"open","ping_status":"closed","template":"","meta":{"_et_pb_use_builder":"","_et_pb_old_content":"","_et_gb_content_width":""},"product_brand":[],"product_cat":[57,58,61],"product_tag":[178],"class_list":{"0":"post-634","1":"product","2":"type-product","3":"status-publish","4":"has-post-thumbnail","6":"product_cat-espacios-de-trabajo","7":"product_cat-mobiliario-de-oficina","8":"product_cat-reunion","9":"product_tag-mobiliario-reunion","11":"first","12":"instock","13":"shipping-taxable","14":"product-type-simple"},"yoast_head":"<!-- This site is optimized with the Yoast SEO plugin v27.3 - https:\/\/yoast.com\/product\/yoast-seo-wordpress\/ -->\n<title>Mesa Reuni\u00f3n Operativa F25 - Josma Equipamiento<\/title>\n<meta name=\"robots\" content=\"index, follow, max-snippet:-1, max-image-preview:large, max-video-preview:-1\" \/>\n<link rel=\"canonical\" href=\"http:\/\/josmaequipamiento.es\/?product=mesa-reunion-operativa-f25\" \/>\n<meta property=\"og:locale\" content=\"es_ES\" \/>\n<meta property=\"og:type\" content=\"article\" \/>\n<meta property=\"og:title\" content=\"Mesa Reuni\u00f3n Operativa F25 - Josma Equipamiento\" \/>\n<meta property=\"og:description\" content=\"La Mesa de Reuni\u00f3n F25. El estilo limpio y sencillo de sus l\u00edneas, hacen de esta mesa una elecci\u00f3n perfecta para espacios minimalistas y con estilo.\" \/>\n<meta property=\"og:url\" content=\"http:\/\/josmaequipamiento.es\/?product=mesa-reunion-operativa-f25\" \/>\n<meta property=\"og:site_name\" content=\"Josma Equipamiento\" \/>\n<meta property=\"article:modified_time\" content=\"2016-07-19T15:05:27+00:00\" \/>\n<meta property=\"og:image\" content=\"http:\/\/josmaequipamiento.es\/wp-content\/uploads\/2016\/06\/F25-640x275.jpg\" \/>\n\t<meta property=\"og:image:width\" content=\"640\" \/>\n\t<meta property=\"og:image:height\" content=\"275\" \/>\n\t<meta property=\"og:image:type\" content=\"image\/jpeg\" \/>\n<meta name=\"twitter:card\" content=\"summary_large_image\" \/>\n<script type=\"application\/ld+json\" class=\"yoast-schema-graph\">{\"@context\":\"https:\\\/\\\/schema.org\",\"@graph\":[{\"@type\":\"WebPage\",\"@id\":\"http:\\\/\\\/josmaequipamiento.es\\\/?product=mesa-reunion-operativa-f25\",\"url\":\"http:\\\/\\\/josmaequipamiento.es\\\/?product=mesa-reunion-operativa-f25\",\"name\":\"Mesa Reuni\u00f3n Operativa F25 - Josma Equipamiento\",\"isPartOf\":{\"@id\":\"http:\\\/\\\/josmaequipamiento.es\\\/#website\"},\"primaryImageOfPage\":{\"@id\":\"http:\\\/\\\/josmaequipamiento.es\\\/?product=mesa-reunion-operativa-f25#primaryimage\"},\"image\":{\"@id\":\"http:\\\/\\\/josmaequipamiento.es\\\/?product=mesa-reunion-operativa-f25#primaryimage\"},\"thumbnailUrl\":\"https:\\\/\\\/josmaequipamiento.es\\\/wp-content\\\/uploads\\\/2016\\\/06\\\/F25-640x275.jpg\",\"datePublished\":\"2016-06-10T18:15:20+00:00\",\"dateModified\":\"2016-07-19T15:05:27+00:00\",\"breadcrumb\":{\"@id\":\"http:\\\/\\\/josmaequipamiento.es\\\/?product=mesa-reunion-operativa-f25#breadcrumb\"},\"inLanguage\":\"es\",\"potentialAction\":[{\"@type\":\"ReadAction\",\"target\":[\"http:\\\/\\\/josmaequipamiento.es\\\/?product=mesa-reunion-operativa-f25\"]}]},{\"@type\":\"ImageObject\",\"inLanguage\":\"es\",\"@id\":\"http:\\\/\\\/josmaequipamiento.es\\\/?product=mesa-reunion-operativa-f25#primaryimage\",\"url\":\"https:\\\/\\\/josmaequipamiento.es\\\/wp-content\\\/uploads\\\/2016\\\/06\\\/F25-640x275.jpg\",\"contentUrl\":\"https:\\\/\\\/josmaequipamiento.es\\\/wp-content\\\/uploads\\\/2016\\\/06\\\/F25-640x275.jpg\",\"width\":640,\"height\":275},{\"@type\":\"BreadcrumbList\",\"@id\":\"http:\\\/\\\/josmaequipamiento.es\\\/?product=mesa-reunion-operativa-f25#breadcrumb\",\"itemListElement\":[{\"@type\":\"ListItem\",\"position\":1,\"name\":\"Home\",\"item\":\"http:\\\/\\\/josmaequipamiento.es\\\/\"},{\"@type\":\"ListItem\",\"position\":2,\"name\":\"Productos\",\"item\":\"http:\\\/\\\/josmaequipamiento.es\\\/?page_id=109\"},{\"@type\":\"ListItem\",\"position\":3,\"name\":\"Mesa Reuni\u00f3n Operativa F25\"}]},{\"@type\":\"WebSite\",\"@id\":\"http:\\\/\\\/josmaequipamiento.es\\\/#website\",\"url\":\"http:\\\/\\\/josmaequipamiento.es\\\/\",\"name\":\"Josma Equipamiento\",\"description\":\"Todo lo relativo a equipamiento\",\"potentialAction\":[{\"@type\":\"SearchAction\",\"target\":{\"@type\":\"EntryPoint\",\"urlTemplate\":\"http:\\\/\\\/josmaequipamiento.es\\\/?s={search_term_string}\"},\"query-input\":{\"@type\":\"PropertyValueSpecification\",\"valueRequired\":true,\"valueName\":\"search_term_string\"}}],\"inLanguage\":\"es\"}]}<\/script>\n<!-- \/ Yoast SEO plugin. -->","yoast_head_json":{"title":"Mesa Reuni\u00f3n Operativa F25 - Josma Equipamiento","robots":{"index":"index","follow":"follow","max-snippet":"max-snippet:-1","max-image-preview":"max-image-preview:large","max-video-preview":"max-video-preview:-1"},"canonical":"http:\/\/josmaequipamiento.es\/?product=mesa-reunion-operativa-f25","og_locale":"es_ES","og_type":"article","og_title":"Mesa Reuni\u00f3n Operativa F25 - Josma Equipamiento","og_description":"La Mesa de Reuni\u00f3n F25. El estilo limpio y sencillo de sus l\u00edneas, hacen de esta mesa una elecci\u00f3n perfecta para espacios minimalistas y con estilo.","og_url":"http:\/\/josmaequipamiento.es\/?product=mesa-reunion-operativa-f25","og_site_name":"Josma Equipamiento","article_modified_time":"2016-07-19T15:05:27+00:00","og_image":[{"width":640,"height":275,"url":"http:\/\/josmaequipamiento.es\/wp-content\/uploads\/2016\/06\/F25-640x275.jpg","type":"image\/jpeg"}],"twitter_card":"summary_large_image","schema":{"@context":"https:\/\/schema.org","@graph":[{"@type":"WebPage","@id":"http:\/\/josmaequipamiento.es\/?product=mesa-reunion-operativa-f25","url":"http:\/\/josmaequipamiento.es\/?product=mesa-reunion-operativa-f25","name":"Mesa Reuni\u00f3n Operativa F25 - Josma Equipamiento","isPartOf":{"@id":"http:\/\/josmaequipamiento.es\/#website"},"primaryImageOfPage":{"@id":"http:\/\/josmaequipamiento.es\/?product=mesa-reunion-operativa-f25#primaryimage"},"image":{"@id":"http:\/\/josmaequipamiento.es\/?product=mesa-reunion-operativa-f25#primaryimage"},"thumbnailUrl":"https:\/\/josmaequipamiento.es\/wp-content\/uploads\/2016\/06\/F25-640x275.jpg","datePublished":"2016-06-10T18:15:20+00:00","dateModified":"2016-07-19T15:05:27+00:00","breadcrumb":{"@id":"http:\/\/josmaequipamiento.es\/?product=mesa-reunion-operativa-f25#breadcrumb"},"inLanguage":"es","potentialAction":[{"@type":"ReadAction","target":["http:\/\/josmaequipamiento.es\/?product=mesa-reunion-operativa-f25"]}]},{"@type":"ImageObject","inLanguage":"es","@id":"http:\/\/josmaequipamiento.es\/?product=mesa-reunion-operativa-f25#primaryimage","url":"https:\/\/josmaequipamiento.es\/wp-content\/uploads\/2016\/06\/F25-640x275.jpg","contentUrl":"https:\/\/josmaequipamiento.es\/wp-content\/uploads\/2016\/06\/F25-640x275.jpg","width":640,"height":275},{"@type":"BreadcrumbList","@id":"http:\/\/josmaequipamiento.es\/?product=mesa-reunion-operativa-f25#breadcrumb","itemListElement":[{"@type":"ListItem","position":1,"name":"Home","item":"http:\/\/josmaequipamiento.es\/"},{"@type":"ListItem","position":2,"name":"Productos","item":"http:\/\/josmaequipamiento.es\/?page_id=109"},{"@type":"ListItem","position":3,"name":"Mesa Reuni\u00f3n Operativa F25"}]},{"@type":"WebSite","@id":"http:\/\/josmaequipamiento.es\/#website","url":"http:\/\/josmaequipamiento.es\/","name":"Josma Equipamiento","description":"Todo lo relativo a equipamiento","potentialAction":[{"@type":"SearchAction","target":{"@type":"EntryPoint","urlTemplate":"http:\/\/josmaequipamiento.es\/?s={search_term_string}"},"query-input":{"@type":"PropertyValueSpecification","valueRequired":true,"valueName":"search_term_string"}}],"inLanguage":"es"}]}},"_links":{"self":[{"href":"https:\/\/josmaequipamiento.es\/index.php?rest_route=\/wp\/v2\/product\/634","targetHints":{"allow":["GET"]}}],"collection":[{"href":"https:\/\/josmaequipamiento.es\/index.php?rest_route=\/wp\/v2\/product"}],"about":[{"href":"https:\/\/josmaequipamiento.es\/index.php?rest_route=\/wp\/v2\/types\/product"}],"replies":[{"embeddable":true,"href":"https:\/\/josmaequipamiento.es\/index.php?rest_route=%2Fwp%2Fv2%2Fcomments&post=634"}],"wp:featuredmedia":[{"embeddable":true,"href":"https:\/\/josmaequipamiento.es\/index.php?rest_route=\/wp\/v2\/media\/1895"}],"wp:attachment":[{"href":"https:\/\/josmaequipamiento.es\/index.php?rest_route=%2Fwp%2Fv2%2Fmedia&parent=634"}],"wp:term":[{"taxonomy":"product_brand","embeddable":true,"href":"https:\/\/josmaequipamiento.es\/index.php?rest_route=%2Fwp%2Fv2%2Fproduct_brand&post=634"},{"taxonomy":"product_cat","embeddable":true,"href":"https:\/\/josmaequipamiento.es\/index.php?rest_route=%2Fwp%2Fv2%2Fproduct_cat&post=634"},{"taxonomy":"product_tag","embeddable":true,"href":"https:\/\/josmaequipamiento.es\/index.php?rest_route=%2Fwp%2Fv2%2Fproduct_tag&post=634"}],"curies":[{"name":"wp","href":"https:\/\/api.w.org\/{rel}","templated":true}]}}