{"id":677,"date":"2016-06-11T14:20:31","date_gmt":"2016-06-11T14:20:31","guid":{"rendered":"http:\/\/josmaequipamiento.es\/?post_type=product&#038;p=677"},"modified":"2016-07-21T09:09:43","modified_gmt":"2016-07-21T09:09:43","slug":"bancada-espera-kool","status":"publish","type":"product","link":"https:\/\/josmaequipamiento.es\/?product=bancada-espera-kool","title":{"rendered":"Bancada Espera Kool"},"content":{"rendered":"<p><span style=\"color: #000000; font-family: Calibri; font-size: medium;\">La familia Kool est\u00e1 dise\u00f1ada para su utilizaci\u00f3n en lugares de uso colectivo y frecuente y, de esta forma, la gama incorpora una bancada destinada a salas de espera, zonas de paso, recepciones, etc\u00e9tera. Con una estructura de acero y un pedestal de inyecci\u00f3n de aluminio disponible en aluminio pulido o acabado negro, esta bancada puede incorporar un m\u00e1ximo de cinco plazas, pudiendo adem\u00e1s incorporar mesas anexas o brazos de polipropileno, como en el caso de las sillas fijas. Una opci\u00f3n que aporta a las salas mencionadas el concepto corporativo, global, actual y abierto propio de todo el programa.<\/span><\/p>\n<p><img decoding=\"async\" src=\"http:\/\/i1.wp.com\/www.amserra.com\/wp-content\/uploads\/2015\/12\/kool-bancada-poutre-bench-seating-caracteristicas.jpg\" alt=\"\" \/><\/p>\n<p>&nbsp;<\/p>\n<p><span style=\"color: #000000; font-family: Calibri; font-size: medium;\">\u00a0<\/span><\/p>\n","protected":false},"excerpt":{"rendered":"<p><span style=\"color: #000000; font-family: Calibri; font-size: medium;\">La familia Kool est\u00e1 dise\u00f1ada para su utilizaci\u00f3n en lugares de uso colectivo y frecuente y, de esta forma, la gama incorpora una bancada destinada a salas de espera, zonas de paso, recepciones, etc\u00e9tera.<\/span><\/p>\n","protected":false},"featured_media":2001,"comment_status":"open","ping_status":"closed","template":"","meta":{"_et_pb_use_builder":"","_et_pb_old_content":"","_et_gb_content_width":""},"product_brand":[],"product_cat":[57,68,64],"product_tag":[179],"class_list":{"0":"post-677","1":"product","2":"type-product","3":"status-publish","4":"has-post-thumbnail","6":"product_cat-espacios-de-trabajo","7":"product_cat-areas-de-espera","8":"product_cat-silleria-de-oficina","9":"product_tag-areas-de-espera","11":"first","12":"instock","13":"shipping-taxable","14":"product-type-simple"},"yoast_head":"<!-- This site is optimized with the Yoast SEO plugin v27.1.1 - https:\/\/yoast.com\/product\/yoast-seo-wordpress\/ -->\n<title>Bancada Espera Kool - Josma Equipamiento<\/title>\n<meta name=\"robots\" content=\"index, follow, max-snippet:-1, max-image-preview:large, max-video-preview:-1\" \/>\n<link rel=\"canonical\" href=\"https:\/\/josmaequipamiento.es\/?product=bancada-espera-kool\" \/>\n<meta property=\"og:locale\" content=\"es_ES\" \/>\n<meta property=\"og:type\" content=\"article\" \/>\n<meta property=\"og:title\" content=\"Bancada Espera Kool - Josma Equipamiento\" \/>\n<meta property=\"og:description\" content=\"La familia Kool est\u00e1 dise\u00f1ada para su utilizaci\u00f3n en lugares de uso colectivo y frecuente y, de esta forma, la gama incorpora una bancada destinada a salas de espera, zonas de paso, recepciones, etc\u00e9tera.\" \/>\n<meta property=\"og:url\" content=\"https:\/\/josmaequipamiento.es\/?product=bancada-espera-kool\" \/>\n<meta property=\"og:site_name\" content=\"Josma Equipamiento\" \/>\n<meta property=\"article:modified_time\" content=\"2016-07-21T09:09:43+00:00\" \/>\n<meta property=\"og:image\" content=\"https:\/\/josmaequipamiento.es\/wp-content\/uploads\/2016\/06\/Bancada-Kool-640X480.jpg\" \/>\n\t<meta property=\"og:image:width\" content=\"640\" \/>\n\t<meta property=\"og:image:height\" content=\"480\" \/>\n\t<meta property=\"og:image:type\" content=\"image\/jpeg\" \/>\n<meta name=\"twitter:card\" content=\"summary_large_image\" \/>\n<meta name=\"twitter:label1\" content=\"Tiempo de lectura\" \/>\n\t<meta name=\"twitter:data1\" content=\"1 minuto\" \/>\n<script type=\"application\/ld+json\" class=\"yoast-schema-graph\">{\"@context\":\"https:\/\/schema.org\",\"@graph\":[{\"@type\":\"WebPage\",\"@id\":\"https:\/\/josmaequipamiento.es\/?product=bancada-espera-kool\",\"url\":\"https:\/\/josmaequipamiento.es\/?product=bancada-espera-kool\",\"name\":\"Bancada Espera Kool - Josma Equipamiento\",\"isPartOf\":{\"@id\":\"https:\/\/josmaequipamiento.es\/#website\"},\"primaryImageOfPage\":{\"@id\":\"https:\/\/josmaequipamiento.es\/?product=bancada-espera-kool#primaryimage\"},\"image\":{\"@id\":\"https:\/\/josmaequipamiento.es\/?product=bancada-espera-kool#primaryimage\"},\"thumbnailUrl\":\"https:\/\/josmaequipamiento.es\/wp-content\/uploads\/2016\/06\/Bancada-Kool-640X480.jpg\",\"datePublished\":\"2016-06-11T14:20:31+00:00\",\"dateModified\":\"2016-07-21T09:09:43+00:00\",\"breadcrumb\":{\"@id\":\"https:\/\/josmaequipamiento.es\/?product=bancada-espera-kool#breadcrumb\"},\"inLanguage\":\"es\",\"potentialAction\":[{\"@type\":\"ReadAction\",\"target\":[\"https:\/\/josmaequipamiento.es\/?product=bancada-espera-kool\"]}]},{\"@type\":\"ImageObject\",\"inLanguage\":\"es\",\"@id\":\"https:\/\/josmaequipamiento.es\/?product=bancada-espera-kool#primaryimage\",\"url\":\"https:\/\/josmaequipamiento.es\/wp-content\/uploads\/2016\/06\/Bancada-Kool-640X480.jpg\",\"contentUrl\":\"https:\/\/josmaequipamiento.es\/wp-content\/uploads\/2016\/06\/Bancada-Kool-640X480.jpg\",\"width\":640,\"height\":480},{\"@type\":\"BreadcrumbList\",\"@id\":\"https:\/\/josmaequipamiento.es\/?product=bancada-espera-kool#breadcrumb\",\"itemListElement\":[{\"@type\":\"ListItem\",\"position\":1,\"name\":\"Home\",\"item\":\"https:\/\/josmaequipamiento.es\/\"},{\"@type\":\"ListItem\",\"position\":2,\"name\":\"Productos\",\"item\":\"https:\/\/josmaequipamiento.es\/?page_id=109\"},{\"@type\":\"ListItem\",\"position\":3,\"name\":\"Bancada Espera Kool\"}]},{\"@type\":\"WebSite\",\"@id\":\"https:\/\/josmaequipamiento.es\/#website\",\"url\":\"https:\/\/josmaequipamiento.es\/\",\"name\":\"Josma Equipamiento\",\"description\":\"Todo lo relativo a equipamiento\",\"potentialAction\":[{\"@type\":\"SearchAction\",\"target\":{\"@type\":\"EntryPoint\",\"urlTemplate\":\"https:\/\/josmaequipamiento.es\/?s={search_term_string}\"},\"query-input\":{\"@type\":\"PropertyValueSpecification\",\"valueRequired\":true,\"valueName\":\"search_term_string\"}}],\"inLanguage\":\"es\"}]}<\/script>\n<!-- \/ Yoast SEO plugin. -->","yoast_head_json":{"title":"Bancada Espera Kool - Josma Equipamiento","robots":{"index":"index","follow":"follow","max-snippet":"max-snippet:-1","max-image-preview":"max-image-preview:large","max-video-preview":"max-video-preview:-1"},"canonical":"https:\/\/josmaequipamiento.es\/?product=bancada-espera-kool","og_locale":"es_ES","og_type":"article","og_title":"Bancada Espera Kool - Josma Equipamiento","og_description":"La familia Kool est\u00e1 dise\u00f1ada para su utilizaci\u00f3n en lugares de uso colectivo y frecuente y, de esta forma, la gama incorpora una bancada destinada a salas de espera, zonas de paso, recepciones, etc\u00e9tera.","og_url":"https:\/\/josmaequipamiento.es\/?product=bancada-espera-kool","og_site_name":"Josma Equipamiento","article_modified_time":"2016-07-21T09:09:43+00:00","og_image":[{"width":640,"height":480,"url":"https:\/\/josmaequipamiento.es\/wp-content\/uploads\/2016\/06\/Bancada-Kool-640X480.jpg","type":"image\/jpeg"}],"twitter_card":"summary_large_image","twitter_misc":{"Tiempo de lectura":"1 minuto"},"schema":{"@context":"https:\/\/schema.org","@graph":[{"@type":"WebPage","@id":"https:\/\/josmaequipamiento.es\/?product=bancada-espera-kool","url":"https:\/\/josmaequipamiento.es\/?product=bancada-espera-kool","name":"Bancada Espera Kool - Josma Equipamiento","isPartOf":{"@id":"https:\/\/josmaequipamiento.es\/#website"},"primaryImageOfPage":{"@id":"https:\/\/josmaequipamiento.es\/?product=bancada-espera-kool#primaryimage"},"image":{"@id":"https:\/\/josmaequipamiento.es\/?product=bancada-espera-kool#primaryimage"},"thumbnailUrl":"https:\/\/josmaequipamiento.es\/wp-content\/uploads\/2016\/06\/Bancada-Kool-640X480.jpg","datePublished":"2016-06-11T14:20:31+00:00","dateModified":"2016-07-21T09:09:43+00:00","breadcrumb":{"@id":"https:\/\/josmaequipamiento.es\/?product=bancada-espera-kool#breadcrumb"},"inLanguage":"es","potentialAction":[{"@type":"ReadAction","target":["https:\/\/josmaequipamiento.es\/?product=bancada-espera-kool"]}]},{"@type":"ImageObject","inLanguage":"es","@id":"https:\/\/josmaequipamiento.es\/?product=bancada-espera-kool#primaryimage","url":"https:\/\/josmaequipamiento.es\/wp-content\/uploads\/2016\/06\/Bancada-Kool-640X480.jpg","contentUrl":"https:\/\/josmaequipamiento.es\/wp-content\/uploads\/2016\/06\/Bancada-Kool-640X480.jpg","width":640,"height":480},{"@type":"BreadcrumbList","@id":"https:\/\/josmaequipamiento.es\/?product=bancada-espera-kool#breadcrumb","itemListElement":[{"@type":"ListItem","position":1,"name":"Home","item":"https:\/\/josmaequipamiento.es\/"},{"@type":"ListItem","position":2,"name":"Productos","item":"https:\/\/josmaequipamiento.es\/?page_id=109"},{"@type":"ListItem","position":3,"name":"Bancada Espera Kool"}]},{"@type":"WebSite","@id":"https:\/\/josmaequipamiento.es\/#website","url":"https:\/\/josmaequipamiento.es\/","name":"Josma Equipamiento","description":"Todo lo relativo a equipamiento","potentialAction":[{"@type":"SearchAction","target":{"@type":"EntryPoint","urlTemplate":"https:\/\/josmaequipamiento.es\/?s={search_term_string}"},"query-input":{"@type":"PropertyValueSpecification","valueRequired":true,"valueName":"search_term_string"}}],"inLanguage":"es"}]}},"_links":{"self":[{"href":"https:\/\/josmaequipamiento.es\/index.php?rest_route=\/wp\/v2\/product\/677","targetHints":{"allow":["GET"]}}],"collection":[{"href":"https:\/\/josmaequipamiento.es\/index.php?rest_route=\/wp\/v2\/product"}],"about":[{"href":"https:\/\/josmaequipamiento.es\/index.php?rest_route=\/wp\/v2\/types\/product"}],"replies":[{"embeddable":true,"href":"https:\/\/josmaequipamiento.es\/index.php?rest_route=%2Fwp%2Fv2%2Fcomments&post=677"}],"wp:featuredmedia":[{"embeddable":true,"href":"https:\/\/josmaequipamiento.es\/index.php?rest_route=\/wp\/v2\/media\/2001"}],"wp:attachment":[{"href":"https:\/\/josmaequipamiento.es\/index.php?rest_route=%2Fwp%2Fv2%2Fmedia&parent=677"}],"wp:term":[{"taxonomy":"product_brand","embeddable":true,"href":"https:\/\/josmaequipamiento.es\/index.php?rest_route=%2Fwp%2Fv2%2Fproduct_brand&post=677"},{"taxonomy":"product_cat","embeddable":true,"href":"https:\/\/josmaequipamiento.es\/index.php?rest_route=%2Fwp%2Fv2%2Fproduct_cat&post=677"},{"taxonomy":"product_tag","embeddable":true,"href":"https:\/\/josmaequipamiento.es\/index.php?rest_route=%2Fwp%2Fv2%2Fproduct_tag&post=677"}],"curies":[{"name":"wp","href":"https:\/\/api.w.org\/{rel}","templated":true}]}}