{"id":679,"date":"2016-06-11T14:31:18","date_gmt":"2016-06-11T14:31:18","guid":{"rendered":"http:\/\/josmaequipamiento.es\/?post_type=product&#038;p=679"},"modified":"2016-07-19T17:03:38","modified_gmt":"2016-07-19T17:03:38","slug":"sofa-andrea","status":"publish","type":"product","link":"https:\/\/josmaequipamiento.es\/?product=sofa-andrea","title":{"rendered":"Sof\u00e1 Andrea"},"content":{"rendered":"<p><span style=\"color: #000000; font-family: Calibri; font-size: medium;\">Los sof\u00e1s Andrea han sido dise\u00f1ados para integrarse de forma natural en oficinas, proyectos de instalaci\u00f3n, hoteles y espacios de uso residencial<\/span><\/p>\n","protected":false},"excerpt":{"rendered":"<p>Los sof\u00e1s Andrea han sido dise\u00f1ados para integrarse de forma natural en oficinas, proyectos de instalaci\u00f3n, hoteles y espacios de uso residencial<\/p>\n","protected":false},"featured_media":1929,"comment_status":"open","ping_status":"closed","template":"","meta":{"_et_pb_use_builder":"","_et_pb_old_content":"","_et_gb_content_width":""},"product_brand":[],"product_cat":[57,68,64],"product_tag":[179],"class_list":{"0":"post-679","1":"product","2":"type-product","3":"status-publish","4":"has-post-thumbnail","6":"product_cat-espacios-de-trabajo","7":"product_cat-areas-de-espera","8":"product_cat-silleria-de-oficina","9":"product_tag-areas-de-espera","11":"first","12":"instock","13":"shipping-taxable","14":"product-type-simple"},"yoast_head":"<!-- This site is optimized with the Yoast SEO plugin v27.1.1 - https:\/\/yoast.com\/product\/yoast-seo-wordpress\/ -->\n<title>Sof\u00e1 Andrea - Josma Equipamiento<\/title>\n<meta name=\"robots\" content=\"index, follow, max-snippet:-1, max-image-preview:large, max-video-preview:-1\" \/>\n<link rel=\"canonical\" href=\"https:\/\/josmaequipamiento.es\/?product=sofa-andrea\" \/>\n<meta property=\"og:locale\" content=\"es_ES\" \/>\n<meta property=\"og:type\" content=\"article\" \/>\n<meta property=\"og:title\" content=\"Sof\u00e1 Andrea - Josma Equipamiento\" \/>\n<meta property=\"og:description\" content=\"Los sof\u00e1s Andrea han sido dise\u00f1ados para integrarse de forma natural en oficinas, proyectos de instalaci\u00f3n, hoteles y espacios de uso residencial\" \/>\n<meta property=\"og:url\" content=\"https:\/\/josmaequipamiento.es\/?product=sofa-andrea\" \/>\n<meta property=\"og:site_name\" content=\"Josma Equipamiento\" \/>\n<meta property=\"article:modified_time\" content=\"2016-07-19T17:03:38+00:00\" \/>\n<meta property=\"og:image\" content=\"https:\/\/josmaequipamiento.es\/wp-content\/uploads\/2016\/06\/Sofa-Andrea-640x480.jpg\" \/>\n\t<meta property=\"og:image:width\" content=\"640\" \/>\n\t<meta property=\"og:image:height\" content=\"480\" \/>\n\t<meta property=\"og:image:type\" content=\"image\/jpeg\" \/>\n<meta name=\"twitter:card\" content=\"summary_large_image\" \/>\n<script type=\"application\/ld+json\" class=\"yoast-schema-graph\">{\"@context\":\"https:\/\/schema.org\",\"@graph\":[{\"@type\":\"WebPage\",\"@id\":\"https:\/\/josmaequipamiento.es\/?product=sofa-andrea\",\"url\":\"https:\/\/josmaequipamiento.es\/?product=sofa-andrea\",\"name\":\"Sof\u00e1 Andrea - Josma Equipamiento\",\"isPartOf\":{\"@id\":\"https:\/\/josmaequipamiento.es\/#website\"},\"primaryImageOfPage\":{\"@id\":\"https:\/\/josmaequipamiento.es\/?product=sofa-andrea#primaryimage\"},\"image\":{\"@id\":\"https:\/\/josmaequipamiento.es\/?product=sofa-andrea#primaryimage\"},\"thumbnailUrl\":\"https:\/\/josmaequipamiento.es\/wp-content\/uploads\/2016\/06\/Sofa-Andrea-640x480.jpg\",\"datePublished\":\"2016-06-11T14:31:18+00:00\",\"dateModified\":\"2016-07-19T17:03:38+00:00\",\"breadcrumb\":{\"@id\":\"https:\/\/josmaequipamiento.es\/?product=sofa-andrea#breadcrumb\"},\"inLanguage\":\"es\",\"potentialAction\":[{\"@type\":\"ReadAction\",\"target\":[\"https:\/\/josmaequipamiento.es\/?product=sofa-andrea\"]}]},{\"@type\":\"ImageObject\",\"inLanguage\":\"es\",\"@id\":\"https:\/\/josmaequipamiento.es\/?product=sofa-andrea#primaryimage\",\"url\":\"https:\/\/josmaequipamiento.es\/wp-content\/uploads\/2016\/06\/Sofa-Andrea-640x480.jpg\",\"contentUrl\":\"https:\/\/josmaequipamiento.es\/wp-content\/uploads\/2016\/06\/Sofa-Andrea-640x480.jpg\",\"width\":640,\"height\":480},{\"@type\":\"BreadcrumbList\",\"@id\":\"https:\/\/josmaequipamiento.es\/?product=sofa-andrea#breadcrumb\",\"itemListElement\":[{\"@type\":\"ListItem\",\"position\":1,\"name\":\"Home\",\"item\":\"https:\/\/josmaequipamiento.es\/\"},{\"@type\":\"ListItem\",\"position\":2,\"name\":\"Productos\",\"item\":\"https:\/\/josmaequipamiento.es\/?page_id=109\"},{\"@type\":\"ListItem\",\"position\":3,\"name\":\"Sof\u00e1 Andrea\"}]},{\"@type\":\"WebSite\",\"@id\":\"https:\/\/josmaequipamiento.es\/#website\",\"url\":\"https:\/\/josmaequipamiento.es\/\",\"name\":\"Josma Equipamiento\",\"description\":\"Todo lo relativo a equipamiento\",\"potentialAction\":[{\"@type\":\"SearchAction\",\"target\":{\"@type\":\"EntryPoint\",\"urlTemplate\":\"https:\/\/josmaequipamiento.es\/?s={search_term_string}\"},\"query-input\":{\"@type\":\"PropertyValueSpecification\",\"valueRequired\":true,\"valueName\":\"search_term_string\"}}],\"inLanguage\":\"es\"}]}<\/script>\n<!-- \/ Yoast SEO plugin. -->","yoast_head_json":{"title":"Sof\u00e1 Andrea - Josma Equipamiento","robots":{"index":"index","follow":"follow","max-snippet":"max-snippet:-1","max-image-preview":"max-image-preview:large","max-video-preview":"max-video-preview:-1"},"canonical":"https:\/\/josmaequipamiento.es\/?product=sofa-andrea","og_locale":"es_ES","og_type":"article","og_title":"Sof\u00e1 Andrea - Josma Equipamiento","og_description":"Los sof\u00e1s Andrea han sido dise\u00f1ados para integrarse de forma natural en oficinas, proyectos de instalaci\u00f3n, hoteles y espacios de uso residencial","og_url":"https:\/\/josmaequipamiento.es\/?product=sofa-andrea","og_site_name":"Josma Equipamiento","article_modified_time":"2016-07-19T17:03:38+00:00","og_image":[{"width":640,"height":480,"url":"https:\/\/josmaequipamiento.es\/wp-content\/uploads\/2016\/06\/Sofa-Andrea-640x480.jpg","type":"image\/jpeg"}],"twitter_card":"summary_large_image","schema":{"@context":"https:\/\/schema.org","@graph":[{"@type":"WebPage","@id":"https:\/\/josmaequipamiento.es\/?product=sofa-andrea","url":"https:\/\/josmaequipamiento.es\/?product=sofa-andrea","name":"Sof\u00e1 Andrea - Josma Equipamiento","isPartOf":{"@id":"https:\/\/josmaequipamiento.es\/#website"},"primaryImageOfPage":{"@id":"https:\/\/josmaequipamiento.es\/?product=sofa-andrea#primaryimage"},"image":{"@id":"https:\/\/josmaequipamiento.es\/?product=sofa-andrea#primaryimage"},"thumbnailUrl":"https:\/\/josmaequipamiento.es\/wp-content\/uploads\/2016\/06\/Sofa-Andrea-640x480.jpg","datePublished":"2016-06-11T14:31:18+00:00","dateModified":"2016-07-19T17:03:38+00:00","breadcrumb":{"@id":"https:\/\/josmaequipamiento.es\/?product=sofa-andrea#breadcrumb"},"inLanguage":"es","potentialAction":[{"@type":"ReadAction","target":["https:\/\/josmaequipamiento.es\/?product=sofa-andrea"]}]},{"@type":"ImageObject","inLanguage":"es","@id":"https:\/\/josmaequipamiento.es\/?product=sofa-andrea#primaryimage","url":"https:\/\/josmaequipamiento.es\/wp-content\/uploads\/2016\/06\/Sofa-Andrea-640x480.jpg","contentUrl":"https:\/\/josmaequipamiento.es\/wp-content\/uploads\/2016\/06\/Sofa-Andrea-640x480.jpg","width":640,"height":480},{"@type":"BreadcrumbList","@id":"https:\/\/josmaequipamiento.es\/?product=sofa-andrea#breadcrumb","itemListElement":[{"@type":"ListItem","position":1,"name":"Home","item":"https:\/\/josmaequipamiento.es\/"},{"@type":"ListItem","position":2,"name":"Productos","item":"https:\/\/josmaequipamiento.es\/?page_id=109"},{"@type":"ListItem","position":3,"name":"Sof\u00e1 Andrea"}]},{"@type":"WebSite","@id":"https:\/\/josmaequipamiento.es\/#website","url":"https:\/\/josmaequipamiento.es\/","name":"Josma Equipamiento","description":"Todo lo relativo a equipamiento","potentialAction":[{"@type":"SearchAction","target":{"@type":"EntryPoint","urlTemplate":"https:\/\/josmaequipamiento.es\/?s={search_term_string}"},"query-input":{"@type":"PropertyValueSpecification","valueRequired":true,"valueName":"search_term_string"}}],"inLanguage":"es"}]}},"_links":{"self":[{"href":"https:\/\/josmaequipamiento.es\/index.php?rest_route=\/wp\/v2\/product\/679","targetHints":{"allow":["GET"]}}],"collection":[{"href":"https:\/\/josmaequipamiento.es\/index.php?rest_route=\/wp\/v2\/product"}],"about":[{"href":"https:\/\/josmaequipamiento.es\/index.php?rest_route=\/wp\/v2\/types\/product"}],"replies":[{"embeddable":true,"href":"https:\/\/josmaequipamiento.es\/index.php?rest_route=%2Fwp%2Fv2%2Fcomments&post=679"}],"wp:featuredmedia":[{"embeddable":true,"href":"https:\/\/josmaequipamiento.es\/index.php?rest_route=\/wp\/v2\/media\/1929"}],"wp:attachment":[{"href":"https:\/\/josmaequipamiento.es\/index.php?rest_route=%2Fwp%2Fv2%2Fmedia&parent=679"}],"wp:term":[{"taxonomy":"product_brand","embeddable":true,"href":"https:\/\/josmaequipamiento.es\/index.php?rest_route=%2Fwp%2Fv2%2Fproduct_brand&post=679"},{"taxonomy":"product_cat","embeddable":true,"href":"https:\/\/josmaequipamiento.es\/index.php?rest_route=%2Fwp%2Fv2%2Fproduct_cat&post=679"},{"taxonomy":"product_tag","embeddable":true,"href":"https:\/\/josmaequipamiento.es\/index.php?rest_route=%2Fwp%2Fv2%2Fproduct_tag&post=679"}],"curies":[{"name":"wp","href":"https:\/\/api.w.org\/{rel}","templated":true}]}}