{"id":756,"date":"2016-06-11T16:38:37","date_gmt":"2016-06-11T16:38:37","guid":{"rendered":"http:\/\/josmaequipamiento.es\/?post_type=product&#038;p=756"},"modified":"2016-07-20T14:00:45","modified_gmt":"2016-07-20T14:00:45","slug":"sillon-zen-xt","status":"publish","type":"product","link":"https:\/\/josmaequipamiento.es\/?product=sillon-zen-xt","title":{"rendered":"Sill\u00f3n Zen XT"},"content":{"rendered":"<p><span style=\"color: #000000; font-family: Calibri; font-size: medium;\">Mecanismo sincronizado de basculaci\u00f3n de asiento y respaldo en proporci\u00f3n ergon\u00f3micamente correcta. Liberando el movimiento la silla se adapta perfectamente a los movimientos del usuario ofreciendo en todo momento un apoyo \u00f3ptimo. El movimiento se puede bloquear en 5 posiciones e incorpora un sistema de desbloqueo de seguridad. Para usuarios de 40kg hasta 140kg la tensi\u00f3n de suspensi\u00f3n del mecanismo se ajusta f\u00e1cilmente al peso de cada usuario.<\/span><\/p>\n<p><span style=\"color: #000000; font-family: Calibri; font-size: medium;\">Asiento con forma anat\u00f3mica con parte frontal convexa para facilitar el riego sangu\u00edneo en las piernas. Recubierto con espuma de poliuretano inyectado en molde de alta densidad y resistencia. Ajuste de altura del asiento mediante columna de elevaci\u00f3n a gas.<\/span><\/p>\n<p><span style=\"color: #000000; font-family: Calibri; font-size: medium;\">Respaldo con forma anat\u00f3mica con zona lumbar de dise\u00f1o ergon\u00f3mico que garantiza un \u00f3ptimo apoyo en esta zona. Recubierto con espuma de poliuretano inyectado de alta densidad y resistencia. La altura del respaldo y de la zona lumbar es regulable en un rango de ajuste de + o &#8211; 6cm. Sentado en la silla simplemente levantando el respaldo hacia arriba este se fija en la posici\u00f3n deseada por el usuario.<\/span><\/p>\n<p><span style=\"color: #000000; font-family: Calibri; font-size: medium;\">Brazos para aliviar la musculatura de brazos, hombros y nuca, fijos en aluminio pulido. Posibilidad de reposabrazos tapizados (Contactar).<\/span><\/p>\n<p><span style=\"color: #000000; font-family: Calibri; font-size: medium;\">Base piramidal de cinco radios de aluminio inyectado pulido.<\/span><\/p>\n<p><span style=\"color: #000000; font-family: Calibri; font-size: medium;\">Ruedas open autofrenadas de doble rodadura blanda de 65mm.<\/span><\/p>\n<p><span style=\"color: #000000; font-family: Calibri; font-size: medium;\">Tapizado, asiento y respaldo, en napel \u00abSar\u00bb o piel, color a elegir.<\/span><\/p>\n<p><span style=\"color: #000000; font-family: Calibri; font-size: medium;\">\u00a0<\/span><\/p>\n","protected":false},"excerpt":{"rendered":"<p>ZEN XT PLUS es una colecci\u00f3n de siller\u00eda para puestos de media y alta direcci\u00f3n. Dise\u00f1o de l\u00edneas puras y esbeltas, detalles cromados, brazos de aluminio y tapicer\u00eda artesanal conforman una pieza con una est\u00e9tica sobria elegante y distinguida.<\/p>\n","protected":false},"featured_media":1957,"comment_status":"open","ping_status":"closed","template":"","meta":{"_et_pb_use_builder":"","_et_pb_old_content":"","_et_gb_content_width":""},"product_brand":[],"product_cat":[57,65,64],"product_tag":[184],"class_list":{"0":"post-756","1":"product","2":"type-product","3":"status-publish","4":"has-post-thumbnail","6":"product_cat-espacios-de-trabajo","7":"product_cat-direccion-silleria-de-oficina-espacios-de-trabajo","8":"product_cat-silleria-de-oficina","9":"product_tag-silleria-direccion","11":"first","12":"instock","13":"shipping-taxable","14":"product-type-simple"},"yoast_head":"<!-- This site is optimized with the Yoast SEO plugin v27.3 - https:\/\/yoast.com\/product\/yoast-seo-wordpress\/ -->\n<title>Sill\u00f3n Zen XT - Josma Equipamiento<\/title>\n<meta name=\"robots\" content=\"index, follow, max-snippet:-1, max-image-preview:large, max-video-preview:-1\" \/>\n<link rel=\"canonical\" href=\"http:\/\/josmaequipamiento.es\/?product=sillon-zen-xt\" \/>\n<meta property=\"og:locale\" content=\"es_ES\" \/>\n<meta property=\"og:type\" content=\"article\" \/>\n<meta property=\"og:title\" content=\"Sill\u00f3n Zen XT - Josma Equipamiento\" \/>\n<meta property=\"og:description\" content=\"ZEN XT PLUS es una colecci\u00f3n de siller\u00eda para puestos de media y alta direcci\u00f3n. Dise\u00f1o de l\u00edneas puras y esbeltas, detalles cromados, brazos de aluminio y tapicer\u00eda artesanal conforman una pieza con una est\u00e9tica sobria elegante y distinguida.\" \/>\n<meta property=\"og:url\" content=\"http:\/\/josmaequipamiento.es\/?product=sillon-zen-xt\" \/>\n<meta property=\"og:site_name\" content=\"Josma Equipamiento\" \/>\n<meta property=\"article:modified_time\" content=\"2016-07-20T14:00:45+00:00\" \/>\n<meta property=\"og:image\" content=\"http:\/\/josmaequipamiento.es\/wp-content\/uploads\/2016\/06\/zenxtplus_640X480.jpg\" \/>\n\t<meta property=\"og:image:width\" content=\"640\" \/>\n\t<meta property=\"og:image:height\" content=\"480\" \/>\n\t<meta property=\"og:image:type\" content=\"image\/jpeg\" \/>\n<meta name=\"twitter:card\" content=\"summary_large_image\" \/>\n<meta name=\"twitter:label1\" content=\"Tiempo de lectura\" \/>\n\t<meta name=\"twitter:data1\" content=\"1 minuto\" \/>\n<script type=\"application\/ld+json\" class=\"yoast-schema-graph\">{\"@context\":\"https:\\\/\\\/schema.org\",\"@graph\":[{\"@type\":\"WebPage\",\"@id\":\"http:\\\/\\\/josmaequipamiento.es\\\/?product=sillon-zen-xt\",\"url\":\"http:\\\/\\\/josmaequipamiento.es\\\/?product=sillon-zen-xt\",\"name\":\"Sill\u00f3n Zen XT - Josma Equipamiento\",\"isPartOf\":{\"@id\":\"http:\\\/\\\/josmaequipamiento.es\\\/#website\"},\"primaryImageOfPage\":{\"@id\":\"http:\\\/\\\/josmaequipamiento.es\\\/?product=sillon-zen-xt#primaryimage\"},\"image\":{\"@id\":\"http:\\\/\\\/josmaequipamiento.es\\\/?product=sillon-zen-xt#primaryimage\"},\"thumbnailUrl\":\"https:\\\/\\\/josmaequipamiento.es\\\/wp-content\\\/uploads\\\/2016\\\/06\\\/zenxtplus_640X480.jpg\",\"datePublished\":\"2016-06-11T16:38:37+00:00\",\"dateModified\":\"2016-07-20T14:00:45+00:00\",\"breadcrumb\":{\"@id\":\"http:\\\/\\\/josmaequipamiento.es\\\/?product=sillon-zen-xt#breadcrumb\"},\"inLanguage\":\"es\",\"potentialAction\":[{\"@type\":\"ReadAction\",\"target\":[\"http:\\\/\\\/josmaequipamiento.es\\\/?product=sillon-zen-xt\"]}]},{\"@type\":\"ImageObject\",\"inLanguage\":\"es\",\"@id\":\"http:\\\/\\\/josmaequipamiento.es\\\/?product=sillon-zen-xt#primaryimage\",\"url\":\"https:\\\/\\\/josmaequipamiento.es\\\/wp-content\\\/uploads\\\/2016\\\/06\\\/zenxtplus_640X480.jpg\",\"contentUrl\":\"https:\\\/\\\/josmaequipamiento.es\\\/wp-content\\\/uploads\\\/2016\\\/06\\\/zenxtplus_640X480.jpg\",\"width\":640,\"height\":480},{\"@type\":\"BreadcrumbList\",\"@id\":\"http:\\\/\\\/josmaequipamiento.es\\\/?product=sillon-zen-xt#breadcrumb\",\"itemListElement\":[{\"@type\":\"ListItem\",\"position\":1,\"name\":\"Home\",\"item\":\"http:\\\/\\\/josmaequipamiento.es\\\/\"},{\"@type\":\"ListItem\",\"position\":2,\"name\":\"Productos\",\"item\":\"http:\\\/\\\/josmaequipamiento.es\\\/?page_id=109\"},{\"@type\":\"ListItem\",\"position\":3,\"name\":\"Sill\u00f3n Zen XT\"}]},{\"@type\":\"WebSite\",\"@id\":\"http:\\\/\\\/josmaequipamiento.es\\\/#website\",\"url\":\"http:\\\/\\\/josmaequipamiento.es\\\/\",\"name\":\"Josma Equipamiento\",\"description\":\"Todo lo relativo a equipamiento\",\"potentialAction\":[{\"@type\":\"SearchAction\",\"target\":{\"@type\":\"EntryPoint\",\"urlTemplate\":\"http:\\\/\\\/josmaequipamiento.es\\\/?s={search_term_string}\"},\"query-input\":{\"@type\":\"PropertyValueSpecification\",\"valueRequired\":true,\"valueName\":\"search_term_string\"}}],\"inLanguage\":\"es\"}]}<\/script>\n<!-- \/ Yoast SEO plugin. -->","yoast_head_json":{"title":"Sill\u00f3n Zen XT - Josma Equipamiento","robots":{"index":"index","follow":"follow","max-snippet":"max-snippet:-1","max-image-preview":"max-image-preview:large","max-video-preview":"max-video-preview:-1"},"canonical":"http:\/\/josmaequipamiento.es\/?product=sillon-zen-xt","og_locale":"es_ES","og_type":"article","og_title":"Sill\u00f3n Zen XT - Josma Equipamiento","og_description":"ZEN XT PLUS es una colecci\u00f3n de siller\u00eda para puestos de media y alta direcci\u00f3n. Dise\u00f1o de l\u00edneas puras y esbeltas, detalles cromados, brazos de aluminio y tapicer\u00eda artesanal conforman una pieza con una est\u00e9tica sobria elegante y distinguida.","og_url":"http:\/\/josmaequipamiento.es\/?product=sillon-zen-xt","og_site_name":"Josma Equipamiento","article_modified_time":"2016-07-20T14:00:45+00:00","og_image":[{"width":640,"height":480,"url":"http:\/\/josmaequipamiento.es\/wp-content\/uploads\/2016\/06\/zenxtplus_640X480.jpg","type":"image\/jpeg"}],"twitter_card":"summary_large_image","twitter_misc":{"Tiempo de lectura":"1 minuto"},"schema":{"@context":"https:\/\/schema.org","@graph":[{"@type":"WebPage","@id":"http:\/\/josmaequipamiento.es\/?product=sillon-zen-xt","url":"http:\/\/josmaequipamiento.es\/?product=sillon-zen-xt","name":"Sill\u00f3n Zen XT - Josma Equipamiento","isPartOf":{"@id":"http:\/\/josmaequipamiento.es\/#website"},"primaryImageOfPage":{"@id":"http:\/\/josmaequipamiento.es\/?product=sillon-zen-xt#primaryimage"},"image":{"@id":"http:\/\/josmaequipamiento.es\/?product=sillon-zen-xt#primaryimage"},"thumbnailUrl":"https:\/\/josmaequipamiento.es\/wp-content\/uploads\/2016\/06\/zenxtplus_640X480.jpg","datePublished":"2016-06-11T16:38:37+00:00","dateModified":"2016-07-20T14:00:45+00:00","breadcrumb":{"@id":"http:\/\/josmaequipamiento.es\/?product=sillon-zen-xt#breadcrumb"},"inLanguage":"es","potentialAction":[{"@type":"ReadAction","target":["http:\/\/josmaequipamiento.es\/?product=sillon-zen-xt"]}]},{"@type":"ImageObject","inLanguage":"es","@id":"http:\/\/josmaequipamiento.es\/?product=sillon-zen-xt#primaryimage","url":"https:\/\/josmaequipamiento.es\/wp-content\/uploads\/2016\/06\/zenxtplus_640X480.jpg","contentUrl":"https:\/\/josmaequipamiento.es\/wp-content\/uploads\/2016\/06\/zenxtplus_640X480.jpg","width":640,"height":480},{"@type":"BreadcrumbList","@id":"http:\/\/josmaequipamiento.es\/?product=sillon-zen-xt#breadcrumb","itemListElement":[{"@type":"ListItem","position":1,"name":"Home","item":"http:\/\/josmaequipamiento.es\/"},{"@type":"ListItem","position":2,"name":"Productos","item":"http:\/\/josmaequipamiento.es\/?page_id=109"},{"@type":"ListItem","position":3,"name":"Sill\u00f3n Zen XT"}]},{"@type":"WebSite","@id":"http:\/\/josmaequipamiento.es\/#website","url":"http:\/\/josmaequipamiento.es\/","name":"Josma Equipamiento","description":"Todo lo relativo a equipamiento","potentialAction":[{"@type":"SearchAction","target":{"@type":"EntryPoint","urlTemplate":"http:\/\/josmaequipamiento.es\/?s={search_term_string}"},"query-input":{"@type":"PropertyValueSpecification","valueRequired":true,"valueName":"search_term_string"}}],"inLanguage":"es"}]}},"_links":{"self":[{"href":"https:\/\/josmaequipamiento.es\/index.php?rest_route=\/wp\/v2\/product\/756","targetHints":{"allow":["GET"]}}],"collection":[{"href":"https:\/\/josmaequipamiento.es\/index.php?rest_route=\/wp\/v2\/product"}],"about":[{"href":"https:\/\/josmaequipamiento.es\/index.php?rest_route=\/wp\/v2\/types\/product"}],"replies":[{"embeddable":true,"href":"https:\/\/josmaequipamiento.es\/index.php?rest_route=%2Fwp%2Fv2%2Fcomments&post=756"}],"wp:featuredmedia":[{"embeddable":true,"href":"https:\/\/josmaequipamiento.es\/index.php?rest_route=\/wp\/v2\/media\/1957"}],"wp:attachment":[{"href":"https:\/\/josmaequipamiento.es\/index.php?rest_route=%2Fwp%2Fv2%2Fmedia&parent=756"}],"wp:term":[{"taxonomy":"product_brand","embeddable":true,"href":"https:\/\/josmaequipamiento.es\/index.php?rest_route=%2Fwp%2Fv2%2Fproduct_brand&post=756"},{"taxonomy":"product_cat","embeddable":true,"href":"https:\/\/josmaequipamiento.es\/index.php?rest_route=%2Fwp%2Fv2%2Fproduct_cat&post=756"},{"taxonomy":"product_tag","embeddable":true,"href":"https:\/\/josmaequipamiento.es\/index.php?rest_route=%2Fwp%2Fv2%2Fproduct_tag&post=756"}],"curies":[{"name":"wp","href":"https:\/\/api.w.org\/{rel}","templated":true}]}}