{"id":762,"date":"2016-06-11T16:51:38","date_gmt":"2016-06-11T16:51:38","guid":{"rendered":"http:\/\/josmaequipamiento.es\/?post_type=product&#038;p=762"},"modified":"2016-07-20T13:58:32","modified_gmt":"2016-07-20T13:58:32","slug":"sillon-cantabria","status":"publish","type":"product","link":"https:\/\/josmaequipamiento.es\/?product=sillon-cantabria","title":{"rendered":"Sill\u00f3n Cantabria"},"content":{"rendered":"<p><strong>Mecanismo<\/strong> de serie <strong>Basculante LUX:<\/strong> Permite balancear. El \u00e1ngulo entre el asiento y el respaldo es siempre el mismo. El punto de giro est\u00e1 adelantado y se puede fijar en 4 posiciones diferentes.\u00a0 Regulaci\u00f3n de altura mediante pist\u00f3n de gas, <strong>Brazos de acero cromado y tapizados<\/strong>, base de 5 radios de acero cromado. <strong>Respaldo y asiento<\/strong>: De madera contrachapada de haya con relleno de goma flexible de alta densidad. Tapizado en piel natural color negro o beige. Muy c\u00f3modo, recomendado para 8 horas.Medidas del sill\u00f3n de direcci\u00f3n: Ancho total: 65 cm\u00a0 &#8211; Ancho asiento: 50 cm\u00a0 &#8211; Alto total: 119 &#8211;\u00a0 126 cm\u00a0 &#8211; Alto asiento: 48 &#8211; 54 cm\u00a0 &#8211;\u00a0 Di\u00e1metro de la base: 67 cm<\/p>\n<p>&nbsp;<\/p>\n","protected":false},"excerpt":{"rendered":"<p><span style=\"color: #000000; font-family: Calibri; font-size: medium;\">Sill\u00f3n de direcci\u00f3n Cantabria se encuentran especialmente dise\u00f1adas para decorar despachos de direcci\u00f3n. Su acabado en piel y el color oscuro de su tapicer\u00eda hacen de esta pieza un elemento \u00fanico.<\/span><\/p>\n","protected":false},"featured_media":1937,"comment_status":"open","ping_status":"closed","template":"","meta":{"_et_pb_use_builder":"","_et_pb_old_content":"","_et_gb_content_width":""},"product_brand":[],"product_cat":[57,65,64],"product_tag":[184],"class_list":{"0":"post-762","1":"product","2":"type-product","3":"status-publish","4":"has-post-thumbnail","6":"product_cat-espacios-de-trabajo","7":"product_cat-direccion-silleria-de-oficina-espacios-de-trabajo","8":"product_cat-silleria-de-oficina","9":"product_tag-silleria-direccion","11":"first","12":"instock","13":"shipping-taxable","14":"product-type-simple"},"yoast_head":"<!-- This site is optimized with the Yoast SEO plugin v27.3 - https:\/\/yoast.com\/product\/yoast-seo-wordpress\/ -->\n<title>Sill\u00f3n Cantabria - Josma Equipamiento<\/title>\n<meta name=\"robots\" content=\"index, follow, max-snippet:-1, max-image-preview:large, max-video-preview:-1\" \/>\n<link rel=\"canonical\" href=\"http:\/\/josmaequipamiento.es\/?product=sillon-cantabria\" \/>\n<meta property=\"og:locale\" content=\"es_ES\" \/>\n<meta property=\"og:type\" content=\"article\" \/>\n<meta property=\"og:title\" content=\"Sill\u00f3n Cantabria - Josma Equipamiento\" \/>\n<meta property=\"og:description\" content=\"Sill\u00f3n de direcci\u00f3n Cantabria se encuentran especialmente dise\u00f1adas para decorar despachos de direcci\u00f3n. Su acabado en piel y el color oscuro de su tapicer\u00eda hacen de esta pieza un elemento \u00fanico.\" \/>\n<meta property=\"og:url\" content=\"http:\/\/josmaequipamiento.es\/?product=sillon-cantabria\" \/>\n<meta property=\"og:site_name\" content=\"Josma Equipamiento\" \/>\n<meta property=\"article:modified_time\" content=\"2016-07-20T13:58:32+00:00\" \/>\n<meta property=\"og:image\" content=\"http:\/\/josmaequipamiento.es\/wp-content\/uploads\/2016\/07\/Cantabria-640x480.png\" \/>\n\t<meta property=\"og:image:width\" content=\"640\" \/>\n\t<meta property=\"og:image:height\" content=\"480\" \/>\n\t<meta property=\"og:image:type\" content=\"image\/png\" \/>\n<meta name=\"twitter:card\" content=\"summary_large_image\" \/>\n<meta name=\"twitter:label1\" content=\"Tiempo de lectura\" \/>\n\t<meta name=\"twitter:data1\" content=\"1 minuto\" \/>\n<script type=\"application\/ld+json\" class=\"yoast-schema-graph\">{\"@context\":\"https:\\\/\\\/schema.org\",\"@graph\":[{\"@type\":\"WebPage\",\"@id\":\"http:\\\/\\\/josmaequipamiento.es\\\/?product=sillon-cantabria\",\"url\":\"http:\\\/\\\/josmaequipamiento.es\\\/?product=sillon-cantabria\",\"name\":\"Sill\u00f3n Cantabria - Josma Equipamiento\",\"isPartOf\":{\"@id\":\"http:\\\/\\\/josmaequipamiento.es\\\/#website\"},\"primaryImageOfPage\":{\"@id\":\"http:\\\/\\\/josmaequipamiento.es\\\/?product=sillon-cantabria#primaryimage\"},\"image\":{\"@id\":\"http:\\\/\\\/josmaequipamiento.es\\\/?product=sillon-cantabria#primaryimage\"},\"thumbnailUrl\":\"https:\\\/\\\/josmaequipamiento.es\\\/wp-content\\\/uploads\\\/2016\\\/07\\\/Cantabria-640x480.png\",\"datePublished\":\"2016-06-11T16:51:38+00:00\",\"dateModified\":\"2016-07-20T13:58:32+00:00\",\"breadcrumb\":{\"@id\":\"http:\\\/\\\/josmaequipamiento.es\\\/?product=sillon-cantabria#breadcrumb\"},\"inLanguage\":\"es\",\"potentialAction\":[{\"@type\":\"ReadAction\",\"target\":[\"http:\\\/\\\/josmaequipamiento.es\\\/?product=sillon-cantabria\"]}]},{\"@type\":\"ImageObject\",\"inLanguage\":\"es\",\"@id\":\"http:\\\/\\\/josmaequipamiento.es\\\/?product=sillon-cantabria#primaryimage\",\"url\":\"https:\\\/\\\/josmaequipamiento.es\\\/wp-content\\\/uploads\\\/2016\\\/07\\\/Cantabria-640x480.png\",\"contentUrl\":\"https:\\\/\\\/josmaequipamiento.es\\\/wp-content\\\/uploads\\\/2016\\\/07\\\/Cantabria-640x480.png\",\"width\":640,\"height\":480},{\"@type\":\"BreadcrumbList\",\"@id\":\"http:\\\/\\\/josmaequipamiento.es\\\/?product=sillon-cantabria#breadcrumb\",\"itemListElement\":[{\"@type\":\"ListItem\",\"position\":1,\"name\":\"Home\",\"item\":\"http:\\\/\\\/josmaequipamiento.es\\\/\"},{\"@type\":\"ListItem\",\"position\":2,\"name\":\"Productos\",\"item\":\"http:\\\/\\\/josmaequipamiento.es\\\/?page_id=109\"},{\"@type\":\"ListItem\",\"position\":3,\"name\":\"Sill\u00f3n Cantabria\"}]},{\"@type\":\"WebSite\",\"@id\":\"http:\\\/\\\/josmaequipamiento.es\\\/#website\",\"url\":\"http:\\\/\\\/josmaequipamiento.es\\\/\",\"name\":\"Josma Equipamiento\",\"description\":\"Todo lo relativo a equipamiento\",\"potentialAction\":[{\"@type\":\"SearchAction\",\"target\":{\"@type\":\"EntryPoint\",\"urlTemplate\":\"http:\\\/\\\/josmaequipamiento.es\\\/?s={search_term_string}\"},\"query-input\":{\"@type\":\"PropertyValueSpecification\",\"valueRequired\":true,\"valueName\":\"search_term_string\"}}],\"inLanguage\":\"es\"}]}<\/script>\n<!-- \/ Yoast SEO plugin. -->","yoast_head_json":{"title":"Sill\u00f3n Cantabria - Josma Equipamiento","robots":{"index":"index","follow":"follow","max-snippet":"max-snippet:-1","max-image-preview":"max-image-preview:large","max-video-preview":"max-video-preview:-1"},"canonical":"http:\/\/josmaequipamiento.es\/?product=sillon-cantabria","og_locale":"es_ES","og_type":"article","og_title":"Sill\u00f3n Cantabria - Josma Equipamiento","og_description":"Sill\u00f3n de direcci\u00f3n Cantabria se encuentran especialmente dise\u00f1adas para decorar despachos de direcci\u00f3n. Su acabado en piel y el color oscuro de su tapicer\u00eda hacen de esta pieza un elemento \u00fanico.","og_url":"http:\/\/josmaequipamiento.es\/?product=sillon-cantabria","og_site_name":"Josma Equipamiento","article_modified_time":"2016-07-20T13:58:32+00:00","og_image":[{"width":640,"height":480,"url":"http:\/\/josmaequipamiento.es\/wp-content\/uploads\/2016\/07\/Cantabria-640x480.png","type":"image\/png"}],"twitter_card":"summary_large_image","twitter_misc":{"Tiempo de lectura":"1 minuto"},"schema":{"@context":"https:\/\/schema.org","@graph":[{"@type":"WebPage","@id":"http:\/\/josmaequipamiento.es\/?product=sillon-cantabria","url":"http:\/\/josmaequipamiento.es\/?product=sillon-cantabria","name":"Sill\u00f3n Cantabria - Josma Equipamiento","isPartOf":{"@id":"http:\/\/josmaequipamiento.es\/#website"},"primaryImageOfPage":{"@id":"http:\/\/josmaequipamiento.es\/?product=sillon-cantabria#primaryimage"},"image":{"@id":"http:\/\/josmaequipamiento.es\/?product=sillon-cantabria#primaryimage"},"thumbnailUrl":"https:\/\/josmaequipamiento.es\/wp-content\/uploads\/2016\/07\/Cantabria-640x480.png","datePublished":"2016-06-11T16:51:38+00:00","dateModified":"2016-07-20T13:58:32+00:00","breadcrumb":{"@id":"http:\/\/josmaequipamiento.es\/?product=sillon-cantabria#breadcrumb"},"inLanguage":"es","potentialAction":[{"@type":"ReadAction","target":["http:\/\/josmaequipamiento.es\/?product=sillon-cantabria"]}]},{"@type":"ImageObject","inLanguage":"es","@id":"http:\/\/josmaequipamiento.es\/?product=sillon-cantabria#primaryimage","url":"https:\/\/josmaequipamiento.es\/wp-content\/uploads\/2016\/07\/Cantabria-640x480.png","contentUrl":"https:\/\/josmaequipamiento.es\/wp-content\/uploads\/2016\/07\/Cantabria-640x480.png","width":640,"height":480},{"@type":"BreadcrumbList","@id":"http:\/\/josmaequipamiento.es\/?product=sillon-cantabria#breadcrumb","itemListElement":[{"@type":"ListItem","position":1,"name":"Home","item":"http:\/\/josmaequipamiento.es\/"},{"@type":"ListItem","position":2,"name":"Productos","item":"http:\/\/josmaequipamiento.es\/?page_id=109"},{"@type":"ListItem","position":3,"name":"Sill\u00f3n Cantabria"}]},{"@type":"WebSite","@id":"http:\/\/josmaequipamiento.es\/#website","url":"http:\/\/josmaequipamiento.es\/","name":"Josma Equipamiento","description":"Todo lo relativo a equipamiento","potentialAction":[{"@type":"SearchAction","target":{"@type":"EntryPoint","urlTemplate":"http:\/\/josmaequipamiento.es\/?s={search_term_string}"},"query-input":{"@type":"PropertyValueSpecification","valueRequired":true,"valueName":"search_term_string"}}],"inLanguage":"es"}]}},"_links":{"self":[{"href":"https:\/\/josmaequipamiento.es\/index.php?rest_route=\/wp\/v2\/product\/762","targetHints":{"allow":["GET"]}}],"collection":[{"href":"https:\/\/josmaequipamiento.es\/index.php?rest_route=\/wp\/v2\/product"}],"about":[{"href":"https:\/\/josmaequipamiento.es\/index.php?rest_route=\/wp\/v2\/types\/product"}],"replies":[{"embeddable":true,"href":"https:\/\/josmaequipamiento.es\/index.php?rest_route=%2Fwp%2Fv2%2Fcomments&post=762"}],"wp:featuredmedia":[{"embeddable":true,"href":"https:\/\/josmaequipamiento.es\/index.php?rest_route=\/wp\/v2\/media\/1937"}],"wp:attachment":[{"href":"https:\/\/josmaequipamiento.es\/index.php?rest_route=%2Fwp%2Fv2%2Fmedia&parent=762"}],"wp:term":[{"taxonomy":"product_brand","embeddable":true,"href":"https:\/\/josmaequipamiento.es\/index.php?rest_route=%2Fwp%2Fv2%2Fproduct_brand&post=762"},{"taxonomy":"product_cat","embeddable":true,"href":"https:\/\/josmaequipamiento.es\/index.php?rest_route=%2Fwp%2Fv2%2Fproduct_cat&post=762"},{"taxonomy":"product_tag","embeddable":true,"href":"https:\/\/josmaequipamiento.es\/index.php?rest_route=%2Fwp%2Fv2%2Fproduct_tag&post=762"}],"curies":[{"name":"wp","href":"https:\/\/api.w.org\/{rel}","templated":true}]}}