{"id":770,"date":"2016-06-11T17:13:24","date_gmt":"2016-06-11T17:13:24","guid":{"rendered":"http:\/\/josmaequipamiento.es\/?post_type=product&#038;p=770"},"modified":"2016-07-23T18:28:23","modified_gmt":"2016-07-23T18:28:23","slug":"silla-operativa-touch","status":"publish","type":"product","link":"https:\/\/josmaequipamiento.es\/?product=silla-operativa-touch","title":{"rendered":"Silla Operativa Touch"},"content":{"rendered":"<p><span style=\"color: #000000; font-family: Calibri; font-size: medium;\">Silla giratoria multifuncional regulable en altura, compuesta por asiento y respaldo disponible en dos alturas. Ambos elementos van tapizados y disponen de forma ergon\u00f3mica. Adem\u00e1s, puede adquirirse con brazos regulables o fijos. Opcionalmente en el respaldo alto puede llevar apoyo cervical de descanso, con forma anat\u00f3mica.<\/span><\/p>\n<p><span style=\"color: #000000; font-family: Calibri; font-size: medium;\">Inspirada en la elegancia de las formas simples, esbeltas y ligeras\u2026 Una pieza de altas prestaciones que seduce por su sencillez y calidad final, aunando dise\u00f1o, versatilidad y ergonom\u00eda. S\u00f3lo algo tan tentador pod\u00eda llamarse as\u00ed.<\/span><\/p>\n<p><span style=\"color: #000000; font-family: Calibri; font-size: medium;\">Touch se ha creado como una silla de altas prestaciones con un estudiado desarrollo que le permite integrarse en todo tipo de instalaciones. Nace as\u00ed una familia de siller\u00eda operativa, guiada por un concepto clave: versatilidad. Touch se presenta con respaldo alto o respaldo bajo, con brazos opcionales regulables o fijos y respaldo alto con cabezal, ideal para los puestos de direcci\u00f3n. Dise\u00f1ada en colaboraci\u00f3n con Josep Llusc\u00e0, Touch cuenta con una bandeja de polipropileno en el interior del asiento que act\u00faa como soporte a la espuma inyectada de alta densidad, pensada para el confort \u00f3ptimo del usuario. El asiento est\u00e1 tapizado en tela o piel, con una carcasa de polipropileno acabada en gris oscuro o blanco roto. Las sillas, con base giratoria piramidal de poliamida, aluminio pulido o aluminio pintada en blanco, cuentan con el mecanismo Sincro Motion, de altas prestaciones funcionales y ergon\u00f3micas<\/span><\/p>\n","protected":false},"excerpt":{"rendered":"<p><span style=\"color: #000000; font-family: Calibri; font-size: medium;\">La silla de oficina Touch es una silla operativa y direccional, disponible en 3 versiones, con respaldo alto con posibilidad de cabezal tapizado, respaldo bajo o pat\u00edn. Fabricada con carcasa exterior de polipropileno y espuma de poliuretano inyectada tapizada, base piramidal de 5 radios y mecanismo syncro motion; hacen de ella una silla ergon\u00f3mica y duradera<\/span><\/p>\n","protected":false},"featured_media":2088,"comment_status":"open","ping_status":"closed","template":"","meta":{"_et_pb_use_builder":"","_et_pb_old_content":"","_et_gb_content_width":""},"product_brand":[],"product_cat":[57,66,64],"product_tag":[185],"class_list":{"0":"post-770","1":"product","2":"type-product","3":"status-publish","4":"has-post-thumbnail","6":"product_cat-espacios-de-trabajo","7":"product_cat-operativas","8":"product_cat-silleria-de-oficina","9":"product_tag-silleria-operativa","11":"first","12":"instock","13":"shipping-taxable","14":"product-type-simple"},"yoast_head":"<!-- This site is optimized with the Yoast SEO plugin v27.3 - https:\/\/yoast.com\/product\/yoast-seo-wordpress\/ -->\n<title>Silla Operativa Touch - Josma Equipamiento<\/title>\n<meta name=\"robots\" content=\"index, follow, max-snippet:-1, max-image-preview:large, max-video-preview:-1\" \/>\n<link rel=\"canonical\" href=\"http:\/\/josmaequipamiento.es\/?product=silla-operativa-touch\" \/>\n<meta property=\"og:locale\" content=\"es_ES\" \/>\n<meta property=\"og:type\" content=\"article\" \/>\n<meta property=\"og:title\" content=\"Silla Operativa Touch - Josma Equipamiento\" \/>\n<meta property=\"og:description\" content=\"La silla de oficina Touch es una silla operativa y direccional, disponible en 3 versiones, con respaldo alto con posibilidad de cabezal tapizado, respaldo bajo o pat\u00edn. Fabricada con carcasa exterior de polipropileno y espuma de poliuretano inyectada tapizada, base piramidal de 5 radios y mecanismo syncro motion; hacen de ella una silla ergon\u00f3mica y duradera\" \/>\n<meta property=\"og:url\" content=\"http:\/\/josmaequipamiento.es\/?product=silla-operativa-touch\" \/>\n<meta property=\"og:site_name\" content=\"Josma Equipamiento\" \/>\n<meta property=\"article:modified_time\" content=\"2016-07-23T18:28:23+00:00\" \/>\n<meta property=\"og:image\" content=\"http:\/\/josmaequipamiento.es\/wp-content\/uploads\/2016\/06\/touch_-640x480.jpg\" \/>\n\t<meta property=\"og:image:width\" content=\"640\" \/>\n\t<meta property=\"og:image:height\" content=\"480\" \/>\n\t<meta property=\"og:image:type\" content=\"image\/jpeg\" \/>\n<meta name=\"twitter:card\" content=\"summary_large_image\" \/>\n<meta name=\"twitter:label1\" content=\"Tiempo de lectura\" \/>\n\t<meta name=\"twitter:data1\" content=\"1 minuto\" \/>\n<script type=\"application\/ld+json\" class=\"yoast-schema-graph\">{\"@context\":\"https:\\\/\\\/schema.org\",\"@graph\":[{\"@type\":\"WebPage\",\"@id\":\"http:\\\/\\\/josmaequipamiento.es\\\/?product=silla-operativa-touch\",\"url\":\"http:\\\/\\\/josmaequipamiento.es\\\/?product=silla-operativa-touch\",\"name\":\"Silla Operativa Touch - Josma Equipamiento\",\"isPartOf\":{\"@id\":\"http:\\\/\\\/josmaequipamiento.es\\\/#website\"},\"primaryImageOfPage\":{\"@id\":\"http:\\\/\\\/josmaequipamiento.es\\\/?product=silla-operativa-touch#primaryimage\"},\"image\":{\"@id\":\"http:\\\/\\\/josmaequipamiento.es\\\/?product=silla-operativa-touch#primaryimage\"},\"thumbnailUrl\":\"https:\\\/\\\/josmaequipamiento.es\\\/wp-content\\\/uploads\\\/2016\\\/06\\\/touch_-640x480.jpg\",\"datePublished\":\"2016-06-11T17:13:24+00:00\",\"dateModified\":\"2016-07-23T18:28:23+00:00\",\"breadcrumb\":{\"@id\":\"http:\\\/\\\/josmaequipamiento.es\\\/?product=silla-operativa-touch#breadcrumb\"},\"inLanguage\":\"es\",\"potentialAction\":[{\"@type\":\"ReadAction\",\"target\":[\"http:\\\/\\\/josmaequipamiento.es\\\/?product=silla-operativa-touch\"]}]},{\"@type\":\"ImageObject\",\"inLanguage\":\"es\",\"@id\":\"http:\\\/\\\/josmaequipamiento.es\\\/?product=silla-operativa-touch#primaryimage\",\"url\":\"https:\\\/\\\/josmaequipamiento.es\\\/wp-content\\\/uploads\\\/2016\\\/06\\\/touch_-640x480.jpg\",\"contentUrl\":\"https:\\\/\\\/josmaequipamiento.es\\\/wp-content\\\/uploads\\\/2016\\\/06\\\/touch_-640x480.jpg\",\"width\":640,\"height\":480},{\"@type\":\"BreadcrumbList\",\"@id\":\"http:\\\/\\\/josmaequipamiento.es\\\/?product=silla-operativa-touch#breadcrumb\",\"itemListElement\":[{\"@type\":\"ListItem\",\"position\":1,\"name\":\"Home\",\"item\":\"http:\\\/\\\/josmaequipamiento.es\\\/\"},{\"@type\":\"ListItem\",\"position\":2,\"name\":\"Productos\",\"item\":\"http:\\\/\\\/josmaequipamiento.es\\\/?page_id=109\"},{\"@type\":\"ListItem\",\"position\":3,\"name\":\"Silla Operativa Touch\"}]},{\"@type\":\"WebSite\",\"@id\":\"http:\\\/\\\/josmaequipamiento.es\\\/#website\",\"url\":\"http:\\\/\\\/josmaequipamiento.es\\\/\",\"name\":\"Josma Equipamiento\",\"description\":\"Todo lo relativo a equipamiento\",\"potentialAction\":[{\"@type\":\"SearchAction\",\"target\":{\"@type\":\"EntryPoint\",\"urlTemplate\":\"http:\\\/\\\/josmaequipamiento.es\\\/?s={search_term_string}\"},\"query-input\":{\"@type\":\"PropertyValueSpecification\",\"valueRequired\":true,\"valueName\":\"search_term_string\"}}],\"inLanguage\":\"es\"}]}<\/script>\n<!-- \/ Yoast SEO plugin. -->","yoast_head_json":{"title":"Silla Operativa Touch - Josma Equipamiento","robots":{"index":"index","follow":"follow","max-snippet":"max-snippet:-1","max-image-preview":"max-image-preview:large","max-video-preview":"max-video-preview:-1"},"canonical":"http:\/\/josmaequipamiento.es\/?product=silla-operativa-touch","og_locale":"es_ES","og_type":"article","og_title":"Silla Operativa Touch - Josma Equipamiento","og_description":"La silla de oficina Touch es una silla operativa y direccional, disponible en 3 versiones, con respaldo alto con posibilidad de cabezal tapizado, respaldo bajo o pat\u00edn. Fabricada con carcasa exterior de polipropileno y espuma de poliuretano inyectada tapizada, base piramidal de 5 radios y mecanismo syncro motion; hacen de ella una silla ergon\u00f3mica y duradera","og_url":"http:\/\/josmaequipamiento.es\/?product=silla-operativa-touch","og_site_name":"Josma Equipamiento","article_modified_time":"2016-07-23T18:28:23+00:00","og_image":[{"width":640,"height":480,"url":"http:\/\/josmaequipamiento.es\/wp-content\/uploads\/2016\/06\/touch_-640x480.jpg","type":"image\/jpeg"}],"twitter_card":"summary_large_image","twitter_misc":{"Tiempo de lectura":"1 minuto"},"schema":{"@context":"https:\/\/schema.org","@graph":[{"@type":"WebPage","@id":"http:\/\/josmaequipamiento.es\/?product=silla-operativa-touch","url":"http:\/\/josmaequipamiento.es\/?product=silla-operativa-touch","name":"Silla Operativa Touch - Josma Equipamiento","isPartOf":{"@id":"http:\/\/josmaequipamiento.es\/#website"},"primaryImageOfPage":{"@id":"http:\/\/josmaequipamiento.es\/?product=silla-operativa-touch#primaryimage"},"image":{"@id":"http:\/\/josmaequipamiento.es\/?product=silla-operativa-touch#primaryimage"},"thumbnailUrl":"https:\/\/josmaequipamiento.es\/wp-content\/uploads\/2016\/06\/touch_-640x480.jpg","datePublished":"2016-06-11T17:13:24+00:00","dateModified":"2016-07-23T18:28:23+00:00","breadcrumb":{"@id":"http:\/\/josmaequipamiento.es\/?product=silla-operativa-touch#breadcrumb"},"inLanguage":"es","potentialAction":[{"@type":"ReadAction","target":["http:\/\/josmaequipamiento.es\/?product=silla-operativa-touch"]}]},{"@type":"ImageObject","inLanguage":"es","@id":"http:\/\/josmaequipamiento.es\/?product=silla-operativa-touch#primaryimage","url":"https:\/\/josmaequipamiento.es\/wp-content\/uploads\/2016\/06\/touch_-640x480.jpg","contentUrl":"https:\/\/josmaequipamiento.es\/wp-content\/uploads\/2016\/06\/touch_-640x480.jpg","width":640,"height":480},{"@type":"BreadcrumbList","@id":"http:\/\/josmaequipamiento.es\/?product=silla-operativa-touch#breadcrumb","itemListElement":[{"@type":"ListItem","position":1,"name":"Home","item":"http:\/\/josmaequipamiento.es\/"},{"@type":"ListItem","position":2,"name":"Productos","item":"http:\/\/josmaequipamiento.es\/?page_id=109"},{"@type":"ListItem","position":3,"name":"Silla Operativa Touch"}]},{"@type":"WebSite","@id":"http:\/\/josmaequipamiento.es\/#website","url":"http:\/\/josmaequipamiento.es\/","name":"Josma Equipamiento","description":"Todo lo relativo a equipamiento","potentialAction":[{"@type":"SearchAction","target":{"@type":"EntryPoint","urlTemplate":"http:\/\/josmaequipamiento.es\/?s={search_term_string}"},"query-input":{"@type":"PropertyValueSpecification","valueRequired":true,"valueName":"search_term_string"}}],"inLanguage":"es"}]}},"_links":{"self":[{"href":"https:\/\/josmaequipamiento.es\/index.php?rest_route=\/wp\/v2\/product\/770","targetHints":{"allow":["GET"]}}],"collection":[{"href":"https:\/\/josmaequipamiento.es\/index.php?rest_route=\/wp\/v2\/product"}],"about":[{"href":"https:\/\/josmaequipamiento.es\/index.php?rest_route=\/wp\/v2\/types\/product"}],"replies":[{"embeddable":true,"href":"https:\/\/josmaequipamiento.es\/index.php?rest_route=%2Fwp%2Fv2%2Fcomments&post=770"}],"wp:featuredmedia":[{"embeddable":true,"href":"https:\/\/josmaequipamiento.es\/index.php?rest_route=\/wp\/v2\/media\/2088"}],"wp:attachment":[{"href":"https:\/\/josmaequipamiento.es\/index.php?rest_route=%2Fwp%2Fv2%2Fmedia&parent=770"}],"wp:term":[{"taxonomy":"product_brand","embeddable":true,"href":"https:\/\/josmaequipamiento.es\/index.php?rest_route=%2Fwp%2Fv2%2Fproduct_brand&post=770"},{"taxonomy":"product_cat","embeddable":true,"href":"https:\/\/josmaequipamiento.es\/index.php?rest_route=%2Fwp%2Fv2%2Fproduct_cat&post=770"},{"taxonomy":"product_tag","embeddable":true,"href":"https:\/\/josmaequipamiento.es\/index.php?rest_route=%2Fwp%2Fv2%2Fproduct_tag&post=770"}],"curies":[{"name":"wp","href":"https:\/\/api.w.org\/{rel}","templated":true}]}}