{"id":791,"date":"2016-06-11T17:24:24","date_gmt":"2016-06-11T17:24:24","guid":{"rendered":"http:\/\/josmaequipamiento.es\/?post_type=product&#038;p=791"},"modified":"2016-07-23T18:22:29","modified_gmt":"2016-07-23T18:22:29","slug":"silla-operativa-pop","status":"publish","type":"product","link":"https:\/\/josmaequipamiento.es\/?product=silla-operativa-pop","title":{"rendered":"Silla Operativa Pop"},"content":{"rendered":"<p><span style=\"color: #000000; font-family: Calibri; font-size: medium;\">El asiento interior se compone de un pol\u00edmero de \u00faltima generaci\u00f3n, con varias tuercas embutidas que permiten una posterior uni\u00f3n atornillada de brazos y mecanismo, lo que le confiere una mayor resistencia en la fijaci\u00f3n. El asiento interior est\u00e1 recubierto por gomaespuma de 45 kg \/ m3 de densidad y 35 mm de grosor. Sobre la goma-espuma, se tapiza la tela por la parte superior del asiento, mientras por la parte inferior el asiento va revestido con una carcasa embellecedora plastificada negra. El asiento tiene una estudiada morfolog\u00eda que le permite adaptarse perfectamente al cuerpo humano.<\/span><span style=\"color: #000000; font-family: Calibri; font-size: medium;\">\u00a0<\/span><\/p>\n<p><span style=\"color: #000000; font-family: Calibri; font-size: medium;\">El respaldo de la silla POP es el elemento que le confiere m\u00e1s personalidad al conjunto. El respaldo se presenta con una carcasa exterior de poliamida. El respaldo interior es plastificado lo que le dota de gran resistencia y flexibilidad. El respaldo interior est\u00e1 revestido por gomaespuma inyectada de alta calidad, con una densidad de 30 kg \/ cm3 con aproximadamente 30 mm de grosor.<\/span><\/p>\n<p><span style=\"color: #000000; font-family: Calibri; font-size: medium;\">La serie POP puede presentarse con tres configuraciones. Sin brazos, con brazos Fijos o bien, con brazos Regulables, adapt\u00e1ndose de este modo a las necesidades m\u00e1s dispares. El Brazo Fijo va compuesto por dos tubos met\u00e1licos cromados rematados en la zona superior con una carcasa de polipropileno en color negro. El Brazo Regulable compuesto por un cuerpo de acero cromado, con una tapa de poliamida negra en su parte superior. <\/span><span style=\"color: #000000; font-family: Calibri; font-size: medium;\">Posee regulaci\u00f3n 2D. En opci\u00f3n est\u00e1 el 4D.<\/span><\/p>\n<p><span style=\"color: #000000; font-family: Calibri; font-size: medium;\">Mecanismo: Existen dos opciones, el mecanismo sincro, y el mecanismo sincro con regulaci\u00f3n en profundidad del asiento.<\/span><\/p>\n<p><span style=\"color: #000000; font-family: Calibri; font-size: medium;\">En ambos casos son mecanismos ya utilizados por Luyando System en otros modelos y con una amplia trayectoria, ofreciendo un inmejorable resultado.<\/span><\/p>\n<p><span style=\"color: #000000; font-family: Calibri; font-size: medium;\">1. Mecanismo sincro<\/span><\/p>\n<p><span style=\"color: #000000; font-family: Calibri; font-size: medium;\">El mecanismo sincro incluido en esta silla, tiene una gran funcionalidad, permitiendo posiciones adelantadas del respaldo para trabajos que requieren un avance del cuerpo, as\u00ed como posiciones retrasadas del respaldo para descanso, y todo ello con un contacto del respaldo continuado, reduciendo el trabajo realizado por la zona lumbar del usuario. La relaci\u00f3n de movimiento asientorespaldo es de 2:1,1, es decir, el asiento se inclina 11\u00ba cuando el respaldo se mueve 20\u00ba. Esta relaci\u00f3n se mantiene para cualquiera de las cinco posiciones diferentes en las que se puede bloquear. Tambi\u00e9n existe una regulaci\u00f3n de tensi\u00f3n del mecanismo, para lograr adaptar la fuerza que el respaldo ejerce sobre la espalda al peso del usuario.<\/span><\/p>\n<p><span style=\"color: #000000; font-family: Calibri; font-size: medium;\">2. Mecanismo sincro con regulaci\u00f3n en profundidad<\/span><\/p>\n<p><span style=\"color: #000000; font-family: Calibri; font-size: medium;\">El mecanismo sincro con regulaci\u00f3n en profundidad, es b\u00e1sicamente igual que el sincro, con id\u00e9nticas prestaciones, permitiendo adem\u00e1s regular la longitud existente entre el respaldo y el borde delantero del asiento, consiguiendo as\u00ed un apoyo total de la pierna (desde la cadera hasta la rodilla). Las dos opciones, poseen un sistema antirretorno del respaldo, de modo que si se desbloquea el movimiento del respaldo por accidente, no golpee al usuario, sino que se debe apoyar la espalda al mismo tiempo de desbloquear el mecanismo para iniciar el movimiento.<\/span><\/p>\n<p><span style=\"color: #000000; font-family: Calibri; font-size: medium;\">\u00a0<\/span><\/p>\n","protected":false},"excerpt":{"rendered":"<p><span style=\"color: #000000; font-family: Calibri; font-size: medium;\">La silla de oficina Pop es una silla operativa. Fabricada con carcasa exterior de polipropileno y gomaespuma moldeable tapizada, base piramidal de 5 radios y mecanismo syncro 5 posiciones; hacen de ella una silla ergon\u00f3mica y duradera.<\/span><\/p>\n","protected":false},"featured_media":2077,"comment_status":"open","ping_status":"closed","template":"","meta":{"_et_pb_use_builder":"","_et_pb_old_content":"","_et_gb_content_width":""},"product_brand":[],"product_cat":[57,66,64],"product_tag":[185],"class_list":{"0":"post-791","1":"product","2":"type-product","3":"status-publish","4":"has-post-thumbnail","6":"product_cat-espacios-de-trabajo","7":"product_cat-operativas","8":"product_cat-silleria-de-oficina","9":"product_tag-silleria-operativa","11":"first","12":"instock","13":"shipping-taxable","14":"product-type-simple"},"yoast_head":"<!-- This site is optimized with the Yoast SEO plugin v27.3 - https:\/\/yoast.com\/product\/yoast-seo-wordpress\/ -->\n<title>Silla Operativa Pop - Josma Equipamiento<\/title>\n<meta name=\"robots\" content=\"index, follow, max-snippet:-1, max-image-preview:large, max-video-preview:-1\" \/>\n<link rel=\"canonical\" href=\"https:\/\/josmaequipamiento.es\/?product=silla-operativa-pop\" \/>\n<meta property=\"og:locale\" content=\"es_ES\" \/>\n<meta property=\"og:type\" content=\"article\" \/>\n<meta property=\"og:title\" content=\"Silla Operativa Pop - Josma Equipamiento\" \/>\n<meta property=\"og:description\" content=\"La silla de oficina Pop es una silla operativa. Fabricada con carcasa exterior de polipropileno y gomaespuma moldeable tapizada, base piramidal de 5 radios y mecanismo syncro 5 posiciones; hacen de ella una silla ergon\u00f3mica y duradera.\" \/>\n<meta property=\"og:url\" content=\"https:\/\/josmaequipamiento.es\/?product=silla-operativa-pop\" \/>\n<meta property=\"og:site_name\" content=\"Josma Equipamiento\" \/>\n<meta property=\"article:modified_time\" content=\"2016-07-23T18:22:29+00:00\" \/>\n<meta property=\"og:image\" content=\"https:\/\/josmaequipamiento.es\/wp-content\/uploads\/2016\/07\/Pop_21.jpg\" \/>\n\t<meta property=\"og:image:width\" content=\"640\" \/>\n\t<meta property=\"og:image:height\" content=\"480\" \/>\n\t<meta property=\"og:image:type\" content=\"image\/jpeg\" \/>\n<meta name=\"twitter:card\" content=\"summary_large_image\" \/>\n<meta name=\"twitter:label1\" content=\"Tiempo de lectura\" \/>\n\t<meta name=\"twitter:data1\" content=\"3 minutos\" \/>\n<script type=\"application\/ld+json\" class=\"yoast-schema-graph\">{\"@context\":\"https:\\\/\\\/schema.org\",\"@graph\":[{\"@type\":\"WebPage\",\"@id\":\"https:\\\/\\\/josmaequipamiento.es\\\/?product=silla-operativa-pop\",\"url\":\"https:\\\/\\\/josmaequipamiento.es\\\/?product=silla-operativa-pop\",\"name\":\"Silla Operativa Pop - Josma Equipamiento\",\"isPartOf\":{\"@id\":\"http:\\\/\\\/josmaequipamiento.es\\\/#website\"},\"primaryImageOfPage\":{\"@id\":\"https:\\\/\\\/josmaequipamiento.es\\\/?product=silla-operativa-pop#primaryimage\"},\"image\":{\"@id\":\"https:\\\/\\\/josmaequipamiento.es\\\/?product=silla-operativa-pop#primaryimage\"},\"thumbnailUrl\":\"https:\\\/\\\/josmaequipamiento.es\\\/wp-content\\\/uploads\\\/2016\\\/07\\\/Pop_21.jpg\",\"datePublished\":\"2016-06-11T17:24:24+00:00\",\"dateModified\":\"2016-07-23T18:22:29+00:00\",\"breadcrumb\":{\"@id\":\"https:\\\/\\\/josmaequipamiento.es\\\/?product=silla-operativa-pop#breadcrumb\"},\"inLanguage\":\"es\",\"potentialAction\":[{\"@type\":\"ReadAction\",\"target\":[\"https:\\\/\\\/josmaequipamiento.es\\\/?product=silla-operativa-pop\"]}]},{\"@type\":\"ImageObject\",\"inLanguage\":\"es\",\"@id\":\"https:\\\/\\\/josmaequipamiento.es\\\/?product=silla-operativa-pop#primaryimage\",\"url\":\"https:\\\/\\\/josmaequipamiento.es\\\/wp-content\\\/uploads\\\/2016\\\/07\\\/Pop_21.jpg\",\"contentUrl\":\"https:\\\/\\\/josmaequipamiento.es\\\/wp-content\\\/uploads\\\/2016\\\/07\\\/Pop_21.jpg\",\"width\":640,\"height\":480},{\"@type\":\"BreadcrumbList\",\"@id\":\"https:\\\/\\\/josmaequipamiento.es\\\/?product=silla-operativa-pop#breadcrumb\",\"itemListElement\":[{\"@type\":\"ListItem\",\"position\":1,\"name\":\"Home\",\"item\":\"http:\\\/\\\/josmaequipamiento.es\\\/\"},{\"@type\":\"ListItem\",\"position\":2,\"name\":\"Productos\",\"item\":\"http:\\\/\\\/josmaequipamiento.es\\\/?page_id=109\"},{\"@type\":\"ListItem\",\"position\":3,\"name\":\"Silla Operativa Pop\"}]},{\"@type\":\"WebSite\",\"@id\":\"http:\\\/\\\/josmaequipamiento.es\\\/#website\",\"url\":\"http:\\\/\\\/josmaequipamiento.es\\\/\",\"name\":\"Josma Equipamiento\",\"description\":\"Todo lo relativo a equipamiento\",\"potentialAction\":[{\"@type\":\"SearchAction\",\"target\":{\"@type\":\"EntryPoint\",\"urlTemplate\":\"http:\\\/\\\/josmaequipamiento.es\\\/?s={search_term_string}\"},\"query-input\":{\"@type\":\"PropertyValueSpecification\",\"valueRequired\":true,\"valueName\":\"search_term_string\"}}],\"inLanguage\":\"es\"}]}<\/script>\n<!-- \/ Yoast SEO plugin. -->","yoast_head_json":{"title":"Silla Operativa Pop - Josma Equipamiento","robots":{"index":"index","follow":"follow","max-snippet":"max-snippet:-1","max-image-preview":"max-image-preview:large","max-video-preview":"max-video-preview:-1"},"canonical":"https:\/\/josmaequipamiento.es\/?product=silla-operativa-pop","og_locale":"es_ES","og_type":"article","og_title":"Silla Operativa Pop - Josma Equipamiento","og_description":"La silla de oficina Pop es una silla operativa. Fabricada con carcasa exterior de polipropileno y gomaespuma moldeable tapizada, base piramidal de 5 radios y mecanismo syncro 5 posiciones; hacen de ella una silla ergon\u00f3mica y duradera.","og_url":"https:\/\/josmaequipamiento.es\/?product=silla-operativa-pop","og_site_name":"Josma Equipamiento","article_modified_time":"2016-07-23T18:22:29+00:00","og_image":[{"width":640,"height":480,"url":"https:\/\/josmaequipamiento.es\/wp-content\/uploads\/2016\/07\/Pop_21.jpg","type":"image\/jpeg"}],"twitter_card":"summary_large_image","twitter_misc":{"Tiempo de lectura":"3 minutos"},"schema":{"@context":"https:\/\/schema.org","@graph":[{"@type":"WebPage","@id":"https:\/\/josmaequipamiento.es\/?product=silla-operativa-pop","url":"https:\/\/josmaequipamiento.es\/?product=silla-operativa-pop","name":"Silla Operativa Pop - Josma Equipamiento","isPartOf":{"@id":"http:\/\/josmaequipamiento.es\/#website"},"primaryImageOfPage":{"@id":"https:\/\/josmaequipamiento.es\/?product=silla-operativa-pop#primaryimage"},"image":{"@id":"https:\/\/josmaequipamiento.es\/?product=silla-operativa-pop#primaryimage"},"thumbnailUrl":"https:\/\/josmaequipamiento.es\/wp-content\/uploads\/2016\/07\/Pop_21.jpg","datePublished":"2016-06-11T17:24:24+00:00","dateModified":"2016-07-23T18:22:29+00:00","breadcrumb":{"@id":"https:\/\/josmaequipamiento.es\/?product=silla-operativa-pop#breadcrumb"},"inLanguage":"es","potentialAction":[{"@type":"ReadAction","target":["https:\/\/josmaequipamiento.es\/?product=silla-operativa-pop"]}]},{"@type":"ImageObject","inLanguage":"es","@id":"https:\/\/josmaequipamiento.es\/?product=silla-operativa-pop#primaryimage","url":"https:\/\/josmaequipamiento.es\/wp-content\/uploads\/2016\/07\/Pop_21.jpg","contentUrl":"https:\/\/josmaequipamiento.es\/wp-content\/uploads\/2016\/07\/Pop_21.jpg","width":640,"height":480},{"@type":"BreadcrumbList","@id":"https:\/\/josmaequipamiento.es\/?product=silla-operativa-pop#breadcrumb","itemListElement":[{"@type":"ListItem","position":1,"name":"Home","item":"http:\/\/josmaequipamiento.es\/"},{"@type":"ListItem","position":2,"name":"Productos","item":"http:\/\/josmaequipamiento.es\/?page_id=109"},{"@type":"ListItem","position":3,"name":"Silla Operativa Pop"}]},{"@type":"WebSite","@id":"http:\/\/josmaequipamiento.es\/#website","url":"http:\/\/josmaequipamiento.es\/","name":"Josma Equipamiento","description":"Todo lo relativo a equipamiento","potentialAction":[{"@type":"SearchAction","target":{"@type":"EntryPoint","urlTemplate":"http:\/\/josmaequipamiento.es\/?s={search_term_string}"},"query-input":{"@type":"PropertyValueSpecification","valueRequired":true,"valueName":"search_term_string"}}],"inLanguage":"es"}]}},"_links":{"self":[{"href":"https:\/\/josmaequipamiento.es\/index.php?rest_route=\/wp\/v2\/product\/791","targetHints":{"allow":["GET"]}}],"collection":[{"href":"https:\/\/josmaequipamiento.es\/index.php?rest_route=\/wp\/v2\/product"}],"about":[{"href":"https:\/\/josmaequipamiento.es\/index.php?rest_route=\/wp\/v2\/types\/product"}],"replies":[{"embeddable":true,"href":"https:\/\/josmaequipamiento.es\/index.php?rest_route=%2Fwp%2Fv2%2Fcomments&post=791"}],"wp:featuredmedia":[{"embeddable":true,"href":"https:\/\/josmaequipamiento.es\/index.php?rest_route=\/wp\/v2\/media\/2077"}],"wp:attachment":[{"href":"https:\/\/josmaequipamiento.es\/index.php?rest_route=%2Fwp%2Fv2%2Fmedia&parent=791"}],"wp:term":[{"taxonomy":"product_brand","embeddable":true,"href":"https:\/\/josmaequipamiento.es\/index.php?rest_route=%2Fwp%2Fv2%2Fproduct_brand&post=791"},{"taxonomy":"product_cat","embeddable":true,"href":"https:\/\/josmaequipamiento.es\/index.php?rest_route=%2Fwp%2Fv2%2Fproduct_cat&post=791"},{"taxonomy":"product_tag","embeddable":true,"href":"https:\/\/josmaequipamiento.es\/index.php?rest_route=%2Fwp%2Fv2%2Fproduct_tag&post=791"}],"curies":[{"name":"wp","href":"https:\/\/api.w.org\/{rel}","templated":true}]}}