{"id":798,"date":"2016-06-11T17:38:46","date_gmt":"2016-06-11T17:38:46","guid":{"rendered":"http:\/\/josmaequipamiento.es\/?post_type=product&#038;p=798"},"modified":"2016-07-23T17:52:22","modified_gmt":"2016-07-23T17:52:22","slug":"silla-operativa-atika-pure","status":"publish","type":"product","link":"https:\/\/josmaequipamiento.es\/?product=silla-operativa-atika-pure","title":{"rendered":"Silla Operativa Atika Pure"},"content":{"rendered":"<p>Atika representa el impulso, la renovaci\u00f3n y la adaptaci\u00f3n a las exigencias de los nuevos entornos corporativos: m\u00e1s ligeros, m\u00e1s eficientes, m\u00e1s productivos\u2026mejores. El respaldo est\u00e1 disponible en 12 colores de malla diferentes. Atika tiene el certificado de uso intensivo 24 Horas. La familia Atika crece con el modelo Atika Pure, que dispone del respaldo inyectado en pl\u00e1stica t\u00e9cnica \u00abPUR soft touch\u00bb, con una carga del 30% de fibra de vidrio para hacerla muy suave al tacto pero a la vez muy resistente.<\/p>\n<p><strong>\u00a0<\/strong><\/p>\n<p><span style=\"color: #000000; font-family: Calibri; font-size: medium;\">\u00a0<\/span><\/p>\n","protected":false},"excerpt":{"rendered":"<p><span style=\"color: #000000; font-family: Calibri; font-size: medium;\">Atika Pure es una nueva propuesta\u00a0 de silla para entornos profesionales de alta exigencia, con respaldo inyectado en pl\u00e1stica t\u00e9cnica \u201cPUR soft touch\u201d, con una carga del 30% de fibra de vidrio para hacerla muy suave al tacto pero a la vez muy resistente.<\/span><\/p>\n","protected":false},"featured_media":2082,"comment_status":"open","ping_status":"closed","template":"","meta":{"_et_pb_use_builder":"","_et_pb_old_content":"","_et_gb_content_width":""},"product_brand":[],"product_cat":[57,66,64],"product_tag":[185],"class_list":{"0":"post-798","1":"product","2":"type-product","3":"status-publish","4":"has-post-thumbnail","6":"product_cat-espacios-de-trabajo","7":"product_cat-operativas","8":"product_cat-silleria-de-oficina","9":"product_tag-silleria-operativa","11":"first","12":"instock","13":"shipping-taxable","14":"product-type-simple"},"yoast_head":"<!-- This site is optimized with the Yoast SEO plugin v27.3 - https:\/\/yoast.com\/product\/yoast-seo-wordpress\/ -->\n<title>Silla Operativa Atika Pure - Josma Equipamiento<\/title>\n<meta name=\"robots\" content=\"index, follow, max-snippet:-1, max-image-preview:large, max-video-preview:-1\" \/>\n<link rel=\"canonical\" href=\"http:\/\/josmaequipamiento.es\/?product=silla-operativa-atika-pure\" \/>\n<meta property=\"og:locale\" content=\"es_ES\" \/>\n<meta property=\"og:type\" content=\"article\" \/>\n<meta property=\"og:title\" content=\"Silla Operativa Atika Pure - Josma Equipamiento\" \/>\n<meta property=\"og:description\" content=\"Atika Pure es una nueva propuesta\u00a0 de silla para entornos profesionales de alta exigencia, con respaldo inyectado en pl\u00e1stica t\u00e9cnica \u201cPUR soft touch\u201d, con una carga del 30% de fibra de vidrio para hacerla muy suave al tacto pero a la vez muy resistente.\" \/>\n<meta property=\"og:url\" content=\"http:\/\/josmaequipamiento.es\/?product=silla-operativa-atika-pure\" \/>\n<meta property=\"og:site_name\" content=\"Josma Equipamiento\" \/>\n<meta property=\"article:modified_time\" content=\"2016-07-23T17:52:22+00:00\" \/>\n<meta property=\"og:image\" content=\"http:\/\/josmaequipamiento.es\/wp-content\/uploads\/2016\/06\/silla-operativa-atika-pure-de-dileoffice.jpg\" \/>\n\t<meta property=\"og:image:width\" content=\"640\" \/>\n\t<meta property=\"og:image:height\" content=\"480\" \/>\n\t<meta property=\"og:image:type\" content=\"image\/jpeg\" \/>\n<meta name=\"twitter:card\" content=\"summary_large_image\" \/>\n<script type=\"application\/ld+json\" class=\"yoast-schema-graph\">{\"@context\":\"https:\\\/\\\/schema.org\",\"@graph\":[{\"@type\":\"WebPage\",\"@id\":\"http:\\\/\\\/josmaequipamiento.es\\\/?product=silla-operativa-atika-pure\",\"url\":\"http:\\\/\\\/josmaequipamiento.es\\\/?product=silla-operativa-atika-pure\",\"name\":\"Silla Operativa Atika Pure - Josma Equipamiento\",\"isPartOf\":{\"@id\":\"http:\\\/\\\/josmaequipamiento.es\\\/#website\"},\"primaryImageOfPage\":{\"@id\":\"http:\\\/\\\/josmaequipamiento.es\\\/?product=silla-operativa-atika-pure#primaryimage\"},\"image\":{\"@id\":\"http:\\\/\\\/josmaequipamiento.es\\\/?product=silla-operativa-atika-pure#primaryimage\"},\"thumbnailUrl\":\"https:\\\/\\\/josmaequipamiento.es\\\/wp-content\\\/uploads\\\/2016\\\/06\\\/silla-operativa-atika-pure-de-dileoffice.jpg\",\"datePublished\":\"2016-06-11T17:38:46+00:00\",\"dateModified\":\"2016-07-23T17:52:22+00:00\",\"breadcrumb\":{\"@id\":\"http:\\\/\\\/josmaequipamiento.es\\\/?product=silla-operativa-atika-pure#breadcrumb\"},\"inLanguage\":\"es\",\"potentialAction\":[{\"@type\":\"ReadAction\",\"target\":[\"http:\\\/\\\/josmaequipamiento.es\\\/?product=silla-operativa-atika-pure\"]}]},{\"@type\":\"ImageObject\",\"inLanguage\":\"es\",\"@id\":\"http:\\\/\\\/josmaequipamiento.es\\\/?product=silla-operativa-atika-pure#primaryimage\",\"url\":\"https:\\\/\\\/josmaequipamiento.es\\\/wp-content\\\/uploads\\\/2016\\\/06\\\/silla-operativa-atika-pure-de-dileoffice.jpg\",\"contentUrl\":\"https:\\\/\\\/josmaequipamiento.es\\\/wp-content\\\/uploads\\\/2016\\\/06\\\/silla-operativa-atika-pure-de-dileoffice.jpg\",\"width\":640,\"height\":480},{\"@type\":\"BreadcrumbList\",\"@id\":\"http:\\\/\\\/josmaequipamiento.es\\\/?product=silla-operativa-atika-pure#breadcrumb\",\"itemListElement\":[{\"@type\":\"ListItem\",\"position\":1,\"name\":\"Home\",\"item\":\"http:\\\/\\\/josmaequipamiento.es\\\/\"},{\"@type\":\"ListItem\",\"position\":2,\"name\":\"Productos\",\"item\":\"http:\\\/\\\/josmaequipamiento.es\\\/?page_id=109\"},{\"@type\":\"ListItem\",\"position\":3,\"name\":\"Silla Operativa Atika Pure\"}]},{\"@type\":\"WebSite\",\"@id\":\"http:\\\/\\\/josmaequipamiento.es\\\/#website\",\"url\":\"http:\\\/\\\/josmaequipamiento.es\\\/\",\"name\":\"Josma Equipamiento\",\"description\":\"Todo lo relativo a equipamiento\",\"potentialAction\":[{\"@type\":\"SearchAction\",\"target\":{\"@type\":\"EntryPoint\",\"urlTemplate\":\"http:\\\/\\\/josmaequipamiento.es\\\/?s={search_term_string}\"},\"query-input\":{\"@type\":\"PropertyValueSpecification\",\"valueRequired\":true,\"valueName\":\"search_term_string\"}}],\"inLanguage\":\"es\"}]}<\/script>\n<!-- \/ Yoast SEO plugin. -->","yoast_head_json":{"title":"Silla Operativa Atika Pure - Josma Equipamiento","robots":{"index":"index","follow":"follow","max-snippet":"max-snippet:-1","max-image-preview":"max-image-preview:large","max-video-preview":"max-video-preview:-1"},"canonical":"http:\/\/josmaequipamiento.es\/?product=silla-operativa-atika-pure","og_locale":"es_ES","og_type":"article","og_title":"Silla Operativa Atika Pure - Josma Equipamiento","og_description":"Atika Pure es una nueva propuesta\u00a0 de silla para entornos profesionales de alta exigencia, con respaldo inyectado en pl\u00e1stica t\u00e9cnica \u201cPUR soft touch\u201d, con una carga del 30% de fibra de vidrio para hacerla muy suave al tacto pero a la vez muy resistente.","og_url":"http:\/\/josmaequipamiento.es\/?product=silla-operativa-atika-pure","og_site_name":"Josma Equipamiento","article_modified_time":"2016-07-23T17:52:22+00:00","og_image":[{"width":640,"height":480,"url":"http:\/\/josmaequipamiento.es\/wp-content\/uploads\/2016\/06\/silla-operativa-atika-pure-de-dileoffice.jpg","type":"image\/jpeg"}],"twitter_card":"summary_large_image","schema":{"@context":"https:\/\/schema.org","@graph":[{"@type":"WebPage","@id":"http:\/\/josmaequipamiento.es\/?product=silla-operativa-atika-pure","url":"http:\/\/josmaequipamiento.es\/?product=silla-operativa-atika-pure","name":"Silla Operativa Atika Pure - Josma Equipamiento","isPartOf":{"@id":"http:\/\/josmaequipamiento.es\/#website"},"primaryImageOfPage":{"@id":"http:\/\/josmaequipamiento.es\/?product=silla-operativa-atika-pure#primaryimage"},"image":{"@id":"http:\/\/josmaequipamiento.es\/?product=silla-operativa-atika-pure#primaryimage"},"thumbnailUrl":"https:\/\/josmaequipamiento.es\/wp-content\/uploads\/2016\/06\/silla-operativa-atika-pure-de-dileoffice.jpg","datePublished":"2016-06-11T17:38:46+00:00","dateModified":"2016-07-23T17:52:22+00:00","breadcrumb":{"@id":"http:\/\/josmaequipamiento.es\/?product=silla-operativa-atika-pure#breadcrumb"},"inLanguage":"es","potentialAction":[{"@type":"ReadAction","target":["http:\/\/josmaequipamiento.es\/?product=silla-operativa-atika-pure"]}]},{"@type":"ImageObject","inLanguage":"es","@id":"http:\/\/josmaequipamiento.es\/?product=silla-operativa-atika-pure#primaryimage","url":"https:\/\/josmaequipamiento.es\/wp-content\/uploads\/2016\/06\/silla-operativa-atika-pure-de-dileoffice.jpg","contentUrl":"https:\/\/josmaequipamiento.es\/wp-content\/uploads\/2016\/06\/silla-operativa-atika-pure-de-dileoffice.jpg","width":640,"height":480},{"@type":"BreadcrumbList","@id":"http:\/\/josmaequipamiento.es\/?product=silla-operativa-atika-pure#breadcrumb","itemListElement":[{"@type":"ListItem","position":1,"name":"Home","item":"http:\/\/josmaequipamiento.es\/"},{"@type":"ListItem","position":2,"name":"Productos","item":"http:\/\/josmaequipamiento.es\/?page_id=109"},{"@type":"ListItem","position":3,"name":"Silla Operativa Atika Pure"}]},{"@type":"WebSite","@id":"http:\/\/josmaequipamiento.es\/#website","url":"http:\/\/josmaequipamiento.es\/","name":"Josma Equipamiento","description":"Todo lo relativo a equipamiento","potentialAction":[{"@type":"SearchAction","target":{"@type":"EntryPoint","urlTemplate":"http:\/\/josmaequipamiento.es\/?s={search_term_string}"},"query-input":{"@type":"PropertyValueSpecification","valueRequired":true,"valueName":"search_term_string"}}],"inLanguage":"es"}]}},"_links":{"self":[{"href":"https:\/\/josmaequipamiento.es\/index.php?rest_route=\/wp\/v2\/product\/798","targetHints":{"allow":["GET"]}}],"collection":[{"href":"https:\/\/josmaequipamiento.es\/index.php?rest_route=\/wp\/v2\/product"}],"about":[{"href":"https:\/\/josmaequipamiento.es\/index.php?rest_route=\/wp\/v2\/types\/product"}],"replies":[{"embeddable":true,"href":"https:\/\/josmaequipamiento.es\/index.php?rest_route=%2Fwp%2Fv2%2Fcomments&post=798"}],"wp:featuredmedia":[{"embeddable":true,"href":"https:\/\/josmaequipamiento.es\/index.php?rest_route=\/wp\/v2\/media\/2082"}],"wp:attachment":[{"href":"https:\/\/josmaequipamiento.es\/index.php?rest_route=%2Fwp%2Fv2%2Fmedia&parent=798"}],"wp:term":[{"taxonomy":"product_brand","embeddable":true,"href":"https:\/\/josmaequipamiento.es\/index.php?rest_route=%2Fwp%2Fv2%2Fproduct_brand&post=798"},{"taxonomy":"product_cat","embeddable":true,"href":"https:\/\/josmaequipamiento.es\/index.php?rest_route=%2Fwp%2Fv2%2Fproduct_cat&post=798"},{"taxonomy":"product_tag","embeddable":true,"href":"https:\/\/josmaequipamiento.es\/index.php?rest_route=%2Fwp%2Fv2%2Fproduct_tag&post=798"}],"curies":[{"name":"wp","href":"https:\/\/api.w.org\/{rel}","templated":true}]}}