{"id":832,"date":"2016-06-11T18:03:36","date_gmt":"2016-06-11T18:03:36","guid":{"rendered":"http:\/\/josmaequipamiento.es\/?post_type=product&#038;p=832"},"modified":"2016-07-21T07:26:10","modified_gmt":"2016-07-21T07:26:10","slug":"silla-plural","status":"publish","type":"product","link":"https:\/\/josmaequipamiento.es\/?product=silla-plural","title":{"rendered":"Silla Plural"},"content":{"rendered":"<p><span style=\"color: #000000; font-family: Calibri; font-size: medium;\">El programa de sillas confidente Plural destaca por su amplia versatilidad en cualquier espacio de trabajo.<\/span><span style=\"color: #000000; font-family: Calibri; font-size: medium;\">\u00a0<\/span><\/p>\n<p><span style=\"color: #000000; font-family: Calibri; font-size: medium;\">Plural nace con la ambici\u00f3n de ser una silla vers\u00e1til y \u00fatil. Dispone de dos estructuras de silla confidente \u2013 4 patas y cisne- que pueden elegirse en epoxi negro, gris plata, blanco roto o cromadas. Ambos tipos ofrecen la posibilidad de respaldo tapizado o de malla ergon\u00f3mica en blanca o negra. Los brazos opcionales, la carcasa del asiento y el marco que envuelve la malla pueden combinarse en los mismos colores que \u00e9sta, proporcionando a la silla un aire de actualidad.<\/span><\/p>\n","protected":false},"excerpt":{"rendered":"<p><span style=\"color: #000000; font-family: Calibri; font-size: medium;\">Sillas de confidente tipo universal, de dise\u00f1o moderno y est\u00e9tica innovadora, aplicable como complemento de cualquier programa de siller\u00eda. Compuesta por asiento y respaldo fijos. Sus formas ergon\u00f3micas aseguran una postura de sentado que facilita el trabajo y disminuye la fatiga durante el mismo<\/span><\/p>\n","protected":false},"featured_media":1999,"comment_status":"open","ping_status":"closed","template":"","meta":{"_et_pb_use_builder":"","_et_pb_old_content":"","_et_gb_content_width":""},"product_brand":[],"product_cat":[57,67,64],"product_tag":[186],"class_list":{"0":"post-832","1":"product","2":"type-product","3":"status-publish","4":"has-post-thumbnail","6":"product_cat-espacios-de-trabajo","7":"product_cat-reunion-silleria-de-oficina-espacios-de-trabajo","8":"product_cat-silleria-de-oficina","9":"product_tag-silleria-reunion","11":"first","12":"instock","13":"shipping-taxable","14":"product-type-simple"},"yoast_head":"<!-- This site is optimized with the Yoast SEO plugin v27.3 - https:\/\/yoast.com\/product\/yoast-seo-wordpress\/ -->\n<title>Silla Plural - Josma Equipamiento<\/title>\n<meta name=\"robots\" content=\"index, follow, max-snippet:-1, max-image-preview:large, max-video-preview:-1\" \/>\n<link rel=\"canonical\" href=\"https:\/\/josmaequipamiento.es\/?product=silla-plural\" \/>\n<meta property=\"og:locale\" content=\"es_ES\" \/>\n<meta property=\"og:type\" content=\"article\" \/>\n<meta property=\"og:title\" content=\"Silla Plural - Josma Equipamiento\" \/>\n<meta property=\"og:description\" content=\"Sillas de confidente tipo universal, de dise\u00f1o moderno y est\u00e9tica innovadora, aplicable como complemento de cualquier programa de siller\u00eda. Compuesta por asiento y respaldo fijos. Sus formas ergon\u00f3micas aseguran una postura de sentado que facilita el trabajo y disminuye la fatiga durante el mismo\" \/>\n<meta property=\"og:url\" content=\"https:\/\/josmaequipamiento.es\/?product=silla-plural\" \/>\n<meta property=\"og:site_name\" content=\"Josma Equipamiento\" \/>\n<meta property=\"article:modified_time\" content=\"2016-07-21T07:26:10+00:00\" \/>\n<meta property=\"og:image\" content=\"https:\/\/josmaequipamiento.es\/wp-content\/uploads\/2016\/06\/Plural-640x480-1.png\" \/>\n\t<meta property=\"og:image:width\" content=\"640\" \/>\n\t<meta property=\"og:image:height\" content=\"480\" \/>\n\t<meta property=\"og:image:type\" content=\"image\/png\" \/>\n<meta name=\"twitter:card\" content=\"summary_large_image\" \/>\n<script type=\"application\/ld+json\" class=\"yoast-schema-graph\">{\"@context\":\"https:\\\/\\\/schema.org\",\"@graph\":[{\"@type\":\"WebPage\",\"@id\":\"https:\\\/\\\/josmaequipamiento.es\\\/?product=silla-plural\",\"url\":\"https:\\\/\\\/josmaequipamiento.es\\\/?product=silla-plural\",\"name\":\"Silla Plural - Josma Equipamiento\",\"isPartOf\":{\"@id\":\"http:\\\/\\\/josmaequipamiento.es\\\/#website\"},\"primaryImageOfPage\":{\"@id\":\"https:\\\/\\\/josmaequipamiento.es\\\/?product=silla-plural#primaryimage\"},\"image\":{\"@id\":\"https:\\\/\\\/josmaequipamiento.es\\\/?product=silla-plural#primaryimage\"},\"thumbnailUrl\":\"https:\\\/\\\/josmaequipamiento.es\\\/wp-content\\\/uploads\\\/2016\\\/06\\\/Plural-640x480-1.png\",\"datePublished\":\"2016-06-11T18:03:36+00:00\",\"dateModified\":\"2016-07-21T07:26:10+00:00\",\"breadcrumb\":{\"@id\":\"https:\\\/\\\/josmaequipamiento.es\\\/?product=silla-plural#breadcrumb\"},\"inLanguage\":\"es\",\"potentialAction\":[{\"@type\":\"ReadAction\",\"target\":[\"https:\\\/\\\/josmaequipamiento.es\\\/?product=silla-plural\"]}]},{\"@type\":\"ImageObject\",\"inLanguage\":\"es\",\"@id\":\"https:\\\/\\\/josmaequipamiento.es\\\/?product=silla-plural#primaryimage\",\"url\":\"https:\\\/\\\/josmaequipamiento.es\\\/wp-content\\\/uploads\\\/2016\\\/06\\\/Plural-640x480-1.png\",\"contentUrl\":\"https:\\\/\\\/josmaequipamiento.es\\\/wp-content\\\/uploads\\\/2016\\\/06\\\/Plural-640x480-1.png\",\"width\":640,\"height\":480},{\"@type\":\"BreadcrumbList\",\"@id\":\"https:\\\/\\\/josmaequipamiento.es\\\/?product=silla-plural#breadcrumb\",\"itemListElement\":[{\"@type\":\"ListItem\",\"position\":1,\"name\":\"Home\",\"item\":\"http:\\\/\\\/josmaequipamiento.es\\\/\"},{\"@type\":\"ListItem\",\"position\":2,\"name\":\"Productos\",\"item\":\"http:\\\/\\\/josmaequipamiento.es\\\/?page_id=109\"},{\"@type\":\"ListItem\",\"position\":3,\"name\":\"Silla Plural\"}]},{\"@type\":\"WebSite\",\"@id\":\"http:\\\/\\\/josmaequipamiento.es\\\/#website\",\"url\":\"http:\\\/\\\/josmaequipamiento.es\\\/\",\"name\":\"Josma Equipamiento\",\"description\":\"Todo lo relativo a equipamiento\",\"potentialAction\":[{\"@type\":\"SearchAction\",\"target\":{\"@type\":\"EntryPoint\",\"urlTemplate\":\"http:\\\/\\\/josmaequipamiento.es\\\/?s={search_term_string}\"},\"query-input\":{\"@type\":\"PropertyValueSpecification\",\"valueRequired\":true,\"valueName\":\"search_term_string\"}}],\"inLanguage\":\"es\"}]}<\/script>\n<!-- \/ Yoast SEO plugin. -->","yoast_head_json":{"title":"Silla Plural - Josma Equipamiento","robots":{"index":"index","follow":"follow","max-snippet":"max-snippet:-1","max-image-preview":"max-image-preview:large","max-video-preview":"max-video-preview:-1"},"canonical":"https:\/\/josmaequipamiento.es\/?product=silla-plural","og_locale":"es_ES","og_type":"article","og_title":"Silla Plural - Josma Equipamiento","og_description":"Sillas de confidente tipo universal, de dise\u00f1o moderno y est\u00e9tica innovadora, aplicable como complemento de cualquier programa de siller\u00eda. Compuesta por asiento y respaldo fijos. Sus formas ergon\u00f3micas aseguran una postura de sentado que facilita el trabajo y disminuye la fatiga durante el mismo","og_url":"https:\/\/josmaequipamiento.es\/?product=silla-plural","og_site_name":"Josma Equipamiento","article_modified_time":"2016-07-21T07:26:10+00:00","og_image":[{"width":640,"height":480,"url":"https:\/\/josmaequipamiento.es\/wp-content\/uploads\/2016\/06\/Plural-640x480-1.png","type":"image\/png"}],"twitter_card":"summary_large_image","schema":{"@context":"https:\/\/schema.org","@graph":[{"@type":"WebPage","@id":"https:\/\/josmaequipamiento.es\/?product=silla-plural","url":"https:\/\/josmaequipamiento.es\/?product=silla-plural","name":"Silla Plural - Josma Equipamiento","isPartOf":{"@id":"http:\/\/josmaequipamiento.es\/#website"},"primaryImageOfPage":{"@id":"https:\/\/josmaequipamiento.es\/?product=silla-plural#primaryimage"},"image":{"@id":"https:\/\/josmaequipamiento.es\/?product=silla-plural#primaryimage"},"thumbnailUrl":"https:\/\/josmaequipamiento.es\/wp-content\/uploads\/2016\/06\/Plural-640x480-1.png","datePublished":"2016-06-11T18:03:36+00:00","dateModified":"2016-07-21T07:26:10+00:00","breadcrumb":{"@id":"https:\/\/josmaequipamiento.es\/?product=silla-plural#breadcrumb"},"inLanguage":"es","potentialAction":[{"@type":"ReadAction","target":["https:\/\/josmaequipamiento.es\/?product=silla-plural"]}]},{"@type":"ImageObject","inLanguage":"es","@id":"https:\/\/josmaequipamiento.es\/?product=silla-plural#primaryimage","url":"https:\/\/josmaequipamiento.es\/wp-content\/uploads\/2016\/06\/Plural-640x480-1.png","contentUrl":"https:\/\/josmaequipamiento.es\/wp-content\/uploads\/2016\/06\/Plural-640x480-1.png","width":640,"height":480},{"@type":"BreadcrumbList","@id":"https:\/\/josmaequipamiento.es\/?product=silla-plural#breadcrumb","itemListElement":[{"@type":"ListItem","position":1,"name":"Home","item":"http:\/\/josmaequipamiento.es\/"},{"@type":"ListItem","position":2,"name":"Productos","item":"http:\/\/josmaequipamiento.es\/?page_id=109"},{"@type":"ListItem","position":3,"name":"Silla Plural"}]},{"@type":"WebSite","@id":"http:\/\/josmaequipamiento.es\/#website","url":"http:\/\/josmaequipamiento.es\/","name":"Josma Equipamiento","description":"Todo lo relativo a equipamiento","potentialAction":[{"@type":"SearchAction","target":{"@type":"EntryPoint","urlTemplate":"http:\/\/josmaequipamiento.es\/?s={search_term_string}"},"query-input":{"@type":"PropertyValueSpecification","valueRequired":true,"valueName":"search_term_string"}}],"inLanguage":"es"}]}},"_links":{"self":[{"href":"https:\/\/josmaequipamiento.es\/index.php?rest_route=\/wp\/v2\/product\/832","targetHints":{"allow":["GET"]}}],"collection":[{"href":"https:\/\/josmaequipamiento.es\/index.php?rest_route=\/wp\/v2\/product"}],"about":[{"href":"https:\/\/josmaequipamiento.es\/index.php?rest_route=\/wp\/v2\/types\/product"}],"replies":[{"embeddable":true,"href":"https:\/\/josmaequipamiento.es\/index.php?rest_route=%2Fwp%2Fv2%2Fcomments&post=832"}],"wp:featuredmedia":[{"embeddable":true,"href":"https:\/\/josmaequipamiento.es\/index.php?rest_route=\/wp\/v2\/media\/1999"}],"wp:attachment":[{"href":"https:\/\/josmaequipamiento.es\/index.php?rest_route=%2Fwp%2Fv2%2Fmedia&parent=832"}],"wp:term":[{"taxonomy":"product_brand","embeddable":true,"href":"https:\/\/josmaequipamiento.es\/index.php?rest_route=%2Fwp%2Fv2%2Fproduct_brand&post=832"},{"taxonomy":"product_cat","embeddable":true,"href":"https:\/\/josmaequipamiento.es\/index.php?rest_route=%2Fwp%2Fv2%2Fproduct_cat&post=832"},{"taxonomy":"product_tag","embeddable":true,"href":"https:\/\/josmaequipamiento.es\/index.php?rest_route=%2Fwp%2Fv2%2Fproduct_tag&post=832"}],"curies":[{"name":"wp","href":"https:\/\/api.w.org\/{rel}","templated":true}]}}