{"id":844,"date":"2016-06-11T18:46:40","date_gmt":"2016-06-11T18:46:40","guid":{"rendered":"http:\/\/josmaequipamiento.es\/?post_type=product&#038;p=844"},"modified":"2016-07-20T14:57:32","modified_gmt":"2016-07-20T14:57:32","slug":"silla-ergonomica-gravity-balans","status":"publish","type":"product","link":"https:\/\/josmaequipamiento.es\/?product=silla-ergonomica-gravity-balans","title":{"rendered":"Silla ergon\u00f3mica Gravity Balans"},"content":{"rendered":"<p><strong>Gravity\u2122 Balans\u00ae<\/strong> no es solamente una silla reclinable. Se inclina hacia delante cuando est\u00e9 bebiendo un caf\u00e9 con los amigos, se inclina hacia atr\u00e1s para permitirle apoyar los pies en el suelo y a\u00fan m\u00e1s atr\u00e1s para que se acurruque delante del televisor.<\/p>\n<p>Gravity\u2122 Balans\u00ae completamente reclinada lleva sus piernas por encima de su coraz\u00f3n y se balancea suavemente al ritmo de su respiro d\u00e1ndole as\u00ed una sensaci\u00f3n de liberaci\u00f3n y de ausencia de gravedad.<\/p>\n<p>La espina dorsal y el cuello est\u00e1n completamente sostenidos y su cuerpo disfruta de un relajamiento total.<\/p>\n<p>Esta silla ergon\u00f3mica est\u00e1 disponible con estructura de madera en tinta natural o barnizada en color negro, bajo pedido est\u00e1n disponibles otros revestimientos adem\u00e1s de los citados m\u00e1s abajo.<\/p>\n<p>Gravity\u2122 Balans\u00aeha sido concebida para conferir a su cuerpo libertad de movimiento en cualquier posici\u00f3n, sosteniendo al mismo tiempo la espalda y el cuello cuando sea necesario.<\/p>\n<p>Para la base de la estructura est\u00e1n disponibles los fieltros de protecci\u00f3n, en color natural o en negro.<\/p>\n<p>Silla ergon\u00f3mica Vari\u00e9r\u00ae Variable\u2122Balans\u00ae con respaldo<\/p>\n","protected":false},"excerpt":{"rendered":"<p>Gravity\u2122 Balans\u00ae no es solamente una silla reclinable. Se inclina hacia delante cuando est\u00e9 bebiendo un caf\u00e9 con los amigos, se inclina hacia atr\u00e1s para permitirle apoyar los pies en el suelo y a\u00fan m\u00e1s atr\u00e1s para que se acurruque delante del televisor. Gravity\u2122 Balans\u00ae completamente reclinada lleva sus piernas por encima de su coraz\u00f3n [&hellip;]<\/p>\n","protected":false},"featured_media":1964,"comment_status":"open","ping_status":"closed","template":"","meta":{"_et_pb_use_builder":"","_et_pb_old_content":"","_et_gb_content_width":""},"product_brand":[],"product_cat":[57,71,64],"product_tag":[187],"class_list":{"0":"post-844","1":"product","2":"type-product","3":"status-publish","4":"has-post-thumbnail","6":"product_cat-espacios-de-trabajo","7":"product_cat-ergonomicas","8":"product_cat-silleria-de-oficina","9":"product_tag-silleria-ergonomica","11":"first","12":"instock","13":"shipping-taxable","14":"product-type-simple"},"yoast_head":"<!-- This site is optimized with the Yoast SEO plugin v27.3 - https:\/\/yoast.com\/product\/yoast-seo-wordpress\/ -->\n<title>Silla ergon\u00f3mica Gravity Balans - Josma Equipamiento<\/title>\n<meta name=\"robots\" content=\"index, follow, max-snippet:-1, max-image-preview:large, max-video-preview:-1\" \/>\n<link rel=\"canonical\" href=\"https:\/\/josmaequipamiento.es\/?product=silla-ergonomica-gravity-balans\" \/>\n<meta property=\"og:locale\" content=\"es_ES\" \/>\n<meta property=\"og:type\" content=\"article\" \/>\n<meta property=\"og:title\" content=\"Silla ergon\u00f3mica Gravity Balans - Josma Equipamiento\" \/>\n<meta property=\"og:description\" content=\"Gravity\u2122 Balans\u00ae no es solamente una silla reclinable. Se inclina hacia delante cuando est\u00e9 bebiendo un caf\u00e9 con los amigos, se inclina hacia atr\u00e1s para permitirle apoyar los pies en el suelo y a\u00fan m\u00e1s atr\u00e1s para que se acurruque delante del televisor. Gravity\u2122 Balans\u00ae completamente reclinada lleva sus piernas por encima de su coraz\u00f3n [&hellip;]\" \/>\n<meta property=\"og:url\" content=\"https:\/\/josmaequipamiento.es\/?product=silla-ergonomica-gravity-balans\" \/>\n<meta property=\"og:site_name\" content=\"Josma Equipamiento\" \/>\n<meta property=\"article:modified_time\" content=\"2016-07-20T14:57:32+00:00\" \/>\n<meta property=\"og:image\" content=\"https:\/\/josmaequipamiento.es\/wp-content\/uploads\/2016\/07\/Gravity-vaurier-640x480.jpg\" \/>\n\t<meta property=\"og:image:width\" content=\"640\" \/>\n\t<meta property=\"og:image:height\" content=\"480\" \/>\n\t<meta property=\"og:image:type\" content=\"image\/jpeg\" \/>\n<meta name=\"twitter:card\" content=\"summary_large_image\" \/>\n<meta name=\"twitter:label1\" content=\"Tiempo de lectura\" \/>\n\t<meta name=\"twitter:data1\" content=\"1 minuto\" \/>\n<script type=\"application\/ld+json\" class=\"yoast-schema-graph\">{\"@context\":\"https:\\\/\\\/schema.org\",\"@graph\":[{\"@type\":\"WebPage\",\"@id\":\"https:\\\/\\\/josmaequipamiento.es\\\/?product=silla-ergonomica-gravity-balans\",\"url\":\"https:\\\/\\\/josmaequipamiento.es\\\/?product=silla-ergonomica-gravity-balans\",\"name\":\"Silla ergon\u00f3mica Gravity Balans - Josma Equipamiento\",\"isPartOf\":{\"@id\":\"http:\\\/\\\/josmaequipamiento.es\\\/#website\"},\"primaryImageOfPage\":{\"@id\":\"https:\\\/\\\/josmaequipamiento.es\\\/?product=silla-ergonomica-gravity-balans#primaryimage\"},\"image\":{\"@id\":\"https:\\\/\\\/josmaequipamiento.es\\\/?product=silla-ergonomica-gravity-balans#primaryimage\"},\"thumbnailUrl\":\"https:\\\/\\\/josmaequipamiento.es\\\/wp-content\\\/uploads\\\/2016\\\/07\\\/Gravity-vaurier-640x480.jpg\",\"datePublished\":\"2016-06-11T18:46:40+00:00\",\"dateModified\":\"2016-07-20T14:57:32+00:00\",\"breadcrumb\":{\"@id\":\"https:\\\/\\\/josmaequipamiento.es\\\/?product=silla-ergonomica-gravity-balans#breadcrumb\"},\"inLanguage\":\"es\",\"potentialAction\":[{\"@type\":\"ReadAction\",\"target\":[\"https:\\\/\\\/josmaequipamiento.es\\\/?product=silla-ergonomica-gravity-balans\"]}]},{\"@type\":\"ImageObject\",\"inLanguage\":\"es\",\"@id\":\"https:\\\/\\\/josmaequipamiento.es\\\/?product=silla-ergonomica-gravity-balans#primaryimage\",\"url\":\"https:\\\/\\\/josmaequipamiento.es\\\/wp-content\\\/uploads\\\/2016\\\/07\\\/Gravity-vaurier-640x480.jpg\",\"contentUrl\":\"https:\\\/\\\/josmaequipamiento.es\\\/wp-content\\\/uploads\\\/2016\\\/07\\\/Gravity-vaurier-640x480.jpg\",\"width\":640,\"height\":480},{\"@type\":\"BreadcrumbList\",\"@id\":\"https:\\\/\\\/josmaequipamiento.es\\\/?product=silla-ergonomica-gravity-balans#breadcrumb\",\"itemListElement\":[{\"@type\":\"ListItem\",\"position\":1,\"name\":\"Home\",\"item\":\"http:\\\/\\\/josmaequipamiento.es\\\/\"},{\"@type\":\"ListItem\",\"position\":2,\"name\":\"Productos\",\"item\":\"http:\\\/\\\/josmaequipamiento.es\\\/?page_id=109\"},{\"@type\":\"ListItem\",\"position\":3,\"name\":\"Silla ergon\u00f3mica Gravity Balans\"}]},{\"@type\":\"WebSite\",\"@id\":\"http:\\\/\\\/josmaequipamiento.es\\\/#website\",\"url\":\"http:\\\/\\\/josmaequipamiento.es\\\/\",\"name\":\"Josma Equipamiento\",\"description\":\"Todo lo relativo a equipamiento\",\"potentialAction\":[{\"@type\":\"SearchAction\",\"target\":{\"@type\":\"EntryPoint\",\"urlTemplate\":\"http:\\\/\\\/josmaequipamiento.es\\\/?s={search_term_string}\"},\"query-input\":{\"@type\":\"PropertyValueSpecification\",\"valueRequired\":true,\"valueName\":\"search_term_string\"}}],\"inLanguage\":\"es\"}]}<\/script>\n<!-- \/ Yoast SEO plugin. -->","yoast_head_json":{"title":"Silla ergon\u00f3mica Gravity Balans - Josma Equipamiento","robots":{"index":"index","follow":"follow","max-snippet":"max-snippet:-1","max-image-preview":"max-image-preview:large","max-video-preview":"max-video-preview:-1"},"canonical":"https:\/\/josmaequipamiento.es\/?product=silla-ergonomica-gravity-balans","og_locale":"es_ES","og_type":"article","og_title":"Silla ergon\u00f3mica Gravity Balans - Josma Equipamiento","og_description":"Gravity\u2122 Balans\u00ae no es solamente una silla reclinable. Se inclina hacia delante cuando est\u00e9 bebiendo un caf\u00e9 con los amigos, se inclina hacia atr\u00e1s para permitirle apoyar los pies en el suelo y a\u00fan m\u00e1s atr\u00e1s para que se acurruque delante del televisor. Gravity\u2122 Balans\u00ae completamente reclinada lleva sus piernas por encima de su coraz\u00f3n [&hellip;]","og_url":"https:\/\/josmaequipamiento.es\/?product=silla-ergonomica-gravity-balans","og_site_name":"Josma Equipamiento","article_modified_time":"2016-07-20T14:57:32+00:00","og_image":[{"width":640,"height":480,"url":"https:\/\/josmaequipamiento.es\/wp-content\/uploads\/2016\/07\/Gravity-vaurier-640x480.jpg","type":"image\/jpeg"}],"twitter_card":"summary_large_image","twitter_misc":{"Tiempo de lectura":"1 minuto"},"schema":{"@context":"https:\/\/schema.org","@graph":[{"@type":"WebPage","@id":"https:\/\/josmaequipamiento.es\/?product=silla-ergonomica-gravity-balans","url":"https:\/\/josmaequipamiento.es\/?product=silla-ergonomica-gravity-balans","name":"Silla ergon\u00f3mica Gravity Balans - Josma Equipamiento","isPartOf":{"@id":"http:\/\/josmaequipamiento.es\/#website"},"primaryImageOfPage":{"@id":"https:\/\/josmaequipamiento.es\/?product=silla-ergonomica-gravity-balans#primaryimage"},"image":{"@id":"https:\/\/josmaequipamiento.es\/?product=silla-ergonomica-gravity-balans#primaryimage"},"thumbnailUrl":"https:\/\/josmaequipamiento.es\/wp-content\/uploads\/2016\/07\/Gravity-vaurier-640x480.jpg","datePublished":"2016-06-11T18:46:40+00:00","dateModified":"2016-07-20T14:57:32+00:00","breadcrumb":{"@id":"https:\/\/josmaequipamiento.es\/?product=silla-ergonomica-gravity-balans#breadcrumb"},"inLanguage":"es","potentialAction":[{"@type":"ReadAction","target":["https:\/\/josmaequipamiento.es\/?product=silla-ergonomica-gravity-balans"]}]},{"@type":"ImageObject","inLanguage":"es","@id":"https:\/\/josmaequipamiento.es\/?product=silla-ergonomica-gravity-balans#primaryimage","url":"https:\/\/josmaequipamiento.es\/wp-content\/uploads\/2016\/07\/Gravity-vaurier-640x480.jpg","contentUrl":"https:\/\/josmaequipamiento.es\/wp-content\/uploads\/2016\/07\/Gravity-vaurier-640x480.jpg","width":640,"height":480},{"@type":"BreadcrumbList","@id":"https:\/\/josmaequipamiento.es\/?product=silla-ergonomica-gravity-balans#breadcrumb","itemListElement":[{"@type":"ListItem","position":1,"name":"Home","item":"http:\/\/josmaequipamiento.es\/"},{"@type":"ListItem","position":2,"name":"Productos","item":"http:\/\/josmaequipamiento.es\/?page_id=109"},{"@type":"ListItem","position":3,"name":"Silla ergon\u00f3mica Gravity Balans"}]},{"@type":"WebSite","@id":"http:\/\/josmaequipamiento.es\/#website","url":"http:\/\/josmaequipamiento.es\/","name":"Josma Equipamiento","description":"Todo lo relativo a equipamiento","potentialAction":[{"@type":"SearchAction","target":{"@type":"EntryPoint","urlTemplate":"http:\/\/josmaequipamiento.es\/?s={search_term_string}"},"query-input":{"@type":"PropertyValueSpecification","valueRequired":true,"valueName":"search_term_string"}}],"inLanguage":"es"}]}},"_links":{"self":[{"href":"https:\/\/josmaequipamiento.es\/index.php?rest_route=\/wp\/v2\/product\/844","targetHints":{"allow":["GET"]}}],"collection":[{"href":"https:\/\/josmaequipamiento.es\/index.php?rest_route=\/wp\/v2\/product"}],"about":[{"href":"https:\/\/josmaequipamiento.es\/index.php?rest_route=\/wp\/v2\/types\/product"}],"replies":[{"embeddable":true,"href":"https:\/\/josmaequipamiento.es\/index.php?rest_route=%2Fwp%2Fv2%2Fcomments&post=844"}],"wp:featuredmedia":[{"embeddable":true,"href":"https:\/\/josmaequipamiento.es\/index.php?rest_route=\/wp\/v2\/media\/1964"}],"wp:attachment":[{"href":"https:\/\/josmaequipamiento.es\/index.php?rest_route=%2Fwp%2Fv2%2Fmedia&parent=844"}],"wp:term":[{"taxonomy":"product_brand","embeddable":true,"href":"https:\/\/josmaequipamiento.es\/index.php?rest_route=%2Fwp%2Fv2%2Fproduct_brand&post=844"},{"taxonomy":"product_cat","embeddable":true,"href":"https:\/\/josmaequipamiento.es\/index.php?rest_route=%2Fwp%2Fv2%2Fproduct_cat&post=844"},{"taxonomy":"product_tag","embeddable":true,"href":"https:\/\/josmaequipamiento.es\/index.php?rest_route=%2Fwp%2Fv2%2Fproduct_tag&post=844"}],"curies":[{"name":"wp","href":"https:\/\/api.w.org\/{rel}","templated":true}]}}