{"id":849,"date":"2016-06-12T09:26:13","date_gmt":"2016-06-12T09:26:13","guid":{"rendered":"http:\/\/josmaequipamiento.es\/?post_type=product&#038;p=849"},"modified":"2016-06-12T09:40:11","modified_gmt":"2016-06-12T09:40:11","slug":"archivo-movil-electrico","status":"publish","type":"product","link":"https:\/\/josmaequipamiento.es\/?product=archivo-movil-electrico","title":{"rendered":"Archivo M\u00f3vil El\u00e9ctrico"},"content":{"rendered":"<p><span style=\"font-family: 'Helvetica',sans-serif; color: #232527;\"><span style=\"font-size: medium;\"><strong>Archivo m\u00f3vil el\u00e9ctrico<\/strong>, proporciona la capacidad de crear espacios donde sea necesario con el simple desplazamiento de uno o varios carros. El \u00fanico requisito para realizar una instalaci\u00f3n de este sistema de archivo m\u00f3vil el\u00e9ctrico, es la necesidad de disponer de un pasillo de acceso, lo que conlleva la posibilidad de pr\u00e1cticamente duplicar la capacidad de almacenaje del espacio con respecto a sistemas de almacenaje est\u00e1ticos.<\/span><\/span><\/p>\n<p><span style=\"font-family: 'Helvetica',sans-serif; color: #232527;\"><span style=\"font-size: medium;\">Nuestro archivo m\u00f3vil el\u00e9ctrico se adapta a la perfecci\u00f3n a la distribuci\u00f3n de cualquier local, integrando en el dise\u00f1o pilares, sistemas de ventilaci\u00f3n, etc.<\/span><\/span><span style=\"font-family: 'Helvetica',sans-serif; color: #232527;\"><span style=\"font-size: medium;\">\u00a0<\/span><\/span><\/p>\n<p><span style=\"font-family: 'Helvetica',sans-serif; color: #232527;\"><span style=\"font-size: medium;\">La suavidad en el movimiento de los carros en nuestro archivo m\u00f3vil el\u00e9ctrico garantiza el m\u00ednimo esfuerzo en el desplazamiento de los mismos gracias a sistemas de transmisi\u00f3n inteligentes capaces de desplazar pesos de hasta 40.000 Kg.<\/span><\/span><\/p>\n","protected":false},"excerpt":{"rendered":"<p>Archivo m\u00f3vil el\u00e9ctrico, proporciona la capacidad de crear espacios donde sea necesario con el simple desplazamiento de uno o varios carros. El \u00fanico requisito para realizar una instalaci\u00f3n de este sistema de archivo m\u00f3vil el\u00e9ctrico, es la necesidad de disponer de un pasillo de acceso, lo que conlleva la posibilidad de pr\u00e1cticamente duplicar la capacidad [&hellip;]<\/p>\n","protected":false},"featured_media":850,"comment_status":"open","ping_status":"closed","template":"","meta":{"_et_pb_use_builder":"","_et_pb_old_content":"","_et_gb_content_width":""},"product_brand":[],"product_cat":[57,76,72],"product_tag":[188],"class_list":{"0":"post-849","1":"product","2":"type-product","3":"status-publish","4":"has-post-thumbnail","6":"product_cat-espacios-de-trabajo","7":"product_cat-archivos-moviles","8":"product_cat-sistemas-de-archivo","9":"product_tag-estanterias-moviles","11":"first","12":"instock","13":"shipping-taxable","14":"product-type-simple"},"yoast_head":"<!-- This site is optimized with the Yoast SEO plugin v27.3 - https:\/\/yoast.com\/product\/yoast-seo-wordpress\/ -->\n<title>Archivo M\u00f3vil El\u00e9ctrico - Josma Equipamiento<\/title>\n<meta name=\"robots\" content=\"index, follow, max-snippet:-1, max-image-preview:large, max-video-preview:-1\" \/>\n<link rel=\"canonical\" href=\"https:\/\/josmaequipamiento.es\/?product=archivo-movil-electrico\" \/>\n<meta property=\"og:locale\" content=\"es_ES\" \/>\n<meta property=\"og:type\" content=\"article\" \/>\n<meta property=\"og:title\" content=\"Archivo M\u00f3vil El\u00e9ctrico - Josma Equipamiento\" \/>\n<meta property=\"og:description\" content=\"Archivo m\u00f3vil el\u00e9ctrico, proporciona la capacidad de crear espacios donde sea necesario con el simple desplazamiento de uno o varios carros. El \u00fanico requisito para realizar una instalaci\u00f3n de este sistema de archivo m\u00f3vil el\u00e9ctrico, es la necesidad de disponer de un pasillo de acceso, lo que conlleva la posibilidad de pr\u00e1cticamente duplicar la capacidad [&hellip;]\" \/>\n<meta property=\"og:url\" content=\"https:\/\/josmaequipamiento.es\/?product=archivo-movil-electrico\" \/>\n<meta property=\"og:site_name\" content=\"Josma Equipamiento\" \/>\n<meta property=\"article:modified_time\" content=\"2016-06-12T09:40:11+00:00\" \/>\n<meta property=\"og:image\" content=\"https:\/\/josmaequipamiento.es\/wp-content\/uploads\/2016\/06\/Rodante-Electrico.jpg\" \/>\n\t<meta property=\"og:image:width\" content=\"640\" \/>\n\t<meta property=\"og:image:height\" content=\"480\" \/>\n\t<meta property=\"og:image:type\" content=\"image\/jpeg\" \/>\n<meta name=\"twitter:card\" content=\"summary_large_image\" \/>\n<meta name=\"twitter:label1\" content=\"Tiempo de lectura\" \/>\n\t<meta name=\"twitter:data1\" content=\"1 minuto\" \/>\n<script type=\"application\/ld+json\" class=\"yoast-schema-graph\">{\"@context\":\"https:\\\/\\\/schema.org\",\"@graph\":[{\"@type\":\"WebPage\",\"@id\":\"https:\\\/\\\/josmaequipamiento.es\\\/?product=archivo-movil-electrico\",\"url\":\"https:\\\/\\\/josmaequipamiento.es\\\/?product=archivo-movil-electrico\",\"name\":\"Archivo M\u00f3vil El\u00e9ctrico - Josma Equipamiento\",\"isPartOf\":{\"@id\":\"http:\\\/\\\/josmaequipamiento.es\\\/#website\"},\"primaryImageOfPage\":{\"@id\":\"https:\\\/\\\/josmaequipamiento.es\\\/?product=archivo-movil-electrico#primaryimage\"},\"image\":{\"@id\":\"https:\\\/\\\/josmaequipamiento.es\\\/?product=archivo-movil-electrico#primaryimage\"},\"thumbnailUrl\":\"https:\\\/\\\/josmaequipamiento.es\\\/wp-content\\\/uploads\\\/2016\\\/06\\\/Rodante-Electrico.jpg\",\"datePublished\":\"2016-06-12T09:26:13+00:00\",\"dateModified\":\"2016-06-12T09:40:11+00:00\",\"breadcrumb\":{\"@id\":\"https:\\\/\\\/josmaequipamiento.es\\\/?product=archivo-movil-electrico#breadcrumb\"},\"inLanguage\":\"es\",\"potentialAction\":[{\"@type\":\"ReadAction\",\"target\":[\"https:\\\/\\\/josmaequipamiento.es\\\/?product=archivo-movil-electrico\"]}]},{\"@type\":\"ImageObject\",\"inLanguage\":\"es\",\"@id\":\"https:\\\/\\\/josmaequipamiento.es\\\/?product=archivo-movil-electrico#primaryimage\",\"url\":\"https:\\\/\\\/josmaequipamiento.es\\\/wp-content\\\/uploads\\\/2016\\\/06\\\/Rodante-Electrico.jpg\",\"contentUrl\":\"https:\\\/\\\/josmaequipamiento.es\\\/wp-content\\\/uploads\\\/2016\\\/06\\\/Rodante-Electrico.jpg\",\"width\":640,\"height\":480},{\"@type\":\"BreadcrumbList\",\"@id\":\"https:\\\/\\\/josmaequipamiento.es\\\/?product=archivo-movil-electrico#breadcrumb\",\"itemListElement\":[{\"@type\":\"ListItem\",\"position\":1,\"name\":\"Home\",\"item\":\"http:\\\/\\\/josmaequipamiento.es\\\/\"},{\"@type\":\"ListItem\",\"position\":2,\"name\":\"Productos\",\"item\":\"http:\\\/\\\/josmaequipamiento.es\\\/?page_id=109\"},{\"@type\":\"ListItem\",\"position\":3,\"name\":\"Archivo M\u00f3vil El\u00e9ctrico\"}]},{\"@type\":\"WebSite\",\"@id\":\"http:\\\/\\\/josmaequipamiento.es\\\/#website\",\"url\":\"http:\\\/\\\/josmaequipamiento.es\\\/\",\"name\":\"Josma Equipamiento\",\"description\":\"Todo lo relativo a equipamiento\",\"potentialAction\":[{\"@type\":\"SearchAction\",\"target\":{\"@type\":\"EntryPoint\",\"urlTemplate\":\"http:\\\/\\\/josmaequipamiento.es\\\/?s={search_term_string}\"},\"query-input\":{\"@type\":\"PropertyValueSpecification\",\"valueRequired\":true,\"valueName\":\"search_term_string\"}}],\"inLanguage\":\"es\"}]}<\/script>\n<!-- \/ Yoast SEO plugin. -->","yoast_head_json":{"title":"Archivo M\u00f3vil El\u00e9ctrico - Josma Equipamiento","robots":{"index":"index","follow":"follow","max-snippet":"max-snippet:-1","max-image-preview":"max-image-preview:large","max-video-preview":"max-video-preview:-1"},"canonical":"https:\/\/josmaequipamiento.es\/?product=archivo-movil-electrico","og_locale":"es_ES","og_type":"article","og_title":"Archivo M\u00f3vil El\u00e9ctrico - Josma Equipamiento","og_description":"Archivo m\u00f3vil el\u00e9ctrico, proporciona la capacidad de crear espacios donde sea necesario con el simple desplazamiento de uno o varios carros. El \u00fanico requisito para realizar una instalaci\u00f3n de este sistema de archivo m\u00f3vil el\u00e9ctrico, es la necesidad de disponer de un pasillo de acceso, lo que conlleva la posibilidad de pr\u00e1cticamente duplicar la capacidad [&hellip;]","og_url":"https:\/\/josmaequipamiento.es\/?product=archivo-movil-electrico","og_site_name":"Josma Equipamiento","article_modified_time":"2016-06-12T09:40:11+00:00","og_image":[{"width":640,"height":480,"url":"https:\/\/josmaequipamiento.es\/wp-content\/uploads\/2016\/06\/Rodante-Electrico.jpg","type":"image\/jpeg"}],"twitter_card":"summary_large_image","twitter_misc":{"Tiempo de lectura":"1 minuto"},"schema":{"@context":"https:\/\/schema.org","@graph":[{"@type":"WebPage","@id":"https:\/\/josmaequipamiento.es\/?product=archivo-movil-electrico","url":"https:\/\/josmaequipamiento.es\/?product=archivo-movil-electrico","name":"Archivo M\u00f3vil El\u00e9ctrico - Josma Equipamiento","isPartOf":{"@id":"http:\/\/josmaequipamiento.es\/#website"},"primaryImageOfPage":{"@id":"https:\/\/josmaequipamiento.es\/?product=archivo-movil-electrico#primaryimage"},"image":{"@id":"https:\/\/josmaequipamiento.es\/?product=archivo-movil-electrico#primaryimage"},"thumbnailUrl":"https:\/\/josmaequipamiento.es\/wp-content\/uploads\/2016\/06\/Rodante-Electrico.jpg","datePublished":"2016-06-12T09:26:13+00:00","dateModified":"2016-06-12T09:40:11+00:00","breadcrumb":{"@id":"https:\/\/josmaequipamiento.es\/?product=archivo-movil-electrico#breadcrumb"},"inLanguage":"es","potentialAction":[{"@type":"ReadAction","target":["https:\/\/josmaequipamiento.es\/?product=archivo-movil-electrico"]}]},{"@type":"ImageObject","inLanguage":"es","@id":"https:\/\/josmaequipamiento.es\/?product=archivo-movil-electrico#primaryimage","url":"https:\/\/josmaequipamiento.es\/wp-content\/uploads\/2016\/06\/Rodante-Electrico.jpg","contentUrl":"https:\/\/josmaequipamiento.es\/wp-content\/uploads\/2016\/06\/Rodante-Electrico.jpg","width":640,"height":480},{"@type":"BreadcrumbList","@id":"https:\/\/josmaequipamiento.es\/?product=archivo-movil-electrico#breadcrumb","itemListElement":[{"@type":"ListItem","position":1,"name":"Home","item":"http:\/\/josmaequipamiento.es\/"},{"@type":"ListItem","position":2,"name":"Productos","item":"http:\/\/josmaequipamiento.es\/?page_id=109"},{"@type":"ListItem","position":3,"name":"Archivo M\u00f3vil El\u00e9ctrico"}]},{"@type":"WebSite","@id":"http:\/\/josmaequipamiento.es\/#website","url":"http:\/\/josmaequipamiento.es\/","name":"Josma Equipamiento","description":"Todo lo relativo a equipamiento","potentialAction":[{"@type":"SearchAction","target":{"@type":"EntryPoint","urlTemplate":"http:\/\/josmaequipamiento.es\/?s={search_term_string}"},"query-input":{"@type":"PropertyValueSpecification","valueRequired":true,"valueName":"search_term_string"}}],"inLanguage":"es"}]}},"_links":{"self":[{"href":"https:\/\/josmaequipamiento.es\/index.php?rest_route=\/wp\/v2\/product\/849","targetHints":{"allow":["GET"]}}],"collection":[{"href":"https:\/\/josmaequipamiento.es\/index.php?rest_route=\/wp\/v2\/product"}],"about":[{"href":"https:\/\/josmaequipamiento.es\/index.php?rest_route=\/wp\/v2\/types\/product"}],"replies":[{"embeddable":true,"href":"https:\/\/josmaequipamiento.es\/index.php?rest_route=%2Fwp%2Fv2%2Fcomments&post=849"}],"wp:featuredmedia":[{"embeddable":true,"href":"https:\/\/josmaequipamiento.es\/index.php?rest_route=\/wp\/v2\/media\/850"}],"wp:attachment":[{"href":"https:\/\/josmaequipamiento.es\/index.php?rest_route=%2Fwp%2Fv2%2Fmedia&parent=849"}],"wp:term":[{"taxonomy":"product_brand","embeddable":true,"href":"https:\/\/josmaequipamiento.es\/index.php?rest_route=%2Fwp%2Fv2%2Fproduct_brand&post=849"},{"taxonomy":"product_cat","embeddable":true,"href":"https:\/\/josmaequipamiento.es\/index.php?rest_route=%2Fwp%2Fv2%2Fproduct_cat&post=849"},{"taxonomy":"product_tag","embeddable":true,"href":"https:\/\/josmaequipamiento.es\/index.php?rest_route=%2Fwp%2Fv2%2Fproduct_tag&post=849"}],"curies":[{"name":"wp","href":"https:\/\/api.w.org\/{rel}","templated":true}]}}