{"id":854,"date":"2016-06-12T09:36:14","date_gmt":"2016-06-12T09:36:14","guid":{"rendered":"http:\/\/josmaequipamiento.es\/?post_type=product&#038;p=854"},"modified":"2016-06-12T10:26:40","modified_gmt":"2016-06-12T10:26:40","slug":"archivo-movil-por-tirador","status":"publish","type":"product","link":"https:\/\/josmaequipamiento.es\/?product=archivo-movil-por-tirador","title":{"rendered":"Archivo M\u00f3vil Tirador"},"content":{"rendered":"<p><span style=\"font-family: 'Helvetica',sans-serif; color: #232527;\"><span style=\"font-size: medium;\">Estanter\u00eda m\u00f3vil fabricada <strong>accionada por tirador<\/strong>. <strong>Indicada en instalaciones de peque\u00f1as\u00a0dimensiones y peso reducido<\/strong>. Su montaje es r\u00e1pido y sencillo por estar la plataforma de traslaci\u00f3n premontada. Los archivos m\u00f3viles cuentan en todos los casos con un sistema de antivuelco para evitar posibles descompensaciones en su desplazamiento.<\/span><\/span><\/p>\n<p>&nbsp;<\/p>\n","protected":false},"excerpt":{"rendered":"<p>Estanter\u00eda m\u00f3vil fabricada accionada por tirador. Indicada en instalaciones de peque\u00f1as\u00a0dimensiones y peso reducido. Su montaje es r\u00e1pido y sencillo por estar la plataforma de traslaci\u00f3n premontada. Los archivos m\u00f3viles cuentan en todos los casos con un sistema de antivuelco para evitar posibles descompensaciones en su desplazamiento. &nbsp;<\/p>\n","protected":false},"featured_media":857,"comment_status":"open","ping_status":"closed","template":"","meta":{"_et_pb_use_builder":"","_et_pb_old_content":"","_et_gb_content_width":""},"product_brand":[],"product_cat":[57,76,72],"product_tag":[188],"class_list":{"0":"post-854","1":"product","2":"type-product","3":"status-publish","4":"has-post-thumbnail","6":"product_cat-espacios-de-trabajo","7":"product_cat-archivos-moviles","8":"product_cat-sistemas-de-archivo","9":"product_tag-estanterias-moviles","11":"first","12":"instock","13":"shipping-taxable","14":"product-type-simple"},"yoast_head":"<!-- This site is optimized with the Yoast SEO plugin v27.3 - https:\/\/yoast.com\/product\/yoast-seo-wordpress\/ -->\n<title>Archivo M\u00f3vil Tirador - Josma Equipamiento<\/title>\n<meta name=\"robots\" content=\"index, follow, max-snippet:-1, max-image-preview:large, max-video-preview:-1\" \/>\n<link rel=\"canonical\" href=\"http:\/\/josmaequipamiento.es\/?product=archivo-movil-por-tirador\" \/>\n<meta property=\"og:locale\" content=\"es_ES\" \/>\n<meta property=\"og:type\" content=\"article\" \/>\n<meta property=\"og:title\" content=\"Archivo M\u00f3vil Tirador - Josma Equipamiento\" \/>\n<meta property=\"og:description\" content=\"Estanter\u00eda m\u00f3vil fabricada accionada por tirador. Indicada en instalaciones de peque\u00f1as\u00a0dimensiones y peso reducido. Su montaje es r\u00e1pido y sencillo por estar la plataforma de traslaci\u00f3n premontada. Los archivos m\u00f3viles cuentan en todos los casos con un sistema de antivuelco para evitar posibles descompensaciones en su desplazamiento. &nbsp;\" \/>\n<meta property=\"og:url\" content=\"http:\/\/josmaequipamiento.es\/?product=archivo-movil-por-tirador\" \/>\n<meta property=\"og:site_name\" content=\"Josma Equipamiento\" \/>\n<meta property=\"article:modified_time\" content=\"2016-06-12T10:26:40+00:00\" \/>\n<meta property=\"og:image\" content=\"http:\/\/josmaequipamiento.es\/wp-content\/uploads\/2016\/06\/tirador.jpg\" \/>\n\t<meta property=\"og:image:width\" content=\"639\" \/>\n\t<meta property=\"og:image:height\" content=\"480\" \/>\n\t<meta property=\"og:image:type\" content=\"image\/jpeg\" \/>\n<meta name=\"twitter:card\" content=\"summary_large_image\" \/>\n<script type=\"application\/ld+json\" class=\"yoast-schema-graph\">{\"@context\":\"https:\\\/\\\/schema.org\",\"@graph\":[{\"@type\":\"WebPage\",\"@id\":\"http:\\\/\\\/josmaequipamiento.es\\\/?product=archivo-movil-por-tirador\",\"url\":\"http:\\\/\\\/josmaequipamiento.es\\\/?product=archivo-movil-por-tirador\",\"name\":\"Archivo M\u00f3vil Tirador - Josma Equipamiento\",\"isPartOf\":{\"@id\":\"http:\\\/\\\/josmaequipamiento.es\\\/#website\"},\"primaryImageOfPage\":{\"@id\":\"http:\\\/\\\/josmaequipamiento.es\\\/?product=archivo-movil-por-tirador#primaryimage\"},\"image\":{\"@id\":\"http:\\\/\\\/josmaequipamiento.es\\\/?product=archivo-movil-por-tirador#primaryimage\"},\"thumbnailUrl\":\"https:\\\/\\\/josmaequipamiento.es\\\/wp-content\\\/uploads\\\/2016\\\/06\\\/tirador.jpg\",\"datePublished\":\"2016-06-12T09:36:14+00:00\",\"dateModified\":\"2016-06-12T10:26:40+00:00\",\"breadcrumb\":{\"@id\":\"http:\\\/\\\/josmaequipamiento.es\\\/?product=archivo-movil-por-tirador#breadcrumb\"},\"inLanguage\":\"es\",\"potentialAction\":[{\"@type\":\"ReadAction\",\"target\":[\"http:\\\/\\\/josmaequipamiento.es\\\/?product=archivo-movil-por-tirador\"]}]},{\"@type\":\"ImageObject\",\"inLanguage\":\"es\",\"@id\":\"http:\\\/\\\/josmaequipamiento.es\\\/?product=archivo-movil-por-tirador#primaryimage\",\"url\":\"https:\\\/\\\/josmaequipamiento.es\\\/wp-content\\\/uploads\\\/2016\\\/06\\\/tirador.jpg\",\"contentUrl\":\"https:\\\/\\\/josmaequipamiento.es\\\/wp-content\\\/uploads\\\/2016\\\/06\\\/tirador.jpg\",\"width\":639,\"height\":480},{\"@type\":\"BreadcrumbList\",\"@id\":\"http:\\\/\\\/josmaequipamiento.es\\\/?product=archivo-movil-por-tirador#breadcrumb\",\"itemListElement\":[{\"@type\":\"ListItem\",\"position\":1,\"name\":\"Home\",\"item\":\"http:\\\/\\\/josmaequipamiento.es\\\/\"},{\"@type\":\"ListItem\",\"position\":2,\"name\":\"Productos\",\"item\":\"http:\\\/\\\/josmaequipamiento.es\\\/?page_id=109\"},{\"@type\":\"ListItem\",\"position\":3,\"name\":\"Archivo M\u00f3vil Tirador\"}]},{\"@type\":\"WebSite\",\"@id\":\"http:\\\/\\\/josmaequipamiento.es\\\/#website\",\"url\":\"http:\\\/\\\/josmaequipamiento.es\\\/\",\"name\":\"Josma Equipamiento\",\"description\":\"Todo lo relativo a equipamiento\",\"potentialAction\":[{\"@type\":\"SearchAction\",\"target\":{\"@type\":\"EntryPoint\",\"urlTemplate\":\"http:\\\/\\\/josmaequipamiento.es\\\/?s={search_term_string}\"},\"query-input\":{\"@type\":\"PropertyValueSpecification\",\"valueRequired\":true,\"valueName\":\"search_term_string\"}}],\"inLanguage\":\"es\"}]}<\/script>\n<!-- \/ Yoast SEO plugin. -->","yoast_head_json":{"title":"Archivo M\u00f3vil Tirador - Josma Equipamiento","robots":{"index":"index","follow":"follow","max-snippet":"max-snippet:-1","max-image-preview":"max-image-preview:large","max-video-preview":"max-video-preview:-1"},"canonical":"http:\/\/josmaequipamiento.es\/?product=archivo-movil-por-tirador","og_locale":"es_ES","og_type":"article","og_title":"Archivo M\u00f3vil Tirador - Josma Equipamiento","og_description":"Estanter\u00eda m\u00f3vil fabricada accionada por tirador. Indicada en instalaciones de peque\u00f1as\u00a0dimensiones y peso reducido. Su montaje es r\u00e1pido y sencillo por estar la plataforma de traslaci\u00f3n premontada. Los archivos m\u00f3viles cuentan en todos los casos con un sistema de antivuelco para evitar posibles descompensaciones en su desplazamiento. &nbsp;","og_url":"http:\/\/josmaequipamiento.es\/?product=archivo-movil-por-tirador","og_site_name":"Josma Equipamiento","article_modified_time":"2016-06-12T10:26:40+00:00","og_image":[{"width":639,"height":480,"url":"http:\/\/josmaequipamiento.es\/wp-content\/uploads\/2016\/06\/tirador.jpg","type":"image\/jpeg"}],"twitter_card":"summary_large_image","schema":{"@context":"https:\/\/schema.org","@graph":[{"@type":"WebPage","@id":"http:\/\/josmaequipamiento.es\/?product=archivo-movil-por-tirador","url":"http:\/\/josmaequipamiento.es\/?product=archivo-movil-por-tirador","name":"Archivo M\u00f3vil Tirador - Josma Equipamiento","isPartOf":{"@id":"http:\/\/josmaequipamiento.es\/#website"},"primaryImageOfPage":{"@id":"http:\/\/josmaequipamiento.es\/?product=archivo-movil-por-tirador#primaryimage"},"image":{"@id":"http:\/\/josmaequipamiento.es\/?product=archivo-movil-por-tirador#primaryimage"},"thumbnailUrl":"https:\/\/josmaequipamiento.es\/wp-content\/uploads\/2016\/06\/tirador.jpg","datePublished":"2016-06-12T09:36:14+00:00","dateModified":"2016-06-12T10:26:40+00:00","breadcrumb":{"@id":"http:\/\/josmaequipamiento.es\/?product=archivo-movil-por-tirador#breadcrumb"},"inLanguage":"es","potentialAction":[{"@type":"ReadAction","target":["http:\/\/josmaequipamiento.es\/?product=archivo-movil-por-tirador"]}]},{"@type":"ImageObject","inLanguage":"es","@id":"http:\/\/josmaequipamiento.es\/?product=archivo-movil-por-tirador#primaryimage","url":"https:\/\/josmaequipamiento.es\/wp-content\/uploads\/2016\/06\/tirador.jpg","contentUrl":"https:\/\/josmaequipamiento.es\/wp-content\/uploads\/2016\/06\/tirador.jpg","width":639,"height":480},{"@type":"BreadcrumbList","@id":"http:\/\/josmaequipamiento.es\/?product=archivo-movil-por-tirador#breadcrumb","itemListElement":[{"@type":"ListItem","position":1,"name":"Home","item":"http:\/\/josmaequipamiento.es\/"},{"@type":"ListItem","position":2,"name":"Productos","item":"http:\/\/josmaequipamiento.es\/?page_id=109"},{"@type":"ListItem","position":3,"name":"Archivo M\u00f3vil Tirador"}]},{"@type":"WebSite","@id":"http:\/\/josmaequipamiento.es\/#website","url":"http:\/\/josmaequipamiento.es\/","name":"Josma Equipamiento","description":"Todo lo relativo a equipamiento","potentialAction":[{"@type":"SearchAction","target":{"@type":"EntryPoint","urlTemplate":"http:\/\/josmaequipamiento.es\/?s={search_term_string}"},"query-input":{"@type":"PropertyValueSpecification","valueRequired":true,"valueName":"search_term_string"}}],"inLanguage":"es"}]}},"_links":{"self":[{"href":"https:\/\/josmaequipamiento.es\/index.php?rest_route=\/wp\/v2\/product\/854","targetHints":{"allow":["GET"]}}],"collection":[{"href":"https:\/\/josmaequipamiento.es\/index.php?rest_route=\/wp\/v2\/product"}],"about":[{"href":"https:\/\/josmaequipamiento.es\/index.php?rest_route=\/wp\/v2\/types\/product"}],"replies":[{"embeddable":true,"href":"https:\/\/josmaequipamiento.es\/index.php?rest_route=%2Fwp%2Fv2%2Fcomments&post=854"}],"wp:featuredmedia":[{"embeddable":true,"href":"https:\/\/josmaequipamiento.es\/index.php?rest_route=\/wp\/v2\/media\/857"}],"wp:attachment":[{"href":"https:\/\/josmaequipamiento.es\/index.php?rest_route=%2Fwp%2Fv2%2Fmedia&parent=854"}],"wp:term":[{"taxonomy":"product_brand","embeddable":true,"href":"https:\/\/josmaequipamiento.es\/index.php?rest_route=%2Fwp%2Fv2%2Fproduct_brand&post=854"},{"taxonomy":"product_cat","embeddable":true,"href":"https:\/\/josmaequipamiento.es\/index.php?rest_route=%2Fwp%2Fv2%2Fproduct_cat&post=854"},{"taxonomy":"product_tag","embeddable":true,"href":"https:\/\/josmaequipamiento.es\/index.php?rest_route=%2Fwp%2Fv2%2Fproduct_tag&post=854"}],"curies":[{"name":"wp","href":"https:\/\/api.w.org\/{rel}","templated":true}]}}