{"id":878,"date":"2016-06-12T11:08:58","date_gmt":"2016-06-12T11:08:58","guid":{"rendered":"http:\/\/josmaequipamiento.es\/?post_type=product&#038;p=878"},"modified":"2017-12-08T16:47:08","modified_gmt":"2017-12-08T16:47:08","slug":"estanteria-dario-biblio","status":"publish","type":"product","link":"https:\/\/josmaequipamiento.es\/?product=estanteria-dario-biblio","title":{"rendered":"Estanter\u00eda Dar\u00edo Biblio"},"content":{"rendered":"<p>Estanter\u00eda met\u00e1lica, a una cara. La composici\u00f3n de 2 caras se realiza uniendo m\u00f3dulos a 1 cara. Costados fabricados con chapa de acero, costados terminales con perforaci\u00f3n decorativa, arriostrados mediante bastidor met\u00e1lico de tubo. Tapa con perfil incorporado para se\u00f1alizaci\u00f3n de 5 cm. Estantes graduables en altura fijados mediante soportes a los costados, con 3 pliegues longitudinales en lados largos, posibilidad de retenedor trasero y tarjetero.<br \/>\nComo opci\u00f3n se puede incluir trasera met\u00e1lica.<br \/>\nMateriales:<br \/>\n\u2022\tCostados fabricados con chapa sencilla de acero de 0.8 mm de espesor, con doble columna de ranuras cada 30mm, para regular los estantes en altura.<br \/>\n\u2022\tEstantes en chapa de acero de 1 mm de espesor.<br \/>\n\u2022\tBastidores en tubo de acero 30x15x,5 mm reforzado con diagonal de tubo de 10\u00d710 mm soldado.<br \/>\n\u2022\tZ\u00f3calo en chapa de 0.8 mm incluido en la estructura.<br \/>\nDimensiones:<br \/>\n\u2022\tAlto: 210 cm. 6 estantes + tapa\/ 180 cm: 5 estantes + tapa\/ 150 cm. 4 estantes + tapa\/ 120 cm. 3 estantes + tapa.<br \/>\n\u2022\tAncho m\u00f3dulos iniciales: 80 cm\/ 90 cm\/ 110 cm.<br \/>\n\u2022\tAncho m\u00f3dulos extensi\u00f3n: 80 cm\/ 90 cm\/ 110 cm.<br \/>\n\u2022\tFondo: 30-40 cm.\/ 60-80 cm.<\/p>\n","protected":false},"excerpt":{"rendered":"<p>Dar\u00edo se define como una estanter\u00eda de gran sencillez y suavidad de formas. En su variedad para archivo y oficina Dar\u00edo se cierra para dar sensaci\u00f3n de intimidad y protecci\u00f3n a lo archivado. Mientras que en su variedad para biblioteca, los costados donde se sustenta la estanter\u00eda aligeran al m\u00e1ximo su estructura interna dando lugar a la versatilidad materializada.<\/p>\n","protected":false},"featured_media":2249,"comment_status":"open","ping_status":"closed","template":"","meta":{"_et_pb_use_builder":"","_et_pb_old_content":"","_et_gb_content_width":""},"product_brand":[],"product_cat":[77,78],"product_tag":[190],"class_list":{"0":"post-878","1":"product","2":"type-product","3":"status-publish","4":"has-post-thumbnail","6":"product_cat-instalacion-y-colectividades","7":"product_cat-bibliotecas","8":"product_tag-estanterias-bibliotecas","10":"first","11":"instock","12":"shipping-taxable","13":"product-type-simple"},"yoast_head":"<!-- This site is optimized with the Yoast SEO plugin v27.3 - https:\/\/yoast.com\/product\/yoast-seo-wordpress\/ -->\n<title>Estanter\u00eda Dar\u00edo Biblio - Josma Equipamiento<\/title>\n<meta name=\"robots\" content=\"index, follow, max-snippet:-1, max-image-preview:large, max-video-preview:-1\" \/>\n<link rel=\"canonical\" href=\"http:\/\/josmaequipamiento.es\/?product=estanteria-dario-biblio\" \/>\n<meta property=\"og:locale\" content=\"es_ES\" \/>\n<meta property=\"og:type\" content=\"article\" \/>\n<meta property=\"og:title\" content=\"Estanter\u00eda Dar\u00edo Biblio - Josma Equipamiento\" \/>\n<meta property=\"og:description\" content=\"Dar\u00edo se define como una estanter\u00eda de gran sencillez y suavidad de formas. En su variedad para archivo y oficina Dar\u00edo se cierra para dar sensaci\u00f3n de intimidad y protecci\u00f3n a lo archivado. Mientras que en su variedad para biblioteca, los costados donde se sustenta la estanter\u00eda aligeran al m\u00e1ximo su estructura interna dando lugar a la versatilidad materializada.\" \/>\n<meta property=\"og:url\" content=\"http:\/\/josmaequipamiento.es\/?product=estanteria-dario-biblio\" \/>\n<meta property=\"og:site_name\" content=\"Josma Equipamiento\" \/>\n<meta property=\"article:modified_time\" content=\"2017-12-08T16:47:08+00:00\" \/>\n<meta property=\"og:image\" content=\"http:\/\/josmaequipamiento.es\/wp-content\/uploads\/2016\/06\/dario_biblioteca.png\" \/>\n\t<meta property=\"og:image:width\" content=\"640\" \/>\n\t<meta property=\"og:image:height\" content=\"480\" \/>\n\t<meta property=\"og:image:type\" content=\"image\/png\" \/>\n<meta name=\"twitter:card\" content=\"summary_large_image\" \/>\n<meta name=\"twitter:label1\" content=\"Tiempo de lectura\" \/>\n\t<meta name=\"twitter:data1\" content=\"1 minuto\" \/>\n<script type=\"application\/ld+json\" class=\"yoast-schema-graph\">{\"@context\":\"https:\\\/\\\/schema.org\",\"@graph\":[{\"@type\":\"WebPage\",\"@id\":\"http:\\\/\\\/josmaequipamiento.es\\\/?product=estanteria-dario-biblio\",\"url\":\"http:\\\/\\\/josmaequipamiento.es\\\/?product=estanteria-dario-biblio\",\"name\":\"Estanter\u00eda Dar\u00edo Biblio - Josma Equipamiento\",\"isPartOf\":{\"@id\":\"http:\\\/\\\/josmaequipamiento.es\\\/#website\"},\"primaryImageOfPage\":{\"@id\":\"http:\\\/\\\/josmaequipamiento.es\\\/?product=estanteria-dario-biblio#primaryimage\"},\"image\":{\"@id\":\"http:\\\/\\\/josmaequipamiento.es\\\/?product=estanteria-dario-biblio#primaryimage\"},\"thumbnailUrl\":\"https:\\\/\\\/josmaequipamiento.es\\\/wp-content\\\/uploads\\\/2016\\\/06\\\/dario_biblioteca.png\",\"datePublished\":\"2016-06-12T11:08:58+00:00\",\"dateModified\":\"2017-12-08T16:47:08+00:00\",\"breadcrumb\":{\"@id\":\"http:\\\/\\\/josmaequipamiento.es\\\/?product=estanteria-dario-biblio#breadcrumb\"},\"inLanguage\":\"es\",\"potentialAction\":[{\"@type\":\"ReadAction\",\"target\":[\"http:\\\/\\\/josmaequipamiento.es\\\/?product=estanteria-dario-biblio\"]}]},{\"@type\":\"ImageObject\",\"inLanguage\":\"es\",\"@id\":\"http:\\\/\\\/josmaequipamiento.es\\\/?product=estanteria-dario-biblio#primaryimage\",\"url\":\"https:\\\/\\\/josmaequipamiento.es\\\/wp-content\\\/uploads\\\/2016\\\/06\\\/dario_biblioteca.png\",\"contentUrl\":\"https:\\\/\\\/josmaequipamiento.es\\\/wp-content\\\/uploads\\\/2016\\\/06\\\/dario_biblioteca.png\",\"width\":640,\"height\":480},{\"@type\":\"BreadcrumbList\",\"@id\":\"http:\\\/\\\/josmaequipamiento.es\\\/?product=estanteria-dario-biblio#breadcrumb\",\"itemListElement\":[{\"@type\":\"ListItem\",\"position\":1,\"name\":\"Home\",\"item\":\"http:\\\/\\\/josmaequipamiento.es\\\/\"},{\"@type\":\"ListItem\",\"position\":2,\"name\":\"Productos\",\"item\":\"http:\\\/\\\/josmaequipamiento.es\\\/?page_id=109\"},{\"@type\":\"ListItem\",\"position\":3,\"name\":\"Estanter\u00eda Dar\u00edo Biblio\"}]},{\"@type\":\"WebSite\",\"@id\":\"http:\\\/\\\/josmaequipamiento.es\\\/#website\",\"url\":\"http:\\\/\\\/josmaequipamiento.es\\\/\",\"name\":\"Josma Equipamiento\",\"description\":\"Todo lo relativo a equipamiento\",\"potentialAction\":[{\"@type\":\"SearchAction\",\"target\":{\"@type\":\"EntryPoint\",\"urlTemplate\":\"http:\\\/\\\/josmaequipamiento.es\\\/?s={search_term_string}\"},\"query-input\":{\"@type\":\"PropertyValueSpecification\",\"valueRequired\":true,\"valueName\":\"search_term_string\"}}],\"inLanguage\":\"es\"}]}<\/script>\n<!-- \/ Yoast SEO plugin. -->","yoast_head_json":{"title":"Estanter\u00eda Dar\u00edo Biblio - Josma Equipamiento","robots":{"index":"index","follow":"follow","max-snippet":"max-snippet:-1","max-image-preview":"max-image-preview:large","max-video-preview":"max-video-preview:-1"},"canonical":"http:\/\/josmaequipamiento.es\/?product=estanteria-dario-biblio","og_locale":"es_ES","og_type":"article","og_title":"Estanter\u00eda Dar\u00edo Biblio - Josma Equipamiento","og_description":"Dar\u00edo se define como una estanter\u00eda de gran sencillez y suavidad de formas. En su variedad para archivo y oficina Dar\u00edo se cierra para dar sensaci\u00f3n de intimidad y protecci\u00f3n a lo archivado. Mientras que en su variedad para biblioteca, los costados donde se sustenta la estanter\u00eda aligeran al m\u00e1ximo su estructura interna dando lugar a la versatilidad materializada.","og_url":"http:\/\/josmaequipamiento.es\/?product=estanteria-dario-biblio","og_site_name":"Josma Equipamiento","article_modified_time":"2017-12-08T16:47:08+00:00","og_image":[{"width":640,"height":480,"url":"http:\/\/josmaequipamiento.es\/wp-content\/uploads\/2016\/06\/dario_biblioteca.png","type":"image\/png"}],"twitter_card":"summary_large_image","twitter_misc":{"Tiempo de lectura":"1 minuto"},"schema":{"@context":"https:\/\/schema.org","@graph":[{"@type":"WebPage","@id":"http:\/\/josmaequipamiento.es\/?product=estanteria-dario-biblio","url":"http:\/\/josmaequipamiento.es\/?product=estanteria-dario-biblio","name":"Estanter\u00eda Dar\u00edo Biblio - Josma Equipamiento","isPartOf":{"@id":"http:\/\/josmaequipamiento.es\/#website"},"primaryImageOfPage":{"@id":"http:\/\/josmaequipamiento.es\/?product=estanteria-dario-biblio#primaryimage"},"image":{"@id":"http:\/\/josmaequipamiento.es\/?product=estanteria-dario-biblio#primaryimage"},"thumbnailUrl":"https:\/\/josmaequipamiento.es\/wp-content\/uploads\/2016\/06\/dario_biblioteca.png","datePublished":"2016-06-12T11:08:58+00:00","dateModified":"2017-12-08T16:47:08+00:00","breadcrumb":{"@id":"http:\/\/josmaequipamiento.es\/?product=estanteria-dario-biblio#breadcrumb"},"inLanguage":"es","potentialAction":[{"@type":"ReadAction","target":["http:\/\/josmaequipamiento.es\/?product=estanteria-dario-biblio"]}]},{"@type":"ImageObject","inLanguage":"es","@id":"http:\/\/josmaequipamiento.es\/?product=estanteria-dario-biblio#primaryimage","url":"https:\/\/josmaequipamiento.es\/wp-content\/uploads\/2016\/06\/dario_biblioteca.png","contentUrl":"https:\/\/josmaequipamiento.es\/wp-content\/uploads\/2016\/06\/dario_biblioteca.png","width":640,"height":480},{"@type":"BreadcrumbList","@id":"http:\/\/josmaequipamiento.es\/?product=estanteria-dario-biblio#breadcrumb","itemListElement":[{"@type":"ListItem","position":1,"name":"Home","item":"http:\/\/josmaequipamiento.es\/"},{"@type":"ListItem","position":2,"name":"Productos","item":"http:\/\/josmaequipamiento.es\/?page_id=109"},{"@type":"ListItem","position":3,"name":"Estanter\u00eda Dar\u00edo Biblio"}]},{"@type":"WebSite","@id":"http:\/\/josmaequipamiento.es\/#website","url":"http:\/\/josmaequipamiento.es\/","name":"Josma Equipamiento","description":"Todo lo relativo a equipamiento","potentialAction":[{"@type":"SearchAction","target":{"@type":"EntryPoint","urlTemplate":"http:\/\/josmaequipamiento.es\/?s={search_term_string}"},"query-input":{"@type":"PropertyValueSpecification","valueRequired":true,"valueName":"search_term_string"}}],"inLanguage":"es"}]}},"_links":{"self":[{"href":"https:\/\/josmaequipamiento.es\/index.php?rest_route=\/wp\/v2\/product\/878","targetHints":{"allow":["GET"]}}],"collection":[{"href":"https:\/\/josmaequipamiento.es\/index.php?rest_route=\/wp\/v2\/product"}],"about":[{"href":"https:\/\/josmaequipamiento.es\/index.php?rest_route=\/wp\/v2\/types\/product"}],"replies":[{"embeddable":true,"href":"https:\/\/josmaequipamiento.es\/index.php?rest_route=%2Fwp%2Fv2%2Fcomments&post=878"}],"wp:featuredmedia":[{"embeddable":true,"href":"https:\/\/josmaequipamiento.es\/index.php?rest_route=\/wp\/v2\/media\/2249"}],"wp:attachment":[{"href":"https:\/\/josmaequipamiento.es\/index.php?rest_route=%2Fwp%2Fv2%2Fmedia&parent=878"}],"wp:term":[{"taxonomy":"product_brand","embeddable":true,"href":"https:\/\/josmaequipamiento.es\/index.php?rest_route=%2Fwp%2Fv2%2Fproduct_brand&post=878"},{"taxonomy":"product_cat","embeddable":true,"href":"https:\/\/josmaequipamiento.es\/index.php?rest_route=%2Fwp%2Fv2%2Fproduct_cat&post=878"},{"taxonomy":"product_tag","embeddable":true,"href":"https:\/\/josmaequipamiento.es\/index.php?rest_route=%2Fwp%2Fv2%2Fproduct_tag&post=878"}],"curies":[{"name":"wp","href":"https:\/\/api.w.org\/{rel}","templated":true}]}}