{"id":897,"date":"2016-06-12T11:25:03","date_gmt":"2016-06-12T11:25:03","guid":{"rendered":"http:\/\/josmaequipamiento.es\/?post_type=product&#038;p=897"},"modified":"2016-07-27T15:40:37","modified_gmt":"2016-07-27T15:40:37","slug":"expositor-multimedia-madera","status":"publish","type":"product","link":"https:\/\/josmaequipamiento.es\/?product=expositor-multimedia-madera","title":{"rendered":"Multimedia Expositores Madera"},"content":{"rendered":"<p><span style=\"color: #000000; font-family: Calibri; font-size: medium;\">Fabricado en aglomerado de 16 mm de espesor, cubierto de hoja de haya de primera calidad por ambas caras. Consta\u00a0de cajones para el almacenamiento de fichas, con portaetiqueteros y tirador met\u00e1licos. Barnizado en su color con fondo poliuretano pulimentado, terminaci\u00f3n en lacas semimates.<\/span><\/p>\n<p><span style=\"color: #000000; font-family: Calibri; font-size: medium;\">Costados fabricados en aglomerado de 23 mm de espesor, rechapados con hoja de haya de primera calidad, frentes canto redondo de madera maciza de haya de 23 x 7 mm.<\/span><\/p>\n<p><span style=\"color: #000000; font-family: Calibri; font-size: medium;\">Tapa de aglomerado de 23 mm de espesor, rechapado con hoja de haya de primera calidad, frente con vuelta de madera maciza de haya de 46 x 25 mm.<\/span><\/p>\n<p><span style=\"color: #000000; font-family: Calibri; font-size: medium;\">Suelo de aglomerado de 23 mm de espesor, rechapado con hoja de haya de primera calidad. Incorpora un rodapi\u00e9 de 100 mm de altura y 19 mm de espesor.<\/span><\/p>\n<p><span style=\"color: #000000; font-family: Calibri; font-size: medium;\">Cajones: formado por cinco cajones de 772 x 180 mm los frentes, fabricados en aglomerado de haya de 19 mm, los frentes, y de 16 mm el caj\u00f3n. Con cinco divisiones por caj\u00f3n.<\/span><\/p>\n<p><span style=\"color: #000000; font-family: Calibri; font-size: medium;\">Correderas de los cajones salida total con deslizamiento suave y silencioso. Carga admisible 50\/60 kgs. Todo ello gracias a 2 x 28 bolas de acero calibradas, alojadas en jaulas de pl\u00e1stico y que ruedan sobre perfiles de alta precisi\u00f3n. Con gran estabilidad lateral. Todo ello barnizado en su color con fondo poliuretano pulimentado, terminaci\u00f3n en lacas semimates.<\/span><\/p>\n<p>&nbsp;<\/p>\n<p><span style=\"color: #000000; font-family: Calibri; font-size: medium;\">\u00a0<\/span><\/p>\n<p>&nbsp;<\/p>\n","protected":false},"excerpt":{"rendered":"<p>Expositores para novedades y audiovisuales\u00a0de madera, a una cara, con 3\/9 niveles de exposici\u00f3n y frente en escalera con terminaci\u00f3n de metacrilato para una mejor visualizaci\u00f3n. Con goma estriada en el interior para evitar deslizamiento de los art\u00edculos expuestos. Posibilidad de ruedas ocultas y posibilidad de incluir cajones o caj\u00f3n con frente de metacrilato.<\/p>\n","protected":false},"featured_media":2209,"comment_status":"open","ping_status":"closed","template":"","meta":{"_et_pb_use_builder":"","_et_pb_old_content":"","_et_gb_content_width":""},"product_brand":[],"product_cat":[77,78],"product_tag":[190],"class_list":{"0":"post-897","1":"product","2":"type-product","3":"status-publish","4":"has-post-thumbnail","6":"product_cat-instalacion-y-colectividades","7":"product_cat-bibliotecas","8":"product_tag-estanterias-bibliotecas","10":"first","11":"instock","12":"shipping-taxable","13":"product-type-simple"},"yoast_head":"<!-- This site is optimized with the Yoast SEO plugin v27.3 - https:\/\/yoast.com\/product\/yoast-seo-wordpress\/ -->\n<title>Multimedia Expositores Madera - Josma Equipamiento<\/title>\n<meta name=\"robots\" content=\"index, follow, max-snippet:-1, max-image-preview:large, max-video-preview:-1\" \/>\n<link rel=\"canonical\" href=\"http:\/\/josmaequipamiento.es\/?product=expositor-multimedia-madera\" \/>\n<meta property=\"og:locale\" content=\"es_ES\" \/>\n<meta property=\"og:type\" content=\"article\" \/>\n<meta property=\"og:title\" content=\"Multimedia Expositores Madera - Josma Equipamiento\" \/>\n<meta property=\"og:description\" content=\"Expositores para novedades y audiovisuales\u00a0de madera, a una cara, con 3\/9 niveles de exposici\u00f3n y frente en escalera con terminaci\u00f3n de metacrilato para una mejor visualizaci\u00f3n. Con goma estriada en el interior para evitar deslizamiento de los art\u00edculos expuestos. Posibilidad de ruedas ocultas y posibilidad de incluir cajones o caj\u00f3n con frente de metacrilato.\" \/>\n<meta property=\"og:url\" content=\"http:\/\/josmaequipamiento.es\/?product=expositor-multimedia-madera\" \/>\n<meta property=\"og:site_name\" content=\"Josma Equipamiento\" \/>\n<meta property=\"article:modified_time\" content=\"2016-07-27T15:40:37+00:00\" \/>\n<meta property=\"og:image\" content=\"http:\/\/josmaequipamiento.es\/wp-content\/uploads\/2016\/06\/expositor-audiovisuales-madera-640x480.jpg\" \/>\n\t<meta property=\"og:image:width\" content=\"640\" \/>\n\t<meta property=\"og:image:height\" content=\"480\" \/>\n\t<meta property=\"og:image:type\" content=\"image\/jpeg\" \/>\n<meta name=\"twitter:card\" content=\"summary_large_image\" \/>\n<meta name=\"twitter:label1\" content=\"Tiempo de lectura\" \/>\n\t<meta name=\"twitter:data1\" content=\"1 minuto\" \/>\n<script type=\"application\/ld+json\" class=\"yoast-schema-graph\">{\"@context\":\"https:\\\/\\\/schema.org\",\"@graph\":[{\"@type\":\"WebPage\",\"@id\":\"http:\\\/\\\/josmaequipamiento.es\\\/?product=expositor-multimedia-madera\",\"url\":\"http:\\\/\\\/josmaequipamiento.es\\\/?product=expositor-multimedia-madera\",\"name\":\"Multimedia Expositores Madera - Josma Equipamiento\",\"isPartOf\":{\"@id\":\"http:\\\/\\\/josmaequipamiento.es\\\/#website\"},\"primaryImageOfPage\":{\"@id\":\"http:\\\/\\\/josmaequipamiento.es\\\/?product=expositor-multimedia-madera#primaryimage\"},\"image\":{\"@id\":\"http:\\\/\\\/josmaequipamiento.es\\\/?product=expositor-multimedia-madera#primaryimage\"},\"thumbnailUrl\":\"https:\\\/\\\/josmaequipamiento.es\\\/wp-content\\\/uploads\\\/2016\\\/06\\\/expositor-audiovisuales-madera-640x480.jpg\",\"datePublished\":\"2016-06-12T11:25:03+00:00\",\"dateModified\":\"2016-07-27T15:40:37+00:00\",\"breadcrumb\":{\"@id\":\"http:\\\/\\\/josmaequipamiento.es\\\/?product=expositor-multimedia-madera#breadcrumb\"},\"inLanguage\":\"es\",\"potentialAction\":[{\"@type\":\"ReadAction\",\"target\":[\"http:\\\/\\\/josmaequipamiento.es\\\/?product=expositor-multimedia-madera\"]}]},{\"@type\":\"ImageObject\",\"inLanguage\":\"es\",\"@id\":\"http:\\\/\\\/josmaequipamiento.es\\\/?product=expositor-multimedia-madera#primaryimage\",\"url\":\"https:\\\/\\\/josmaequipamiento.es\\\/wp-content\\\/uploads\\\/2016\\\/06\\\/expositor-audiovisuales-madera-640x480.jpg\",\"contentUrl\":\"https:\\\/\\\/josmaequipamiento.es\\\/wp-content\\\/uploads\\\/2016\\\/06\\\/expositor-audiovisuales-madera-640x480.jpg\",\"width\":640,\"height\":480},{\"@type\":\"BreadcrumbList\",\"@id\":\"http:\\\/\\\/josmaequipamiento.es\\\/?product=expositor-multimedia-madera#breadcrumb\",\"itemListElement\":[{\"@type\":\"ListItem\",\"position\":1,\"name\":\"Home\",\"item\":\"http:\\\/\\\/josmaequipamiento.es\\\/\"},{\"@type\":\"ListItem\",\"position\":2,\"name\":\"Productos\",\"item\":\"http:\\\/\\\/josmaequipamiento.es\\\/?page_id=109\"},{\"@type\":\"ListItem\",\"position\":3,\"name\":\"Multimedia Expositores Madera\"}]},{\"@type\":\"WebSite\",\"@id\":\"http:\\\/\\\/josmaequipamiento.es\\\/#website\",\"url\":\"http:\\\/\\\/josmaequipamiento.es\\\/\",\"name\":\"Josma Equipamiento\",\"description\":\"Todo lo relativo a equipamiento\",\"potentialAction\":[{\"@type\":\"SearchAction\",\"target\":{\"@type\":\"EntryPoint\",\"urlTemplate\":\"http:\\\/\\\/josmaequipamiento.es\\\/?s={search_term_string}\"},\"query-input\":{\"@type\":\"PropertyValueSpecification\",\"valueRequired\":true,\"valueName\":\"search_term_string\"}}],\"inLanguage\":\"es\"}]}<\/script>\n<!-- \/ Yoast SEO plugin. -->","yoast_head_json":{"title":"Multimedia Expositores Madera - Josma Equipamiento","robots":{"index":"index","follow":"follow","max-snippet":"max-snippet:-1","max-image-preview":"max-image-preview:large","max-video-preview":"max-video-preview:-1"},"canonical":"http:\/\/josmaequipamiento.es\/?product=expositor-multimedia-madera","og_locale":"es_ES","og_type":"article","og_title":"Multimedia Expositores Madera - Josma Equipamiento","og_description":"Expositores para novedades y audiovisuales\u00a0de madera, a una cara, con 3\/9 niveles de exposici\u00f3n y frente en escalera con terminaci\u00f3n de metacrilato para una mejor visualizaci\u00f3n. Con goma estriada en el interior para evitar deslizamiento de los art\u00edculos expuestos. Posibilidad de ruedas ocultas y posibilidad de incluir cajones o caj\u00f3n con frente de metacrilato.","og_url":"http:\/\/josmaequipamiento.es\/?product=expositor-multimedia-madera","og_site_name":"Josma Equipamiento","article_modified_time":"2016-07-27T15:40:37+00:00","og_image":[{"width":640,"height":480,"url":"http:\/\/josmaequipamiento.es\/wp-content\/uploads\/2016\/06\/expositor-audiovisuales-madera-640x480.jpg","type":"image\/jpeg"}],"twitter_card":"summary_large_image","twitter_misc":{"Tiempo de lectura":"1 minuto"},"schema":{"@context":"https:\/\/schema.org","@graph":[{"@type":"WebPage","@id":"http:\/\/josmaequipamiento.es\/?product=expositor-multimedia-madera","url":"http:\/\/josmaequipamiento.es\/?product=expositor-multimedia-madera","name":"Multimedia Expositores Madera - Josma Equipamiento","isPartOf":{"@id":"http:\/\/josmaequipamiento.es\/#website"},"primaryImageOfPage":{"@id":"http:\/\/josmaequipamiento.es\/?product=expositor-multimedia-madera#primaryimage"},"image":{"@id":"http:\/\/josmaequipamiento.es\/?product=expositor-multimedia-madera#primaryimage"},"thumbnailUrl":"https:\/\/josmaequipamiento.es\/wp-content\/uploads\/2016\/06\/expositor-audiovisuales-madera-640x480.jpg","datePublished":"2016-06-12T11:25:03+00:00","dateModified":"2016-07-27T15:40:37+00:00","breadcrumb":{"@id":"http:\/\/josmaequipamiento.es\/?product=expositor-multimedia-madera#breadcrumb"},"inLanguage":"es","potentialAction":[{"@type":"ReadAction","target":["http:\/\/josmaequipamiento.es\/?product=expositor-multimedia-madera"]}]},{"@type":"ImageObject","inLanguage":"es","@id":"http:\/\/josmaequipamiento.es\/?product=expositor-multimedia-madera#primaryimage","url":"https:\/\/josmaequipamiento.es\/wp-content\/uploads\/2016\/06\/expositor-audiovisuales-madera-640x480.jpg","contentUrl":"https:\/\/josmaequipamiento.es\/wp-content\/uploads\/2016\/06\/expositor-audiovisuales-madera-640x480.jpg","width":640,"height":480},{"@type":"BreadcrumbList","@id":"http:\/\/josmaequipamiento.es\/?product=expositor-multimedia-madera#breadcrumb","itemListElement":[{"@type":"ListItem","position":1,"name":"Home","item":"http:\/\/josmaequipamiento.es\/"},{"@type":"ListItem","position":2,"name":"Productos","item":"http:\/\/josmaequipamiento.es\/?page_id=109"},{"@type":"ListItem","position":3,"name":"Multimedia Expositores Madera"}]},{"@type":"WebSite","@id":"http:\/\/josmaequipamiento.es\/#website","url":"http:\/\/josmaequipamiento.es\/","name":"Josma Equipamiento","description":"Todo lo relativo a equipamiento","potentialAction":[{"@type":"SearchAction","target":{"@type":"EntryPoint","urlTemplate":"http:\/\/josmaequipamiento.es\/?s={search_term_string}"},"query-input":{"@type":"PropertyValueSpecification","valueRequired":true,"valueName":"search_term_string"}}],"inLanguage":"es"}]}},"_links":{"self":[{"href":"https:\/\/josmaequipamiento.es\/index.php?rest_route=\/wp\/v2\/product\/897","targetHints":{"allow":["GET"]}}],"collection":[{"href":"https:\/\/josmaequipamiento.es\/index.php?rest_route=\/wp\/v2\/product"}],"about":[{"href":"https:\/\/josmaequipamiento.es\/index.php?rest_route=\/wp\/v2\/types\/product"}],"replies":[{"embeddable":true,"href":"https:\/\/josmaequipamiento.es\/index.php?rest_route=%2Fwp%2Fv2%2Fcomments&post=897"}],"wp:featuredmedia":[{"embeddable":true,"href":"https:\/\/josmaequipamiento.es\/index.php?rest_route=\/wp\/v2\/media\/2209"}],"wp:attachment":[{"href":"https:\/\/josmaequipamiento.es\/index.php?rest_route=%2Fwp%2Fv2%2Fmedia&parent=897"}],"wp:term":[{"taxonomy":"product_brand","embeddable":true,"href":"https:\/\/josmaequipamiento.es\/index.php?rest_route=%2Fwp%2Fv2%2Fproduct_brand&post=897"},{"taxonomy":"product_cat","embeddable":true,"href":"https:\/\/josmaequipamiento.es\/index.php?rest_route=%2Fwp%2Fv2%2Fproduct_cat&post=897"},{"taxonomy":"product_tag","embeddable":true,"href":"https:\/\/josmaequipamiento.es\/index.php?rest_route=%2Fwp%2Fv2%2Fproduct_tag&post=897"}],"curies":[{"name":"wp","href":"https:\/\/api.w.org\/{rel}","templated":true}]}}