{"id":898,"date":"2016-06-12T11:28:16","date_gmt":"2016-06-12T11:28:16","guid":{"rendered":"http:\/\/josmaequipamiento.es\/?post_type=product&#038;p=898"},"modified":"2016-07-27T12:59:54","modified_gmt":"2016-07-27T12:59:54","slug":"mesa-biblioteca-tolstoi","status":"publish","type":"product","link":"https:\/\/josmaequipamiento.es\/?product=mesa-biblioteca-tolstoi","title":{"rendered":"Mesas Biblioteca"},"content":{"rendered":"<p><span style=\"color: #000000; font-family: Calibri; font-size: medium;\">Estructura de 4 patas formada en laterales de U invertida de tubo cuadrado 50&#215;50 \u00f3 60X30 mm, con tap\u00f3n de rosca M10 en los extremos para los niveladores. Travesa\u00f1os de tubo 50&#215;50 fijados a las patas en U, y remetidos al interior de la tapa. Toda la estructura porta distanciadores que separan la tapa 15 mm, para alojar la torniller\u00eda de fijaci\u00f3n de la misma. Acabado en pintura en polvo epoxi polimerizada a 200\u00baC previo desengrasado y fosfatado.<\/span><\/p>\n<p><span style=\"color: #000000; font-family: Calibri; font-size: medium;\">Niveladores en patas de nylon de e=30mm, atornillados sobre tuerca M10. <\/span><\/p>\n<p><span style=\"color: #000000; font-family: Calibri; font-size: medium;\">Tapa melamina: tablero bilaminado e=25mm, cantos ABS 2mm.<\/span><\/p>\n<p><span style=\"color: #000000; font-family: Calibri; font-size: medium;\">Opci\u00f3n: Tapa estratificada tablero aglomerado e=25mm. 2 Cantos postformados y 2 de ABS 2mm. L\u00e1mina superior de estratificado de alta presi\u00f3n de 0.8mm. Inferior de l\u00e1mina compensatoria blanca. <\/span><\/p>\n<p><span style=\"color: #000000; font-family: Calibri; font-size: medium;\">Varias medidas est\u00e1ndar de longitud y profundidad a elegir. <\/span><\/p>\n<p><span style=\"color: #000000; font-family: Calibri; font-size: medium;\">Opci\u00f3n de medidas especiales<\/span><\/p>\n<p>&nbsp;<\/p>\n<p><span data-sheets-userformat=\"[null,null,829,[null,0],null,[null,[[null,2,0,null,null,[null,2,0]],[null,0,0,3],[null,1,0,null,1]]],[null,[[null,2,0,null,null,[null,2,0]],[null,0,0,3],[null,1,0,null,1]]],[null,[[null,2,0,null,null,[null,2,0]],[null,0,0,3],[null,1,0,null,1]]],[null,[[null,2,0,null,null,[null,2,0]],[null,0,0,3],[null,1,0,null,1]]],null,null,1,0]\" data-sheets-value=\"[null,2,&quot;Medidas estandar: 120x60 cm. 150x100\/120 cm. 200\/225x100\/120 cm. Altura: 75 cm adulto. 70 cm. Cadete. 65 cm. infantil. Redondas: 100\/120 cm. Otras medidas, consultar. &quot;]\">\u00a0<\/span><\/p>\n","protected":false},"excerpt":{"rendered":"<p>Mesas biblioteca modernas y din\u00e1micas. La separaci\u00f3n de la tapa y la estructura met\u00e1lica, le dan a \u00e9ste modelo de mesa un toque futurista, al simular que la tapa queda suspendida en el aire. Mesa formada por estructura lateral de p\u00f3rtico y travesa\u00f1os de arriostramiento mediante tubo met\u00e1lico de secci\u00f3n cuadrada o rectangular y sobre de tablero estratificado o bilaminado, con posibilidad de electrificaci\u00f3n e iluminaci\u00f3n.<\/p>\n","protected":false},"featured_media":2203,"comment_status":"open","ping_status":"closed","template":"","meta":{"_et_pb_use_builder":"","_et_pb_old_content":"","_et_gb_content_width":""},"product_brand":[],"product_cat":[77,78],"product_tag":[190],"class_list":{"0":"post-898","1":"product","2":"type-product","3":"status-publish","4":"has-post-thumbnail","6":"product_cat-instalacion-y-colectividades","7":"product_cat-bibliotecas","8":"product_tag-estanterias-bibliotecas","10":"first","11":"instock","12":"shipping-taxable","13":"product-type-simple"},"yoast_head":"<!-- This site is optimized with the Yoast SEO plugin v27.3 - https:\/\/yoast.com\/product\/yoast-seo-wordpress\/ -->\n<title>Mesas Biblioteca - Josma Equipamiento<\/title>\n<meta name=\"robots\" content=\"index, follow, max-snippet:-1, max-image-preview:large, max-video-preview:-1\" \/>\n<link rel=\"canonical\" href=\"https:\/\/josmaequipamiento.es\/?product=mesa-biblioteca-tolstoi\" \/>\n<meta property=\"og:locale\" content=\"es_ES\" \/>\n<meta property=\"og:type\" content=\"article\" \/>\n<meta property=\"og:title\" content=\"Mesas Biblioteca - Josma Equipamiento\" \/>\n<meta property=\"og:description\" content=\"Mesas biblioteca modernas y din\u00e1micas. La separaci\u00f3n de la tapa y la estructura met\u00e1lica, le dan a \u00e9ste modelo de mesa un toque futurista, al simular que la tapa queda suspendida en el aire. Mesa formada por estructura lateral de p\u00f3rtico y travesa\u00f1os de arriostramiento mediante tubo met\u00e1lico de secci\u00f3n cuadrada o rectangular y sobre de tablero estratificado o bilaminado, con posibilidad de electrificaci\u00f3n e iluminaci\u00f3n.\" \/>\n<meta property=\"og:url\" content=\"https:\/\/josmaequipamiento.es\/?product=mesa-biblioteca-tolstoi\" \/>\n<meta property=\"og:site_name\" content=\"Josma Equipamiento\" \/>\n<meta property=\"article:modified_time\" content=\"2016-07-27T12:59:54+00:00\" \/>\n<meta property=\"og:image\" content=\"https:\/\/josmaequipamiento.es\/wp-content\/uploads\/2016\/06\/mesas-vital.jpg\" \/>\n\t<meta property=\"og:image:width\" content=\"640\" \/>\n\t<meta property=\"og:image:height\" content=\"480\" \/>\n\t<meta property=\"og:image:type\" content=\"image\/jpeg\" \/>\n<meta name=\"twitter:card\" content=\"summary_large_image\" \/>\n<meta name=\"twitter:label1\" content=\"Tiempo de lectura\" \/>\n\t<meta name=\"twitter:data1\" content=\"1 minuto\" \/>\n<script type=\"application\/ld+json\" class=\"yoast-schema-graph\">{\"@context\":\"https:\\\/\\\/schema.org\",\"@graph\":[{\"@type\":\"WebPage\",\"@id\":\"https:\\\/\\\/josmaequipamiento.es\\\/?product=mesa-biblioteca-tolstoi\",\"url\":\"https:\\\/\\\/josmaequipamiento.es\\\/?product=mesa-biblioteca-tolstoi\",\"name\":\"Mesas Biblioteca - Josma Equipamiento\",\"isPartOf\":{\"@id\":\"http:\\\/\\\/josmaequipamiento.es\\\/#website\"},\"primaryImageOfPage\":{\"@id\":\"https:\\\/\\\/josmaequipamiento.es\\\/?product=mesa-biblioteca-tolstoi#primaryimage\"},\"image\":{\"@id\":\"https:\\\/\\\/josmaequipamiento.es\\\/?product=mesa-biblioteca-tolstoi#primaryimage\"},\"thumbnailUrl\":\"https:\\\/\\\/josmaequipamiento.es\\\/wp-content\\\/uploads\\\/2016\\\/06\\\/mesas-vital.jpg\",\"datePublished\":\"2016-06-12T11:28:16+00:00\",\"dateModified\":\"2016-07-27T12:59:54+00:00\",\"breadcrumb\":{\"@id\":\"https:\\\/\\\/josmaequipamiento.es\\\/?product=mesa-biblioteca-tolstoi#breadcrumb\"},\"inLanguage\":\"es\",\"potentialAction\":[{\"@type\":\"ReadAction\",\"target\":[\"https:\\\/\\\/josmaequipamiento.es\\\/?product=mesa-biblioteca-tolstoi\"]}]},{\"@type\":\"ImageObject\",\"inLanguage\":\"es\",\"@id\":\"https:\\\/\\\/josmaequipamiento.es\\\/?product=mesa-biblioteca-tolstoi#primaryimage\",\"url\":\"https:\\\/\\\/josmaequipamiento.es\\\/wp-content\\\/uploads\\\/2016\\\/06\\\/mesas-vital.jpg\",\"contentUrl\":\"https:\\\/\\\/josmaequipamiento.es\\\/wp-content\\\/uploads\\\/2016\\\/06\\\/mesas-vital.jpg\",\"width\":640,\"height\":480},{\"@type\":\"BreadcrumbList\",\"@id\":\"https:\\\/\\\/josmaequipamiento.es\\\/?product=mesa-biblioteca-tolstoi#breadcrumb\",\"itemListElement\":[{\"@type\":\"ListItem\",\"position\":1,\"name\":\"Home\",\"item\":\"http:\\\/\\\/josmaequipamiento.es\\\/\"},{\"@type\":\"ListItem\",\"position\":2,\"name\":\"Productos\",\"item\":\"http:\\\/\\\/josmaequipamiento.es\\\/?page_id=109\"},{\"@type\":\"ListItem\",\"position\":3,\"name\":\"Mesas Biblioteca\"}]},{\"@type\":\"WebSite\",\"@id\":\"http:\\\/\\\/josmaequipamiento.es\\\/#website\",\"url\":\"http:\\\/\\\/josmaequipamiento.es\\\/\",\"name\":\"Josma Equipamiento\",\"description\":\"Todo lo relativo a equipamiento\",\"potentialAction\":[{\"@type\":\"SearchAction\",\"target\":{\"@type\":\"EntryPoint\",\"urlTemplate\":\"http:\\\/\\\/josmaequipamiento.es\\\/?s={search_term_string}\"},\"query-input\":{\"@type\":\"PropertyValueSpecification\",\"valueRequired\":true,\"valueName\":\"search_term_string\"}}],\"inLanguage\":\"es\"}]}<\/script>\n<!-- \/ Yoast SEO plugin. -->","yoast_head_json":{"title":"Mesas Biblioteca - Josma Equipamiento","robots":{"index":"index","follow":"follow","max-snippet":"max-snippet:-1","max-image-preview":"max-image-preview:large","max-video-preview":"max-video-preview:-1"},"canonical":"https:\/\/josmaequipamiento.es\/?product=mesa-biblioteca-tolstoi","og_locale":"es_ES","og_type":"article","og_title":"Mesas Biblioteca - Josma Equipamiento","og_description":"Mesas biblioteca modernas y din\u00e1micas. La separaci\u00f3n de la tapa y la estructura met\u00e1lica, le dan a \u00e9ste modelo de mesa un toque futurista, al simular que la tapa queda suspendida en el aire. Mesa formada por estructura lateral de p\u00f3rtico y travesa\u00f1os de arriostramiento mediante tubo met\u00e1lico de secci\u00f3n cuadrada o rectangular y sobre de tablero estratificado o bilaminado, con posibilidad de electrificaci\u00f3n e iluminaci\u00f3n.","og_url":"https:\/\/josmaequipamiento.es\/?product=mesa-biblioteca-tolstoi","og_site_name":"Josma Equipamiento","article_modified_time":"2016-07-27T12:59:54+00:00","og_image":[{"width":640,"height":480,"url":"https:\/\/josmaequipamiento.es\/wp-content\/uploads\/2016\/06\/mesas-vital.jpg","type":"image\/jpeg"}],"twitter_card":"summary_large_image","twitter_misc":{"Tiempo de lectura":"1 minuto"},"schema":{"@context":"https:\/\/schema.org","@graph":[{"@type":"WebPage","@id":"https:\/\/josmaequipamiento.es\/?product=mesa-biblioteca-tolstoi","url":"https:\/\/josmaequipamiento.es\/?product=mesa-biblioteca-tolstoi","name":"Mesas Biblioteca - Josma Equipamiento","isPartOf":{"@id":"http:\/\/josmaequipamiento.es\/#website"},"primaryImageOfPage":{"@id":"https:\/\/josmaequipamiento.es\/?product=mesa-biblioteca-tolstoi#primaryimage"},"image":{"@id":"https:\/\/josmaequipamiento.es\/?product=mesa-biblioteca-tolstoi#primaryimage"},"thumbnailUrl":"https:\/\/josmaequipamiento.es\/wp-content\/uploads\/2016\/06\/mesas-vital.jpg","datePublished":"2016-06-12T11:28:16+00:00","dateModified":"2016-07-27T12:59:54+00:00","breadcrumb":{"@id":"https:\/\/josmaequipamiento.es\/?product=mesa-biblioteca-tolstoi#breadcrumb"},"inLanguage":"es","potentialAction":[{"@type":"ReadAction","target":["https:\/\/josmaequipamiento.es\/?product=mesa-biblioteca-tolstoi"]}]},{"@type":"ImageObject","inLanguage":"es","@id":"https:\/\/josmaequipamiento.es\/?product=mesa-biblioteca-tolstoi#primaryimage","url":"https:\/\/josmaequipamiento.es\/wp-content\/uploads\/2016\/06\/mesas-vital.jpg","contentUrl":"https:\/\/josmaequipamiento.es\/wp-content\/uploads\/2016\/06\/mesas-vital.jpg","width":640,"height":480},{"@type":"BreadcrumbList","@id":"https:\/\/josmaequipamiento.es\/?product=mesa-biblioteca-tolstoi#breadcrumb","itemListElement":[{"@type":"ListItem","position":1,"name":"Home","item":"http:\/\/josmaequipamiento.es\/"},{"@type":"ListItem","position":2,"name":"Productos","item":"http:\/\/josmaequipamiento.es\/?page_id=109"},{"@type":"ListItem","position":3,"name":"Mesas Biblioteca"}]},{"@type":"WebSite","@id":"http:\/\/josmaequipamiento.es\/#website","url":"http:\/\/josmaequipamiento.es\/","name":"Josma Equipamiento","description":"Todo lo relativo a equipamiento","potentialAction":[{"@type":"SearchAction","target":{"@type":"EntryPoint","urlTemplate":"http:\/\/josmaequipamiento.es\/?s={search_term_string}"},"query-input":{"@type":"PropertyValueSpecification","valueRequired":true,"valueName":"search_term_string"}}],"inLanguage":"es"}]}},"_links":{"self":[{"href":"https:\/\/josmaequipamiento.es\/index.php?rest_route=\/wp\/v2\/product\/898","targetHints":{"allow":["GET"]}}],"collection":[{"href":"https:\/\/josmaequipamiento.es\/index.php?rest_route=\/wp\/v2\/product"}],"about":[{"href":"https:\/\/josmaequipamiento.es\/index.php?rest_route=\/wp\/v2\/types\/product"}],"replies":[{"embeddable":true,"href":"https:\/\/josmaequipamiento.es\/index.php?rest_route=%2Fwp%2Fv2%2Fcomments&post=898"}],"wp:featuredmedia":[{"embeddable":true,"href":"https:\/\/josmaequipamiento.es\/index.php?rest_route=\/wp\/v2\/media\/2203"}],"wp:attachment":[{"href":"https:\/\/josmaequipamiento.es\/index.php?rest_route=%2Fwp%2Fv2%2Fmedia&parent=898"}],"wp:term":[{"taxonomy":"product_brand","embeddable":true,"href":"https:\/\/josmaequipamiento.es\/index.php?rest_route=%2Fwp%2Fv2%2Fproduct_brand&post=898"},{"taxonomy":"product_cat","embeddable":true,"href":"https:\/\/josmaequipamiento.es\/index.php?rest_route=%2Fwp%2Fv2%2Fproduct_cat&post=898"},{"taxonomy":"product_tag","embeddable":true,"href":"https:\/\/josmaequipamiento.es\/index.php?rest_route=%2Fwp%2Fv2%2Fproduct_tag&post=898"}],"curies":[{"name":"wp","href":"https:\/\/api.w.org\/{rel}","templated":true}]}}