{"id":926,"date":"2016-06-12T14:42:10","date_gmt":"2016-06-12T14:42:10","guid":{"rendered":"http:\/\/josmaequipamiento.es\/?post_type=product&#038;p=926"},"modified":"2016-07-30T17:26:15","modified_gmt":"2016-07-30T17:26:15","slug":"sillas-escolares","status":"publish","type":"product","link":"https:\/\/josmaequipamiento.es\/?product=sillas-escolares","title":{"rendered":"Siller\u00eda Infantil y Escolar"},"content":{"rendered":"<p><span style=\"color: #000000; font-family: Calibri; font-size: medium;\">Estructura met\u00e1lica y elementos auxiliares:\u00a0\u00a0\u00a0 Acero laminado en fr\u00edo o decapado, conformado seg\u00fan norma DIN 2395, con un l\u00edmite el\u00e1stico de 370 N\/mm2, con espesor m\u00ednimo de todos los perfiles de 1,5 mm; perfil tubular de 22 mm. en toda la estructura.\u00a0 Uniones de soldadura manual o robotizada, mediante el proceso \u201cTIG\u201d, con\u00a0 gas inerte.\u00a0 Tacos. Conformados\u00a0 en inyecci\u00f3n de pl\u00e1stico, utilizando como material el polietileno para la fijaci\u00f3n y goma para la superficie de contacto al suelo, garantizando una perfecta estabilidad de la silla y un uso silencioso.\u00a0 Remaches, fabricados en aluminio para resistir la corrosi\u00f3n. Se utilizan en la fijaci\u00f3n del asiento y el respaldo.\u00a0\u00a0\u00a0 Asientos y respaldos:<br \/>\nCuerpo. Laminados totalmente mediante 9 laminas de madera conformados mediante prensado en caliente con cola de uni\u00f3n a una temperatura 90\u00ba y una presi\u00f3n de 12.7 Kgr\/ cm2, finalmente se perfilan mediante un proceso de geometr\u00eda \u201cCNC\u201d de mecanizado. Proceso el cual dota a los materiales de una elevada resistencia mec\u00e1nica en toda su vida \u00fatil.<br \/>\nEstratificados:<br \/>\nCompuestos b\u00e1sicamente de resinas melam\u00ednicas en las caras impresas y de resina fen\u00f3lica en la capa intermedia de soporte.<br \/>\nAcabados de barnizados:\u00a0\u00a0\u00a0 Se realizan mediante un estricto proceso de producci\u00f3n, por una instrucci\u00f3n de trabajo, conforme a la certificaci\u00f3n que posee la empresa en la normativa UNE-ENISO-9001:2008<br \/>\nAcabados de estructuras met\u00e1licas en pintura de polvo:<br \/>\nEl acabado de pintura en polvo se realiza mediante una instalaci\u00f3n equipada, con la \u00faltima tecnolog\u00eda en aplicaci\u00f3n de polvo, por una instrucci\u00f3n de trabajo, conforme a la certificaci\u00f3n que posee la empresa en la normativa UNE-EN-ISO-9001:2008, que garantiza una elevada resistencia anti-corrosi\u00f3n de las estructura met\u00e1licas tratadas.<br \/>\n<\/span><\/p>\n<p><span style=\"color: #000000; font-family: Calibri; font-size: medium;\">Altura asiento: T. 1: 40 cm. \u2013 T. 2: 42 cm. \u2013 T. 3: 45 cm.\u00a0 Altura total: T. 1: 69 cm. \u2013 T. 2: 71 cm. \u2013 T. 3: 77 cm.\u00a0 Anchura del asiento: T. 1: 34 cm. \u2013 T. 2: 38 cm. \u2013 T. 3: 38 cm.\u00a0 Profundidad del asiento: T. 1: 44 cm. \u2013 T. 2: 45 cm. \u2013 T. 3: 45 cm.<br \/>\n<\/span><\/p>\n","protected":false},"excerpt":{"rendered":"<p><span style=\"color: #000000; font-family: Calibri; font-size: medium;\">Una amplia gama de sillas escolares e infantiles\u00a0para centros educativos, realizadas en diferentes materiales y con posibilidad de a\u00f1adir diferentes accesorios seg\u00fan las necesidades de cada proyecto.<\/span><\/p>\n<p><span style=\"color: #000000; font-family: Calibri; font-size: medium;\">Disponemos de las cl\u00e1sicas sillas escolares con patas de metal asiento y respaldo en estratificado, sillas de pl\u00e1stico, sillas de pl\u00e1stico con asiento acolchado, sillas para formaci\u00f3n con pala abatible o fija, sillas con ruedas, sillas con brazos, sillas de distintos pl\u00e1sticos de calidad con estructura de metal, taburetes, sillas acolchadas con ruedas, etc.<\/span><\/p>\n","protected":false},"featured_media":2276,"comment_status":"open","ping_status":"closed","template":"","meta":{"_et_pb_use_builder":"","_et_pb_old_content":"","_et_gb_content_width":""},"product_brand":[],"product_cat":[77,82],"product_tag":[191],"class_list":{"0":"post-926","1":"product","2":"type-product","3":"status-publish","4":"has-post-thumbnail","6":"product_cat-instalacion-y-colectividades","7":"product_cat-escolar-infantil","8":"product_tag-mobiliaro-escolar","10":"first","11":"instock","12":"shipping-taxable","13":"product-type-simple"},"yoast_head":"<!-- This site is optimized with the Yoast SEO plugin v27.3 - https:\/\/yoast.com\/product\/yoast-seo-wordpress\/ -->\n<title>Siller\u00eda Infantil y Escolar - Josma Equipamiento<\/title>\n<meta name=\"robots\" content=\"index, follow, max-snippet:-1, max-image-preview:large, max-video-preview:-1\" \/>\n<link rel=\"canonical\" href=\"http:\/\/josmaequipamiento.es\/?product=sillas-escolares\" \/>\n<meta property=\"og:locale\" content=\"es_ES\" \/>\n<meta property=\"og:type\" content=\"article\" \/>\n<meta property=\"og:title\" content=\"Siller\u00eda Infantil y Escolar - Josma Equipamiento\" \/>\n<meta property=\"og:description\" content=\"Una amplia gama de sillas escolares e infantiles\u00a0para centros educativos, realizadas en diferentes materiales y con posibilidad de a\u00f1adir diferentes accesorios seg\u00fan las necesidades de cada proyecto.  Disponemos de las cl\u00e1sicas sillas escolares con patas de metal asiento y respaldo en estratificado, sillas de pl\u00e1stico, sillas de pl\u00e1stico con asiento acolchado, sillas para formaci\u00f3n con pala abatible o fija, sillas con ruedas, sillas con brazos, sillas de distintos pl\u00e1sticos de calidad con estructura de metal, taburetes, sillas acolchadas con ruedas, etc.\" \/>\n<meta property=\"og:url\" content=\"http:\/\/josmaequipamiento.es\/?product=sillas-escolares\" \/>\n<meta property=\"og:site_name\" content=\"Josma Equipamiento\" \/>\n<meta property=\"article:modified_time\" content=\"2016-07-30T17:26:15+00:00\" \/>\n<meta property=\"og:image\" content=\"http:\/\/josmaequipamiento.es\/wp-content\/uploads\/2016\/06\/Crom2.jpg\" \/>\n\t<meta property=\"og:image:width\" content=\"640\" \/>\n\t<meta property=\"og:image:height\" content=\"480\" \/>\n\t<meta property=\"og:image:type\" content=\"image\/jpeg\" \/>\n<meta name=\"twitter:card\" content=\"summary_large_image\" \/>\n<meta name=\"twitter:label1\" content=\"Tiempo de lectura\" \/>\n\t<meta name=\"twitter:data1\" content=\"2 minutos\" \/>\n<script type=\"application\/ld+json\" class=\"yoast-schema-graph\">{\"@context\":\"https:\\\/\\\/schema.org\",\"@graph\":[{\"@type\":\"WebPage\",\"@id\":\"http:\\\/\\\/josmaequipamiento.es\\\/?product=sillas-escolares\",\"url\":\"http:\\\/\\\/josmaequipamiento.es\\\/?product=sillas-escolares\",\"name\":\"Siller\u00eda Infantil y Escolar - Josma Equipamiento\",\"isPartOf\":{\"@id\":\"http:\\\/\\\/josmaequipamiento.es\\\/#website\"},\"primaryImageOfPage\":{\"@id\":\"http:\\\/\\\/josmaequipamiento.es\\\/?product=sillas-escolares#primaryimage\"},\"image\":{\"@id\":\"http:\\\/\\\/josmaequipamiento.es\\\/?product=sillas-escolares#primaryimage\"},\"thumbnailUrl\":\"https:\\\/\\\/josmaequipamiento.es\\\/wp-content\\\/uploads\\\/2016\\\/06\\\/Crom2.jpg\",\"datePublished\":\"2016-06-12T14:42:10+00:00\",\"dateModified\":\"2016-07-30T17:26:15+00:00\",\"breadcrumb\":{\"@id\":\"http:\\\/\\\/josmaequipamiento.es\\\/?product=sillas-escolares#breadcrumb\"},\"inLanguage\":\"es\",\"potentialAction\":[{\"@type\":\"ReadAction\",\"target\":[\"http:\\\/\\\/josmaequipamiento.es\\\/?product=sillas-escolares\"]}]},{\"@type\":\"ImageObject\",\"inLanguage\":\"es\",\"@id\":\"http:\\\/\\\/josmaequipamiento.es\\\/?product=sillas-escolares#primaryimage\",\"url\":\"https:\\\/\\\/josmaequipamiento.es\\\/wp-content\\\/uploads\\\/2016\\\/06\\\/Crom2.jpg\",\"contentUrl\":\"https:\\\/\\\/josmaequipamiento.es\\\/wp-content\\\/uploads\\\/2016\\\/06\\\/Crom2.jpg\",\"width\":640,\"height\":480},{\"@type\":\"BreadcrumbList\",\"@id\":\"http:\\\/\\\/josmaequipamiento.es\\\/?product=sillas-escolares#breadcrumb\",\"itemListElement\":[{\"@type\":\"ListItem\",\"position\":1,\"name\":\"Home\",\"item\":\"http:\\\/\\\/josmaequipamiento.es\\\/\"},{\"@type\":\"ListItem\",\"position\":2,\"name\":\"Productos\",\"item\":\"http:\\\/\\\/josmaequipamiento.es\\\/?page_id=109\"},{\"@type\":\"ListItem\",\"position\":3,\"name\":\"Siller\u00eda Infantil y Escolar\"}]},{\"@type\":\"WebSite\",\"@id\":\"http:\\\/\\\/josmaequipamiento.es\\\/#website\",\"url\":\"http:\\\/\\\/josmaequipamiento.es\\\/\",\"name\":\"Josma Equipamiento\",\"description\":\"Todo lo relativo a equipamiento\",\"potentialAction\":[{\"@type\":\"SearchAction\",\"target\":{\"@type\":\"EntryPoint\",\"urlTemplate\":\"http:\\\/\\\/josmaequipamiento.es\\\/?s={search_term_string}\"},\"query-input\":{\"@type\":\"PropertyValueSpecification\",\"valueRequired\":true,\"valueName\":\"search_term_string\"}}],\"inLanguage\":\"es\"}]}<\/script>\n<!-- \/ Yoast SEO plugin. -->","yoast_head_json":{"title":"Siller\u00eda Infantil y Escolar - Josma Equipamiento","robots":{"index":"index","follow":"follow","max-snippet":"max-snippet:-1","max-image-preview":"max-image-preview:large","max-video-preview":"max-video-preview:-1"},"canonical":"http:\/\/josmaequipamiento.es\/?product=sillas-escolares","og_locale":"es_ES","og_type":"article","og_title":"Siller\u00eda Infantil y Escolar - Josma Equipamiento","og_description":"Una amplia gama de sillas escolares e infantiles\u00a0para centros educativos, realizadas en diferentes materiales y con posibilidad de a\u00f1adir diferentes accesorios seg\u00fan las necesidades de cada proyecto.  Disponemos de las cl\u00e1sicas sillas escolares con patas de metal asiento y respaldo en estratificado, sillas de pl\u00e1stico, sillas de pl\u00e1stico con asiento acolchado, sillas para formaci\u00f3n con pala abatible o fija, sillas con ruedas, sillas con brazos, sillas de distintos pl\u00e1sticos de calidad con estructura de metal, taburetes, sillas acolchadas con ruedas, etc.","og_url":"http:\/\/josmaequipamiento.es\/?product=sillas-escolares","og_site_name":"Josma Equipamiento","article_modified_time":"2016-07-30T17:26:15+00:00","og_image":[{"width":640,"height":480,"url":"http:\/\/josmaequipamiento.es\/wp-content\/uploads\/2016\/06\/Crom2.jpg","type":"image\/jpeg"}],"twitter_card":"summary_large_image","twitter_misc":{"Tiempo de lectura":"2 minutos"},"schema":{"@context":"https:\/\/schema.org","@graph":[{"@type":"WebPage","@id":"http:\/\/josmaequipamiento.es\/?product=sillas-escolares","url":"http:\/\/josmaequipamiento.es\/?product=sillas-escolares","name":"Siller\u00eda Infantil y Escolar - Josma Equipamiento","isPartOf":{"@id":"http:\/\/josmaequipamiento.es\/#website"},"primaryImageOfPage":{"@id":"http:\/\/josmaequipamiento.es\/?product=sillas-escolares#primaryimage"},"image":{"@id":"http:\/\/josmaequipamiento.es\/?product=sillas-escolares#primaryimage"},"thumbnailUrl":"https:\/\/josmaequipamiento.es\/wp-content\/uploads\/2016\/06\/Crom2.jpg","datePublished":"2016-06-12T14:42:10+00:00","dateModified":"2016-07-30T17:26:15+00:00","breadcrumb":{"@id":"http:\/\/josmaequipamiento.es\/?product=sillas-escolares#breadcrumb"},"inLanguage":"es","potentialAction":[{"@type":"ReadAction","target":["http:\/\/josmaequipamiento.es\/?product=sillas-escolares"]}]},{"@type":"ImageObject","inLanguage":"es","@id":"http:\/\/josmaequipamiento.es\/?product=sillas-escolares#primaryimage","url":"https:\/\/josmaequipamiento.es\/wp-content\/uploads\/2016\/06\/Crom2.jpg","contentUrl":"https:\/\/josmaequipamiento.es\/wp-content\/uploads\/2016\/06\/Crom2.jpg","width":640,"height":480},{"@type":"BreadcrumbList","@id":"http:\/\/josmaequipamiento.es\/?product=sillas-escolares#breadcrumb","itemListElement":[{"@type":"ListItem","position":1,"name":"Home","item":"http:\/\/josmaequipamiento.es\/"},{"@type":"ListItem","position":2,"name":"Productos","item":"http:\/\/josmaequipamiento.es\/?page_id=109"},{"@type":"ListItem","position":3,"name":"Siller\u00eda Infantil y Escolar"}]},{"@type":"WebSite","@id":"http:\/\/josmaequipamiento.es\/#website","url":"http:\/\/josmaequipamiento.es\/","name":"Josma Equipamiento","description":"Todo lo relativo a equipamiento","potentialAction":[{"@type":"SearchAction","target":{"@type":"EntryPoint","urlTemplate":"http:\/\/josmaequipamiento.es\/?s={search_term_string}"},"query-input":{"@type":"PropertyValueSpecification","valueRequired":true,"valueName":"search_term_string"}}],"inLanguage":"es"}]}},"_links":{"self":[{"href":"https:\/\/josmaequipamiento.es\/index.php?rest_route=\/wp\/v2\/product\/926","targetHints":{"allow":["GET"]}}],"collection":[{"href":"https:\/\/josmaequipamiento.es\/index.php?rest_route=\/wp\/v2\/product"}],"about":[{"href":"https:\/\/josmaequipamiento.es\/index.php?rest_route=\/wp\/v2\/types\/product"}],"replies":[{"embeddable":true,"href":"https:\/\/josmaequipamiento.es\/index.php?rest_route=%2Fwp%2Fv2%2Fcomments&post=926"}],"wp:featuredmedia":[{"embeddable":true,"href":"https:\/\/josmaequipamiento.es\/index.php?rest_route=\/wp\/v2\/media\/2276"}],"wp:attachment":[{"href":"https:\/\/josmaequipamiento.es\/index.php?rest_route=%2Fwp%2Fv2%2Fmedia&parent=926"}],"wp:term":[{"taxonomy":"product_brand","embeddable":true,"href":"https:\/\/josmaequipamiento.es\/index.php?rest_route=%2Fwp%2Fv2%2Fproduct_brand&post=926"},{"taxonomy":"product_cat","embeddable":true,"href":"https:\/\/josmaequipamiento.es\/index.php?rest_route=%2Fwp%2Fv2%2Fproduct_cat&post=926"},{"taxonomy":"product_tag","embeddable":true,"href":"https:\/\/josmaequipamiento.es\/index.php?rest_route=%2Fwp%2Fv2%2Fproduct_tag&post=926"}],"curies":[{"name":"wp","href":"https:\/\/api.w.org\/{rel}","templated":true}]}}